{"id":31416,"date":"2023-05-15T00:32:22","date_gmt":"2023-05-14T22:32:22","guid":{"rendered":"https:\/\/www.italpassion.fr\/?page_id=31416"},"modified":"2023-05-15T21:11:51","modified_gmt":"2023-05-15T19:11:51","slug":"fiatinizin-on-camini-onarin-veya-degistirin","status":"publish","type":"page","link":"https:\/\/www.italpassion.fr\/tr\/reparer-ou-remplacer-le-pare-brise-de-votre-fiat\/","title":{"rendered":"Fiat'\u0131n\u0131z\u0131n \u00f6n cam\u0131n\u0131 onar\u0131yor veya de\u011fi\u015ftiriyor musunuz?"},"content":{"rendered":"<p>\u00d6n cam\u0131n\u0131z<a href=\"https:\/\/www.italpassion.fr\/tr\/fiat\/\"> Fiat<\/a> bir darbe ald\u0131 veya \u00e7atlad\u0131 m\u0131? De\u011fi\u015ftirilmesi mi gerekiyor yoksa tamir edilebilir mi bilmiyorsunuz? Size ne kadara mal olacak? Hepsini size a\u00e7\u0131kl\u0131yoruz!<\/p>\n\n\n\n<h2 class=\"wp-block-heading\"><strong>De\u011fi\u015ftirmek mi, onarmak m\u0131?<\/strong><\/h2>\n\n\n\n<figure class=\"wp-block-image size-large\"><img loading=\"lazy\" decoding=\"async\" width=\"1024\" height=\"666\" src=\"https:\/\/www.italpassion.fr\/wp-content\/uploads\/2023\/05\/pare-brise-impact-1024x666.jpg\" alt=\"\u00f6n cam ar\u0131zal\u0131\" class=\"wp-image-31417\" srcset=\"https:\/\/www.italpassion.fr\/wp-content\/uploads\/2023\/05\/pare-brise-impact-1024x666.jpg 1024w, https:\/\/www.italpassion.fr\/wp-content\/uploads\/2023\/05\/pare-brise-impact-300x195.jpg 300w, https:\/\/www.italpassion.fr\/wp-content\/uploads\/2023\/05\/pare-brise-impact-768x500.jpg 768w, https:\/\/www.italpassion.fr\/wp-content\/uploads\/2023\/05\/pare-brise-impact-18x12.jpg 18w, https:\/\/www.italpassion.fr\/wp-content\/uploads\/2023\/05\/pare-brise-impact-561x365.jpg 561w, https:\/\/www.italpassion.fr\/wp-content\/uploads\/2023\/05\/pare-brise-impact-1122x730.jpg 1122w, https:\/\/www.italpassion.fr\/wp-content\/uploads\/2023\/05\/pare-brise-impact-265x172.jpg 265w, https:\/\/www.italpassion.fr\/wp-content\/uploads\/2023\/05\/pare-brise-impact-531x346.jpg 531w, https:\/\/www.italpassion.fr\/wp-content\/uploads\/2023\/05\/pare-brise-impact-364x237.jpg 364w, https:\/\/www.italpassion.fr\/wp-content\/uploads\/2023\/05\/pare-brise-impact-728x474.jpg 728w, https:\/\/www.italpassion.fr\/wp-content\/uploads\/2023\/05\/pare-brise-impact-608x396.jpg 608w, https:\/\/www.italpassion.fr\/wp-content\/uploads\/2023\/05\/pare-brise-impact-758x493.jpg 758w, https:\/\/www.italpassion.fr\/wp-content\/uploads\/2023\/05\/pare-brise-impact-1152x750.jpg 1152w, https:\/\/www.italpassion.fr\/wp-content\/uploads\/2023\/05\/pare-brise-impact-600x390.jpg 600w, https:\/\/www.italpassion.fr\/wp-content\/uploads\/2023\/05\/pare-brise-impact.jpg 1500w\" sizes=\"auto, (max-width: 1024px) 100vw, 1024px\" \/><figcaption class=\"wp-element-caption\">Bu darbe 2 Avroluk bir madeni paradan daha b\u00fcy\u00fckt\u00fcr ve onar\u0131lamaz.<\/figcaption><\/figure>\n\n\n\n<p>Bir \u00f6n cam\u0131n tamir edilip edilemeyece\u011fini veya de\u011fi\u015ftirilmesi gerekip gerekmedi\u011fini \u00f6\u011frenmek kolayd\u0131r.<\/p>\n\n\n\n<p><strong>E\u011fer 2,5 cm'den daha k\u00fc\u00e7\u00fck bir darbe ald\u0131ysan\u0131z<\/strong>Bir darbe ald\u0131ysan\u0131z, muhtemelen i\u00e7ine \u00f6zel bir re\u00e7ine enjekte edilerek onar\u0131labilir (bu, darbeyi analiz edecek bir profesyonel taraf\u0131ndan onaylanacakt\u0131r). Bir darbe ald\u0131\u011f\u0131n\u0131zda beklememelisiniz \u00e7\u00fcnk\u00fc bu bir \u00e7atla\u011fa d\u00f6n\u00fc\u015febilir ve bu durumda tamir edilemez.<\/p>\n\n\n\n<p><strong>E\u011fer 2,5 cm'den daha b\u00fcy\u00fck bir darbeniz varsa<\/strong>\u00f6rne\u011fin bir<a href=\"https:\/\/www.carglass.fr\/nos-services\/pare-brise\/remplacement-ou-reparation-d-impact-sur-votre-pare-brise\"> \u00e7atlak \u00f6n cam<\/a> birka\u00e7 santimetrelik bir \u00e7atlakla, bu y\u00fczden onu aramay\u0131n, <strong>Fiat'\u0131n\u0131z\u0131n \u00f6n cam\u0131n\u0131n de\u011fi\u015ftirilmesi gerekecek!<\/strong><\/p>\n\n\n\n<h2 class=\"wp-block-heading\"><strong>Ne kadar tutuyor?<\/strong><\/h2>\n\n\n\n<p>Genel olarak, \u00f6n cam\u0131n\u0131z\u0131 tamir ettirmenin herhangi bir maliyeti olmayacakt\u0131r, \u00e7\u00fcnk\u00fc bu i\u015flem<a href=\"https:\/\/www.italpassion.fr\/tr\/fiat-sigorta-karsilastirici\/\"> Fiat sigortas\u0131<\/a>. \u00d6zel bir durum d\u0131\u015f\u0131nda<a href=\"https:\/\/www.italpassion.fr\/assurance-auto\/assurance-auto-pas-cher\/\"> ucuz araba sigortas\u0131<\/a> \u00f6n cam onar\u0131mlar\u0131 i\u00e7in bir muafiyete sahip olabilir, ancak bu \u00e7ok nadirdir!<\/p>\n\n\n\n<p>\u00d6n cam\u0131n\u0131z\u0131n de\u011fi\u015ftirilmesi gerekiyorsa bu, ara\u00e7 sigorta poli\u00e7enizin sa\u011flad\u0131\u011f\u0131 teminata ba\u011fl\u0131 olacakt\u0131r. \u00c7o\u011fu durumda 100 % kapsam\u0131nda oldu\u011fu i\u00e7in \u00fccretsiz olacakt\u0131r. Di\u011fer durumlarda ise birka\u00e7 y\u00fcz avroya kadar \u00e7\u0131kabilen bir a\u015f\u0131m bedeli \u00f6demeniz gerekecektir.<\/p>\n\n\n\n<h2 class=\"wp-block-heading\"><strong>Bir tamirci nas\u0131l se\u00e7ilir?<\/strong><\/h2>\n\n\n\n<p>Bir\u00e7ok \u00f6n cam tamircisi var! \u00d6zellikle otonom s\u00fcr\u00fc\u015f \u00f6zellikleri i\u00e7in gerekli olan sens\u00f6rl\u00fc \u00f6n camlara sahip yeni otomobillerde yanl\u0131\u015f yapamazs\u0131n\u0131z.<\/p>\n\n\n\n<p>Bir tamirci se\u00e7mek i\u00e7in, ekipmanla donat\u0131lm\u0131\u015f bir garaja, Fiat bayinize veya Fransa'da 470'ten fazla merkezi olan Carglass gibi bir uzmana gidebilirsiniz...<\/p>\n\n\n\n<h2 class=\"wp-block-heading\"><strong>Carglass gibi bir tamirci \u00f6rne\u011fi<\/strong><\/h2>\n\n\n\n<p>Fiat 500'\u00fcn\u00fcz\u00fcn \u00f6n cam\u0131nda bir darbe mi oldu? Carglass ile bir onar\u0131m vakas\u0131n\u0131 ele alal\u0131m.<\/p>\n\n\n\n<ol class=\"wp-block-list\">\n<li>Ara\u00e7 sigorta poli\u00e7enizde cam k\u0131r\u0131lmas\u0131 teminat\u0131n\u0131n bulundu\u011fundan emin olun;<\/li>\n\n\n\n<li>Carglass web sitesinden \u00e7evrimi\u00e7i olarak veya g\u00fcvenceye ihtiyac\u0131n\u0131z varsa telefonla randevu al\u0131rs\u0131n\u0131z;<\/li>\n\n\n\n<li>Carglass, idari prosed\u00fcrler i\u00e7in sigorta \u015firketinizle ileti\u015fime ge\u00e7ecektir;<\/li>\n\n\n\n<li>Darbenizin onar\u0131laca\u011f\u0131 veya \u00f6n cam\u0131n\u0131z\u0131n de\u011fi\u015ftirilece\u011fi Carglass randevunuza gidersiniz;<\/li>\n\n\n\n<li>\u00d6nceden herhangi bir \u00f6deme yapman\u0131z gerekmez, Carglass'\u0131n \u00f6demesi sigorta \u015firketiniz taraf\u0131ndan yap\u0131lacakt\u0131r.<\/li>\n<\/ol>\n\n\n\n<figure class=\"wp-block-image size-large\"><img loading=\"lazy\" decoding=\"async\" width=\"1024\" height=\"683\" src=\"https:\/\/www.italpassion.fr\/wp-content\/uploads\/2023\/05\/pare-prise-repare-1024x683.jpg\" alt=\"onar\u0131lm\u0131\u015f \u00f6n cam\" class=\"wp-image-31418\" srcset=\"https:\/\/www.italpassion.fr\/wp-content\/uploads\/2023\/05\/pare-prise-repare-1024x683.jpg 1024w, https:\/\/www.italpassion.fr\/wp-content\/uploads\/2023\/05\/pare-prise-repare-300x200.jpg 300w, https:\/\/www.italpassion.fr\/wp-content\/uploads\/2023\/05\/pare-prise-repare-768x512.jpg 768w, https:\/\/www.italpassion.fr\/wp-content\/uploads\/2023\/05\/pare-prise-repare-18x12.jpg 18w, https:\/\/www.italpassion.fr\/wp-content\/uploads\/2023\/05\/pare-prise-repare-561x374.jpg 561w, https:\/\/www.italpassion.fr\/wp-content\/uploads\/2023\/05\/pare-prise-repare-1122x748.jpg 1122w, https:\/\/www.italpassion.fr\/wp-content\/uploads\/2023\/05\/pare-prise-repare-265x177.jpg 265w, https:\/\/www.italpassion.fr\/wp-content\/uploads\/2023\/05\/pare-prise-repare-531x354.jpg 531w, https:\/\/www.italpassion.fr\/wp-content\/uploads\/2023\/05\/pare-prise-repare-364x243.jpg 364w, https:\/\/www.italpassion.fr\/wp-content\/uploads\/2023\/05\/pare-prise-repare-728x485.jpg 728w, https:\/\/www.italpassion.fr\/wp-content\/uploads\/2023\/05\/pare-prise-repare-608x405.jpg 608w, https:\/\/www.italpassion.fr\/wp-content\/uploads\/2023\/05\/pare-prise-repare-758x505.jpg 758w, https:\/\/www.italpassion.fr\/wp-content\/uploads\/2023\/05\/pare-prise-repare-1152x768.jpg 1152w, https:\/\/www.italpassion.fr\/wp-content\/uploads\/2023\/05\/pare-prise-repare-600x400.jpg 600w, https:\/\/www.italpassion.fr\/wp-content\/uploads\/2023\/05\/pare-prise-repare.jpg 1500w\" sizes=\"auto, (max-width: 1024px) 100vw, 1024px\" \/><\/figure>","protected":false},"excerpt":{"rendered":"","protected":false},"author":1,"featured_media":0,"parent":0,"menu_order":0,"comment_status":"open","ping_status":"closed","template":"g1-template-page-full.php","meta":{"_acf_changed":false,"_sitemap_exclude":false,"_sitemap_priority":"","_sitemap_frequency":"","footnotes":""},"class_list":["post-31416","page","type-page","status-publish"],"acf":[],"yoast_head":"<!-- This site is optimized with the Yoast SEO plugin v25.8 - https:\/\/yoast.com\/wordpress\/plugins\/seo\/ -->\n<title>R\u00e9parer ou remplacer le pare-brise de votre Fiat ? - ItalPassion<\/title>\n<meta name=\"robots\" content=\"index, follow, max-snippet:-1, max-image-preview:large, max-video-preview:-1\" \/>\n<link rel=\"canonical\" href=\"https:\/\/www.italpassion.fr\/tr\/fiatinizin-on-camini-onarin-veya-degistirin\/\" \/>\n<meta property=\"og:locale\" content=\"tr_TR\" \/>\n<meta property=\"og:type\" content=\"article\" \/>\n<meta property=\"og:title\" content=\"R\u00e9parer ou remplacer le pare-brise de votre Fiat ? - ItalPassion\" \/>\n<meta property=\"og:description\" content=\"&hellip;\" \/>\n<meta property=\"og:url\" content=\"https:\/\/www.italpassion.fr\/tr\/fiatinizin-on-camini-onarin-veya-degistirin\/\" \/>\n<meta property=\"og:site_name\" content=\"ItalPassion\" \/>\n<meta property=\"article:publisher\" content=\"https:\/\/www.facebook.com\/italpassion\" \/>\n<meta property=\"article:modified_time\" content=\"2023-05-15T19:11:51+00:00\" \/>\n<meta property=\"og:image\" content=\"https:\/\/www.italpassion.fr\/wp-content\/uploads\/2023\/05\/pare-brise-impact-1024x666.jpg\" \/>\n<meta name=\"twitter:card\" content=\"summary_large_image\" \/>\n<meta name=\"twitter:site\" content=\"@italpassion\" \/>\n<script type=\"application\/ld+json\" class=\"yoast-schema-graph\">{\"@context\":\"https:\/\/schema.org\",\"@graph\":[{\"@type\":\"WebPage\",\"@id\":\"https:\/\/www.italpassion.fr\/tr\/reparer-ou-remplacer-le-pare-brise-de-votre-fiat\/\",\"url\":\"https:\/\/www.italpassion.fr\/tr\/reparer-ou-remplacer-le-pare-brise-de-votre-fiat\/\",\"name\":\"R\u00e9parer ou remplacer le pare-brise de votre Fiat ? - ItalPassion\",\"isPartOf\":{\"@id\":\"https:\/\/www.italpassion.fr\/tr\/#website\"},\"primaryImageOfPage\":{\"@id\":\"https:\/\/www.italpassion.fr\/tr\/reparer-ou-remplacer-le-pare-brise-de-votre-fiat\/#primaryimage\"},\"image\":{\"@id\":\"https:\/\/www.italpassion.fr\/tr\/reparer-ou-remplacer-le-pare-brise-de-votre-fiat\/#primaryimage\"},\"thumbnailUrl\":\"https:\/\/www.italpassion.fr\/wp-content\/uploads\/2023\/05\/pare-brise-impact-1024x666.jpg\",\"datePublished\":\"2023-05-14T22:32:22+00:00\",\"dateModified\":\"2023-05-15T19:11:51+00:00\",\"breadcrumb\":{\"@id\":\"https:\/\/www.italpassion.fr\/tr\/reparer-ou-remplacer-le-pare-brise-de-votre-fiat\/#breadcrumb\"},\"inLanguage\":\"tr\",\"potentialAction\":[{\"@type\":\"ReadAction\",\"target\":[\"https:\/\/www.italpassion.fr\/tr\/reparer-ou-remplacer-le-pare-brise-de-votre-fiat\/\"]}]},{\"@type\":\"ImageObject\",\"inLanguage\":\"tr\",\"@id\":\"https:\/\/www.italpassion.fr\/tr\/reparer-ou-remplacer-le-pare-brise-de-votre-fiat\/#primaryimage\",\"url\":\"https:\/\/www.italpassion.fr\/wp-content\/uploads\/2023\/05\/pare-brise-impact-1024x666.jpg\",\"contentUrl\":\"https:\/\/www.italpassion.fr\/wp-content\/uploads\/2023\/05\/pare-brise-impact-1024x666.jpg\"},{\"@type\":\"BreadcrumbList\",\"@id\":\"https:\/\/www.italpassion.fr\/tr\/reparer-ou-remplacer-le-pare-brise-de-votre-fiat\/#breadcrumb\",\"itemListElement\":[{\"@type\":\"ListItem\",\"position\":1,\"name\":\"Accueil\",\"item\":\"https:\/\/www.italpassion.fr\/tr\/\"},{\"@type\":\"ListItem\",\"position\":2,\"name\":\"R\u00e9parer ou remplacer le pare-brise de votre Fiat ?\"}]},{\"@type\":\"WebSite\",\"@id\":\"https:\/\/www.italpassion.fr\/tr\/#website\",\"url\":\"https:\/\/www.italpassion.fr\/tr\/\",\"name\":\"ItalPassion\",\"description\":\"Les Passionn\u00e9s d&#039;Automobiles Italiennes\",\"publisher\":{\"@id\":\"https:\/\/www.italpassion.fr\/tr\/#organization\"},\"potentialAction\":[{\"@type\":\"SearchAction\",\"target\":{\"@type\":\"EntryPoint\",\"urlTemplate\":\"https:\/\/www.italpassion.fr\/tr\/?s={search_term_string}\"},\"query-input\":{\"@type\":\"PropertyValueSpecification\",\"valueRequired\":true,\"valueName\":\"search_term_string\"}}],\"inLanguage\":\"tr\"},{\"@type\":\"Organization\",\"@id\":\"https:\/\/www.italpassion.fr\/tr\/#organization\",\"name\":\"Italpassion\",\"url\":\"https:\/\/www.italpassion.fr\/tr\/\",\"logo\":{\"@type\":\"ImageObject\",\"inLanguage\":\"tr\",\"@id\":\"https:\/\/www.italpassion.fr\/tr\/#\/schema\/logo\/image\/\",\"url\":\"https:\/\/www.italpassion.fr\/wp-content\/uploads\/2023\/07\/italpassion-yoast.jpg\",\"contentUrl\":\"https:\/\/www.italpassion.fr\/wp-content\/uploads\/2023\/07\/italpassion-yoast.jpg\",\"width\":696,\"height\":696,\"caption\":\"Italpassion\"},\"image\":{\"@id\":\"https:\/\/www.italpassion.fr\/tr\/#\/schema\/logo\/image\/\"},\"sameAs\":[\"https:\/\/www.facebook.com\/italpassion\",\"https:\/\/x.com\/italpassion\",\"https:\/\/www.instagram.com\/italpassionfr\/\",\"https:\/\/www.youtube.com\/channel\/UCleq-ByQaA42OjhopwevRjQ\",\"https:\/\/www.facebook.com\/italpassion.en\/\",\"https:\/\/www.facebook.com\/italpassion.it\/\",\"https:\/\/www.facebook.com\/italpassion.de\/\",\"https:\/\/www.facebook.com\/italpassion.ja\/\"]}]}<\/script>\n<!-- \/ Yoast SEO plugin. -->","yoast_head_json":{"title":"Fiat'\u0131n\u0131z\u0131n \u00f6n cam\u0131n\u0131 onar\u0131n veya de\u011fi\u015ftirin? - ItalPassion","robots":{"index":"index","follow":"follow","max-snippet":"max-snippet:-1","max-image-preview":"max-image-preview:large","max-video-preview":"max-video-preview:-1"},"canonical":"https:\/\/www.italpassion.fr\/tr\/fiatinizin-on-camini-onarin-veya-degistirin\/","og_locale":"tr_TR","og_type":"article","og_title":"R\u00e9parer ou remplacer le pare-brise de votre Fiat ? - ItalPassion","og_description":"&hellip;","og_url":"https:\/\/www.italpassion.fr\/tr\/fiatinizin-on-camini-onarin-veya-degistirin\/","og_site_name":"ItalPassion","article_publisher":"https:\/\/www.facebook.com\/italpassion","article_modified_time":"2023-05-15T19:11:51+00:00","og_image":[{"url":"https:\/\/www.italpassion.fr\/wp-content\/uploads\/2023\/05\/pare-brise-impact-1024x666.jpg","type":"","width":"","height":""}],"twitter_card":"summary_large_image","twitter_site":"@italpassion","schema":{"@context":"https:\/\/schema.org","@graph":[{"@type":"WebPage","@id":"https:\/\/www.italpassion.fr\/tr\/reparer-ou-remplacer-le-pare-brise-de-votre-fiat\/","url":"https:\/\/www.italpassion.fr\/tr\/reparer-ou-remplacer-le-pare-brise-de-votre-fiat\/","name":"Fiat'\u0131n\u0131z\u0131n \u00f6n cam\u0131n\u0131 onar\u0131n veya de\u011fi\u015ftirin? - ItalPassion","isPartOf":{"@id":"https:\/\/www.italpassion.fr\/tr\/#website"},"primaryImageOfPage":{"@id":"https:\/\/www.italpassion.fr\/tr\/reparer-ou-remplacer-le-pare-brise-de-votre-fiat\/#primaryimage"},"image":{"@id":"https:\/\/www.italpassion.fr\/tr\/reparer-ou-remplacer-le-pare-brise-de-votre-fiat\/#primaryimage"},"thumbnailUrl":"https:\/\/www.italpassion.fr\/wp-content\/uploads\/2023\/05\/pare-brise-impact-1024x666.jpg","datePublished":"2023-05-14T22:32:22+00:00","dateModified":"2023-05-15T19:11:51+00:00","breadcrumb":{"@id":"https:\/\/www.italpassion.fr\/tr\/reparer-ou-remplacer-le-pare-brise-de-votre-fiat\/#breadcrumb"},"inLanguage":"tr","potentialAction":[{"@type":"ReadAction","target":["https:\/\/www.italpassion.fr\/tr\/reparer-ou-remplacer-le-pare-brise-de-votre-fiat\/"]}]},{"@type":"ImageObject","inLanguage":"tr","@id":"https:\/\/www.italpassion.fr\/tr\/reparer-ou-remplacer-le-pare-brise-de-votre-fiat\/#primaryimage","url":"https:\/\/www.italpassion.fr\/wp-content\/uploads\/2023\/05\/pare-brise-impact-1024x666.jpg","contentUrl":"https:\/\/www.italpassion.fr\/wp-content\/uploads\/2023\/05\/pare-brise-impact-1024x666.jpg"},{"@type":"BreadcrumbList","@id":"https:\/\/www.italpassion.fr\/tr\/reparer-ou-remplacer-le-pare-brise-de-votre-fiat\/#breadcrumb","itemListElement":[{"@type":"ListItem","position":1,"name":"Accueil","item":"https:\/\/www.italpassion.fr\/tr\/"},{"@type":"ListItem","position":2,"name":"R\u00e9parer ou remplacer le pare-brise de votre Fiat ?"}]},{"@type":"WebSite","@id":"https:\/\/www.italpassion.fr\/tr\/#website","url":"https:\/\/www.italpassion.fr\/tr\/","name":"ItalPassion","description":"\u0130talyan Araba Merakl\u0131lar\u0131","publisher":{"@id":"https:\/\/www.italpassion.fr\/tr\/#organization"},"potentialAction":[{"@type":"SearchAction","target":{"@type":"EntryPoint","urlTemplate":"https:\/\/www.italpassion.fr\/tr\/?s={search_term_string}"},"query-input":{"@type":"PropertyValueSpecification","valueRequired":true,"valueName":"search_term_string"}}],"inLanguage":"tr"},{"@type":"Organization","@id":"https:\/\/www.italpassion.fr\/tr\/#organization","name":"Italpassion","url":"https:\/\/www.italpassion.fr\/tr\/","logo":{"@type":"ImageObject","inLanguage":"tr","@id":"https:\/\/www.italpassion.fr\/tr\/#\/schema\/logo\/image\/","url":"https:\/\/www.italpassion.fr\/wp-content\/uploads\/2023\/07\/italpassion-yoast.jpg","contentUrl":"https:\/\/www.italpassion.fr\/wp-content\/uploads\/2023\/07\/italpassion-yoast.jpg","width":696,"height":696,"caption":"Italpassion"},"image":{"@id":"https:\/\/www.italpassion.fr\/tr\/#\/schema\/logo\/image\/"},"sameAs":["https:\/\/www.facebook.com\/italpassion","https:\/\/x.com\/italpassion","https:\/\/www.instagram.com\/italpassionfr\/","https:\/\/www.youtube.com\/channel\/UCleq-ByQaA42OjhopwevRjQ","https:\/\/www.facebook.com\/italpassion.en\/","https:\/\/www.facebook.com\/italpassion.it\/","https:\/\/www.facebook.com\/italpassion.de\/","https:\/\/www.facebook.com\/italpassion.ja\/"]}]}},"_links":{"self":[{"href":"https:\/\/www.italpassion.fr\/tr\/wp-json\/wp\/v2\/pages\/31416","targetHints":{"allow":["GET"]}}],"collection":[{"href":"https:\/\/www.italpassion.fr\/tr\/wp-json\/wp\/v2\/pages"}],"about":[{"href":"https:\/\/www.italpassion.fr\/tr\/wp-json\/wp\/v2\/types\/page"}],"author":[{"embeddable":true,"href":"https:\/\/www.italpassion.fr\/tr\/wp-json\/wp\/v2\/users\/1"}],"replies":[{"embeddable":true,"href":"https:\/\/www.italpassion.fr\/tr\/wp-json\/wp\/v2\/comments?post=31416"}],"version-history":[{"count":2,"href":"https:\/\/www.italpassion.fr\/tr\/wp-json\/wp\/v2\/pages\/31416\/revisions"}],"predecessor-version":[{"id":31468,"href":"https:\/\/www.italpassion.fr\/tr\/wp-json\/wp\/v2\/pages\/31416\/revisions\/31468"}],"wp:attachment":[{"href":"https:\/\/www.italpassion.fr\/tr\/wp-json\/wp\/v2\/media?parent=31416"}],"curies":[{"name":"wp","href":"https:\/\/api.w.org\/{rel}","templated":true}]}}