{"id":29428,"date":"2021-07-02T15:32:39","date_gmt":"2021-07-02T13:32:39","guid":{"rendered":"https:\/\/www.italpassion.fr\/?page_id=29428"},"modified":"2023-06-02T21:55:34","modified_gmt":"2023-06-02T19:55:34","slug":"ferrari-lastikler","status":"publish","type":"page","link":"https:\/\/www.italpassion.fr\/tr\/pneus-ferrari\/","title":{"rendered":"Ferrari lastikleri: hangileri se\u00e7ilmeli ve nereden sat\u0131n al\u0131nmal\u0131"},"content":{"rendered":"<p>Senin bir <a href=\"https:\/\/www.italpassion.fr\/tr\/ferrari\/\">Ferrari<\/a> Modern veya klasik bir arac\u0131n\u0131z var ve lastiklerinizi de\u011fi\u015ftirmeniz mi gerekiyor? Hangi lastik modellerini se\u00e7ece\u011finiz ve bunlar\u0131 en iyi fiyata nereden sat\u0131n alaca\u011f\u0131n\u0131z konusunda sorular\u0131n\u0131z m\u0131 var? Sorular\u0131n\u0131z\u0131 a\u015fa\u011f\u0131da yan\u0131tl\u0131yoruz.<\/p>\n\n\n\n<figure class=\"wp-block-image size-large\"><img loading=\"lazy\" decoding=\"async\" width=\"1024\" height=\"576\" src=\"https:\/\/www.italpassion.fr\/wp-content\/uploads\/2021\/06\/pneus-ferrari-1024x576.jpeg\" alt=\"\" class=\"wp-image-29429\" srcset=\"https:\/\/www.italpassion.fr\/wp-content\/uploads\/2021\/06\/pneus-ferrari-1024x576.jpeg 1024w, https:\/\/www.italpassion.fr\/wp-content\/uploads\/2021\/06\/pneus-ferrari-scaled-600x338.jpeg 600w, https:\/\/www.italpassion.fr\/wp-content\/uploads\/2021\/06\/pneus-ferrari-300x169.jpeg 300w, https:\/\/www.italpassion.fr\/wp-content\/uploads\/2021\/06\/pneus-ferrari-768x432.jpeg 768w, https:\/\/www.italpassion.fr\/wp-content\/uploads\/2021\/06\/pneus-ferrari-1536x864.jpeg 1536w, https:\/\/www.italpassion.fr\/wp-content\/uploads\/2021\/06\/pneus-ferrari-scaled.jpeg 2048w, https:\/\/www.italpassion.fr\/wp-content\/uploads\/2021\/06\/pneus-ferrari-192x108.jpeg 192w, https:\/\/www.italpassion.fr\/wp-content\/uploads\/2021\/06\/pneus-ferrari-384x216.jpeg 384w, https:\/\/www.italpassion.fr\/wp-content\/uploads\/2021\/06\/pneus-ferrari-364x205.jpeg 364w, https:\/\/www.italpassion.fr\/wp-content\/uploads\/2021\/06\/pneus-ferrari-728x409.jpeg 728w, https:\/\/www.italpassion.fr\/wp-content\/uploads\/2021\/06\/pneus-ferrari-561x316.jpeg 561w, https:\/\/www.italpassion.fr\/wp-content\/uploads\/2021\/06\/pneus-ferrari-1122x631.jpeg 1122w, https:\/\/www.italpassion.fr\/wp-content\/uploads\/2021\/06\/pneus-ferrari-265x149.jpeg 265w, https:\/\/www.italpassion.fr\/wp-content\/uploads\/2021\/06\/pneus-ferrari-531x299.jpeg 531w, https:\/\/www.italpassion.fr\/wp-content\/uploads\/2021\/06\/pneus-ferrari-608x342.jpeg 608w, https:\/\/www.italpassion.fr\/wp-content\/uploads\/2021\/06\/pneus-ferrari-758x426.jpeg 758w, https:\/\/www.italpassion.fr\/wp-content\/uploads\/2021\/06\/pneus-ferrari-1152x648.jpeg 1152w\" sizes=\"auto, (max-width: 1024px) 100vw, 1024px\" \/><\/figure>\n\n\n\n<h2 class=\"wp-block-heading\">Ferrari i\u00e7in lastikler nereden al\u0131n\u0131r<\/h2>\n\n\n\n<p><strong>Ferrari lastik fiyatlar\u0131 ortalaman\u0131n \u00fczerinde<\/strong>&nbsp;Arac\u0131n\u0131z i\u00e7in do\u011fru lastikleri bulabilirsiniz: boyutlar, kau\u00e7uk performans\u0131 vb. Ucuz Ferrari lastiklerinizi internette bulabilirsiniz. Bunlar\u0131 Ferrari bayinizden de sat\u0131n alabilirsiniz, ancak fiyat fark\u0131n\u0131n lastik ba\u015f\u0131na 100 \u20ac'dan fazla olabilece\u011fini g\u00f6receksiniz.<\/p>\n\n\n\n<figure class=\"wp-block-table\"><table><thead><tr><th>Web sitesi<\/th><th>Model<\/th><th>Birim fiyat<\/th><th>Fiyat 4 lastik<\/th><th>Nakliye<\/th><th>Montaj<\/th><th><\/th><\/tr><\/thead><tbody><tr><td>1001tyres<\/td><td>Pirelli P Zero 285\/35 ZR19<br>Pirelli P Zero PZ4 SC 285\/35R20<\/td><td>231,30 \u20ac<br>271,10 \u20ac<\/td><td>925,20 \u20ac<br>1084,40 \u20ac<\/td><td>\u00dccretsiz<\/td><td>Ortak montaj merkezleri<\/td><td><div class=\"wp-block-button\"><a class=\"wp-block-button__link wp-element-button\" href=\"https:\/\/c3po.link\/QhpnUwsdcC\" target=\"_blank\" rel=\"noreferrer noopener\">Lastiklerimin fiyat\u0131n\u0131 g\u00f6r\u00fcn<\/a><\/div><\/td><\/tr><tr><td>Allopneus<\/td><td>Pirelli P Zero 285\/35 ZR19<br>Pirelli P Zero PZ4 SC 285\/35R20<\/td><td>228,10 \u20ac<br>273,90 \u20ac<\/td><td>912,40 \u20ac<br>1095,60 \u20ac<\/td><td>\u00dccretsiz (2 lastik)<\/td><td>Allopneus montaj merkezleri<\/td><td><div class=\"wp-block-button\"><a class=\"wp-block-button__link wp-element-button\" href=\"https:\/\/c3po.link\/QzKs3nmYCM\" target=\"_blank\" rel=\"noreferrer noopener\">Lastiklerimin fiyat\u0131n\u0131 g\u00f6r\u00fcn<\/a><\/div><\/td><\/tr><tr><td>Lastikler \u00c7evrimi\u00e7i<\/td><td>Pirelli P Zero 285\/35 ZR19<br>Pirelli P Zero PZ4 SC 285\/35R20<\/td><td>236,51 \u20ac<br>272,80 \u20ac<\/td><td>946,04 \u20ac<br>1131,20 \u20ac<\/td><td>\u00dccretsiz (2 lastik)<\/td><td>Ortak montaj merkezleri<\/td><td><\/td><\/tr><tr><td>Tirendo<\/td><td>Pirelli P Zero 285\/35 ZR19<br>Pirelli P Zero PZ4 SC 285\/35R20<\/td><td>253,40 \u20ac<br>301,40 \u20ac<\/td><td>1013,60 \u20ac<br>1205,60 \u20ac<\/td><td>\u00dccretsiz<\/td><td>Hay\u0131r<\/td><td><\/td><\/tr><tr><td>123tires<\/td><td>Pirelli P Zero 285\/35 ZR19<br>Pirelli P Zero PZ4 SC 285\/35R20<\/td><td>259,79 \u20ac<br>304,89 \u20ac<\/td><td>1039,16 \u20ac<br>1219,56 \u20ac<\/td><td>\u00dccretsiz<\/td><td>Hay\u0131r<\/td><td><\/td><\/tr><\/tbody><\/table><figcaption class=\"wp-element-caption\">2023'te y\u00fckseltilen g\u00f6sterge fiyatlar<\/figcaption><\/figure>\n\n\n\n<p><strong>Ferrari lastikleri sat\u0131n almak i\u00e7in \u00f6nerilen siteler<\/strong>&nbsp;en iyi fiyatlar 1001pneus ve Allopneus'ta. \u00d6rne\u011fin, Pirelli P Zero 265\/40R118 101 Y lasti\u011fi Allopneus'ta KDV dahil 167,70 \u20ac tutar\u0131ndad\u0131r. Montaj hari\u00e7, 4 lastik i\u00e7in bu fiyat KDV dahil 670 \u20ac'ya gelir. Bayinizde kar\u015f\u0131la\u015ft\u0131rabilirsiniz, yakla\u015f\u0131k 1000 \u20ac'ya gelmelisiniz.<\/p>\n\n\n\n<p><strong>Ferrari'niz i\u00e7in lastik takma i\u015flemi g\u00fcvenilir bir servis taraf\u0131ndan yap\u0131lmal\u0131d\u0131r<\/strong>&nbsp;ve yetkin olan&nbsp;<strong>jantlar\u0131n\u0131za zarar vermemek i\u00e7in do\u011fru malzeme<\/strong>. \u0130\u015fin d\u00fczg\u00fcn bir \u015fekilde yap\u0131laca\u011f\u0131ndan emin olmak i\u00e7in biraz daha fazla (bazen jant ba\u015f\u0131na birka\u00e7 avro daha fazla) \u00f6demek daha iyidir. Kendinizi g\u00fcvence alt\u0131na almak i\u00e7in, lastik de\u011fi\u015fiminden \u00f6nce 4 jant\u0131n da foto\u011fraf\u0131n\u0131 \u00e7ekebilir ve lastik tamircisinin bunlar\u0131 g\u00f6rmesini sa\u011flayabilirsiniz.<\/p>\n\n\n\n<h2 class=\"wp-block-heading\">Ferrari'nizin lastiklerini ne zaman de\u011fi\u015ftirmelisiniz?<\/h2>\n\n\n\n<p>Ferrari'nizin lastiklerini a\u015fa\u011f\u0131daki ko\u015fullar alt\u0131nda de\u011fi\u015ftirmelisiniz:<\/p>\n\n\n\n<ul class=\"wp-block-list\">\n<li>lastik a\u015f\u0131nma g\u00f6stergesi s\u0131n\u0131r\u0131na kadar a\u015f\u0131nm\u0131\u015ft\u0131r;<\/li>\n\n\n\n<li>Hasarl\u0131 lastik (\u00f6rn. kald\u0131r\u0131ma \u00e7arpma);<\/li>\n\n\n\n<li>ya\u015flanma belirtileri olan lastik (f\u0131t\u0131k, \u00e7atlama, kesikler);<\/li>\n\n\n\n<li>d\u00fczensiz a\u015f\u0131nmaya sahip lastik (balans veya paralellik sorunu);<\/li>\n\n\n\n<li>delinmi\u015f lastik (lasti\u011fi delen yabanc\u0131 cisim, \u015fok, ...).<\/li>\n<\/ul>\n\n\n\n<p>Art\u0131k biliyorsun&nbsp;<a href=\"https:\/\/www.club-identicar.com\/blog\/entretien\/quand-faut-il-changer-ses-pneus\/\">lasti\u0307kleri\u0307ni\u0307zi\u0307 ne zaman de\u011fi\u0307\u015fti\u0307rmeli\u0307si\u0307ni\u0307z<\/a>&nbsp;ve yukar\u0131daki nedenlerden biri y\u00fcz\u00fcnden Ferrari'nizin lasti\u011fini de\u011fi\u015ftirmek zorundas\u0131n\u0131z.<\/p>\n\n\n\n<h2 class=\"wp-block-heading\">Ferrari lastikleri: hangi marka se\u00e7ilmeli?<\/h2>\n\n\n\n<p>Ferrari her modeli i\u00e7in homologe lastiklerini duyurdu. Homologasyonlu bir lastik, ara\u00e7 piyasaya s\u00fcr\u00fcld\u00fc\u011f\u00fcnde otomobil markas\u0131 ve lastik \u00fcreticisi aras\u0131nda testlerin ger\u00e7ekle\u015ftirildi\u011fi ve ticari bir anla\u015fmaya var\u0131ld\u0131\u011f\u0131 anlam\u0131na gelir.<\/p>\n\n\n\n<p>Bunun zorunlu olmad\u0131\u011f\u0131 unutulmamal\u0131d\u0131r&nbsp;<strong>Ferrari \u00fcreticisi taraf\u0131ndan onaylanan lastik marka ve modelini devralmak i\u00e7in<\/strong>Bu durum, lastik boyutlara, bas\u0131n\u00e7lara ve di\u011fer teknik \u00f6zelliklere (h\u0131z, y\u00fck vb.) uydu\u011fu s\u00fcrece ge\u00e7erlidir. Bir \u00fcretici bir lasti\u011fin kendi modeli i\u00e7in \"onayl\u0131\" oldu\u011funu duyurdu\u011funda, bu&nbsp;<strong>optimum s\u00fcr\u00fc\u015f performans\u0131 sa\u011flamak i\u00e7in<\/strong>.<\/p>\n\n\n\n<p>Ancak Ferrari onayl\u0131 lastiklerin kullan\u0131lmas\u0131 zorunlu de\u011fildir. \u00d6rne\u011fin, bir\u00e7ok ara\u00e7 sahibi Pirelli P Zero, Michelin TRX, Michelin Ps2 Michelin Pilot Sport 4S, Bridgeston Expedia S02'yi se\u00e7mektedir.<\/p>\n\n\n\n<p>\u015eunu unutmay\u0131n&nbsp;<strong>klasik arabalar i\u00e7in<\/strong>\u00d6rne\u011fin, Michelin gibi baz\u0131 lastik \u00fcreticileri \u00f6zel bir \"koleksiyon\" serisi sunmaktad\u0131r.<\/p>\n\n\n\n<p>Tabii bir Ferrari'niz varsa,<strong>&nbsp;en ucuz lasti\u011fi almaktan ka\u00e7\u0131n\u0131n<\/strong>Elinizde bir spor araba varsa, lastik se\u00e7imi herkesin g\u00fcvenli\u011fi i\u00e7in \u00e7ok \u00f6nemlidir.<\/p>\n\n\n\n<h2 class=\"wp-block-heading\">Ferrari'nizin lastiklerinin sigortalanmas\u0131<\/h2>\n\n\n\n<p>Muhtemelen bunu bilmiyorsunuz ama&nbsp;<strong>lasti\u0307kleri\u0307ni\u0307zi\u0307 si\u0307gortalamak m\u00fcmk\u00fcn<\/strong>. Tanesi 150 \u20ac'dan fazla olan neredeyse yeni lastiklerin yava\u015f\u00e7a patlamas\u0131ndan, kald\u0131r\u0131ma \u00e7arpmas\u0131ndan veya vandalizmden daha can s\u0131k\u0131c\u0131 ne olabilir? Daha da can s\u0131k\u0131c\u0131 olan\u0131, bir lastik hasar g\u00f6rd\u00fc\u011f\u00fcnde genellikle t\u00fcm \u00e7ifti de\u011fi\u015ftirmek zorunda kalman\u0131zd\u0131r ki bu da i\u015f\u00e7ilik hari\u00e7 300 \u20ac de\u011ferinde lastik demektir.<\/p>\n\n\n\n<p><strong>Do\u011fru fikir lastiklerinizi sigortalatmakt\u0131r<\/strong>. Sahip olman\u0131n yan\u0131 s\u0131ra&nbsp;<a href=\"https:\/\/www.italpassion.fr\/tr\/ferrari-sigorta-komparatoru\/\">Ferrari'niz i\u00e7in sigorta<\/a>Yukar\u0131dakilere ek olarak, lastik teminat\u0131 gibi garantiler sunan Club Identicar gibi tamamlay\u0131c\u0131 ara\u00e7 sigortas\u0131 \u015firketleri de vard\u0131r. \u0130kincisi, lastik patlamas\u0131, kald\u0131r\u0131ma \u00e7arpma veya vandalizm durumunda lastik ba\u015f\u0131na 200 \u20ac'ya kadar geri \u00f6deme alman\u0131z\u0131 sa\u011flar.<\/p>","protected":false},"excerpt":{"rendered":"","protected":false},"author":1,"featured_media":0,"parent":0,"menu_order":0,"comment_status":"closed","ping_status":"closed","template":"g1-template-page-full.php","meta":{"_acf_changed":false,"_sitemap_exclude":false,"_sitemap_priority":"","_sitemap_frequency":"","footnotes":""},"class_list":["post-29428","page","type-page","status-publish"],"acf":[],"yoast_head":"<!-- This site is optimized with the Yoast SEO plugin v25.8 - https:\/\/yoast.com\/wordpress\/plugins\/seo\/ -->\n<title>Pneus Ferrari : lesquels choisir et o\u00f9 les acheter - ItalPassion<\/title>\n<meta name=\"robots\" content=\"index, follow, max-snippet:-1, max-image-preview:large, max-video-preview:-1\" \/>\n<link rel=\"canonical\" href=\"https:\/\/www.italpassion.fr\/tr\/ferrari-lastikler\/\" \/>\n<meta property=\"og:locale\" content=\"tr_TR\" \/>\n<meta property=\"og:type\" content=\"article\" \/>\n<meta property=\"og:title\" content=\"Pneus Ferrari : lesquels choisir et o\u00f9 les acheter - ItalPassion\" \/>\n<meta property=\"og:description\" content=\"&hellip;\" \/>\n<meta property=\"og:url\" content=\"https:\/\/www.italpassion.fr\/tr\/ferrari-lastikler\/\" \/>\n<meta property=\"og:site_name\" content=\"ItalPassion\" \/>\n<meta property=\"article:publisher\" content=\"https:\/\/www.facebook.com\/italpassion\" \/>\n<meta property=\"article:modified_time\" content=\"2023-06-02T19:55:34+00:00\" \/>\n<meta property=\"og:image\" content=\"https:\/\/www.italpassion.fr\/wp-content\/uploads\/2021\/06\/pneus-ferrari-1024x576.jpeg\" \/>\n<meta name=\"twitter:card\" content=\"summary_large_image\" \/>\n<meta name=\"twitter:site\" content=\"@italpassion\" \/>\n<script type=\"application\/ld+json\" class=\"yoast-schema-graph\">{\"@context\":\"https:\/\/schema.org\",\"@graph\":[{\"@type\":\"WebPage\",\"@id\":\"https:\/\/www.italpassion.fr\/tr\/pneus-ferrari\/\",\"url\":\"https:\/\/www.italpassion.fr\/tr\/pneus-ferrari\/\",\"name\":\"Pneus Ferrari : lesquels choisir et o\u00f9 les acheter - ItalPassion\",\"isPartOf\":{\"@id\":\"https:\/\/www.italpassion.fr\/tr\/#website\"},\"primaryImageOfPage\":{\"@id\":\"https:\/\/www.italpassion.fr\/tr\/pneus-ferrari\/#primaryimage\"},\"image\":{\"@id\":\"https:\/\/www.italpassion.fr\/tr\/pneus-ferrari\/#primaryimage\"},\"thumbnailUrl\":\"https:\/\/www.italpassion.fr\/wp-content\/uploads\/2021\/06\/pneus-ferrari-1024x576.jpeg\",\"datePublished\":\"2021-07-02T13:32:39+00:00\",\"dateModified\":\"2023-06-02T19:55:34+00:00\",\"breadcrumb\":{\"@id\":\"https:\/\/www.italpassion.fr\/tr\/pneus-ferrari\/#breadcrumb\"},\"inLanguage\":\"tr\",\"potentialAction\":[{\"@type\":\"ReadAction\",\"target\":[\"https:\/\/www.italpassion.fr\/tr\/pneus-ferrari\/\"]}]},{\"@type\":\"ImageObject\",\"inLanguage\":\"tr\",\"@id\":\"https:\/\/www.italpassion.fr\/tr\/pneus-ferrari\/#primaryimage\",\"url\":\"https:\/\/www.italpassion.fr\/wp-content\/uploads\/2021\/06\/pneus-ferrari-1024x576.jpeg\",\"contentUrl\":\"https:\/\/www.italpassion.fr\/wp-content\/uploads\/2021\/06\/pneus-ferrari-1024x576.jpeg\"},{\"@type\":\"BreadcrumbList\",\"@id\":\"https:\/\/www.italpassion.fr\/tr\/pneus-ferrari\/#breadcrumb\",\"itemListElement\":[{\"@type\":\"ListItem\",\"position\":1,\"name\":\"Accueil\",\"item\":\"https:\/\/www.italpassion.fr\/tr\/\"},{\"@type\":\"ListItem\",\"position\":2,\"name\":\"Pneus Ferrari : lesquels choisir et o\u00f9 les acheter\"}]},{\"@type\":\"WebSite\",\"@id\":\"https:\/\/www.italpassion.fr\/tr\/#website\",\"url\":\"https:\/\/www.italpassion.fr\/tr\/\",\"name\":\"ItalPassion\",\"description\":\"Les Passionn\u00e9s d&#039;Automobiles Italiennes\",\"publisher\":{\"@id\":\"https:\/\/www.italpassion.fr\/tr\/#organization\"},\"potentialAction\":[{\"@type\":\"SearchAction\",\"target\":{\"@type\":\"EntryPoint\",\"urlTemplate\":\"https:\/\/www.italpassion.fr\/tr\/?s={search_term_string}\"},\"query-input\":{\"@type\":\"PropertyValueSpecification\",\"valueRequired\":true,\"valueName\":\"search_term_string\"}}],\"inLanguage\":\"tr\"},{\"@type\":\"Organization\",\"@id\":\"https:\/\/www.italpassion.fr\/tr\/#organization\",\"name\":\"Italpassion\",\"url\":\"https:\/\/www.italpassion.fr\/tr\/\",\"logo\":{\"@type\":\"ImageObject\",\"inLanguage\":\"tr\",\"@id\":\"https:\/\/www.italpassion.fr\/tr\/#\/schema\/logo\/image\/\",\"url\":\"https:\/\/www.italpassion.fr\/wp-content\/uploads\/2023\/07\/italpassion-yoast.jpg\",\"contentUrl\":\"https:\/\/www.italpassion.fr\/wp-content\/uploads\/2023\/07\/italpassion-yoast.jpg\",\"width\":696,\"height\":696,\"caption\":\"Italpassion\"},\"image\":{\"@id\":\"https:\/\/www.italpassion.fr\/tr\/#\/schema\/logo\/image\/\"},\"sameAs\":[\"https:\/\/www.facebook.com\/italpassion\",\"https:\/\/x.com\/italpassion\",\"https:\/\/www.instagram.com\/italpassionfr\/\",\"https:\/\/www.youtube.com\/channel\/UCleq-ByQaA42OjhopwevRjQ\",\"https:\/\/www.facebook.com\/italpassion.en\/\",\"https:\/\/www.facebook.com\/italpassion.it\/\",\"https:\/\/www.facebook.com\/italpassion.de\/\",\"https:\/\/www.facebook.com\/italpassion.ja\/\"]}]}<\/script>\n<!-- \/ Yoast SEO plugin. -->","yoast_head_json":{"title":"Ferrari lastikleri: hangileri se\u00e7ilmeli ve nereden sat\u0131n al\u0131nmal\u0131 - ItalPassion","robots":{"index":"index","follow":"follow","max-snippet":"max-snippet:-1","max-image-preview":"max-image-preview:large","max-video-preview":"max-video-preview:-1"},"canonical":"https:\/\/www.italpassion.fr\/tr\/ferrari-lastikler\/","og_locale":"tr_TR","og_type":"article","og_title":"Pneus Ferrari : lesquels choisir et o\u00f9 les acheter - ItalPassion","og_description":"&hellip;","og_url":"https:\/\/www.italpassion.fr\/tr\/ferrari-lastikler\/","og_site_name":"ItalPassion","article_publisher":"https:\/\/www.facebook.com\/italpassion","article_modified_time":"2023-06-02T19:55:34+00:00","og_image":[{"url":"https:\/\/www.italpassion.fr\/wp-content\/uploads\/2021\/06\/pneus-ferrari-1024x576.jpeg","type":"","width":"","height":""}],"twitter_card":"summary_large_image","twitter_site":"@italpassion","schema":{"@context":"https:\/\/schema.org","@graph":[{"@type":"WebPage","@id":"https:\/\/www.italpassion.fr\/tr\/pneus-ferrari\/","url":"https:\/\/www.italpassion.fr\/tr\/pneus-ferrari\/","name":"Ferrari lastikleri: hangileri se\u00e7ilmeli ve nereden sat\u0131n al\u0131nmal\u0131 - ItalPassion","isPartOf":{"@id":"https:\/\/www.italpassion.fr\/tr\/#website"},"primaryImageOfPage":{"@id":"https:\/\/www.italpassion.fr\/tr\/pneus-ferrari\/#primaryimage"},"image":{"@id":"https:\/\/www.italpassion.fr\/tr\/pneus-ferrari\/#primaryimage"},"thumbnailUrl":"https:\/\/www.italpassion.fr\/wp-content\/uploads\/2021\/06\/pneus-ferrari-1024x576.jpeg","datePublished":"2021-07-02T13:32:39+00:00","dateModified":"2023-06-02T19:55:34+00:00","breadcrumb":{"@id":"https:\/\/www.italpassion.fr\/tr\/pneus-ferrari\/#breadcrumb"},"inLanguage":"tr","potentialAction":[{"@type":"ReadAction","target":["https:\/\/www.italpassion.fr\/tr\/pneus-ferrari\/"]}]},{"@type":"ImageObject","inLanguage":"tr","@id":"https:\/\/www.italpassion.fr\/tr\/pneus-ferrari\/#primaryimage","url":"https:\/\/www.italpassion.fr\/wp-content\/uploads\/2021\/06\/pneus-ferrari-1024x576.jpeg","contentUrl":"https:\/\/www.italpassion.fr\/wp-content\/uploads\/2021\/06\/pneus-ferrari-1024x576.jpeg"},{"@type":"BreadcrumbList","@id":"https:\/\/www.italpassion.fr\/tr\/pneus-ferrari\/#breadcrumb","itemListElement":[{"@type":"ListItem","position":1,"name":"Accueil","item":"https:\/\/www.italpassion.fr\/tr\/"},{"@type":"ListItem","position":2,"name":"Pneus Ferrari : lesquels choisir et o\u00f9 les acheter"}]},{"@type":"WebSite","@id":"https:\/\/www.italpassion.fr\/tr\/#website","url":"https:\/\/www.italpassion.fr\/tr\/","name":"ItalPassion","description":"\u0130talyan Araba Merakl\u0131lar\u0131","publisher":{"@id":"https:\/\/www.italpassion.fr\/tr\/#organization"},"potentialAction":[{"@type":"SearchAction","target":{"@type":"EntryPoint","urlTemplate":"https:\/\/www.italpassion.fr\/tr\/?s={search_term_string}"},"query-input":{"@type":"PropertyValueSpecification","valueRequired":true,"valueName":"search_term_string"}}],"inLanguage":"tr"},{"@type":"Organization","@id":"https:\/\/www.italpassion.fr\/tr\/#organization","name":"Italpassion","url":"https:\/\/www.italpassion.fr\/tr\/","logo":{"@type":"ImageObject","inLanguage":"tr","@id":"https:\/\/www.italpassion.fr\/tr\/#\/schema\/logo\/image\/","url":"https:\/\/www.italpassion.fr\/wp-content\/uploads\/2023\/07\/italpassion-yoast.jpg","contentUrl":"https:\/\/www.italpassion.fr\/wp-content\/uploads\/2023\/07\/italpassion-yoast.jpg","width":696,"height":696,"caption":"Italpassion"},"image":{"@id":"https:\/\/www.italpassion.fr\/tr\/#\/schema\/logo\/image\/"},"sameAs":["https:\/\/www.facebook.com\/italpassion","https:\/\/x.com\/italpassion","https:\/\/www.instagram.com\/italpassionfr\/","https:\/\/www.youtube.com\/channel\/UCleq-ByQaA42OjhopwevRjQ","https:\/\/www.facebook.com\/italpassion.en\/","https:\/\/www.facebook.com\/italpassion.it\/","https:\/\/www.facebook.com\/italpassion.de\/","https:\/\/www.facebook.com\/italpassion.ja\/"]}]}},"_links":{"self":[{"href":"https:\/\/www.italpassion.fr\/tr\/wp-json\/wp\/v2\/pages\/29428","targetHints":{"allow":["GET"]}}],"collection":[{"href":"https:\/\/www.italpassion.fr\/tr\/wp-json\/wp\/v2\/pages"}],"about":[{"href":"https:\/\/www.italpassion.fr\/tr\/wp-json\/wp\/v2\/types\/page"}],"author":[{"embeddable":true,"href":"https:\/\/www.italpassion.fr\/tr\/wp-json\/wp\/v2\/users\/1"}],"replies":[{"embeddable":true,"href":"https:\/\/www.italpassion.fr\/tr\/wp-json\/wp\/v2\/comments?post=29428"}],"version-history":[{"count":11,"href":"https:\/\/www.italpassion.fr\/tr\/wp-json\/wp\/v2\/pages\/29428\/revisions"}],"predecessor-version":[{"id":31514,"href":"https:\/\/www.italpassion.fr\/tr\/wp-json\/wp\/v2\/pages\/29428\/revisions\/31514"}],"wp:attachment":[{"href":"https:\/\/www.italpassion.fr\/tr\/wp-json\/wp\/v2\/media?parent=29428"}],"curies":[{"name":"wp","href":"https:\/\/api.w.org\/{rel}","templated":true}]}}