{"id":29289,"date":"2021-05-05T13:53:01","date_gmt":"2021-05-05T11:53:01","guid":{"rendered":"https:\/\/www.italpassion.fr\/?page_id=29289"},"modified":"2021-05-05T13:53:02","modified_gmt":"2021-05-05T11:53:02","slug":"surus-staj-lamborghini","status":"publish","type":"page","link":"https:\/\/www.italpassion.fr\/tr\/stage-de-pilotage-lamborghini\/","title":{"rendered":"Lamborghini s\u00fcr\u00fc\u015f deneyimi"},"content":{"rendered":"<p>Bir anla\u015fma yapmak veya teklif etmek istiyorsunuz\u00a0<strong>\u0130talyan s\u00fcper otomobilinde s\u00fcr\u00fc\u015f deneyimi\u00a0<a href=\"https:\/\/www.italpassion.fr\/tr\/lamborghini\/\">Lamborghini<\/a>\u00a0?<\/strong>\u00a0Gelecekteki s\u00fcr\u00fcc\u00fc kursunuzu nas\u0131l se\u00e7ece\u011finize dair t\u00fcm tavsiyelerimiz a\u015fa\u011f\u0131da.<\/p>\n\n\n\n<figure class=\"wp-block-image size-large\"><img loading=\"lazy\" decoding=\"async\" width=\"1000\" height=\"667\" src=\"https:\/\/www.italpassion.fr\/wp-content\/uploads\/2021\/05\/lamborghini-huracan-6.jpg\" alt=\"\" class=\"wp-image-29290\" srcset=\"https:\/\/www.italpassion.fr\/wp-content\/uploads\/2021\/05\/lamborghini-huracan-6.jpg 1000w, https:\/\/www.italpassion.fr\/wp-content\/uploads\/2021\/05\/lamborghini-huracan-6-600x400.jpg 600w, https:\/\/www.italpassion.fr\/wp-content\/uploads\/2021\/05\/lamborghini-huracan-6-300x200.jpg 300w, https:\/\/www.italpassion.fr\/wp-content\/uploads\/2021\/05\/lamborghini-huracan-6-768x512.jpg 768w, https:\/\/www.italpassion.fr\/wp-content\/uploads\/2021\/05\/lamborghini-huracan-6-561x374.jpg 561w, https:\/\/www.italpassion.fr\/wp-content\/uploads\/2021\/05\/lamborghini-huracan-6-265x177.jpg 265w, https:\/\/www.italpassion.fr\/wp-content\/uploads\/2021\/05\/lamborghini-huracan-6-531x354.jpg 531w, https:\/\/www.italpassion.fr\/wp-content\/uploads\/2021\/05\/lamborghini-huracan-6-364x243.jpg 364w, https:\/\/www.italpassion.fr\/wp-content\/uploads\/2021\/05\/lamborghini-huracan-6-728x486.jpg 728w, https:\/\/www.italpassion.fr\/wp-content\/uploads\/2021\/05\/lamborghini-huracan-6-608x406.jpg 608w, https:\/\/www.italpassion.fr\/wp-content\/uploads\/2021\/05\/lamborghini-huracan-6-758x506.jpg 758w\" sizes=\"auto, (max-width: 1000px) 100vw, 1000px\" \/><\/figure>\n\n\n\n<h2 class=\"wp-block-heading\">Sizin i\u00e7in s\u00fcr\u00fcc\u00fc kursu<\/h2>\n\n\n\n<p>Kendinizi \u015f\u0131martabilirsiniz! Neredeyse 6 y\u0131l \u00f6nce bir\u00a0<a href=\"https:\/\/www.italpassion.fr\/tr\/4716-essai-lamborghini-huracan.html\/\">Lamborghini Huracan s\u00fcr\u00fc\u015f deneyimi<\/a>\u00a0Fay de Bretagne'\u0131n \u00e7evresinde. Unutulmaz bir an ve bir pistte araba kullanmay\u0131 \u00f6\u011frenmek.<\/p>\n\n\n\n<figure class=\"wp-block-image size-large\"><img loading=\"lazy\" decoding=\"async\" width=\"1000\" height=\"589\" src=\"https:\/\/www.italpassion.fr\/wp-content\/uploads\/2021\/05\/lamborghini-huracan-jante-italpassion.jpg\" alt=\"\" class=\"wp-image-29291\" srcset=\"https:\/\/www.italpassion.fr\/wp-content\/uploads\/2021\/05\/lamborghini-huracan-jante-italpassion.jpg 1000w, https:\/\/www.italpassion.fr\/wp-content\/uploads\/2021\/05\/lamborghini-huracan-jante-italpassion-600x353.jpg 600w, https:\/\/www.italpassion.fr\/wp-content\/uploads\/2021\/05\/lamborghini-huracan-jante-italpassion-300x177.jpg 300w, https:\/\/www.italpassion.fr\/wp-content\/uploads\/2021\/05\/lamborghini-huracan-jante-italpassion-768x452.jpg 768w, https:\/\/www.italpassion.fr\/wp-content\/uploads\/2021\/05\/lamborghini-huracan-jante-italpassion-561x330.jpg 561w, https:\/\/www.italpassion.fr\/wp-content\/uploads\/2021\/05\/lamborghini-huracan-jante-italpassion-265x156.jpg 265w, https:\/\/www.italpassion.fr\/wp-content\/uploads\/2021\/05\/lamborghini-huracan-jante-italpassion-531x313.jpg 531w, https:\/\/www.italpassion.fr\/wp-content\/uploads\/2021\/05\/lamborghini-huracan-jante-italpassion-364x214.jpg 364w, https:\/\/www.italpassion.fr\/wp-content\/uploads\/2021\/05\/lamborghini-huracan-jante-italpassion-728x429.jpg 728w, https:\/\/www.italpassion.fr\/wp-content\/uploads\/2021\/05\/lamborghini-huracan-jante-italpassion-608x358.jpg 608w, https:\/\/www.italpassion.fr\/wp-content\/uploads\/2021\/05\/lamborghini-huracan-jante-italpassion-758x446.jpg 758w\" sizes=\"auto, (max-width: 1000px) 100vw, 1000px\" \/><\/figure>\n\n\n\n<h2 class=\"wp-block-heading\">Sunulacak s\u00fcr\u00fcc\u00fc kursu<\/h2>\n\n\n\n<p>\u0130talyan s\u00fcper otomobillerini seven ve bir hediye fikri arayan sevdi\u011finiz biri mi var? Lamborghini s\u00fcr\u00fc\u015f kursu idealdir. Birka\u00e7 y\u00fcz Euro kar\u015f\u0131l\u0131\u011f\u0131nda, bir pistte duyumlar ve baz\u0131 s\u00fcr\u00fc\u015f teknikleri konusunda unutulmaz bir an sunabilirsiniz.<\/p>\n\n\n\n<figure class=\"wp-block-image size-large\"><img loading=\"lazy\" decoding=\"async\" width=\"994\" height=\"664\" src=\"https:\/\/www.italpassion.fr\/wp-content\/uploads\/2021\/05\/stage-pilotage-lamborghini.jpg\" alt=\"\" class=\"wp-image-29292\" srcset=\"https:\/\/www.italpassion.fr\/wp-content\/uploads\/2021\/05\/stage-pilotage-lamborghini.jpg 994w, https:\/\/www.italpassion.fr\/wp-content\/uploads\/2021\/05\/stage-pilotage-lamborghini-600x401.jpg 600w, https:\/\/www.italpassion.fr\/wp-content\/uploads\/2021\/05\/stage-pilotage-lamborghini-300x200.jpg 300w, https:\/\/www.italpassion.fr\/wp-content\/uploads\/2021\/05\/stage-pilotage-lamborghini-768x513.jpg 768w, https:\/\/www.italpassion.fr\/wp-content\/uploads\/2021\/05\/stage-pilotage-lamborghini-561x375.jpg 561w, https:\/\/www.italpassion.fr\/wp-content\/uploads\/2021\/05\/stage-pilotage-lamborghini-265x177.jpg 265w, https:\/\/www.italpassion.fr\/wp-content\/uploads\/2021\/05\/stage-pilotage-lamborghini-531x355.jpg 531w, https:\/\/www.italpassion.fr\/wp-content\/uploads\/2021\/05\/stage-pilotage-lamborghini-364x243.jpg 364w, https:\/\/www.italpassion.fr\/wp-content\/uploads\/2021\/05\/stage-pilotage-lamborghini-728x486.jpg 728w, https:\/\/www.italpassion.fr\/wp-content\/uploads\/2021\/05\/stage-pilotage-lamborghini-608x406.jpg 608w, https:\/\/www.italpassion.fr\/wp-content\/uploads\/2021\/05\/stage-pilotage-lamborghini-758x506.jpg 758w\" sizes=\"auto, (max-width: 994px) 100vw, 994px\" \/><\/figure>\n\n\n\n<h2 class=\"wp-block-heading\">Bir Lamborghini s\u00fcr\u00fc\u015f deneyimi nas\u0131l se\u00e7ilir<\/h2>\n\n\n\n<p>Tedarik\u00e7iler\u00a0<strong>Lamborghini s\u00fcr\u00fc\u015f deneyimi<\/strong>\u00a0internette \u00e7ok say\u0131da var. \u00d6rne\u011fin, \u015funlar\u0131 yapabilirsiniz\u00a0<a href=\"https:\/\/www.sport-decouverte.com\/stage-lamborghini.html\">Sport D\u00e9couverte ile bir Lamborghini s\u00fcr\u00fcn<\/a>. Do\u011fru u\u00e7u\u015f okulunu se\u00e7menize yard\u0131mc\u0131 olmas\u0131 i\u00e7in a\u015fa\u011f\u0131daki kriterleri kullanmal\u0131s\u0131n\u0131z.<\/p>\n\n\n\n<p><strong>Tur :&nbsp;<\/strong>Size en yak\u0131n devrelere bak\u0131n. Bir s\u00fcr\u00fcc\u00fc kursu genellikle yar\u0131m g\u00fcnden az s\u00fcrer. D\u00f6n\u00fc\u015f yolculu\u011funu ayn\u0131 g\u00fcn i\u00e7inde yapacaks\u0131n\u0131z. Yak\u0131nlarda birka\u00e7 devre bulundurma l\u00fcks\u00fcn\u00fcz varsa, yeni ba\u015flayan biriyseniz en basitini, deneyimliyseniz en teknik olan\u0131n\u0131 se\u00e7in.<\/p>\n\n\n\n<p><strong>Model :&nbsp;<\/strong>Birka\u00e7 Lamborghini var: Aventador, Gallardo, Huracan, Urus... Birka\u00e7 sa\u011flay\u0131c\u0131y\u0131 kar\u015f\u0131la\u015ft\u0131r\u0131rsan\u0131z, ayn\u0131 modelde oldu\u011funuzdan emin olun.<\/p>\n\n\n\n<p><strong>Fiyat\/ciro oran\u0131 :<\/strong>&nbsp;En yayg\u0131n kriter tur ba\u015f\u0131na fiyatt\u0131r. Bu nedenle, ayn\u0131 tur i\u00e7in farkl\u0131 sa\u011flay\u0131c\u0131lar\u0131n fiyatlar\u0131n\u0131 kar\u015f\u0131la\u015ft\u0131r\u0131n.<\/p>\n\n\n\n<p><strong>M\u00fc\u015fteri Yorumlar\u0131 :&nbsp;<\/strong>Son olarak, m\u00fc\u015fteri yorumlar\u0131n\u0131 kontrol edin. Kay\u0131t memurlar\u0131 genellikle kalifiyedir, e\u011fitici olmal\u0131 ve m\u00fcmk\u00fcn olan en iyi zaman\u0131 ge\u00e7irmenizi sa\u011flamal\u0131d\u0131r.<\/p>\n\n\n\n<p>Art\u0131k Lamborghini s\u00fcr\u00fc\u015f deneyiminizi se\u00e7mek i\u00e7in ihtiyac\u0131n\u0131z olan t\u00fcm bilgilere sahipsiniz. \u0130yi e\u011flenceler!<\/p>","protected":false},"excerpt":{"rendered":"","protected":false},"author":1,"featured_media":0,"parent":0,"menu_order":0,"comment_status":"closed","ping_status":"closed","template":"g1-template-page-full.php","meta":{"_acf_changed":false,"_sitemap_exclude":false,"_sitemap_priority":"","_sitemap_frequency":"","footnotes":""},"class_list":["post-29289","page","type-page","status-publish"],"acf":[],"yoast_head":"<!-- This site is optimized with the Yoast SEO plugin v25.8 - https:\/\/yoast.com\/wordpress\/plugins\/seo\/ -->\n<title>Stage de pilotage Lamborghini - ItalPassion<\/title>\n<meta name=\"robots\" content=\"index, follow, max-snippet:-1, max-image-preview:large, max-video-preview:-1\" \/>\n<link rel=\"canonical\" href=\"https:\/\/www.italpassion.fr\/tr\/surus-staj-lamborghini\/\" \/>\n<meta property=\"og:locale\" content=\"tr_TR\" \/>\n<meta property=\"og:type\" content=\"article\" \/>\n<meta property=\"og:title\" content=\"Stage de pilotage Lamborghini - ItalPassion\" \/>\n<meta property=\"og:description\" content=\"&hellip;\" \/>\n<meta property=\"og:url\" content=\"https:\/\/www.italpassion.fr\/tr\/surus-staj-lamborghini\/\" \/>\n<meta property=\"og:site_name\" content=\"ItalPassion\" \/>\n<meta property=\"article:publisher\" content=\"https:\/\/www.facebook.com\/italpassion\" \/>\n<meta property=\"article:modified_time\" content=\"2021-05-05T11:53:02+00:00\" \/>\n<meta property=\"og:image\" content=\"https:\/\/www.italpassion.fr\/wp-content\/uploads\/2021\/05\/lamborghini-huracan-6.jpg\" \/>\n<meta name=\"twitter:card\" content=\"summary_large_image\" \/>\n<meta name=\"twitter:site\" content=\"@italpassion\" \/>\n<script type=\"application\/ld+json\" class=\"yoast-schema-graph\">{\"@context\":\"https:\/\/schema.org\",\"@graph\":[{\"@type\":\"WebPage\",\"@id\":\"https:\/\/www.italpassion.fr\/tr\/stage-de-pilotage-lamborghini\/\",\"url\":\"https:\/\/www.italpassion.fr\/tr\/stage-de-pilotage-lamborghini\/\",\"name\":\"Stage de pilotage Lamborghini - ItalPassion\",\"isPartOf\":{\"@id\":\"https:\/\/www.italpassion.fr\/tr\/#website\"},\"primaryImageOfPage\":{\"@id\":\"https:\/\/www.italpassion.fr\/tr\/stage-de-pilotage-lamborghini\/#primaryimage\"},\"image\":{\"@id\":\"https:\/\/www.italpassion.fr\/tr\/stage-de-pilotage-lamborghini\/#primaryimage\"},\"thumbnailUrl\":\"https:\/\/www.italpassion.fr\/wp-content\/uploads\/2021\/05\/lamborghini-huracan-6.jpg\",\"datePublished\":\"2021-05-05T11:53:01+00:00\",\"dateModified\":\"2021-05-05T11:53:02+00:00\",\"breadcrumb\":{\"@id\":\"https:\/\/www.italpassion.fr\/tr\/stage-de-pilotage-lamborghini\/#breadcrumb\"},\"inLanguage\":\"tr\",\"potentialAction\":[{\"@type\":\"ReadAction\",\"target\":[\"https:\/\/www.italpassion.fr\/tr\/stage-de-pilotage-lamborghini\/\"]}]},{\"@type\":\"ImageObject\",\"inLanguage\":\"tr\",\"@id\":\"https:\/\/www.italpassion.fr\/tr\/stage-de-pilotage-lamborghini\/#primaryimage\",\"url\":\"https:\/\/www.italpassion.fr\/wp-content\/uploads\/2021\/05\/lamborghini-huracan-6.jpg\",\"contentUrl\":\"https:\/\/www.italpassion.fr\/wp-content\/uploads\/2021\/05\/lamborghini-huracan-6.jpg\"},{\"@type\":\"BreadcrumbList\",\"@id\":\"https:\/\/www.italpassion.fr\/tr\/stage-de-pilotage-lamborghini\/#breadcrumb\",\"itemListElement\":[{\"@type\":\"ListItem\",\"position\":1,\"name\":\"Accueil\",\"item\":\"https:\/\/www.italpassion.fr\/tr\/\"},{\"@type\":\"ListItem\",\"position\":2,\"name\":\"Stage de pilotage Lamborghini\"}]},{\"@type\":\"WebSite\",\"@id\":\"https:\/\/www.italpassion.fr\/tr\/#website\",\"url\":\"https:\/\/www.italpassion.fr\/tr\/\",\"name\":\"ItalPassion\",\"description\":\"Les Passionn\u00e9s d&#039;Automobiles Italiennes\",\"publisher\":{\"@id\":\"https:\/\/www.italpassion.fr\/tr\/#organization\"},\"potentialAction\":[{\"@type\":\"SearchAction\",\"target\":{\"@type\":\"EntryPoint\",\"urlTemplate\":\"https:\/\/www.italpassion.fr\/tr\/?s={search_term_string}\"},\"query-input\":{\"@type\":\"PropertyValueSpecification\",\"valueRequired\":true,\"valueName\":\"search_term_string\"}}],\"inLanguage\":\"tr\"},{\"@type\":\"Organization\",\"@id\":\"https:\/\/www.italpassion.fr\/tr\/#organization\",\"name\":\"Italpassion\",\"url\":\"https:\/\/www.italpassion.fr\/tr\/\",\"logo\":{\"@type\":\"ImageObject\",\"inLanguage\":\"tr\",\"@id\":\"https:\/\/www.italpassion.fr\/tr\/#\/schema\/logo\/image\/\",\"url\":\"https:\/\/www.italpassion.fr\/wp-content\/uploads\/2023\/07\/italpassion-yoast.jpg\",\"contentUrl\":\"https:\/\/www.italpassion.fr\/wp-content\/uploads\/2023\/07\/italpassion-yoast.jpg\",\"width\":696,\"height\":696,\"caption\":\"Italpassion\"},\"image\":{\"@id\":\"https:\/\/www.italpassion.fr\/tr\/#\/schema\/logo\/image\/\"},\"sameAs\":[\"https:\/\/www.facebook.com\/italpassion\",\"https:\/\/x.com\/italpassion\",\"https:\/\/www.instagram.com\/italpassionfr\/\",\"https:\/\/www.youtube.com\/channel\/UCleq-ByQaA42OjhopwevRjQ\",\"https:\/\/www.facebook.com\/italpassion.en\/\",\"https:\/\/www.facebook.com\/italpassion.it\/\",\"https:\/\/www.facebook.com\/italpassion.de\/\",\"https:\/\/www.facebook.com\/italpassion.ja\/\"]}]}<\/script>\n<!-- \/ Yoast SEO plugin. -->","yoast_head_json":{"title":"Lamborghini s\u00fcr\u00fc\u015f deneyimi - ItalPassion","robots":{"index":"index","follow":"follow","max-snippet":"max-snippet:-1","max-image-preview":"max-image-preview:large","max-video-preview":"max-video-preview:-1"},"canonical":"https:\/\/www.italpassion.fr\/tr\/surus-staj-lamborghini\/","og_locale":"tr_TR","og_type":"article","og_title":"Stage de pilotage Lamborghini - ItalPassion","og_description":"&hellip;","og_url":"https:\/\/www.italpassion.fr\/tr\/surus-staj-lamborghini\/","og_site_name":"ItalPassion","article_publisher":"https:\/\/www.facebook.com\/italpassion","article_modified_time":"2021-05-05T11:53:02+00:00","og_image":[{"url":"https:\/\/www.italpassion.fr\/wp-content\/uploads\/2021\/05\/lamborghini-huracan-6.jpg","type":"","width":"","height":""}],"twitter_card":"summary_large_image","twitter_site":"@italpassion","schema":{"@context":"https:\/\/schema.org","@graph":[{"@type":"WebPage","@id":"https:\/\/www.italpassion.fr\/tr\/stage-de-pilotage-lamborghini\/","url":"https:\/\/www.italpassion.fr\/tr\/stage-de-pilotage-lamborghini\/","name":"Lamborghini s\u00fcr\u00fc\u015f deneyimi - ItalPassion","isPartOf":{"@id":"https:\/\/www.italpassion.fr\/tr\/#website"},"primaryImageOfPage":{"@id":"https:\/\/www.italpassion.fr\/tr\/stage-de-pilotage-lamborghini\/#primaryimage"},"image":{"@id":"https:\/\/www.italpassion.fr\/tr\/stage-de-pilotage-lamborghini\/#primaryimage"},"thumbnailUrl":"https:\/\/www.italpassion.fr\/wp-content\/uploads\/2021\/05\/lamborghini-huracan-6.jpg","datePublished":"2021-05-05T11:53:01+00:00","dateModified":"2021-05-05T11:53:02+00:00","breadcrumb":{"@id":"https:\/\/www.italpassion.fr\/tr\/stage-de-pilotage-lamborghini\/#breadcrumb"},"inLanguage":"tr","potentialAction":[{"@type":"ReadAction","target":["https:\/\/www.italpassion.fr\/tr\/stage-de-pilotage-lamborghini\/"]}]},{"@type":"ImageObject","inLanguage":"tr","@id":"https:\/\/www.italpassion.fr\/tr\/stage-de-pilotage-lamborghini\/#primaryimage","url":"https:\/\/www.italpassion.fr\/wp-content\/uploads\/2021\/05\/lamborghini-huracan-6.jpg","contentUrl":"https:\/\/www.italpassion.fr\/wp-content\/uploads\/2021\/05\/lamborghini-huracan-6.jpg"},{"@type":"BreadcrumbList","@id":"https:\/\/www.italpassion.fr\/tr\/stage-de-pilotage-lamborghini\/#breadcrumb","itemListElement":[{"@type":"ListItem","position":1,"name":"Accueil","item":"https:\/\/www.italpassion.fr\/tr\/"},{"@type":"ListItem","position":2,"name":"Stage de pilotage Lamborghini"}]},{"@type":"WebSite","@id":"https:\/\/www.italpassion.fr\/tr\/#website","url":"https:\/\/www.italpassion.fr\/tr\/","name":"ItalPassion","description":"\u0130talyan Araba Merakl\u0131lar\u0131","publisher":{"@id":"https:\/\/www.italpassion.fr\/tr\/#organization"},"potentialAction":[{"@type":"SearchAction","target":{"@type":"EntryPoint","urlTemplate":"https:\/\/www.italpassion.fr\/tr\/?s={search_term_string}"},"query-input":{"@type":"PropertyValueSpecification","valueRequired":true,"valueName":"search_term_string"}}],"inLanguage":"tr"},{"@type":"Organization","@id":"https:\/\/www.italpassion.fr\/tr\/#organization","name":"Italpassion","url":"https:\/\/www.italpassion.fr\/tr\/","logo":{"@type":"ImageObject","inLanguage":"tr","@id":"https:\/\/www.italpassion.fr\/tr\/#\/schema\/logo\/image\/","url":"https:\/\/www.italpassion.fr\/wp-content\/uploads\/2023\/07\/italpassion-yoast.jpg","contentUrl":"https:\/\/www.italpassion.fr\/wp-content\/uploads\/2023\/07\/italpassion-yoast.jpg","width":696,"height":696,"caption":"Italpassion"},"image":{"@id":"https:\/\/www.italpassion.fr\/tr\/#\/schema\/logo\/image\/"},"sameAs":["https:\/\/www.facebook.com\/italpassion","https:\/\/x.com\/italpassion","https:\/\/www.instagram.com\/italpassionfr\/","https:\/\/www.youtube.com\/channel\/UCleq-ByQaA42OjhopwevRjQ","https:\/\/www.facebook.com\/italpassion.en\/","https:\/\/www.facebook.com\/italpassion.it\/","https:\/\/www.facebook.com\/italpassion.de\/","https:\/\/www.facebook.com\/italpassion.ja\/"]}]}},"_links":{"self":[{"href":"https:\/\/www.italpassion.fr\/tr\/wp-json\/wp\/v2\/pages\/29289","targetHints":{"allow":["GET"]}}],"collection":[{"href":"https:\/\/www.italpassion.fr\/tr\/wp-json\/wp\/v2\/pages"}],"about":[{"href":"https:\/\/www.italpassion.fr\/tr\/wp-json\/wp\/v2\/types\/page"}],"author":[{"embeddable":true,"href":"https:\/\/www.italpassion.fr\/tr\/wp-json\/wp\/v2\/users\/1"}],"replies":[{"embeddable":true,"href":"https:\/\/www.italpassion.fr\/tr\/wp-json\/wp\/v2\/comments?post=29289"}],"version-history":[{"count":1,"href":"https:\/\/www.italpassion.fr\/tr\/wp-json\/wp\/v2\/pages\/29289\/revisions"}],"predecessor-version":[{"id":29293,"href":"https:\/\/www.italpassion.fr\/tr\/wp-json\/wp\/v2\/pages\/29289\/revisions\/29293"}],"wp:attachment":[{"href":"https:\/\/www.italpassion.fr\/tr\/wp-json\/wp\/v2\/media?parent=29289"}],"curies":[{"name":"wp","href":"https:\/\/api.w.org\/{rel}","templated":true}]}}