{"id":29285,"date":"2021-05-05T13:48:29","date_gmt":"2021-05-05T11:48:29","guid":{"rendered":"https:\/\/www.italpassion.fr\/?page_id=29285"},"modified":"2021-05-05T13:49:23","modified_gmt":"2021-05-05T11:49:23","slug":"gri-fiat-kart","status":"publish","type":"page","link":"https:\/\/www.italpassion.fr\/tr\/carte-grise-fiat\/","title":{"rendered":"Fiat araba tescili"},"content":{"rendered":"<p>Bir tane sat\u0131n alacaks\u0131n\u00a0<a href=\"https:\/\/www.italpassion.fr\/tr\/fiat\/\">Fiat<\/a>\u00a0ya da kullan\u0131lm\u0131\u015f bir Fiat? Daha \u00f6nce hi\u00e7 bir\u00a0<a href=\"https:\/\/www.italpassion.fr\/tr\/fiat-sigorta-karsilastirici\/\">Fiat sigorta kar\u015f\u0131la\u015ft\u0131r\u0131c\u0131s\u0131\u00a0<\/a>ve \u015fimdi bilmek istiyorsun\u00a0<strong>Gelecekteki Fiat'\u0131n\u0131z i\u00e7in kay\u0131t belgesinin fiyat\u0131<\/strong>\u00a0? Do\u011fru yere geldiniz.<\/p>\n\n\n\n<h2 class=\"wp-block-heading\">Fiat araba tescil fiyat sim\u00fclat\u00f6r\u00fc<\/h2>\n\n\n\n<p>Fiyat\u0131n\u0131 hesaplamak i\u00e7in bir\u00e7ok sim\u00fclat\u00f6r vard\u0131r\u00a0<a href=\"https:\/\/www.cartegriseminute.fr\/carte-grise-en-ligne.php\">ara\u00e7 tescil belgeniz \u00e7evrimi\u00e7i<\/a>. Bu sim\u00fclat\u00f6rler modern Fiat, gen\u00e7 zamanlay\u0131c\u0131lar ve koleksiyonlar i\u00e7in \u00e7al\u0131\u015f\u0131r: Fiat Punto, Fiat Grande Punto, Fiat Tipo, Fiat Bravo, Fiat Panda, Fiat 500, Fiat 500C, Fiat 500L, Fiat 500X, Fiat 124 Spider,...<\/p>\n\n\n\n<h2 class=\"wp-block-heading\">Fiat ara\u00e7 ruhsat\u0131n\u0131n fiyat\u0131n\u0131 hesaplay\u0131n<\/h2>\n\n\n\n<p>Bu&nbsp;<strong>Bir ara\u00e7 tescil belgesinin fiyat\u0131 bir dizi kritere g\u00f6re hesaplan\u0131r<\/strong>Ayr\u0131ca, Fiat'\u0131n\u0131z 10 ya\u015f\u0131ndan b\u00fcy\u00fckse, ara\u00e7 tescil belgesinin fiyat\u0131 a\u015fa\u011f\u0131daki istisnalar d\u0131\u015f\u0131nda 50 % d\u00fc\u015f\u00fcr\u00fcl\u00fcr: ara\u00e7 tipi, mali beygir g\u00fcc\u00fc, CO2 emisyonlar\u0131, enerji, tescil y\u0131l\u0131, tescil departman\u0131 vb.<\/p>\n\n\n\n<p>O kadar \u00e7ok kriter var ki, bir araba tescil fiyat\u0131 sim\u00fclat\u00f6r\u00fc kullanmak daha kolay.<\/p>\n\n\n\n<h2 class=\"wp-block-heading\">Gri kart ek \u00fccreti 2019<\/h2>\n\n\n\n<p>\u0130ster yeni ister kullan\u0131lm\u0131\u015f olsun, ara\u00e7 tescil belgesinin fiyat\u0131 a\u015fa\u011f\u0131dakilere eklenmelidir\u00a0<strong>CO2 emisyonlar\u0131na g\u00f6re bir ceza<\/strong>. Bu \u00f6l\u00e7ek, yeni ara\u00e7lar i\u00e7in sabit ve ikinci el ara\u00e7lar i\u00e7in dola\u015f\u0131m y\u0131llar\u0131na g\u00f6re azalan bir \u00f6l\u00e7ek olmak \u00fczere her y\u0131l geli\u015fmektedir. T\u00fcm bilgiler\u00a0<a href=\"https:\/\/www.service-public.fr\/particuliers\/vosdroits\/F19911\">h\u00fck\u00fcmet web sitesi<\/a>. Fiat'\u0131n \u015fu anda herhangi bir hibrit veya tamamen elektrikli arac\u0131 bulunmad\u0131\u011f\u0131ndan, bir ceza \u00f6demesi gerekecektir.<\/p>\n\n\n\n<p>Burada yine, daha fazla kolayl\u0131k i\u00e7in, bir araba tescil fiyat\u0131 sim\u00fclat\u00f6r\u00fc kullanman\u0131z\u0131 \u00f6neririz.<\/p>\n\n\n\n<h2 class=\"wp-block-heading\">\u0130kamet de\u011fi\u015fikli\u011fi<\/h2>\n\n\n\n<p>\u0130kametinizi de\u011fi\u015ftiriyorsunuz ve \u015funlar\u0131 yapman\u0131z gerekiyor\u00a0<strong>Fiat'\u0131n\u0131z\u0131 yeni bir adrese kaydettirin<\/strong>\u00a0? Fiat'\u0131n\u0131z\u0131n kay\u0131t belgesinde adres de\u011fi\u015fikli\u011fini ger\u00e7ekle\u015ftirmek i\u00e7in ta\u015f\u0131nma tarihinden bir ay \u00f6nce ve eski adresinizden ayr\u0131ld\u0131ktan sonra bir ay s\u00fcreniz vard\u0131r. \u0130\u00e7iniz rahat olsun, bu \u00e7ok basit ve \u00e7evrimi\u00e7i olarak yap\u0131labilir.\u00a0<a href=\"https:\/\/www.demarches.interieur.gouv.fr\/particuliers\/changer-adresse-carte-grise\">devlet web si\u0307tesi\u0307nde adres de\u011fi\u0307\u015fi\u0307kli\u0307\u011fi\u0307<\/a>.<\/p>","protected":false},"excerpt":{"rendered":"","protected":false},"author":1,"featured_media":0,"parent":0,"menu_order":0,"comment_status":"closed","ping_status":"closed","template":"g1-template-page-full.php","meta":{"_acf_changed":false,"_sitemap_exclude":false,"_sitemap_priority":"","_sitemap_frequency":"","footnotes":""},"class_list":["post-29285","page","type-page","status-publish"],"acf":[],"yoast_head":"<!-- This site is optimized with the Yoast SEO plugin v25.8 - https:\/\/yoast.com\/wordpress\/plugins\/seo\/ -->\n<title>Carte grise Fiat - ItalPassion<\/title>\n<meta name=\"robots\" content=\"index, follow, max-snippet:-1, max-image-preview:large, max-video-preview:-1\" \/>\n<link rel=\"canonical\" href=\"https:\/\/www.italpassion.fr\/tr\/gri-fiat-kart\/\" \/>\n<meta property=\"og:locale\" content=\"tr_TR\" \/>\n<meta property=\"og:type\" content=\"article\" \/>\n<meta property=\"og:title\" content=\"Carte grise Fiat - ItalPassion\" \/>\n<meta property=\"og:description\" content=\"&hellip;\" \/>\n<meta property=\"og:url\" content=\"https:\/\/www.italpassion.fr\/tr\/gri-fiat-kart\/\" \/>\n<meta property=\"og:site_name\" content=\"ItalPassion\" \/>\n<meta property=\"article:publisher\" content=\"https:\/\/www.facebook.com\/italpassion\" \/>\n<meta property=\"article:modified_time\" content=\"2021-05-05T11:49:23+00:00\" \/>\n<meta name=\"twitter:card\" content=\"summary_large_image\" \/>\n<meta name=\"twitter:site\" content=\"@italpassion\" \/>\n<script type=\"application\/ld+json\" class=\"yoast-schema-graph\">{\"@context\":\"https:\/\/schema.org\",\"@graph\":[{\"@type\":\"WebPage\",\"@id\":\"https:\/\/www.italpassion.fr\/tr\/carte-grise-fiat\/\",\"url\":\"https:\/\/www.italpassion.fr\/tr\/carte-grise-fiat\/\",\"name\":\"Carte grise Fiat - ItalPassion\",\"isPartOf\":{\"@id\":\"https:\/\/www.italpassion.fr\/tr\/#website\"},\"datePublished\":\"2021-05-05T11:48:29+00:00\",\"dateModified\":\"2021-05-05T11:49:23+00:00\",\"breadcrumb\":{\"@id\":\"https:\/\/www.italpassion.fr\/tr\/carte-grise-fiat\/#breadcrumb\"},\"inLanguage\":\"tr\",\"potentialAction\":[{\"@type\":\"ReadAction\",\"target\":[\"https:\/\/www.italpassion.fr\/tr\/carte-grise-fiat\/\"]}]},{\"@type\":\"BreadcrumbList\",\"@id\":\"https:\/\/www.italpassion.fr\/tr\/carte-grise-fiat\/#breadcrumb\",\"itemListElement\":[{\"@type\":\"ListItem\",\"position\":1,\"name\":\"Accueil\",\"item\":\"https:\/\/www.italpassion.fr\/tr\/\"},{\"@type\":\"ListItem\",\"position\":2,\"name\":\"Carte grise Fiat\"}]},{\"@type\":\"WebSite\",\"@id\":\"https:\/\/www.italpassion.fr\/tr\/#website\",\"url\":\"https:\/\/www.italpassion.fr\/tr\/\",\"name\":\"ItalPassion\",\"description\":\"Les Passionn\u00e9s d&#039;Automobiles Italiennes\",\"publisher\":{\"@id\":\"https:\/\/www.italpassion.fr\/tr\/#organization\"},\"potentialAction\":[{\"@type\":\"SearchAction\",\"target\":{\"@type\":\"EntryPoint\",\"urlTemplate\":\"https:\/\/www.italpassion.fr\/tr\/?s={search_term_string}\"},\"query-input\":{\"@type\":\"PropertyValueSpecification\",\"valueRequired\":true,\"valueName\":\"search_term_string\"}}],\"inLanguage\":\"tr\"},{\"@type\":\"Organization\",\"@id\":\"https:\/\/www.italpassion.fr\/tr\/#organization\",\"name\":\"Italpassion\",\"url\":\"https:\/\/www.italpassion.fr\/tr\/\",\"logo\":{\"@type\":\"ImageObject\",\"inLanguage\":\"tr\",\"@id\":\"https:\/\/www.italpassion.fr\/tr\/#\/schema\/logo\/image\/\",\"url\":\"https:\/\/www.italpassion.fr\/wp-content\/uploads\/2023\/07\/italpassion-yoast.jpg\",\"contentUrl\":\"https:\/\/www.italpassion.fr\/wp-content\/uploads\/2023\/07\/italpassion-yoast.jpg\",\"width\":696,\"height\":696,\"caption\":\"Italpassion\"},\"image\":{\"@id\":\"https:\/\/www.italpassion.fr\/tr\/#\/schema\/logo\/image\/\"},\"sameAs\":[\"https:\/\/www.facebook.com\/italpassion\",\"https:\/\/x.com\/italpassion\",\"https:\/\/www.instagram.com\/italpassionfr\/\",\"https:\/\/www.youtube.com\/channel\/UCleq-ByQaA42OjhopwevRjQ\",\"https:\/\/www.facebook.com\/italpassion.en\/\",\"https:\/\/www.facebook.com\/italpassion.it\/\",\"https:\/\/www.facebook.com\/italpassion.de\/\",\"https:\/\/www.facebook.com\/italpassion.ja\/\"]}]}<\/script>\n<!-- \/ Yoast SEO plugin. -->","yoast_head_json":{"title":"Fiat araba ruhsat\u0131 - ItalPassion","robots":{"index":"index","follow":"follow","max-snippet":"max-snippet:-1","max-image-preview":"max-image-preview:large","max-video-preview":"max-video-preview:-1"},"canonical":"https:\/\/www.italpassion.fr\/tr\/gri-fiat-kart\/","og_locale":"tr_TR","og_type":"article","og_title":"Carte grise Fiat - ItalPassion","og_description":"&hellip;","og_url":"https:\/\/www.italpassion.fr\/tr\/gri-fiat-kart\/","og_site_name":"ItalPassion","article_publisher":"https:\/\/www.facebook.com\/italpassion","article_modified_time":"2021-05-05T11:49:23+00:00","twitter_card":"summary_large_image","twitter_site":"@italpassion","schema":{"@context":"https:\/\/schema.org","@graph":[{"@type":"WebPage","@id":"https:\/\/www.italpassion.fr\/tr\/carte-grise-fiat\/","url":"https:\/\/www.italpassion.fr\/tr\/carte-grise-fiat\/","name":"Fiat araba ruhsat\u0131 - ItalPassion","isPartOf":{"@id":"https:\/\/www.italpassion.fr\/tr\/#website"},"datePublished":"2021-05-05T11:48:29+00:00","dateModified":"2021-05-05T11:49:23+00:00","breadcrumb":{"@id":"https:\/\/www.italpassion.fr\/tr\/carte-grise-fiat\/#breadcrumb"},"inLanguage":"tr","potentialAction":[{"@type":"ReadAction","target":["https:\/\/www.italpassion.fr\/tr\/carte-grise-fiat\/"]}]},{"@type":"BreadcrumbList","@id":"https:\/\/www.italpassion.fr\/tr\/carte-grise-fiat\/#breadcrumb","itemListElement":[{"@type":"ListItem","position":1,"name":"Accueil","item":"https:\/\/www.italpassion.fr\/tr\/"},{"@type":"ListItem","position":2,"name":"Carte grise Fiat"}]},{"@type":"WebSite","@id":"https:\/\/www.italpassion.fr\/tr\/#website","url":"https:\/\/www.italpassion.fr\/tr\/","name":"ItalPassion","description":"\u0130talyan Araba Merakl\u0131lar\u0131","publisher":{"@id":"https:\/\/www.italpassion.fr\/tr\/#organization"},"potentialAction":[{"@type":"SearchAction","target":{"@type":"EntryPoint","urlTemplate":"https:\/\/www.italpassion.fr\/tr\/?s={search_term_string}"},"query-input":{"@type":"PropertyValueSpecification","valueRequired":true,"valueName":"search_term_string"}}],"inLanguage":"tr"},{"@type":"Organization","@id":"https:\/\/www.italpassion.fr\/tr\/#organization","name":"Italpassion","url":"https:\/\/www.italpassion.fr\/tr\/","logo":{"@type":"ImageObject","inLanguage":"tr","@id":"https:\/\/www.italpassion.fr\/tr\/#\/schema\/logo\/image\/","url":"https:\/\/www.italpassion.fr\/wp-content\/uploads\/2023\/07\/italpassion-yoast.jpg","contentUrl":"https:\/\/www.italpassion.fr\/wp-content\/uploads\/2023\/07\/italpassion-yoast.jpg","width":696,"height":696,"caption":"Italpassion"},"image":{"@id":"https:\/\/www.italpassion.fr\/tr\/#\/schema\/logo\/image\/"},"sameAs":["https:\/\/www.facebook.com\/italpassion","https:\/\/x.com\/italpassion","https:\/\/www.instagram.com\/italpassionfr\/","https:\/\/www.youtube.com\/channel\/UCleq-ByQaA42OjhopwevRjQ","https:\/\/www.facebook.com\/italpassion.en\/","https:\/\/www.facebook.com\/italpassion.it\/","https:\/\/www.facebook.com\/italpassion.de\/","https:\/\/www.facebook.com\/italpassion.ja\/"]}]}},"_links":{"self":[{"href":"https:\/\/www.italpassion.fr\/tr\/wp-json\/wp\/v2\/pages\/29285","targetHints":{"allow":["GET"]}}],"collection":[{"href":"https:\/\/www.italpassion.fr\/tr\/wp-json\/wp\/v2\/pages"}],"about":[{"href":"https:\/\/www.italpassion.fr\/tr\/wp-json\/wp\/v2\/types\/page"}],"author":[{"embeddable":true,"href":"https:\/\/www.italpassion.fr\/tr\/wp-json\/wp\/v2\/users\/1"}],"replies":[{"embeddable":true,"href":"https:\/\/www.italpassion.fr\/tr\/wp-json\/wp\/v2\/comments?post=29285"}],"version-history":[{"count":2,"href":"https:\/\/www.italpassion.fr\/tr\/wp-json\/wp\/v2\/pages\/29285\/revisions"}],"predecessor-version":[{"id":29287,"href":"https:\/\/www.italpassion.fr\/tr\/wp-json\/wp\/v2\/pages\/29285\/revisions\/29287"}],"wp:attachment":[{"href":"https:\/\/www.italpassion.fr\/tr\/wp-json\/wp\/v2\/media?parent=29285"}],"curies":[{"name":"wp","href":"https:\/\/api.w.org\/{rel}","templated":true}]}}