{"id":29109,"date":"2021-04-30T12:40:35","date_gmt":"2021-04-30T10:40:35","guid":{"rendered":"https:\/\/www.italpassion.fr\/?page_id=29109"},"modified":"2026-04-01T10:17:24","modified_gmt":"2026-04-01T08:17:24","slug":"takim","status":"publish","type":"page","link":"https:\/\/www.italpassion.fr\/tr\/equipe\/","title":{"rendered":"Ekip"},"content":{"rendered":"<p>ItalPassion 2012 y\u0131l\u0131ndan beri \u0130talyan otomobil tutkunlar\u0131ndan olu\u015fan bir ekiptir. En son marka haberlerine, yar\u0131\u015fma sonu\u00e7lar\u0131na yak\u0131ndan bak\u0131yor ve birka\u00e7 test s\u00fcr\u00fc\u015f\u00fc ger\u00e7ekle\u015ftiriyoruz.<\/p>\n\n\n\n<p>Bu sitenin i\u00e7eri\u011fini yazarak bu tutkuyu sizinle payla\u015fan yazar ekibini ke\u015ffedin. Bizimle ileti\u015fime ge\u00e7mek isterseniz, l\u00fctfen a\u015fa\u011f\u0131daki ileti\u015fim formunu kullan\u0131n. <a href=\"https:\/\/www.italpassion.fr\/tr\/iletisim\/\">\u0130leti\u015fim Formu<\/a>.<\/p>\n\n\n\n<div class=\"wp-block-columns is-layout-flex wp-container-core-columns-is-layout-9d6595d7 wp-block-columns-is-layout-flex\">\n<div class=\"wp-block-column is-layout-flow wp-block-column-is-layout-flow\">\n<h2 class=\"wp-block-heading\"><a href=\"https:\/\/www.italpassion.fr\/tr\/yazar\/alexandre\/\">Alexandre Filluzeau<\/a><\/h2>\n\n\n\n<p>Kurucu ve genel yay\u0131n y\u00f6netmeni. <\/p>\n\n\n\n<p>G\u00fczel \u0130talyan \u00e7izgileri konusunda tutkulu. <\/p>\n\n\n\n<p>Bir Fiat Punto, bir Alfa Romeo 159 ve bir Alfa Romeo Giulia sahibiydim. <\/p>\n\n\n\n<p>Bug\u00fcn bir Alfa Romeo MITo, bir Maserati GranTurismo, bir Lancia Fulvia ve bir Ducati 695 Dark sahibiyim.<\/p>\n<\/div>\n\n\n\n<div class=\"wp-block-column is-layout-flow wp-block-column-is-layout-flow\">\n<h2 class=\"wp-block-heading\"><a href=\"https:\/\/www.italpassion.fr\/tr\/yazar\/andy\/\">Andy David<\/a><\/h2>\n\n\n\n<p>Motor sporlar\u0131 yazar\u0131.<\/p>\n\n\n\n<p>Andy David, motor sporlar\u0131 konusunda uzmanla\u015fm\u0131\u015f bir otomobil gazetecisidir. \u0130talya'da ya\u015f\u0131yor ve d\u00fczenli olarak Fiorano pistini ziyaret ediyor. \u0130talyan motor sporlar\u0131na olan tutkusunu sizlerle payla\u015facak.<\/p>\n<\/div>\n\n\n\n<div class=\"wp-block-column is-layout-flow wp-block-column-is-layout-flow\">\n<h2 class=\"wp-block-heading\"><a href=\"https:\/\/www.italpassion.fr\/tr\/yazar\/nicolas\/\">Nicolas Anderbegani<\/a><\/h2>\n\n\n\n<p>Edit\u00f6r.<\/p>\n\n\n\n<p>Nicolas tarih ve motor sporlar\u0131 konusunda tutkuludur. Kendisi bir Alfa Romeo Giulietta kullanmaktad\u0131r ve \u0130talyan otomobillerine olan tutkusunu sizinle payla\u015fmaktan mutluluk duyacakt\u0131r.<\/p>\n<\/div>\n<\/div>\n\n\n\n<div class=\"wp-block-columns is-layout-flex wp-container-core-columns-is-layout-9d6595d7 wp-block-columns-is-layout-flex\">\n<div class=\"wp-block-column is-layout-flow wp-block-column-is-layout-flow\">\n<h2 class=\"wp-block-heading\"><a href=\"https:\/\/www.italpassion.fr\/tr\/yazar\/frederic\/\">Fr\u00e9d\u00e9ric B.<\/a><\/h2>\n\n\n\n<p>Edit\u00f6r.<\/p>\n\n\n\n<p>\u0130talyan markalar\u0131m\u0131z\u0131n haberleriyle ilgili yaz\u0131lar yazmaktan memnuniyet duyuyorum. Stellantis grubunun haberleri, rekabetin \u00f6n\u00fcndeki stratejisi, \u00fcr\u00fcn planlar\u0131, mali bilan\u00e7olar\u0131, ba\u015far\u0131lar\u0131, varl\u0131klar\u0131 veya ba\u015far\u0131s\u0131zl\u0131klar\u0131 konusunda uzmanla\u015fm\u0131\u015f olarak, \u00f6nyarg\u0131s\u0131z, rahats\u0131z edici sorulardan ka\u00e7\u0131nmadan, objektiflik kayg\u0131s\u0131 i\u00e7inde yazaca\u011f\u0131m makalelerin say\u0131s\u0131 ve kalitesi konusunda sizi tatmin etmeyi umuyorum.<\/p>\n<\/div>\n\n\n\n<div class=\"wp-block-column is-layout-flow wp-block-column-is-layout-flow\">\n<h2 class=\"wp-block-heading\"><a href=\"https:\/\/www.italpassion.fr\/tr\/yazar\/simon\/\">Simon Arces<\/a><\/h2>\n\n\n\n<p>Edit\u00f6r.<\/p>\n\n\n\n<p>28 ya\u015f\u0131nday\u0131m, \u0130talyan k\u00f6kenliyim ve k\u00f6kenlerim g\u00fcnl\u00fck hayat\u0131ma y\u00f6n veriyor. Nazionale, Juve ve Scuderia Ferrari'nin bir hayran\u0131 olarak, g\u00fczel \u0130talyanlar\u0131m\u0131z hakk\u0131ndaki makalelerimi (kendine sayg\u0131s\u0131 olan her \u0130talyan gibi) y\u00fcrekten ve tutkuyla yaz\u0131yorum. \u0130lk arabam Bordeaux'da bir Fiat Punto II idi ve onunla gurur duyuyordum. Maserati L\u00fcksemburg'un pazarlama departman\u0131nda iki y\u0131l \u00e7al\u0131\u015fma \u015fans\u0131m oldu ve o zaman Maserati Granturismo'nun V8'inin sesine kelimenin tam anlam\u0131yla a\u015f\u0131k oldum.&nbsp;<\/p>\n<\/div>\n\n\n\n<div class=\"wp-block-column is-layout-flow wp-block-column-is-layout-flow\">\n<h2 class=\"wp-block-heading\">Julien Hismans<\/h2>\n\n\n\n<p>ItalPassion'\u0131n kurucu orta\u011f\u0131.<\/p>\n\n\n\n<p>Motosikletler ve genel olarak g\u00fczel makineler konusunda tutkulu olan Julien, hem iki hem de d\u00f6rt tekerlekli g\u00fczel \u0130talyan motosikletlerinin cazibesine kar\u015f\u0131 duyars\u0131z de\u011fildir. Elinde tarih diplomas\u0131yla \u015fimdi internete y\u00f6neliyor ve internette kendine bir yer edinmeyi umuyor. Alt\u0131 y\u0131ld\u0131r motosiklet kullanan ve pek \u00e7ok ba\u015far\u0131ya imza atan Julien hala kendisine uygun bir motosiklet bulamam\u0131\u015f olsa da Yamaha FZ6's\u0131yla arkada\u015fl\u0131k etmekten keyif al\u0131yor.<\/p>\n\n\n\n<p><em>Edit\u00f6r\u00fcn notu: Arkada\u015f\u0131m Julien ne yaz\u0131k ki aram\u0131zdan \u00e7ok erken ayr\u0131ld\u0131. Onun an\u0131s\u0131na kurucu \u00fcye olarak kalmaya devam etmektedir.<\/em><\/p>\n<\/div>\n<\/div>\n\n\n\n<div class=\"wp-block-columns is-layout-flex wp-container-core-columns-is-layout-9d6595d7 wp-block-columns-is-layout-flex\">\n<div class=\"wp-block-column is-layout-flow wp-block-column-is-layout-flow\"><\/div>\n\n\n\n<div class=\"wp-block-column is-layout-flow wp-block-column-is-layout-flow\"><\/div>\n\n\n\n<div class=\"wp-block-column is-layout-flow wp-block-column-is-layout-flow\"><\/div>\n<\/div>\n\n\n\n<div class=\"wp-block-columns is-layout-flex wp-container-core-columns-is-layout-9d6595d7 wp-block-columns-is-layout-flex\">\n<div class=\"wp-block-column is-layout-flow wp-block-column-is-layout-flow\">\n<h2 class=\"wp-block-heading\">Arnaud Campion<\/h2>\n\n\n\n<p>Edit\u00f6r.<\/p>\n\n\n\n<p>44 ya\u015f\u0131nda ve g\u00fcnl\u00fck kullan\u0131m ve pist g\u00fcnleri i\u00e7in bir Giulia Veloce 280 HP Q4 Rosso Alfa'n\u0131n mutlu sahibi.<\/p>\n<\/div>\n\n\n\n<div class=\"wp-block-column is-layout-flow wp-block-column-is-layout-flow\">\n<h2 class=\"wp-block-heading\"><a href=\"https:\/\/www.italpassion.fr\/tr\/yazar\/francesco\/\">Francesco Cocchetto<\/a><\/h2>\n\n\n\n<p>Edit\u00f6r.<\/p>\n\n\n\n<p>Venedik'ten gelen Francesco, motorlara olan tutkusunu mekatronik ve teknik m\u00fchendislik alanlar\u0131ndaki becerileriyle birle\u015ftiriyor ve \u0130talyan otomobilleri hakk\u0131ndaki bilgilerini payla\u015f\u0131yor.<\/p>\n<\/div>\n\n\n\n<div class=\"wp-block-column is-layout-flow wp-block-column-is-layout-flow\"><\/div>\n<\/div>","protected":false},"excerpt":{"rendered":"","protected":false},"author":1,"featured_media":0,"parent":0,"menu_order":0,"comment_status":"closed","ping_status":"closed","template":"","meta":{"_acf_changed":false,"_sitemap_exclude":false,"_sitemap_priority":"","_sitemap_frequency":"","footnotes":""},"class_list":["post-29109","page","type-page","status-publish"],"acf":[],"yoast_head":"<!-- This site is optimized with the Yoast SEO plugin v25.8 - https:\/\/yoast.com\/wordpress\/plugins\/seo\/ -->\n<title>L&#039;\u00e9quipe - ItalPassion<\/title>\n<meta name=\"robots\" content=\"index, follow, max-snippet:-1, max-image-preview:large, max-video-preview:-1\" \/>\n<link rel=\"canonical\" href=\"https:\/\/www.italpassion.fr\/tr\/takim\/\" \/>\n<meta property=\"og:locale\" content=\"tr_TR\" \/>\n<meta property=\"og:type\" content=\"article\" \/>\n<meta property=\"og:title\" content=\"L&#039;\u00e9quipe - ItalPassion\" \/>\n<meta property=\"og:description\" content=\"&hellip;\" \/>\n<meta property=\"og:url\" content=\"https:\/\/www.italpassion.fr\/tr\/takim\/\" \/>\n<meta property=\"og:site_name\" content=\"ItalPassion\" \/>\n<meta property=\"article:publisher\" content=\"https:\/\/www.facebook.com\/italpassion\" \/>\n<meta property=\"article:modified_time\" content=\"2026-04-01T08:17:24+00:00\" \/>\n<meta name=\"twitter:card\" content=\"summary_large_image\" \/>\n<meta name=\"twitter:site\" content=\"@italpassion\" \/>\n<script type=\"application\/ld+json\" class=\"yoast-schema-graph\">{\"@context\":\"https:\/\/schema.org\",\"@graph\":[{\"@type\":\"WebPage\",\"@id\":\"https:\/\/www.italpassion.fr\/tr\/equipe\/\",\"url\":\"https:\/\/www.italpassion.fr\/tr\/equipe\/\",\"name\":\"L'\u00e9quipe - ItalPassion\",\"isPartOf\":{\"@id\":\"https:\/\/www.italpassion.fr\/tr\/#website\"},\"datePublished\":\"2021-04-30T10:40:35+00:00\",\"dateModified\":\"2026-04-01T08:17:24+00:00\",\"breadcrumb\":{\"@id\":\"https:\/\/www.italpassion.fr\/tr\/equipe\/#breadcrumb\"},\"inLanguage\":\"tr\",\"potentialAction\":[{\"@type\":\"ReadAction\",\"target\":[\"https:\/\/www.italpassion.fr\/tr\/equipe\/\"]}]},{\"@type\":\"BreadcrumbList\",\"@id\":\"https:\/\/www.italpassion.fr\/tr\/equipe\/#breadcrumb\",\"itemListElement\":[{\"@type\":\"ListItem\",\"position\":1,\"name\":\"Accueil\",\"item\":\"https:\/\/www.italpassion.fr\/tr\/\"},{\"@type\":\"ListItem\",\"position\":2,\"name\":\"L&rsquo;\u00e9quipe\"}]},{\"@type\":\"WebSite\",\"@id\":\"https:\/\/www.italpassion.fr\/tr\/#website\",\"url\":\"https:\/\/www.italpassion.fr\/tr\/\",\"name\":\"ItalPassion\",\"description\":\"Les Passionn\u00e9s d&#039;Automobiles Italiennes\",\"publisher\":{\"@id\":\"https:\/\/www.italpassion.fr\/tr\/#organization\"},\"potentialAction\":[{\"@type\":\"SearchAction\",\"target\":{\"@type\":\"EntryPoint\",\"urlTemplate\":\"https:\/\/www.italpassion.fr\/tr\/?s={search_term_string}\"},\"query-input\":{\"@type\":\"PropertyValueSpecification\",\"valueRequired\":true,\"valueName\":\"search_term_string\"}}],\"inLanguage\":\"tr\"},{\"@type\":\"Organization\",\"@id\":\"https:\/\/www.italpassion.fr\/tr\/#organization\",\"name\":\"Italpassion\",\"url\":\"https:\/\/www.italpassion.fr\/tr\/\",\"logo\":{\"@type\":\"ImageObject\",\"inLanguage\":\"tr\",\"@id\":\"https:\/\/www.italpassion.fr\/tr\/#\/schema\/logo\/image\/\",\"url\":\"https:\/\/www.italpassion.fr\/wp-content\/uploads\/2023\/07\/italpassion-yoast.jpg\",\"contentUrl\":\"https:\/\/www.italpassion.fr\/wp-content\/uploads\/2023\/07\/italpassion-yoast.jpg\",\"width\":696,\"height\":696,\"caption\":\"Italpassion\"},\"image\":{\"@id\":\"https:\/\/www.italpassion.fr\/tr\/#\/schema\/logo\/image\/\"},\"sameAs\":[\"https:\/\/www.facebook.com\/italpassion\",\"https:\/\/x.com\/italpassion\",\"https:\/\/www.instagram.com\/italpassionfr\/\",\"https:\/\/www.youtube.com\/channel\/UCleq-ByQaA42OjhopwevRjQ\",\"https:\/\/www.facebook.com\/italpassion.en\/\",\"https:\/\/www.facebook.com\/italpassion.it\/\",\"https:\/\/www.facebook.com\/italpassion.de\/\",\"https:\/\/www.facebook.com\/italpassion.ja\/\"]}]}<\/script>\n<!-- \/ Yoast SEO plugin. -->","yoast_head_json":{"title":"Ekip - ItalPassion","robots":{"index":"index","follow":"follow","max-snippet":"max-snippet:-1","max-image-preview":"max-image-preview:large","max-video-preview":"max-video-preview:-1"},"canonical":"https:\/\/www.italpassion.fr\/tr\/takim\/","og_locale":"tr_TR","og_type":"article","og_title":"L'\u00e9quipe - ItalPassion","og_description":"&hellip;","og_url":"https:\/\/www.italpassion.fr\/tr\/takim\/","og_site_name":"ItalPassion","article_publisher":"https:\/\/www.facebook.com\/italpassion","article_modified_time":"2026-04-01T08:17:24+00:00","twitter_card":"summary_large_image","twitter_site":"@italpassion","schema":{"@context":"https:\/\/schema.org","@graph":[{"@type":"WebPage","@id":"https:\/\/www.italpassion.fr\/tr\/equipe\/","url":"https:\/\/www.italpassion.fr\/tr\/equipe\/","name":"Ekip - ItalPassion","isPartOf":{"@id":"https:\/\/www.italpassion.fr\/tr\/#website"},"datePublished":"2021-04-30T10:40:35+00:00","dateModified":"2026-04-01T08:17:24+00:00","breadcrumb":{"@id":"https:\/\/www.italpassion.fr\/tr\/equipe\/#breadcrumb"},"inLanguage":"tr","potentialAction":[{"@type":"ReadAction","target":["https:\/\/www.italpassion.fr\/tr\/equipe\/"]}]},{"@type":"BreadcrumbList","@id":"https:\/\/www.italpassion.fr\/tr\/equipe\/#breadcrumb","itemListElement":[{"@type":"ListItem","position":1,"name":"Accueil","item":"https:\/\/www.italpassion.fr\/tr\/"},{"@type":"ListItem","position":2,"name":"L&rsquo;\u00e9quipe"}]},{"@type":"WebSite","@id":"https:\/\/www.italpassion.fr\/tr\/#website","url":"https:\/\/www.italpassion.fr\/tr\/","name":"ItalPassion","description":"\u0130talyan Araba Merakl\u0131lar\u0131","publisher":{"@id":"https:\/\/www.italpassion.fr\/tr\/#organization"},"potentialAction":[{"@type":"SearchAction","target":{"@type":"EntryPoint","urlTemplate":"https:\/\/www.italpassion.fr\/tr\/?s={search_term_string}"},"query-input":{"@type":"PropertyValueSpecification","valueRequired":true,"valueName":"search_term_string"}}],"inLanguage":"tr"},{"@type":"Organization","@id":"https:\/\/www.italpassion.fr\/tr\/#organization","name":"Italpassion","url":"https:\/\/www.italpassion.fr\/tr\/","logo":{"@type":"ImageObject","inLanguage":"tr","@id":"https:\/\/www.italpassion.fr\/tr\/#\/schema\/logo\/image\/","url":"https:\/\/www.italpassion.fr\/wp-content\/uploads\/2023\/07\/italpassion-yoast.jpg","contentUrl":"https:\/\/www.italpassion.fr\/wp-content\/uploads\/2023\/07\/italpassion-yoast.jpg","width":696,"height":696,"caption":"Italpassion"},"image":{"@id":"https:\/\/www.italpassion.fr\/tr\/#\/schema\/logo\/image\/"},"sameAs":["https:\/\/www.facebook.com\/italpassion","https:\/\/x.com\/italpassion","https:\/\/www.instagram.com\/italpassionfr\/","https:\/\/www.youtube.com\/channel\/UCleq-ByQaA42OjhopwevRjQ","https:\/\/www.facebook.com\/italpassion.en\/","https:\/\/www.facebook.com\/italpassion.it\/","https:\/\/www.facebook.com\/italpassion.de\/","https:\/\/www.facebook.com\/italpassion.ja\/"]}]}},"_links":{"self":[{"href":"https:\/\/www.italpassion.fr\/tr\/wp-json\/wp\/v2\/pages\/29109","targetHints":{"allow":["GET"]}}],"collection":[{"href":"https:\/\/www.italpassion.fr\/tr\/wp-json\/wp\/v2\/pages"}],"about":[{"href":"https:\/\/www.italpassion.fr\/tr\/wp-json\/wp\/v2\/types\/page"}],"author":[{"embeddable":true,"href":"https:\/\/www.italpassion.fr\/tr\/wp-json\/wp\/v2\/users\/1"}],"replies":[{"embeddable":true,"href":"https:\/\/www.italpassion.fr\/tr\/wp-json\/wp\/v2\/comments?post=29109"}],"version-history":[{"count":3,"href":"https:\/\/www.italpassion.fr\/tr\/wp-json\/wp\/v2\/pages\/29109\/revisions"}],"predecessor-version":[{"id":48257,"href":"https:\/\/www.italpassion.fr\/tr\/wp-json\/wp\/v2\/pages\/29109\/revisions\/48257"}],"wp:attachment":[{"href":"https:\/\/www.italpassion.fr\/tr\/wp-json\/wp\/v2\/media?parent=29109"}],"curies":[{"name":"wp","href":"https:\/\/api.w.org\/{rel}","templated":true}]}}