{"id":29089,"date":"2021-04-30T12:35:27","date_gmt":"2021-04-30T10:35:27","guid":{"rendered":"https:\/\/www.italpassion.fr\/?page_id=29089"},"modified":"2021-04-30T12:35:28","modified_gmt":"2021-04-30T10:35:28","slug":"maserati-gift-idea","status":"publish","type":"page","link":"https:\/\/www.italpassion.fr\/tr\/idee-cadeau-maserati\/","title":{"rendered":"Maserati hediye fikri"},"content":{"rendered":"<p>\u015eu konuda tutkulusunuz&nbsp;<a href=\"https:\/\/www.italpassion.fr\/tr\/maserati\/\">Maserati<\/a>&nbsp;ya da Trident markas\u0131n\u0131 seven bir arkada\u015f\u0131n\u0131z veya aile \u00fcyeniz var m\u0131?<\/p>\n\n\n\n<p>Bir veya daha fazla Maserati hediye fikri mi ar\u0131yorsunuz? Her \u015feyi bulacaks\u0131n&nbsp;<strong>olmazsa olmaz Maserati hediyeleri<\/strong>&nbsp;Burada.<\/p>\n\n\n\n<h2 class=\"wp-block-heading\">Maserati Kitaplar\u0131<\/h2>\n\n\n\n<h3 class=\"wp-block-heading\">Maserati, bir as\u0131rl\u0131k tarih<\/h3>\n\n\n\n<figure class=\"wp-block-image\"><img decoding=\"async\" src=\"https:\/\/www.italpassion.fr\/wp-content\/uploads\/2020\/11\/livre-maserati-centenaire.jpg\" alt=\"\" class=\"wp-image-13966\"\/><\/figure>\n\n\n\n<p>Maserati i\u00e7in \u00e7al\u0131\u015fan baz\u0131 ki\u015filer taraf\u0131ndan yaz\u0131ld\u0131\u011f\u0131 i\u00e7in g\u00f6z ard\u0131 edilemeyecek bir kitap. Maserati'nin y\u00fcz\u00fcnc\u00fc y\u0131l\u0131n\u0131n izini s\u00fcr\u00fcyor.<a href=\"https:\/\/www.amazon.fr\/Maserati-Siecle-dHistoire-Gianni-Cancellieri\/dp\/B00KJ7RTQM\/\" target=\"_blank\" rel=\"noreferrer noopener\">Kitap Maserati, bir as\u0131rl\u0131k tarih<\/a><\/p>\n\n\n\n<h3 class=\"wp-block-heading\">Maserati: L\u00fcks, spor ve prestij<\/h3>\n\n\n\n<figure class=\"wp-block-image\"><img decoding=\"async\" src=\"https:\/\/www.italpassion.fr\/wp-content\/uploads\/2020\/11\/livre-maserati-luxe-sport-prestige.jpg\" alt=\"\" class=\"wp-image-13967\"\/><\/figure>\n\n\n\n<p>Uzun s\u00fcredir Maserati tutkunu olan bir ki\u015fi taraf\u0131ndan kaleme al\u0131nan bu kitap, sava\u015f \u00f6ncesi d\u00f6nemden g\u00fcn\u00fcm\u00fcze kadar uzanan olayl\u0131 tarihi anlat\u0131yor.<a href=\"https:\/\/www.amazon.fr\/Maserati-sport-prestige-Martin-Buckley\/dp\/2726895794\/?&amp;_encoding=UTF8&amp;tag=italpassion-21&amp;linkCode=ur2&amp;linkId=698708f451b0e8765e21ce3e393d7eb1&amp;camp=1642&amp;creative=6746\" target=\"_blank\" rel=\"noreferrer noopener\">Kitap Maserati: L\u00fcks, spor ve prestij<\/a><\/p>\n\n\n\n<h2 class=\"wp-block-heading\">Maserati Giyim<\/h2>\n\n\n\n<p>Bu&nbsp;<strong>Maserati k\u0131yafetleri serinin en iyisi<\/strong>\u0130nternette bulunan \u00e7ok say\u0131da kopyaya dikkat edin. E\u011fer bu kadar \u00e7ok insan\u0131 memnun etmek istiyorsan\u0131z<strong>resmi bir Maserati giysisi sat\u0131n al\u0131n<\/strong>.<\/p>\n\n\n\n<h3 class=\"wp-block-heading\">Resmi Maserati siyah polo ti\u015f\u00f6rt<\/h3>\n\n\n\n<figure class=\"wp-block-image\"><img decoding=\"async\" src=\"https:\/\/www.italpassion.fr\/wp-content\/uploads\/2020\/11\/polo-maserati-noir.jpg\" alt=\"\" class=\"wp-image-13969\"\/><\/figure>\n\n\n\n<p><a href=\"https:\/\/www.amazon.fr\/Martina-Mansel-Long-Sleeved-Shirt\/dp\/B01KXTGOPW\/?&amp;_encoding=UTF8&amp;tag=italpassion-21&amp;linkCode=ur2&amp;linkId=698708f451b0e8765e21ce3e393d7eb1&amp;camp=1642&amp;creative=6746\" target=\"_blank\" rel=\"noreferrer noopener\">Siyah Maserati polo ti\u015f\u00f6rt<\/a><\/p>\n\n\n\n<h3 class=\"wp-block-heading\">Resmi beyaz Maserati polo ti\u015f\u00f6rt<\/h3>\n\n\n\n<figure class=\"wp-block-image\"><img decoding=\"async\" src=\"https:\/\/www.italpassion.fr\/wp-content\/uploads\/2020\/11\/polo-maserati-blanc-663x1024.jpg\" alt=\"\" class=\"wp-image-13970\"\/><\/figure>\n\n\n\n<p><a href=\"https:\/\/www.amazon.fr\/Martina-Polo-Maserati-Blanc-Homme\/dp\/B074G4CJ79\/?&amp;_encoding=UTF8&amp;tag=italpassion-21&amp;linkCode=ur2&amp;linkId=698708f451b0e8765e21ce3e393d7eb1&amp;camp=1642&amp;creative=6746\" target=\"_blank\" rel=\"noreferrer noopener\">Beyaz Maserati Polo<\/a><\/p>\n\n\n\n<h3 class=\"wp-block-heading\">Resmi Maserati \u015fapkas\u0131<\/h3>\n\n\n\n<figure class=\"wp-block-image\"><img decoding=\"async\" src=\"https:\/\/www.italpassion.fr\/wp-content\/uploads\/2020\/11\/casquette-maserati.jpg\" alt=\"\" class=\"wp-image-13968\"\/><\/figure>\n\n\n\n<p><a href=\"https:\/\/www.amazon.fr\/Casquette-Baseball-Maserati-officiel-arrondie\/dp\/B081CYBVNS\/?&amp;_encoding=UTF8&amp;tag=italpassion-21&amp;linkCode=ur2&amp;linkId=698708f451b0e8765e21ce3e393d7eb1&amp;camp=1642&amp;creative=6746\" target=\"_blank\" rel=\"noreferrer noopener\">Maserati \u015fapkas\u0131<\/a><\/p>\n\n\n\n<h2 class=\"wp-block-heading\">Maserati Aksesuarlar\u0131<\/h2>\n\n\n\n<p>Sahip olunmas\u0131 gereken aksesuarlar aras\u0131nda l\u00fcks Maserati saatleri de yer al\u0131yor.<\/p>\n\n\n\n<h3 class=\"wp-block-heading\">Maserati Successo \u00c7elik ve pembe alt\u0131n saat<\/h3>\n\n\n\n<figure class=\"wp-block-image\"><img decoding=\"async\" src=\"https:\/\/www.italpassion.fr\/wp-content\/uploads\/2020\/11\/montre-maserati-acier-et-or-rose-817x1024.jpg\" alt=\"\" class=\"wp-image-13974\"\/><\/figure>\n\n\n\n<p><a href=\"https:\/\/www.amazon.fr\/Maserati-R8873621008-Horloge\/dp\/B07H8LXG5D\/?&amp;_encoding=UTF8&amp;tag=italpassion-21&amp;linkCode=ur2&amp;linkId=698708f451b0e8765e21ce3e393d7eb1&amp;camp=1642&amp;creative=6746\" target=\"_blank\" rel=\"noreferrer noopener\">Maserati \u00c7elik Pembe Alt\u0131n Saat<\/a><\/p>\n\n\n\n<h3 class=\"wp-block-heading\">Maserati deri saat<\/h3>\n\n\n\n<figure class=\"wp-block-image\"><img decoding=\"async\" src=\"https:\/\/www.italpassion.fr\/wp-content\/uploads\/2020\/11\/montre-maserati-automatique-800x1024.jpg\" alt=\"\" class=\"wp-image-13975\"\/><\/figure>\n\n\n\n<p><a href=\"https:\/\/www.amazon.fr\/Maserati-Montre-Analogique-Automatique-Bracelet\/dp\/B01AXYLM7W\/?&amp;_encoding=UTF8&amp;tag=italpassion-21&amp;linkCode=ur2&amp;linkId=698708f451b0e8765e21ce3e393d7eb1&amp;camp=1642&amp;creative=6746\" target=\"_blank\" rel=\"noreferrer noopener\">Maserati deri saat<\/a><\/p>\n\n\n\n<h3 class=\"wp-block-heading\">Maserati deri ve pembe alt\u0131n saat<\/h3>\n\n\n\n<figure class=\"wp-block-image\"><img decoding=\"async\" src=\"https:\/\/www.italpassion.fr\/wp-content\/uploads\/2020\/11\/montre-maserati-cuir-et-or-rose-789x1024.jpg\" alt=\"\" class=\"wp-image-13976\"\/><\/figure>\n\n\n\n<p><a href=\"https:\/\/www.amazon.fr\/Maserati-R8851108027-Montre-Hommes-MASERATI\/dp\/B01N5Y80UK?&amp;_encoding=UTF8&amp;tag=italpassion-21&amp;linkCode=ur2&amp;linkId=698708f451b0e8765e21ce3e393d7eb1&amp;camp=1642&amp;creative=6746\" target=\"_blank\" rel=\"noreferrer noopener\">Maserati deri ve pembe alt\u0131n saat<\/a><\/p>\n\n\n\n<h2 class=\"wp-block-heading\">Maserati Model Arabalar<\/h2>\n\n\n\n<p>Hem b\u00fcy\u00fck \u00e7ocuklar hem de koleksiyoncular i\u00e7in en g\u00fczel minyat\u00fcr Maseratiler.<\/p>\n\n\n\n<h3 class=\"wp-block-heading\">Maserati MC12 GT1 1:18<\/h3>\n\n\n\n<figure class=\"wp-block-image\"><img decoding=\"async\" src=\"https:\/\/www.italpassion.fr\/wp-content\/uploads\/2020\/11\/maserati-mc12-gt1-miniature-1024x693.jpg\" alt=\"\" class=\"wp-image-13977\"\/><\/figure>\n\n\n\n<p><a href=\"https:\/\/www.amazon.fr\/AUTOart-81036-V%C3%A9hicule-Miniature-Championship\/dp\/B00JWEB7QQ?&amp;_encoding=UTF8&amp;tag=italpassion-21&amp;linkCode=ur2&amp;linkId=698708f451b0e8765e21ce3e393d7eb1&amp;camp=1642&amp;creative=6746\" target=\"_blank\" rel=\"noreferrer noopener\">Maserati MC12 GT1 minyat\u00fcr<\/a><\/p>\n\n\n\n<h3 class=\"wp-block-heading\">Maserati Granturismo 1:18<\/h3>\n\n\n\n<figure class=\"wp-block-image\"><img decoding=\"async\" src=\"https:\/\/www.italpassion.fr\/wp-content\/uploads\/2020\/11\/maserati-granturismo-miniature-1024x722.jpg\" alt=\"\" class=\"wp-image-13978\"\/><\/figure>\n\n\n\n<p><a href=\"https:\/\/www.amazon.fr\/TOP-Voiture-Miniature-Collection-TS0239\/dp\/B07W4K19CF\/?&amp;_encoding=UTF8&amp;tag=italpassion-21&amp;linkCode=ur2&amp;linkId=698708f451b0e8765e21ce3e393d7eb1&amp;camp=1642&amp;creative=6746\" target=\"_blank\" rel=\"noreferrer noopener\">Maserati Granturismo minyat\u00fcr<\/a><\/p>\n\n\n\n<h3 class=\"wp-block-heading\">Maserati Levante 1:18<\/h3>\n\n\n\n<figure class=\"wp-block-image\"><img decoding=\"async\" src=\"https:\/\/www.italpassion.fr\/wp-content\/uploads\/2020\/11\/maserati-levante-miniature-1024x741.jpg\" alt=\"\" class=\"wp-image-13979\"\/><\/figure>\n\n\n\n<p><a href=\"https:\/\/www.amazon.fr\/TOP-Voiture-Miniature-Collection-TS0242\/dp\/B0817Z2M6L\/?&amp;_encoding=UTF8&amp;tag=italpassion-21&amp;linkCode=ur2&amp;linkId=698708f451b0e8765e21ce3e393d7eb1&amp;camp=1642&amp;creative=6746\" target=\"_blank\" rel=\"noreferrer noopener\">Maserati Levante minyat\u00fcr<\/a><\/p>","protected":false},"excerpt":{"rendered":"","protected":false},"author":1,"featured_media":0,"parent":0,"menu_order":0,"comment_status":"closed","ping_status":"closed","template":"g1-template-page-full.php","meta":{"_acf_changed":false,"_sitemap_exclude":false,"_sitemap_priority":"","_sitemap_frequency":"","footnotes":""},"class_list":["post-29089","page","type-page","status-publish"],"acf":[],"yoast_head":"<!-- This site is optimized with the Yoast SEO plugin v25.8 - https:\/\/yoast.com\/wordpress\/plugins\/seo\/ -->\n<title>Id\u00e9e cadeau Maserati - ItalPassion<\/title>\n<meta name=\"robots\" content=\"index, follow, max-snippet:-1, max-image-preview:large, max-video-preview:-1\" \/>\n<link rel=\"canonical\" href=\"https:\/\/www.italpassion.fr\/tr\/maserati-gift-idea\/\" \/>\n<meta property=\"og:locale\" content=\"tr_TR\" \/>\n<meta property=\"og:type\" content=\"article\" \/>\n<meta property=\"og:title\" content=\"Id\u00e9e cadeau Maserati - ItalPassion\" \/>\n<meta property=\"og:description\" content=\"&hellip;\" \/>\n<meta property=\"og:url\" content=\"https:\/\/www.italpassion.fr\/tr\/maserati-gift-idea\/\" \/>\n<meta property=\"og:site_name\" content=\"ItalPassion\" \/>\n<meta property=\"article:publisher\" content=\"https:\/\/www.facebook.com\/italpassion\" \/>\n<meta property=\"article:modified_time\" content=\"2021-04-30T10:35:28+00:00\" \/>\n<meta property=\"og:image\" content=\"https:\/\/www.italpassion.fr\/wp-content\/uploads\/2020\/11\/livre-maserati-centenaire.jpg\" \/>\n<meta name=\"twitter:card\" content=\"summary_large_image\" \/>\n<meta name=\"twitter:site\" content=\"@italpassion\" \/>\n<script type=\"application\/ld+json\" class=\"yoast-schema-graph\">{\"@context\":\"https:\/\/schema.org\",\"@graph\":[{\"@type\":\"WebPage\",\"@id\":\"https:\/\/www.italpassion.fr\/tr\/idee-cadeau-maserati\/\",\"url\":\"https:\/\/www.italpassion.fr\/tr\/idee-cadeau-maserati\/\",\"name\":\"Id\u00e9e cadeau Maserati - ItalPassion\",\"isPartOf\":{\"@id\":\"https:\/\/www.italpassion.fr\/tr\/#website\"},\"primaryImageOfPage\":{\"@id\":\"https:\/\/www.italpassion.fr\/tr\/idee-cadeau-maserati\/#primaryimage\"},\"image\":{\"@id\":\"https:\/\/www.italpassion.fr\/tr\/idee-cadeau-maserati\/#primaryimage\"},\"thumbnailUrl\":\"https:\/\/www.italpassion.fr\/wp-content\/uploads\/2020\/11\/livre-maserati-centenaire.jpg\",\"datePublished\":\"2021-04-30T10:35:27+00:00\",\"dateModified\":\"2021-04-30T10:35:28+00:00\",\"breadcrumb\":{\"@id\":\"https:\/\/www.italpassion.fr\/tr\/idee-cadeau-maserati\/#breadcrumb\"},\"inLanguage\":\"tr\",\"potentialAction\":[{\"@type\":\"ReadAction\",\"target\":[\"https:\/\/www.italpassion.fr\/tr\/idee-cadeau-maserati\/\"]}]},{\"@type\":\"ImageObject\",\"inLanguage\":\"tr\",\"@id\":\"https:\/\/www.italpassion.fr\/tr\/idee-cadeau-maserati\/#primaryimage\",\"url\":\"https:\/\/www.italpassion.fr\/wp-content\/uploads\/2020\/11\/livre-maserati-centenaire.jpg\",\"contentUrl\":\"https:\/\/www.italpassion.fr\/wp-content\/uploads\/2020\/11\/livre-maserati-centenaire.jpg\"},{\"@type\":\"BreadcrumbList\",\"@id\":\"https:\/\/www.italpassion.fr\/tr\/idee-cadeau-maserati\/#breadcrumb\",\"itemListElement\":[{\"@type\":\"ListItem\",\"position\":1,\"name\":\"Accueil\",\"item\":\"https:\/\/www.italpassion.fr\/tr\/\"},{\"@type\":\"ListItem\",\"position\":2,\"name\":\"Id\u00e9e cadeau Maserati\"}]},{\"@type\":\"WebSite\",\"@id\":\"https:\/\/www.italpassion.fr\/tr\/#website\",\"url\":\"https:\/\/www.italpassion.fr\/tr\/\",\"name\":\"ItalPassion\",\"description\":\"Les Passionn\u00e9s d&#039;Automobiles Italiennes\",\"publisher\":{\"@id\":\"https:\/\/www.italpassion.fr\/tr\/#organization\"},\"potentialAction\":[{\"@type\":\"SearchAction\",\"target\":{\"@type\":\"EntryPoint\",\"urlTemplate\":\"https:\/\/www.italpassion.fr\/tr\/?s={search_term_string}\"},\"query-input\":{\"@type\":\"PropertyValueSpecification\",\"valueRequired\":true,\"valueName\":\"search_term_string\"}}],\"inLanguage\":\"tr\"},{\"@type\":\"Organization\",\"@id\":\"https:\/\/www.italpassion.fr\/tr\/#organization\",\"name\":\"Italpassion\",\"url\":\"https:\/\/www.italpassion.fr\/tr\/\",\"logo\":{\"@type\":\"ImageObject\",\"inLanguage\":\"tr\",\"@id\":\"https:\/\/www.italpassion.fr\/tr\/#\/schema\/logo\/image\/\",\"url\":\"https:\/\/www.italpassion.fr\/wp-content\/uploads\/2023\/07\/italpassion-yoast.jpg\",\"contentUrl\":\"https:\/\/www.italpassion.fr\/wp-content\/uploads\/2023\/07\/italpassion-yoast.jpg\",\"width\":696,\"height\":696,\"caption\":\"Italpassion\"},\"image\":{\"@id\":\"https:\/\/www.italpassion.fr\/tr\/#\/schema\/logo\/image\/\"},\"sameAs\":[\"https:\/\/www.facebook.com\/italpassion\",\"https:\/\/x.com\/italpassion\",\"https:\/\/www.instagram.com\/italpassionfr\/\",\"https:\/\/www.youtube.com\/channel\/UCleq-ByQaA42OjhopwevRjQ\",\"https:\/\/www.facebook.com\/italpassion.en\/\",\"https:\/\/www.facebook.com\/italpassion.it\/\",\"https:\/\/www.facebook.com\/italpassion.de\/\",\"https:\/\/www.facebook.com\/italpassion.ja\/\"]}]}<\/script>\n<!-- \/ Yoast SEO plugin. -->","yoast_head_json":{"title":"Maserati hediye fikri - ItalPassion","robots":{"index":"index","follow":"follow","max-snippet":"max-snippet:-1","max-image-preview":"max-image-preview:large","max-video-preview":"max-video-preview:-1"},"canonical":"https:\/\/www.italpassion.fr\/tr\/maserati-gift-idea\/","og_locale":"tr_TR","og_type":"article","og_title":"Id\u00e9e cadeau Maserati - ItalPassion","og_description":"&hellip;","og_url":"https:\/\/www.italpassion.fr\/tr\/maserati-gift-idea\/","og_site_name":"ItalPassion","article_publisher":"https:\/\/www.facebook.com\/italpassion","article_modified_time":"2021-04-30T10:35:28+00:00","og_image":[{"url":"https:\/\/www.italpassion.fr\/wp-content\/uploads\/2020\/11\/livre-maserati-centenaire.jpg","type":"","width":"","height":""}],"twitter_card":"summary_large_image","twitter_site":"@italpassion","schema":{"@context":"https:\/\/schema.org","@graph":[{"@type":"WebPage","@id":"https:\/\/www.italpassion.fr\/tr\/idee-cadeau-maserati\/","url":"https:\/\/www.italpassion.fr\/tr\/idee-cadeau-maserati\/","name":"Maserati hediye fikri - ItalPassion","isPartOf":{"@id":"https:\/\/www.italpassion.fr\/tr\/#website"},"primaryImageOfPage":{"@id":"https:\/\/www.italpassion.fr\/tr\/idee-cadeau-maserati\/#primaryimage"},"image":{"@id":"https:\/\/www.italpassion.fr\/tr\/idee-cadeau-maserati\/#primaryimage"},"thumbnailUrl":"https:\/\/www.italpassion.fr\/wp-content\/uploads\/2020\/11\/livre-maserati-centenaire.jpg","datePublished":"2021-04-30T10:35:27+00:00","dateModified":"2021-04-30T10:35:28+00:00","breadcrumb":{"@id":"https:\/\/www.italpassion.fr\/tr\/idee-cadeau-maserati\/#breadcrumb"},"inLanguage":"tr","potentialAction":[{"@type":"ReadAction","target":["https:\/\/www.italpassion.fr\/tr\/idee-cadeau-maserati\/"]}]},{"@type":"ImageObject","inLanguage":"tr","@id":"https:\/\/www.italpassion.fr\/tr\/idee-cadeau-maserati\/#primaryimage","url":"https:\/\/www.italpassion.fr\/wp-content\/uploads\/2020\/11\/livre-maserati-centenaire.jpg","contentUrl":"https:\/\/www.italpassion.fr\/wp-content\/uploads\/2020\/11\/livre-maserati-centenaire.jpg"},{"@type":"BreadcrumbList","@id":"https:\/\/www.italpassion.fr\/tr\/idee-cadeau-maserati\/#breadcrumb","itemListElement":[{"@type":"ListItem","position":1,"name":"Accueil","item":"https:\/\/www.italpassion.fr\/tr\/"},{"@type":"ListItem","position":2,"name":"Id\u00e9e cadeau Maserati"}]},{"@type":"WebSite","@id":"https:\/\/www.italpassion.fr\/tr\/#website","url":"https:\/\/www.italpassion.fr\/tr\/","name":"ItalPassion","description":"\u0130talyan Araba Merakl\u0131lar\u0131","publisher":{"@id":"https:\/\/www.italpassion.fr\/tr\/#organization"},"potentialAction":[{"@type":"SearchAction","target":{"@type":"EntryPoint","urlTemplate":"https:\/\/www.italpassion.fr\/tr\/?s={search_term_string}"},"query-input":{"@type":"PropertyValueSpecification","valueRequired":true,"valueName":"search_term_string"}}],"inLanguage":"tr"},{"@type":"Organization","@id":"https:\/\/www.italpassion.fr\/tr\/#organization","name":"Italpassion","url":"https:\/\/www.italpassion.fr\/tr\/","logo":{"@type":"ImageObject","inLanguage":"tr","@id":"https:\/\/www.italpassion.fr\/tr\/#\/schema\/logo\/image\/","url":"https:\/\/www.italpassion.fr\/wp-content\/uploads\/2023\/07\/italpassion-yoast.jpg","contentUrl":"https:\/\/www.italpassion.fr\/wp-content\/uploads\/2023\/07\/italpassion-yoast.jpg","width":696,"height":696,"caption":"Italpassion"},"image":{"@id":"https:\/\/www.italpassion.fr\/tr\/#\/schema\/logo\/image\/"},"sameAs":["https:\/\/www.facebook.com\/italpassion","https:\/\/x.com\/italpassion","https:\/\/www.instagram.com\/italpassionfr\/","https:\/\/www.youtube.com\/channel\/UCleq-ByQaA42OjhopwevRjQ","https:\/\/www.facebook.com\/italpassion.en\/","https:\/\/www.facebook.com\/italpassion.it\/","https:\/\/www.facebook.com\/italpassion.de\/","https:\/\/www.facebook.com\/italpassion.ja\/"]}]}},"_links":{"self":[{"href":"https:\/\/www.italpassion.fr\/tr\/wp-json\/wp\/v2\/pages\/29089","targetHints":{"allow":["GET"]}}],"collection":[{"href":"https:\/\/www.italpassion.fr\/tr\/wp-json\/wp\/v2\/pages"}],"about":[{"href":"https:\/\/www.italpassion.fr\/tr\/wp-json\/wp\/v2\/types\/page"}],"author":[{"embeddable":true,"href":"https:\/\/www.italpassion.fr\/tr\/wp-json\/wp\/v2\/users\/1"}],"replies":[{"embeddable":true,"href":"https:\/\/www.italpassion.fr\/tr\/wp-json\/wp\/v2\/comments?post=29089"}],"version-history":[{"count":1,"href":"https:\/\/www.italpassion.fr\/tr\/wp-json\/wp\/v2\/pages\/29089\/revisions"}],"predecessor-version":[{"id":29090,"href":"https:\/\/www.italpassion.fr\/tr\/wp-json\/wp\/v2\/pages\/29089\/revisions\/29090"}],"wp:attachment":[{"href":"https:\/\/www.italpassion.fr\/tr\/wp-json\/wp\/v2\/media?parent=29089"}],"curies":[{"name":"wp","href":"https:\/\/api.w.org\/{rel}","templated":true}]}}