{"id":29087,"date":"2021-04-30T12:35:06","date_gmt":"2021-04-30T10:35:06","guid":{"rendered":"https:\/\/www.italpassion.fr\/?page_id=29087"},"modified":"2021-04-30T12:35:08","modified_gmt":"2021-04-30T10:35:08","slug":"hediye-fikir-alfa-romeo","status":"publish","type":"page","link":"https:\/\/www.italpassion.fr\/tr\/idee-cadeau-alfa-romeo\/","title":{"rendered":"Alfa Romeo hediye fikri"},"content":{"rendered":"<p>Bir Alfist'siniz veya Alfist olan, markan\u0131n hayran\u0131 olan bir arkada\u015f\u0131n\u0131z veya aile \u00fcyeniz var&nbsp;<a href=\"https:\/\/www.italpassion.fr\/tr\/alfa-romeo\/\">Alfa Romeo<\/a>&nbsp;ve onu \u00e7evreleyen t\u00fcm tarih?<\/p>\n\n\n\n<p>Neredeyse Noel ya da onun do\u011fum g\u00fcn\u00fc ve siz&nbsp;<strong>Alfa Romeo ile ilgili hediye fikirleri mi ar\u0131yorsunuz?<\/strong>&nbsp;Se\u00e7imimiz a\u015fa\u011f\u0131da.<\/p>\n\n\n\n<h2 class=\"wp-block-heading\">Alfa Romeo Kitaplar\u0131<\/h2>\n\n\n\n<p>\"G\u00fczel kitaplar\" olarak bilinen kitaplar vard\u0131r ve Alfa Romeo'nun bunlardan iki tane var.<\/p>\n\n\n\n<h3 class=\"wp-block-heading\">Alfa Romeo 110 y\u0131l kitab\u0131<\/h3>\n\n\n\n<figure class=\"wp-block-image\"><img decoding=\"async\" src=\"https:\/\/www.italpassion.fr\/wp-content\/uploads\/2020\/11\/livre-alfa-romeo-867x1024.jpg\" alt=\"\" class=\"wp-image-13940\"\/><\/figure>\n\n\n\n<p>Alfa Romeo'nun 110. y\u0131l\u0131 i\u00e7in \u00f6zel olarak bas\u0131lm\u0131\u015ft\u0131r. Alfa Romeo'nun b\u00fcy\u00fck maceras\u0131n\u0131 raporlar \u015feklinde yirmi hikaye arac\u0131l\u0131\u011f\u0131yla ele al\u0131yor.<a href=\"https:\/\/www.amazon.fr\/Alfa-Romeo-110-Serge-Bellu\/dp\/B082PRJ8RJ\/?&amp;_encoding=UTF8&amp;tag=italpassion-21&amp;linkCode=ur2&amp;linkId=77d26c3763455fbbb83e94d875b7b758&amp;camp=1642&amp;creative=6746\" target=\"_blank\" rel=\"noreferrer noopener\">Alfa Romeo 110 y\u0131l kitab\u0131<\/a><\/p>\n\n\n\n<h3 class=\"wp-block-heading\">1910'dan g\u00fcn\u00fcm\u00fcze Alfa Romeo'yu ay\u0131rt\u0131n<\/h3>\n\n\n\n<figure class=\"wp-block-image\"><img decoding=\"async\" src=\"https:\/\/www.italpassion.fr\/wp-content\/uploads\/2020\/11\/livres-alfa-romeo-110-ans.jpg\" alt=\"\" class=\"wp-image-13941\"\/><\/figure>\n\n\n\n<p>Her iki y\u0131lda bir yeniden bas\u0131lan bu \u00e7ok satan kitap, Alfa Romeo modellerinin 1910'dan yeni Giulia ile g\u00fcn\u00fcm\u00fcze kadar olan tarihini anlat\u0131yor.<a href=\"https:\/\/www.amazon.fr\/Alfa-Romeo-1910-nos-jours\/dp\/B077R32LY3?&amp;_encoding=UTF8&amp;tag=italpassion-21&amp;linkCode=ur2&amp;linkId=dc87755ead7c2fe94759d6938e9ba87e&amp;camp=1642&amp;creative=6746\" target=\"_blank\" rel=\"noreferrer noopener\">Kitap Alfa Romeo 1910'dan g\u00fcn\u00fcm\u00fcze<\/a><\/p>\n\n\n\n<h2 class=\"wp-block-heading\">Alfa Romeo K\u0131yafetleri<\/h2>\n\n\n\n<p>Alfa Romeo Formula 1 yar\u0131\u015flar\u0131na geri d\u00f6nd\u00fc\u011f\u00fcnden beri, bir\u00e7ok resmi Alfa Romeo Yar\u0131\u015f giysisi \u00fcretilmi\u015ftir. Resmi olmayan \u00fcr\u00fcnleri sat\u0131n almamaya dikkat edin.<\/p>\n\n\n\n<h3 class=\"wp-block-heading\">Alfa Romeo Racing 2020 Ti\u015f\u00f6rt<\/h3>\n\n\n\n<figure class=\"wp-block-image\"><img decoding=\"async\" src=\"https:\/\/www.italpassion.fr\/wp-content\/uploads\/2020\/11\/t-shirt-alfa-romeo-racing-2020-733x1024.jpg\" alt=\"\" class=\"wp-image-13943\"\/><\/figure>\n\n\n\n<p><a href=\"https:\/\/www.amazon.fr\/Alfa-Romeo-Racing-T-Shirt-Sauber\/dp\/B08FCMX9BG\/?&amp;_encoding=UTF8&amp;tag=italpassion-21&amp;linkCode=ur2&amp;linkId=77d26c3763455fbbb83e94d875b7b758&amp;camp=1642&amp;creative=6746\" target=\"_blank\" rel=\"noreferrer noopener\">Alfa Romeo Racing 2020 Ti\u015f\u00f6rt<\/a><\/p>\n\n\n\n<h3 class=\"wp-block-heading\">Polo Alfa Romeo Yar\u0131\u015f 2020<\/h3>\n\n\n\n<figure class=\"wp-block-image\"><img decoding=\"async\" src=\"https:\/\/www.italpassion.fr\/wp-content\/uploads\/2020\/11\/polo-alfa-romeo-racing-2020-758x1024.jpg\" alt=\"\" class=\"wp-image-13942\"\/><\/figure>\n\n\n\n<p><a href=\"https:\/\/www.amazon.fr\/Alfa-Romeo-Racing-Sauber-Taille\/dp\/B08FDZB19V\/?&amp;_encoding=UTF8&amp;tag=italpassion-21&amp;linkCode=ur2&amp;linkId=77d26c3763455fbbb83e94d875b7b758&amp;camp=1642&amp;creative=6746\" target=\"_blank\" rel=\"noreferrer noopener\">Polo Alfa Romeo Yar\u0131\u015f 2020<\/a><\/p>\n\n\n\n<h3 class=\"wp-block-heading\">Alfa Romeo Yar\u0131\u015f Ceketi 2020<\/h3>\n\n\n\n<figure class=\"wp-block-image\"><img decoding=\"async\" src=\"https:\/\/www.italpassion.fr\/wp-content\/uploads\/2020\/11\/veste-alfa-romeo-racing-2020-773x1024.jpg\" alt=\"\" class=\"wp-image-13944\"\/><\/figure>\n\n\n\n<p><a href=\"https:\/\/www.amazon.fr\/Alfa-Romeo-Sweat-shirt-homme-Taille\/dp\/B08FJ6KN9T\/?&amp;_encoding=UTF8&amp;tag=italpassion-21&amp;linkCode=ur2&amp;linkId=77d26c3763455fbbb83e94d875b7b758&amp;camp=1642&amp;creative=6746\" target=\"_blank\" rel=\"noreferrer noopener\">Alfa Romeo Yar\u0131\u015f Ceketi 2020<\/a><\/p>\n\n\n\n<h2 class=\"wp-block-heading\">Alfa Romeo Aksesuarlar\u0131<\/h2>\n\n\n\n<p>Y\u00fczlerce Alfa Romeo aksesuar\u0131 var, i\u015fte memnun edece\u011fi kesin olanlar.<\/p>\n\n\n\n<h3 class=\"wp-block-heading\">Resmi Alfa Romeo \u015fapkas\u0131<\/h3>\n\n\n\n<figure class=\"wp-block-image\"><img decoding=\"async\" src=\"https:\/\/www.italpassion.fr\/wp-content\/uploads\/2020\/11\/casquette-officielle-Alfa-Romeo.jpg\" alt=\"\" class=\"wp-image-13946\"\/><\/figure>\n\n\n\n<p><a href=\"https:\/\/www.amazon.fr\/Alfa-Romeo-Racing-Casquette-Baseball\/dp\/B08FBJFKQR\/?&amp;_encoding=UTF8&amp;tag=italpassion-21&amp;linkCode=ur2&amp;linkId=77d26c3763455fbbb83e94d875b7b758&amp;camp=1642&amp;creative=6746\" target=\"_blank\" rel=\"noreferrer noopener\">Resmi Alfa Romeo \u015fapkas\u0131<\/a><\/p>\n\n\n\n<h3 class=\"wp-block-heading\">Quadrifoglio 3D \u00e7\u0131kartma<\/h3>\n\n\n\n<figure class=\"wp-block-image\"><img decoding=\"async\" src=\"https:\/\/www.italpassion.fr\/wp-content\/uploads\/2020\/11\/auto-collant-quadrifoglio.jpg\" alt=\"\" class=\"wp-image-13945\"\/><\/figure>\n\n\n\n<p><a href=\"https:\/\/www.amazon.fr\/Autocollant-Alfa-Romeo-Tr%C3%A8fle-Feuilles\/dp\/B07MMNNSVN\/?&amp;_encoding=UTF8&amp;tag=italpassion-21&amp;linkCode=ur2&amp;linkId=77d26c3763455fbbb83e94d875b7b758&amp;camp=1642&amp;creative=6746\" target=\"_blank\" rel=\"noreferrer noopener\">Quadrifoglio \u00e7\u0131kartmas\u0131<\/a><\/p>\n\n\n\n<h3 class=\"wp-block-heading\">Alfa Romeo anahtarl\u0131k<\/h3>\n\n\n\n<figure class=\"wp-block-image\"><img decoding=\"async\" src=\"https:\/\/www.italpassion.fr\/wp-content\/uploads\/2020\/11\/porte-cl%C3%A9-alfa-romeo.jpg\" alt=\"\" class=\"wp-image-13947\"\/><\/figure>\n\n\n\n<p><a href=\"https:\/\/www.amazon.fr\/VILLSION-Voiture-Porte-cl%C3%A9-Double-Porte-cl%C3%A9s\/dp\/B07Q7RZY4N\/&amp;_encoding=UTF8&amp;tag=italpassion-21&amp;linkCode=ur2&amp;linkId=77d26c3763455fbbb83e94d875b7b758&amp;camp=1642&amp;creative=6746\" target=\"_blank\" rel=\"noreferrer noopener\">Alfa Romeo anahtarl\u0131k<\/a><\/p>\n\n\n\n<h2 class=\"wp-block-heading\">Minyat\u00fcr arabalar<\/h2>\n\n\n\n<p>Daha b\u00fcy\u00fck \u00e7ocuklar i\u00e7in Alfa Romeo minyat\u00fcr modelleri her zaman e\u011flencelidir!<\/p>\n\n\n\n<h3 class=\"wp-block-heading\">Alfa Romeo Stelvio 1:24 \u00f6l\u00e7ekli model<\/h3>\n\n\n\n<figure class=\"wp-block-image\"><img decoding=\"async\" src=\"https:\/\/www.italpassion.fr\/wp-content\/uploads\/2020\/11\/miniature-alfa-romeo-stelvio-1024x563.jpg\" alt=\"\" class=\"wp-image-13950\"\/><\/figure>\n\n\n\n<p><a href=\"https:\/\/www.amazon.fr\/HTDZDX-Mod%C3%A8le-Voiture-Simulation-Collection\/dp\/B07W6SDPTL\" target=\"_blank\" rel=\"noreferrer noopener\">Diecast Alfa Romeo Stelvio<\/a><\/p>\n\n\n\n<h3 class=\"wp-block-heading\">Alfa Romeo Giulia 1:24 \u00f6l\u00e7ekli model<\/h3>\n\n\n\n<figure class=\"wp-block-image\"><img decoding=\"async\" src=\"https:\/\/www.italpassion.fr\/wp-content\/uploads\/2020\/11\/miniature-alfa-romeo-giulia-1024x776.jpg\" alt=\"\" class=\"wp-image-13949\"\/><\/figure>\n\n\n\n<p><a href=\"https:\/\/www.amazon.fr\/JXXDDQ-Mod%C3%A8le-Voiture-Romeo-Giulia1\/dp\/B08MZSX5HD\/?&amp;_encoding=UTF8&amp;tag=italpassion-21&amp;linkCode=ur2&amp;linkId=b3f028e4f0c281a1ce6e72bb193ca493&amp;camp=1642&amp;creative=6746\" target=\"_blank\" rel=\"noreferrer noopener\">Diecast Alfa Romeo Giulia<\/a><\/p>\n\n\n\n<h3 class=\"wp-block-heading\">Formula 1 Alfa Romeo 1:43 \u00f6l\u00e7ekli model<\/h3>\n\n\n\n<figure class=\"wp-block-image\"><img decoding=\"async\" src=\"https:\/\/www.italpassion.fr\/wp-content\/uploads\/2020\/11\/miniature-alfa-romeo-f1-1024x597.jpg\" alt=\"\" class=\"wp-image-13948\"\/><\/figure>\n\n\n\n<p><a href=\"https:\/\/www.amazon.fr\/Minichamps-Voiture-Miniature-Collection-417200207\/dp\/B08L84V9T5\/&amp;_encoding=UTF8&amp;tag=italpassion-21&amp;linkCode=ur2&amp;linkId=77d26c3763455fbbb83e94d875b7b758&amp;camp=1642&amp;creative=6746\" target=\"_blank\" rel=\"noreferrer noopener\">Diecast Alfa Romeo F1<\/a><\/p>","protected":false},"excerpt":{"rendered":"","protected":false},"author":1,"featured_media":0,"parent":0,"menu_order":0,"comment_status":"closed","ping_status":"closed","template":"g1-template-page-full.php","meta":{"_acf_changed":false,"_sitemap_exclude":false,"_sitemap_priority":"","_sitemap_frequency":"","footnotes":""},"class_list":["post-29087","page","type-page","status-publish"],"acf":[],"yoast_head":"<!-- This site is optimized with the Yoast SEO plugin v25.8 - https:\/\/yoast.com\/wordpress\/plugins\/seo\/ -->\n<title>Id\u00e9e cadeau Alfa Romeo - ItalPassion<\/title>\n<meta name=\"robots\" content=\"index, follow, max-snippet:-1, max-image-preview:large, max-video-preview:-1\" \/>\n<link rel=\"canonical\" href=\"https:\/\/www.italpassion.fr\/tr\/hediye-fikir-alfa-romeo\/\" \/>\n<meta property=\"og:locale\" content=\"tr_TR\" \/>\n<meta property=\"og:type\" content=\"article\" \/>\n<meta property=\"og:title\" content=\"Id\u00e9e cadeau Alfa Romeo - ItalPassion\" \/>\n<meta property=\"og:description\" content=\"&hellip;\" \/>\n<meta property=\"og:url\" content=\"https:\/\/www.italpassion.fr\/tr\/hediye-fikir-alfa-romeo\/\" \/>\n<meta property=\"og:site_name\" content=\"ItalPassion\" \/>\n<meta property=\"article:publisher\" content=\"https:\/\/www.facebook.com\/italpassion\" \/>\n<meta property=\"article:modified_time\" content=\"2021-04-30T10:35:08+00:00\" \/>\n<meta property=\"og:image\" content=\"https:\/\/www.italpassion.fr\/wp-content\/uploads\/2020\/11\/livre-alfa-romeo-867x1024.jpg\" \/>\n<meta name=\"twitter:card\" content=\"summary_large_image\" \/>\n<meta name=\"twitter:site\" content=\"@italpassion\" \/>\n<script type=\"application\/ld+json\" class=\"yoast-schema-graph\">{\"@context\":\"https:\/\/schema.org\",\"@graph\":[{\"@type\":\"WebPage\",\"@id\":\"https:\/\/www.italpassion.fr\/tr\/idee-cadeau-alfa-romeo\/\",\"url\":\"https:\/\/www.italpassion.fr\/tr\/idee-cadeau-alfa-romeo\/\",\"name\":\"Id\u00e9e cadeau Alfa Romeo - ItalPassion\",\"isPartOf\":{\"@id\":\"https:\/\/www.italpassion.fr\/tr\/#website\"},\"primaryImageOfPage\":{\"@id\":\"https:\/\/www.italpassion.fr\/tr\/idee-cadeau-alfa-romeo\/#primaryimage\"},\"image\":{\"@id\":\"https:\/\/www.italpassion.fr\/tr\/idee-cadeau-alfa-romeo\/#primaryimage\"},\"thumbnailUrl\":\"https:\/\/www.italpassion.fr\/wp-content\/uploads\/2020\/11\/livre-alfa-romeo-867x1024.jpg\",\"datePublished\":\"2021-04-30T10:35:06+00:00\",\"dateModified\":\"2021-04-30T10:35:08+00:00\",\"breadcrumb\":{\"@id\":\"https:\/\/www.italpassion.fr\/tr\/idee-cadeau-alfa-romeo\/#breadcrumb\"},\"inLanguage\":\"tr\",\"potentialAction\":[{\"@type\":\"ReadAction\",\"target\":[\"https:\/\/www.italpassion.fr\/tr\/idee-cadeau-alfa-romeo\/\"]}]},{\"@type\":\"ImageObject\",\"inLanguage\":\"tr\",\"@id\":\"https:\/\/www.italpassion.fr\/tr\/idee-cadeau-alfa-romeo\/#primaryimage\",\"url\":\"https:\/\/www.italpassion.fr\/wp-content\/uploads\/2020\/11\/livre-alfa-romeo-867x1024.jpg\",\"contentUrl\":\"https:\/\/www.italpassion.fr\/wp-content\/uploads\/2020\/11\/livre-alfa-romeo-867x1024.jpg\"},{\"@type\":\"BreadcrumbList\",\"@id\":\"https:\/\/www.italpassion.fr\/tr\/idee-cadeau-alfa-romeo\/#breadcrumb\",\"itemListElement\":[{\"@type\":\"ListItem\",\"position\":1,\"name\":\"Accueil\",\"item\":\"https:\/\/www.italpassion.fr\/tr\/\"},{\"@type\":\"ListItem\",\"position\":2,\"name\":\"Id\u00e9e cadeau Alfa Romeo\"}]},{\"@type\":\"WebSite\",\"@id\":\"https:\/\/www.italpassion.fr\/tr\/#website\",\"url\":\"https:\/\/www.italpassion.fr\/tr\/\",\"name\":\"ItalPassion\",\"description\":\"Les Passionn\u00e9s d&#039;Automobiles Italiennes\",\"publisher\":{\"@id\":\"https:\/\/www.italpassion.fr\/tr\/#organization\"},\"potentialAction\":[{\"@type\":\"SearchAction\",\"target\":{\"@type\":\"EntryPoint\",\"urlTemplate\":\"https:\/\/www.italpassion.fr\/tr\/?s={search_term_string}\"},\"query-input\":{\"@type\":\"PropertyValueSpecification\",\"valueRequired\":true,\"valueName\":\"search_term_string\"}}],\"inLanguage\":\"tr\"},{\"@type\":\"Organization\",\"@id\":\"https:\/\/www.italpassion.fr\/tr\/#organization\",\"name\":\"Italpassion\",\"url\":\"https:\/\/www.italpassion.fr\/tr\/\",\"logo\":{\"@type\":\"ImageObject\",\"inLanguage\":\"tr\",\"@id\":\"https:\/\/www.italpassion.fr\/tr\/#\/schema\/logo\/image\/\",\"url\":\"https:\/\/www.italpassion.fr\/wp-content\/uploads\/2023\/07\/italpassion-yoast.jpg\",\"contentUrl\":\"https:\/\/www.italpassion.fr\/wp-content\/uploads\/2023\/07\/italpassion-yoast.jpg\",\"width\":696,\"height\":696,\"caption\":\"Italpassion\"},\"image\":{\"@id\":\"https:\/\/www.italpassion.fr\/tr\/#\/schema\/logo\/image\/\"},\"sameAs\":[\"https:\/\/www.facebook.com\/italpassion\",\"https:\/\/x.com\/italpassion\",\"https:\/\/www.instagram.com\/italpassionfr\/\",\"https:\/\/www.youtube.com\/channel\/UCleq-ByQaA42OjhopwevRjQ\",\"https:\/\/www.facebook.com\/italpassion.en\/\",\"https:\/\/www.facebook.com\/italpassion.it\/\",\"https:\/\/www.facebook.com\/italpassion.de\/\",\"https:\/\/www.facebook.com\/italpassion.ja\/\"]}]}<\/script>\n<!-- \/ Yoast SEO plugin. -->","yoast_head_json":{"title":"Alfa Romeo hediye fikri - ItalPassion","robots":{"index":"index","follow":"follow","max-snippet":"max-snippet:-1","max-image-preview":"max-image-preview:large","max-video-preview":"max-video-preview:-1"},"canonical":"https:\/\/www.italpassion.fr\/tr\/hediye-fikir-alfa-romeo\/","og_locale":"tr_TR","og_type":"article","og_title":"Id\u00e9e cadeau Alfa Romeo - ItalPassion","og_description":"&hellip;","og_url":"https:\/\/www.italpassion.fr\/tr\/hediye-fikir-alfa-romeo\/","og_site_name":"ItalPassion","article_publisher":"https:\/\/www.facebook.com\/italpassion","article_modified_time":"2021-04-30T10:35:08+00:00","og_image":[{"url":"https:\/\/www.italpassion.fr\/wp-content\/uploads\/2020\/11\/livre-alfa-romeo-867x1024.jpg","type":"","width":"","height":""}],"twitter_card":"summary_large_image","twitter_site":"@italpassion","schema":{"@context":"https:\/\/schema.org","@graph":[{"@type":"WebPage","@id":"https:\/\/www.italpassion.fr\/tr\/idee-cadeau-alfa-romeo\/","url":"https:\/\/www.italpassion.fr\/tr\/idee-cadeau-alfa-romeo\/","name":"Alfa Romeo hediye fikri - ItalPassion","isPartOf":{"@id":"https:\/\/www.italpassion.fr\/tr\/#website"},"primaryImageOfPage":{"@id":"https:\/\/www.italpassion.fr\/tr\/idee-cadeau-alfa-romeo\/#primaryimage"},"image":{"@id":"https:\/\/www.italpassion.fr\/tr\/idee-cadeau-alfa-romeo\/#primaryimage"},"thumbnailUrl":"https:\/\/www.italpassion.fr\/wp-content\/uploads\/2020\/11\/livre-alfa-romeo-867x1024.jpg","datePublished":"2021-04-30T10:35:06+00:00","dateModified":"2021-04-30T10:35:08+00:00","breadcrumb":{"@id":"https:\/\/www.italpassion.fr\/tr\/idee-cadeau-alfa-romeo\/#breadcrumb"},"inLanguage":"tr","potentialAction":[{"@type":"ReadAction","target":["https:\/\/www.italpassion.fr\/tr\/idee-cadeau-alfa-romeo\/"]}]},{"@type":"ImageObject","inLanguage":"tr","@id":"https:\/\/www.italpassion.fr\/tr\/idee-cadeau-alfa-romeo\/#primaryimage","url":"https:\/\/www.italpassion.fr\/wp-content\/uploads\/2020\/11\/livre-alfa-romeo-867x1024.jpg","contentUrl":"https:\/\/www.italpassion.fr\/wp-content\/uploads\/2020\/11\/livre-alfa-romeo-867x1024.jpg"},{"@type":"BreadcrumbList","@id":"https:\/\/www.italpassion.fr\/tr\/idee-cadeau-alfa-romeo\/#breadcrumb","itemListElement":[{"@type":"ListItem","position":1,"name":"Accueil","item":"https:\/\/www.italpassion.fr\/tr\/"},{"@type":"ListItem","position":2,"name":"Id\u00e9e cadeau Alfa Romeo"}]},{"@type":"WebSite","@id":"https:\/\/www.italpassion.fr\/tr\/#website","url":"https:\/\/www.italpassion.fr\/tr\/","name":"ItalPassion","description":"\u0130talyan Araba Merakl\u0131lar\u0131","publisher":{"@id":"https:\/\/www.italpassion.fr\/tr\/#organization"},"potentialAction":[{"@type":"SearchAction","target":{"@type":"EntryPoint","urlTemplate":"https:\/\/www.italpassion.fr\/tr\/?s={search_term_string}"},"query-input":{"@type":"PropertyValueSpecification","valueRequired":true,"valueName":"search_term_string"}}],"inLanguage":"tr"},{"@type":"Organization","@id":"https:\/\/www.italpassion.fr\/tr\/#organization","name":"Italpassion","url":"https:\/\/www.italpassion.fr\/tr\/","logo":{"@type":"ImageObject","inLanguage":"tr","@id":"https:\/\/www.italpassion.fr\/tr\/#\/schema\/logo\/image\/","url":"https:\/\/www.italpassion.fr\/wp-content\/uploads\/2023\/07\/italpassion-yoast.jpg","contentUrl":"https:\/\/www.italpassion.fr\/wp-content\/uploads\/2023\/07\/italpassion-yoast.jpg","width":696,"height":696,"caption":"Italpassion"},"image":{"@id":"https:\/\/www.italpassion.fr\/tr\/#\/schema\/logo\/image\/"},"sameAs":["https:\/\/www.facebook.com\/italpassion","https:\/\/x.com\/italpassion","https:\/\/www.instagram.com\/italpassionfr\/","https:\/\/www.youtube.com\/channel\/UCleq-ByQaA42OjhopwevRjQ","https:\/\/www.facebook.com\/italpassion.en\/","https:\/\/www.facebook.com\/italpassion.it\/","https:\/\/www.facebook.com\/italpassion.de\/","https:\/\/www.facebook.com\/italpassion.ja\/"]}]}},"_links":{"self":[{"href":"https:\/\/www.italpassion.fr\/tr\/wp-json\/wp\/v2\/pages\/29087","targetHints":{"allow":["GET"]}}],"collection":[{"href":"https:\/\/www.italpassion.fr\/tr\/wp-json\/wp\/v2\/pages"}],"about":[{"href":"https:\/\/www.italpassion.fr\/tr\/wp-json\/wp\/v2\/types\/page"}],"author":[{"embeddable":true,"href":"https:\/\/www.italpassion.fr\/tr\/wp-json\/wp\/v2\/users\/1"}],"replies":[{"embeddable":true,"href":"https:\/\/www.italpassion.fr\/tr\/wp-json\/wp\/v2\/comments?post=29087"}],"version-history":[{"count":1,"href":"https:\/\/www.italpassion.fr\/tr\/wp-json\/wp\/v2\/pages\/29087\/revisions"}],"predecessor-version":[{"id":29088,"href":"https:\/\/www.italpassion.fr\/tr\/wp-json\/wp\/v2\/pages\/29087\/revisions\/29088"}],"wp:attachment":[{"href":"https:\/\/www.italpassion.fr\/tr\/wp-json\/wp\/v2\/media?parent=29087"}],"curies":[{"name":"wp","href":"https:\/\/api.w.org\/{rel}","templated":true}]}}