{"id":31573,"date":"2023-07-12T11:45:12","date_gmt":"2023-07-12T09:45:12","guid":{"rendered":"https:\/\/www.italpassion.fr\/?page_id=31573"},"modified":"2023-11-24T15:18:46","modified_gmt":"2023-11-24T14:18:46","slug":"nota-maxima","status":"publish","type":"page","link":"https:\/\/www.italpassion.fr\/pt\/mentions-legales\/","title":{"rendered":"Informa\u00e7\u00e3o jur\u00eddica"},"content":{"rendered":"<p>Todas as informa\u00e7\u00f5es sobre o utilizador recolhidas nos formul\u00e1rios dispon\u00edveis neste s\u00edtio destinam-se ao nosso s\u00edtio Web.<\/p>\n\n\n\n<h2 class=\"wp-block-heading\">TRATAMENTO DE DADOS PESSOAIS<\/h2>\n\n\n\n<p>Todas as informa\u00e7\u00f5es sobre si recolhidas nos formul\u00e1rios dispon\u00edveis neste site destinam-se ao nosso site. Nota: Em conformidade com a lei n.\u00ba 787-17 de 16 de junho de 1978 (CNIL), pode, por carta ou por correio eletr\u00f3nico, informar-nos de quaisquer erros ou altera\u00e7\u00f5es relativos \u00e0s informa\u00e7\u00f5es que nos fornece, ou pode pedir para ser retirado do nosso ficheiro inform\u00e1tico. Direito de resposta por correio eletr\u00f3nico para :<br>alexandre_at_italpassion.fr<\/p>\n\n\n\n<h2 class=\"wp-block-heading\">ALOJAMENTO<\/h2>\n\n\n\n<ul class=\"wp-block-list\">\n<li>Rede Infomaniak SA<\/li>\n\n\n\n<li>Rue Eug\u00e8ne Marziano 25<\/li>\n\n\n\n<li>1227 Les Acacias (GE)<\/li>\n\n\n\n<li>+41228203541<\/li>\n\n\n\n<li>CHE-103.167.648<\/li>\n<\/ul>\n\n\n\n<p><\/p>\n\n\n\n<h2 class=\"wp-block-heading\">DIREITOS DE AUTOR - DROIT D'AUTEUR<\/h2>\n\n\n\n<p>Todo este s\u00edtio est\u00e1 sujeito \u00e0 legisla\u00e7\u00e3o francesa e internacional em mat\u00e9ria de direitos de autor e de propriedade intelectual.<\/p>\n\n\n\n<p>Todos os direitos de reprodu\u00e7\u00e3o est\u00e3o reservados, incluindo os documentos descarreg\u00e1veis e as representa\u00e7\u00f5es iconogr\u00e1ficas e fotogr\u00e1ficas.<br>A reprodu\u00e7\u00e3o total ou parcial deste s\u00edtio em qualquer suporte eletr\u00f3nico ou em papel \u00e9 estritamente proibida sem a autoriza\u00e7\u00e3o expressa do diretor da publica\u00e7\u00e3o.<br>As marcas mencionadas neste site est\u00e3o registadas pelas empresas que as det\u00eam.<\/p>\n\n\n\n<h2 class=\"wp-block-heading\">EDITORA<\/h2>\n\n\n\n<ul class=\"wp-block-list\">\n<li>ItalPassion \u00e9 uma marca da SARL Filluzeau Groupe, uma empresa com um capital de 23.700 euros, SIRET 82271921700025.<\/li>\n\n\n\n<li>35 bis rue de la Fr\u00e9mondi\u00e8re 85340 Les Sables d'Olonne.<\/li>\n\n\n\n<li>Diretor da publica\u00e7\u00e3o: Alexandre Filluzeau<\/li>\n<\/ul>\n\n\n\n<p>Se estiver \u00e0 procura de uma forma de nos contactar, utilize a <a href=\"https:\/\/www.italpassion.fr\/pt\/contacto\/\">formul\u00e1rio de contacto<\/a><\/p>","protected":false},"excerpt":{"rendered":"","protected":false},"author":1,"featured_media":0,"parent":0,"menu_order":0,"comment_status":"closed","ping_status":"closed","template":"g1-template-page-full.php","meta":{"_acf_changed":false,"_sitemap_exclude":false,"_sitemap_priority":"","_sitemap_frequency":"","footnotes":""},"class_list":["post-31573","page","type-page","status-publish"],"acf":[],"yoast_head":"<!-- This site is optimized with the Yoast SEO plugin v25.8 - https:\/\/yoast.com\/wordpress\/plugins\/seo\/ -->\n<title>Mentions l\u00e9gales - ItalPassion<\/title>\n<meta name=\"robots\" content=\"index, follow, max-snippet:-1, max-image-preview:large, max-video-preview:-1\" \/>\n<link rel=\"canonical\" href=\"https:\/\/www.italpassion.fr\/pt\/nota-maxima\/\" \/>\n<meta property=\"og:locale\" content=\"pt_PT\" \/>\n<meta property=\"og:type\" content=\"article\" \/>\n<meta property=\"og:title\" content=\"Mentions l\u00e9gales - ItalPassion\" \/>\n<meta property=\"og:description\" content=\"&hellip;\" \/>\n<meta property=\"og:url\" content=\"https:\/\/www.italpassion.fr\/pt\/nota-maxima\/\" \/>\n<meta property=\"og:site_name\" content=\"ItalPassion\" \/>\n<meta property=\"article:publisher\" content=\"https:\/\/www.facebook.com\/italpassion\" \/>\n<meta property=\"article:modified_time\" content=\"2023-11-24T14:18:46+00:00\" \/>\n<meta name=\"twitter:card\" content=\"summary_large_image\" \/>\n<meta name=\"twitter:site\" content=\"@italpassion\" \/>\n<script type=\"application\/ld+json\" class=\"yoast-schema-graph\">{\"@context\":\"https:\/\/schema.org\",\"@graph\":[{\"@type\":\"WebPage\",\"@id\":\"https:\/\/www.italpassion.fr\/pt\/mentions-legales\/\",\"url\":\"https:\/\/www.italpassion.fr\/pt\/mentions-legales\/\",\"name\":\"Mentions l\u00e9gales - ItalPassion\",\"isPartOf\":{\"@id\":\"https:\/\/www.italpassion.fr\/pt\/#website\"},\"datePublished\":\"2023-07-12T09:45:12+00:00\",\"dateModified\":\"2023-11-24T14:18:46+00:00\",\"breadcrumb\":{\"@id\":\"https:\/\/www.italpassion.fr\/pt\/mentions-legales\/#breadcrumb\"},\"inLanguage\":\"pt-PT\",\"potentialAction\":[{\"@type\":\"ReadAction\",\"target\":[\"https:\/\/www.italpassion.fr\/pt\/mentions-legales\/\"]}]},{\"@type\":\"BreadcrumbList\",\"@id\":\"https:\/\/www.italpassion.fr\/pt\/mentions-legales\/#breadcrumb\",\"itemListElement\":[{\"@type\":\"ListItem\",\"position\":1,\"name\":\"Accueil\",\"item\":\"https:\/\/www.italpassion.fr\/pt\/\"},{\"@type\":\"ListItem\",\"position\":2,\"name\":\"Mentions l\u00e9gales\"}]},{\"@type\":\"WebSite\",\"@id\":\"https:\/\/www.italpassion.fr\/pt\/#website\",\"url\":\"https:\/\/www.italpassion.fr\/pt\/\",\"name\":\"ItalPassion\",\"description\":\"Les Passionn\u00e9s d&#039;Automobiles Italiennes\",\"publisher\":{\"@id\":\"https:\/\/www.italpassion.fr\/pt\/#organization\"},\"potentialAction\":[{\"@type\":\"SearchAction\",\"target\":{\"@type\":\"EntryPoint\",\"urlTemplate\":\"https:\/\/www.italpassion.fr\/pt\/?s={search_term_string}\"},\"query-input\":{\"@type\":\"PropertyValueSpecification\",\"valueRequired\":true,\"valueName\":\"search_term_string\"}}],\"inLanguage\":\"pt-PT\"},{\"@type\":\"Organization\",\"@id\":\"https:\/\/www.italpassion.fr\/pt\/#organization\",\"name\":\"Italpassion\",\"url\":\"https:\/\/www.italpassion.fr\/pt\/\",\"logo\":{\"@type\":\"ImageObject\",\"inLanguage\":\"pt-PT\",\"@id\":\"https:\/\/www.italpassion.fr\/pt\/#\/schema\/logo\/image\/\",\"url\":\"https:\/\/www.italpassion.fr\/wp-content\/uploads\/2023\/07\/italpassion-yoast.jpg\",\"contentUrl\":\"https:\/\/www.italpassion.fr\/wp-content\/uploads\/2023\/07\/italpassion-yoast.jpg\",\"width\":696,\"height\":696,\"caption\":\"Italpassion\"},\"image\":{\"@id\":\"https:\/\/www.italpassion.fr\/pt\/#\/schema\/logo\/image\/\"},\"sameAs\":[\"https:\/\/www.facebook.com\/italpassion\",\"https:\/\/x.com\/italpassion\",\"https:\/\/www.instagram.com\/italpassionfr\/\",\"https:\/\/www.youtube.com\/channel\/UCleq-ByQaA42OjhopwevRjQ\",\"https:\/\/www.facebook.com\/italpassion.en\/\",\"https:\/\/www.facebook.com\/italpassion.it\/\",\"https:\/\/www.facebook.com\/italpassion.de\/\",\"https:\/\/www.facebook.com\/italpassion.ja\/\"]}]}<\/script>\n<!-- \/ Yoast SEO plugin. -->","yoast_head_json":{"title":"Informa\u00e7\u00f5es legais - ItalPassion","robots":{"index":"index","follow":"follow","max-snippet":"max-snippet:-1","max-image-preview":"max-image-preview:large","max-video-preview":"max-video-preview:-1"},"canonical":"https:\/\/www.italpassion.fr\/pt\/nota-maxima\/","og_locale":"pt_PT","og_type":"article","og_title":"Mentions l\u00e9gales - ItalPassion","og_description":"&hellip;","og_url":"https:\/\/www.italpassion.fr\/pt\/nota-maxima\/","og_site_name":"ItalPassion","article_publisher":"https:\/\/www.facebook.com\/italpassion","article_modified_time":"2023-11-24T14:18:46+00:00","twitter_card":"summary_large_image","twitter_site":"@italpassion","schema":{"@context":"https:\/\/schema.org","@graph":[{"@type":"WebPage","@id":"https:\/\/www.italpassion.fr\/pt\/mentions-legales\/","url":"https:\/\/www.italpassion.fr\/pt\/mentions-legales\/","name":"Informa\u00e7\u00f5es legais - ItalPassion","isPartOf":{"@id":"https:\/\/www.italpassion.fr\/pt\/#website"},"datePublished":"2023-07-12T09:45:12+00:00","dateModified":"2023-11-24T14:18:46+00:00","breadcrumb":{"@id":"https:\/\/www.italpassion.fr\/pt\/mentions-legales\/#breadcrumb"},"inLanguage":"pt-PT","potentialAction":[{"@type":"ReadAction","target":["https:\/\/www.italpassion.fr\/pt\/mentions-legales\/"]}]},{"@type":"BreadcrumbList","@id":"https:\/\/www.italpassion.fr\/pt\/mentions-legales\/#breadcrumb","itemListElement":[{"@type":"ListItem","position":1,"name":"Accueil","item":"https:\/\/www.italpassion.fr\/pt\/"},{"@type":"ListItem","position":2,"name":"Mentions l\u00e9gales"}]},{"@type":"WebSite","@id":"https:\/\/www.italpassion.fr\/pt\/#website","url":"https:\/\/www.italpassion.fr\/pt\/","name":"ItalPassion","description":"Entusiastas de autom\u00f3veis italianos","publisher":{"@id":"https:\/\/www.italpassion.fr\/pt\/#organization"},"potentialAction":[{"@type":"SearchAction","target":{"@type":"EntryPoint","urlTemplate":"https:\/\/www.italpassion.fr\/pt\/?s={search_term_string}"},"query-input":{"@type":"PropertyValueSpecification","valueRequired":true,"valueName":"search_term_string"}}],"inLanguage":"pt-PT"},{"@type":"Organization","@id":"https:\/\/www.italpassion.fr\/pt\/#organization","name":"Italpassion","url":"https:\/\/www.italpassion.fr\/pt\/","logo":{"@type":"ImageObject","inLanguage":"pt-PT","@id":"https:\/\/www.italpassion.fr\/pt\/#\/schema\/logo\/image\/","url":"https:\/\/www.italpassion.fr\/wp-content\/uploads\/2023\/07\/italpassion-yoast.jpg","contentUrl":"https:\/\/www.italpassion.fr\/wp-content\/uploads\/2023\/07\/italpassion-yoast.jpg","width":696,"height":696,"caption":"Italpassion"},"image":{"@id":"https:\/\/www.italpassion.fr\/pt\/#\/schema\/logo\/image\/"},"sameAs":["https:\/\/www.facebook.com\/italpassion","https:\/\/x.com\/italpassion","https:\/\/www.instagram.com\/italpassionfr\/","https:\/\/www.youtube.com\/channel\/UCleq-ByQaA42OjhopwevRjQ","https:\/\/www.facebook.com\/italpassion.en\/","https:\/\/www.facebook.com\/italpassion.it\/","https:\/\/www.facebook.com\/italpassion.de\/","https:\/\/www.facebook.com\/italpassion.ja\/"]}]}},"_links":{"self":[{"href":"https:\/\/www.italpassion.fr\/pt\/wp-json\/wp\/v2\/pages\/31573","targetHints":{"allow":["GET"]}}],"collection":[{"href":"https:\/\/www.italpassion.fr\/pt\/wp-json\/wp\/v2\/pages"}],"about":[{"href":"https:\/\/www.italpassion.fr\/pt\/wp-json\/wp\/v2\/types\/page"}],"author":[{"embeddable":true,"href":"https:\/\/www.italpassion.fr\/pt\/wp-json\/wp\/v2\/users\/1"}],"replies":[{"embeddable":true,"href":"https:\/\/www.italpassion.fr\/pt\/wp-json\/wp\/v2\/comments?post=31573"}],"version-history":[{"count":3,"href":"https:\/\/www.italpassion.fr\/pt\/wp-json\/wp\/v2\/pages\/31573\/revisions"}],"predecessor-version":[{"id":32644,"href":"https:\/\/www.italpassion.fr\/pt\/wp-json\/wp\/v2\/pages\/31573\/revisions\/32644"}],"wp:attachment":[{"href":"https:\/\/www.italpassion.fr\/pt\/wp-json\/wp\/v2\/media?parent=31573"}],"curies":[{"name":"wp","href":"https:\/\/api.w.org\/{rel}","templated":true}]}}