{"id":31416,"date":"2023-05-15T00:32:22","date_gmt":"2023-05-14T22:32:22","guid":{"rendered":"https:\/\/www.italpassion.fr\/?page_id=31416"},"modified":"2023-05-15T21:11:51","modified_gmt":"2023-05-15T19:11:51","slug":"reparar-ou-substituir-o-para-brisas-do-seu-fiat","status":"publish","type":"page","link":"https:\/\/www.italpassion.fr\/pt\/reparer-ou-remplacer-le-pare-brise-de-votre-fiat\/","title":{"rendered":"Reparar ou substituir o p\u00e1ra-brisas do seu Fiat?"},"content":{"rendered":"<p>O p\u00e1ra-brisas do seu<a href=\"https:\/\/www.italpassion.fr\/pt\/fiat\/\"> Fiat<\/a> tem um impacto ou est\u00e1 rachado? N\u00e3o sabe se precisa de ser substitu\u00eddo ou se pode ser reparado? Quanto \u00e9 que lhe vai custar? N\u00f3s explicamos-lhe tudo!<\/p>\n\n\n\n<h2 class=\"wp-block-heading\"><strong>Substituir ou reparar?<\/strong><\/h2>\n\n\n\n<figure class=\"wp-block-image size-large\"><img loading=\"lazy\" decoding=\"async\" width=\"1024\" height=\"666\" src=\"https:\/\/www.italpassion.fr\/wp-content\/uploads\/2023\/05\/pare-brise-impact-1024x666.jpg\" alt=\"p\u00e1ra-brisas avariado\" class=\"wp-image-31417\" srcset=\"https:\/\/www.italpassion.fr\/wp-content\/uploads\/2023\/05\/pare-brise-impact-1024x666.jpg 1024w, https:\/\/www.italpassion.fr\/wp-content\/uploads\/2023\/05\/pare-brise-impact-300x195.jpg 300w, https:\/\/www.italpassion.fr\/wp-content\/uploads\/2023\/05\/pare-brise-impact-768x500.jpg 768w, https:\/\/www.italpassion.fr\/wp-content\/uploads\/2023\/05\/pare-brise-impact-18x12.jpg 18w, https:\/\/www.italpassion.fr\/wp-content\/uploads\/2023\/05\/pare-brise-impact-561x365.jpg 561w, https:\/\/www.italpassion.fr\/wp-content\/uploads\/2023\/05\/pare-brise-impact-1122x730.jpg 1122w, https:\/\/www.italpassion.fr\/wp-content\/uploads\/2023\/05\/pare-brise-impact-265x172.jpg 265w, https:\/\/www.italpassion.fr\/wp-content\/uploads\/2023\/05\/pare-brise-impact-531x346.jpg 531w, https:\/\/www.italpassion.fr\/wp-content\/uploads\/2023\/05\/pare-brise-impact-364x237.jpg 364w, https:\/\/www.italpassion.fr\/wp-content\/uploads\/2023\/05\/pare-brise-impact-728x474.jpg 728w, https:\/\/www.italpassion.fr\/wp-content\/uploads\/2023\/05\/pare-brise-impact-608x396.jpg 608w, https:\/\/www.italpassion.fr\/wp-content\/uploads\/2023\/05\/pare-brise-impact-758x493.jpg 758w, https:\/\/www.italpassion.fr\/wp-content\/uploads\/2023\/05\/pare-brise-impact-1152x750.jpg 1152w, https:\/\/www.italpassion.fr\/wp-content\/uploads\/2023\/05\/pare-brise-impact-600x390.jpg 600w, https:\/\/www.italpassion.fr\/wp-content\/uploads\/2023\/05\/pare-brise-impact.jpg 1500w\" sizes=\"auto, (max-width: 1024px) 100vw, 1024px\" \/><figcaption class=\"wp-element-caption\">Este impacto \u00e9 maior do que uma moeda de 2 euros e n\u00e3o pode ser reparado.<\/figcaption><\/figure>\n\n\n\n<p>\u00c9 f\u00e1cil saber se um p\u00e1ra-brisas pode ser reparado ou se tem de ser substitu\u00eddo.<\/p>\n\n\n\n<p><strong>Se o impacto for inferior a 2,5 cm<\/strong>Se tiver um impacto, \u00e9 prov\u00e1vel que possa ser reparado (o que ser\u00e1 confirmado por um profissional que analisar\u00e1 o impacto) atrav\u00e9s da injec\u00e7\u00e3o de uma resina especial. Quando se tem um impacto, n\u00e3o se deve esperar porque pode transformar-se numa fenda e, nesse caso, n\u00e3o ser\u00e1 repar\u00e1vel.<\/p>\n\n\n\n<p><strong>Se tiver um impacto superior a 2,5 cm<\/strong>por exemplo, com um<a href=\"https:\/\/www.carglass.fr\/nos-services\/pare-brise\/remplacement-ou-reparation-d-impact-sur-votre-pare-brise\"> p\u00e1ra-brisas rachado<\/a> com uma fenda de v\u00e1rios cent\u00edmetros, por isso n\u00e3o a procurem, <strong>o p\u00e1ra-brisas do seu Fiat ter\u00e1 de ser substitu\u00eddo!<\/strong><\/p>\n\n\n\n<h2 class=\"wp-block-heading\"><strong>Quanto \u00e9 que custa?<\/strong><\/h2>\n\n\n\n<p>Regra geral, a repara\u00e7\u00e3o do p\u00e1ra-brisas n\u00e3o tem qualquer custo, uma vez que est\u00e1 coberta pelo seu<a href=\"https:\/\/www.italpassion.fr\/pt\/fiat-insurance-comparator\/\"> Seguro Fiat<\/a>. Excepto no caso espec\u00edfico de um<a href=\"https:\/\/www.italpassion.fr\/assurance-auto\/assurance-auto-pas-cher\/\"> seguro autom\u00f3vel barato<\/a> que teria uma franquia para a repara\u00e7\u00e3o do p\u00e1ra-brisas, mas isso \u00e9 muito raro!<\/p>\n\n\n\n<p>A substitui\u00e7\u00e3o do p\u00e1ra-brisas depende da cobertura prevista na ap\u00f3lice de seguro do seu autom\u00f3vel. Na maioria dos casos, a substitui\u00e7\u00e3o do p\u00e1ra-brisas \u00e9 gratuita, uma vez que est\u00e1 coberta a 100 %. Noutros casos, ter\u00e1 de pagar uma franquia que pode ascender a v\u00e1rias centenas de euros.<\/p>\n\n\n\n<h2 class=\"wp-block-heading\"><strong>Como escolher um reparador?<\/strong><\/h2>\n\n\n\n<p>H\u00e1 muitos reparadores de p\u00e1ra-brisas! N\u00e3o h\u00e1 como errar, especialmente com os novos carros que t\u00eam p\u00e1ra-brisas com sensores, essenciais para a condu\u00e7\u00e3o aut\u00f3noma.<\/p>\n\n\n\n<p>Para escolher um reparador, pode dirigir-se a uma oficina equipada com o material, ao seu concession\u00e1rio Fiat ou a um especialista como a Carglass, que disp\u00f5e de mais de 470 centros em Fran\u00e7a...<\/p>\n\n\n\n<h2 class=\"wp-block-heading\"><strong>Exemplo de um reparador como a Carglass<\/strong><\/h2>\n\n\n\n<p>O seu Fiat 500 sofreu um impacto no p\u00e1ra-brisas? Vejamos o caso de uma repara\u00e7\u00e3o com a Carglass.<\/p>\n\n\n\n<ol class=\"wp-block-list\">\n<li>Certifique-se de que a sua ap\u00f3lice de seguro autom\u00f3vel cobre a quebra de vidros;<\/li>\n\n\n\n<li>Pode marcar uma consulta em linha no s\u00edtio Web da Carglass ou por telefone, se precisar de garantias;<\/li>\n\n\n\n<li>A Carglass contactar\u00e1 a sua companhia de seguros para os procedimentos administrativos;<\/li>\n\n\n\n<li>Vai \u00e0 sua marca\u00e7\u00e3o na Carglass onde o seu impacto ser\u00e1 reparado ou o seu p\u00e1ra-brisas substitu\u00eddo;<\/li>\n\n\n\n<li>N\u00e3o tem de pagar nada adiantado, a Carglass ser\u00e1 paga pela sua companhia de seguros.<\/li>\n<\/ol>\n\n\n\n<figure class=\"wp-block-image size-large\"><img loading=\"lazy\" decoding=\"async\" width=\"1024\" height=\"683\" src=\"https:\/\/www.italpassion.fr\/wp-content\/uploads\/2023\/05\/pare-prise-repare-1024x683.jpg\" alt=\"p\u00e1ra-brisas reparado\" class=\"wp-image-31418\" srcset=\"https:\/\/www.italpassion.fr\/wp-content\/uploads\/2023\/05\/pare-prise-repare-1024x683.jpg 1024w, https:\/\/www.italpassion.fr\/wp-content\/uploads\/2023\/05\/pare-prise-repare-300x200.jpg 300w, https:\/\/www.italpassion.fr\/wp-content\/uploads\/2023\/05\/pare-prise-repare-768x512.jpg 768w, https:\/\/www.italpassion.fr\/wp-content\/uploads\/2023\/05\/pare-prise-repare-18x12.jpg 18w, https:\/\/www.italpassion.fr\/wp-content\/uploads\/2023\/05\/pare-prise-repare-561x374.jpg 561w, https:\/\/www.italpassion.fr\/wp-content\/uploads\/2023\/05\/pare-prise-repare-1122x748.jpg 1122w, https:\/\/www.italpassion.fr\/wp-content\/uploads\/2023\/05\/pare-prise-repare-265x177.jpg 265w, https:\/\/www.italpassion.fr\/wp-content\/uploads\/2023\/05\/pare-prise-repare-531x354.jpg 531w, https:\/\/www.italpassion.fr\/wp-content\/uploads\/2023\/05\/pare-prise-repare-364x243.jpg 364w, https:\/\/www.italpassion.fr\/wp-content\/uploads\/2023\/05\/pare-prise-repare-728x485.jpg 728w, https:\/\/www.italpassion.fr\/wp-content\/uploads\/2023\/05\/pare-prise-repare-608x405.jpg 608w, https:\/\/www.italpassion.fr\/wp-content\/uploads\/2023\/05\/pare-prise-repare-758x505.jpg 758w, https:\/\/www.italpassion.fr\/wp-content\/uploads\/2023\/05\/pare-prise-repare-1152x768.jpg 1152w, https:\/\/www.italpassion.fr\/wp-content\/uploads\/2023\/05\/pare-prise-repare-600x400.jpg 600w, https:\/\/www.italpassion.fr\/wp-content\/uploads\/2023\/05\/pare-prise-repare.jpg 1500w\" sizes=\"auto, (max-width: 1024px) 100vw, 1024px\" \/><\/figure>","protected":false},"excerpt":{"rendered":"","protected":false},"author":1,"featured_media":0,"parent":0,"menu_order":0,"comment_status":"open","ping_status":"closed","template":"g1-template-page-full.php","meta":{"_acf_changed":false,"_sitemap_exclude":false,"_sitemap_priority":"","_sitemap_frequency":"","footnotes":""},"class_list":["post-31416","page","type-page","status-publish"],"acf":[],"yoast_head":"<!-- This site is optimized with the Yoast SEO plugin v25.8 - https:\/\/yoast.com\/wordpress\/plugins\/seo\/ -->\n<title>R\u00e9parer ou remplacer le pare-brise de votre Fiat ? - ItalPassion<\/title>\n<meta name=\"robots\" content=\"index, follow, max-snippet:-1, max-image-preview:large, max-video-preview:-1\" \/>\n<link rel=\"canonical\" href=\"https:\/\/www.italpassion.fr\/pt\/reparar-ou-substituir-o-para-brisas-do-seu-fiat\/\" \/>\n<meta property=\"og:locale\" content=\"pt_PT\" \/>\n<meta property=\"og:type\" content=\"article\" \/>\n<meta property=\"og:title\" content=\"R\u00e9parer ou remplacer le pare-brise de votre Fiat ? - ItalPassion\" \/>\n<meta property=\"og:description\" content=\"&hellip;\" \/>\n<meta property=\"og:url\" content=\"https:\/\/www.italpassion.fr\/pt\/reparar-ou-substituir-o-para-brisas-do-seu-fiat\/\" \/>\n<meta property=\"og:site_name\" content=\"ItalPassion\" \/>\n<meta property=\"article:publisher\" content=\"https:\/\/www.facebook.com\/italpassion\" \/>\n<meta property=\"article:modified_time\" content=\"2023-05-15T19:11:51+00:00\" \/>\n<meta property=\"og:image\" content=\"https:\/\/www.italpassion.fr\/wp-content\/uploads\/2023\/05\/pare-brise-impact-1024x666.jpg\" \/>\n<meta name=\"twitter:card\" content=\"summary_large_image\" \/>\n<meta name=\"twitter:site\" content=\"@italpassion\" \/>\n<script type=\"application\/ld+json\" class=\"yoast-schema-graph\">{\"@context\":\"https:\/\/schema.org\",\"@graph\":[{\"@type\":\"WebPage\",\"@id\":\"https:\/\/www.italpassion.fr\/pt\/reparer-ou-remplacer-le-pare-brise-de-votre-fiat\/\",\"url\":\"https:\/\/www.italpassion.fr\/pt\/reparer-ou-remplacer-le-pare-brise-de-votre-fiat\/\",\"name\":\"R\u00e9parer ou remplacer le pare-brise de votre Fiat ? - ItalPassion\",\"isPartOf\":{\"@id\":\"https:\/\/www.italpassion.fr\/pt\/#website\"},\"primaryImageOfPage\":{\"@id\":\"https:\/\/www.italpassion.fr\/pt\/reparer-ou-remplacer-le-pare-brise-de-votre-fiat\/#primaryimage\"},\"image\":{\"@id\":\"https:\/\/www.italpassion.fr\/pt\/reparer-ou-remplacer-le-pare-brise-de-votre-fiat\/#primaryimage\"},\"thumbnailUrl\":\"https:\/\/www.italpassion.fr\/wp-content\/uploads\/2023\/05\/pare-brise-impact-1024x666.jpg\",\"datePublished\":\"2023-05-14T22:32:22+00:00\",\"dateModified\":\"2023-05-15T19:11:51+00:00\",\"breadcrumb\":{\"@id\":\"https:\/\/www.italpassion.fr\/pt\/reparer-ou-remplacer-le-pare-brise-de-votre-fiat\/#breadcrumb\"},\"inLanguage\":\"pt-PT\",\"potentialAction\":[{\"@type\":\"ReadAction\",\"target\":[\"https:\/\/www.italpassion.fr\/pt\/reparer-ou-remplacer-le-pare-brise-de-votre-fiat\/\"]}]},{\"@type\":\"ImageObject\",\"inLanguage\":\"pt-PT\",\"@id\":\"https:\/\/www.italpassion.fr\/pt\/reparer-ou-remplacer-le-pare-brise-de-votre-fiat\/#primaryimage\",\"url\":\"https:\/\/www.italpassion.fr\/wp-content\/uploads\/2023\/05\/pare-brise-impact-1024x666.jpg\",\"contentUrl\":\"https:\/\/www.italpassion.fr\/wp-content\/uploads\/2023\/05\/pare-brise-impact-1024x666.jpg\"},{\"@type\":\"BreadcrumbList\",\"@id\":\"https:\/\/www.italpassion.fr\/pt\/reparer-ou-remplacer-le-pare-brise-de-votre-fiat\/#breadcrumb\",\"itemListElement\":[{\"@type\":\"ListItem\",\"position\":1,\"name\":\"Accueil\",\"item\":\"https:\/\/www.italpassion.fr\/pt\/\"},{\"@type\":\"ListItem\",\"position\":2,\"name\":\"R\u00e9parer ou remplacer le pare-brise de votre Fiat ?\"}]},{\"@type\":\"WebSite\",\"@id\":\"https:\/\/www.italpassion.fr\/pt\/#website\",\"url\":\"https:\/\/www.italpassion.fr\/pt\/\",\"name\":\"ItalPassion\",\"description\":\"Les Passionn\u00e9s d&#039;Automobiles Italiennes\",\"publisher\":{\"@id\":\"https:\/\/www.italpassion.fr\/pt\/#organization\"},\"potentialAction\":[{\"@type\":\"SearchAction\",\"target\":{\"@type\":\"EntryPoint\",\"urlTemplate\":\"https:\/\/www.italpassion.fr\/pt\/?s={search_term_string}\"},\"query-input\":{\"@type\":\"PropertyValueSpecification\",\"valueRequired\":true,\"valueName\":\"search_term_string\"}}],\"inLanguage\":\"pt-PT\"},{\"@type\":\"Organization\",\"@id\":\"https:\/\/www.italpassion.fr\/pt\/#organization\",\"name\":\"Italpassion\",\"url\":\"https:\/\/www.italpassion.fr\/pt\/\",\"logo\":{\"@type\":\"ImageObject\",\"inLanguage\":\"pt-PT\",\"@id\":\"https:\/\/www.italpassion.fr\/pt\/#\/schema\/logo\/image\/\",\"url\":\"https:\/\/www.italpassion.fr\/wp-content\/uploads\/2023\/07\/italpassion-yoast.jpg\",\"contentUrl\":\"https:\/\/www.italpassion.fr\/wp-content\/uploads\/2023\/07\/italpassion-yoast.jpg\",\"width\":696,\"height\":696,\"caption\":\"Italpassion\"},\"image\":{\"@id\":\"https:\/\/www.italpassion.fr\/pt\/#\/schema\/logo\/image\/\"},\"sameAs\":[\"https:\/\/www.facebook.com\/italpassion\",\"https:\/\/x.com\/italpassion\",\"https:\/\/www.instagram.com\/italpassionfr\/\",\"https:\/\/www.youtube.com\/channel\/UCleq-ByQaA42OjhopwevRjQ\",\"https:\/\/www.facebook.com\/italpassion.en\/\",\"https:\/\/www.facebook.com\/italpassion.it\/\",\"https:\/\/www.facebook.com\/italpassion.de\/\",\"https:\/\/www.facebook.com\/italpassion.ja\/\"]}]}<\/script>\n<!-- \/ Yoast SEO plugin. -->","yoast_head_json":{"title":"Reparar ou substituir o p\u00e1ra-brisas do seu Fiat? - ItalPassion","robots":{"index":"index","follow":"follow","max-snippet":"max-snippet:-1","max-image-preview":"max-image-preview:large","max-video-preview":"max-video-preview:-1"},"canonical":"https:\/\/www.italpassion.fr\/pt\/reparar-ou-substituir-o-para-brisas-do-seu-fiat\/","og_locale":"pt_PT","og_type":"article","og_title":"R\u00e9parer ou remplacer le pare-brise de votre Fiat ? - ItalPassion","og_description":"&hellip;","og_url":"https:\/\/www.italpassion.fr\/pt\/reparar-ou-substituir-o-para-brisas-do-seu-fiat\/","og_site_name":"ItalPassion","article_publisher":"https:\/\/www.facebook.com\/italpassion","article_modified_time":"2023-05-15T19:11:51+00:00","og_image":[{"url":"https:\/\/www.italpassion.fr\/wp-content\/uploads\/2023\/05\/pare-brise-impact-1024x666.jpg","type":"","width":"","height":""}],"twitter_card":"summary_large_image","twitter_site":"@italpassion","schema":{"@context":"https:\/\/schema.org","@graph":[{"@type":"WebPage","@id":"https:\/\/www.italpassion.fr\/pt\/reparer-ou-remplacer-le-pare-brise-de-votre-fiat\/","url":"https:\/\/www.italpassion.fr\/pt\/reparer-ou-remplacer-le-pare-brise-de-votre-fiat\/","name":"Reparar ou substituir o p\u00e1ra-brisas do seu Fiat? - ItalPassion","isPartOf":{"@id":"https:\/\/www.italpassion.fr\/pt\/#website"},"primaryImageOfPage":{"@id":"https:\/\/www.italpassion.fr\/pt\/reparer-ou-remplacer-le-pare-brise-de-votre-fiat\/#primaryimage"},"image":{"@id":"https:\/\/www.italpassion.fr\/pt\/reparer-ou-remplacer-le-pare-brise-de-votre-fiat\/#primaryimage"},"thumbnailUrl":"https:\/\/www.italpassion.fr\/wp-content\/uploads\/2023\/05\/pare-brise-impact-1024x666.jpg","datePublished":"2023-05-14T22:32:22+00:00","dateModified":"2023-05-15T19:11:51+00:00","breadcrumb":{"@id":"https:\/\/www.italpassion.fr\/pt\/reparer-ou-remplacer-le-pare-brise-de-votre-fiat\/#breadcrumb"},"inLanguage":"pt-PT","potentialAction":[{"@type":"ReadAction","target":["https:\/\/www.italpassion.fr\/pt\/reparer-ou-remplacer-le-pare-brise-de-votre-fiat\/"]}]},{"@type":"ImageObject","inLanguage":"pt-PT","@id":"https:\/\/www.italpassion.fr\/pt\/reparer-ou-remplacer-le-pare-brise-de-votre-fiat\/#primaryimage","url":"https:\/\/www.italpassion.fr\/wp-content\/uploads\/2023\/05\/pare-brise-impact-1024x666.jpg","contentUrl":"https:\/\/www.italpassion.fr\/wp-content\/uploads\/2023\/05\/pare-brise-impact-1024x666.jpg"},{"@type":"BreadcrumbList","@id":"https:\/\/www.italpassion.fr\/pt\/reparer-ou-remplacer-le-pare-brise-de-votre-fiat\/#breadcrumb","itemListElement":[{"@type":"ListItem","position":1,"name":"Accueil","item":"https:\/\/www.italpassion.fr\/pt\/"},{"@type":"ListItem","position":2,"name":"R\u00e9parer ou remplacer le pare-brise de votre Fiat ?"}]},{"@type":"WebSite","@id":"https:\/\/www.italpassion.fr\/pt\/#website","url":"https:\/\/www.italpassion.fr\/pt\/","name":"ItalPassion","description":"Entusiastas de autom\u00f3veis italianos","publisher":{"@id":"https:\/\/www.italpassion.fr\/pt\/#organization"},"potentialAction":[{"@type":"SearchAction","target":{"@type":"EntryPoint","urlTemplate":"https:\/\/www.italpassion.fr\/pt\/?s={search_term_string}"},"query-input":{"@type":"PropertyValueSpecification","valueRequired":true,"valueName":"search_term_string"}}],"inLanguage":"pt-PT"},{"@type":"Organization","@id":"https:\/\/www.italpassion.fr\/pt\/#organization","name":"Italpassion","url":"https:\/\/www.italpassion.fr\/pt\/","logo":{"@type":"ImageObject","inLanguage":"pt-PT","@id":"https:\/\/www.italpassion.fr\/pt\/#\/schema\/logo\/image\/","url":"https:\/\/www.italpassion.fr\/wp-content\/uploads\/2023\/07\/italpassion-yoast.jpg","contentUrl":"https:\/\/www.italpassion.fr\/wp-content\/uploads\/2023\/07\/italpassion-yoast.jpg","width":696,"height":696,"caption":"Italpassion"},"image":{"@id":"https:\/\/www.italpassion.fr\/pt\/#\/schema\/logo\/image\/"},"sameAs":["https:\/\/www.facebook.com\/italpassion","https:\/\/x.com\/italpassion","https:\/\/www.instagram.com\/italpassionfr\/","https:\/\/www.youtube.com\/channel\/UCleq-ByQaA42OjhopwevRjQ","https:\/\/www.facebook.com\/italpassion.en\/","https:\/\/www.facebook.com\/italpassion.it\/","https:\/\/www.facebook.com\/italpassion.de\/","https:\/\/www.facebook.com\/italpassion.ja\/"]}]}},"_links":{"self":[{"href":"https:\/\/www.italpassion.fr\/pt\/wp-json\/wp\/v2\/pages\/31416","targetHints":{"allow":["GET"]}}],"collection":[{"href":"https:\/\/www.italpassion.fr\/pt\/wp-json\/wp\/v2\/pages"}],"about":[{"href":"https:\/\/www.italpassion.fr\/pt\/wp-json\/wp\/v2\/types\/page"}],"author":[{"embeddable":true,"href":"https:\/\/www.italpassion.fr\/pt\/wp-json\/wp\/v2\/users\/1"}],"replies":[{"embeddable":true,"href":"https:\/\/www.italpassion.fr\/pt\/wp-json\/wp\/v2\/comments?post=31416"}],"version-history":[{"count":2,"href":"https:\/\/www.italpassion.fr\/pt\/wp-json\/wp\/v2\/pages\/31416\/revisions"}],"predecessor-version":[{"id":31468,"href":"https:\/\/www.italpassion.fr\/pt\/wp-json\/wp\/v2\/pages\/31416\/revisions\/31468"}],"wp:attachment":[{"href":"https:\/\/www.italpassion.fr\/pt\/wp-json\/wp\/v2\/media?parent=31416"}],"curies":[{"name":"wp","href":"https:\/\/api.w.org\/{rel}","templated":true}]}}