{"id":29585,"date":"2021-08-24T14:44:53","date_gmt":"2021-08-24T12:44:53","guid":{"rendered":"https:\/\/www.italpassion.fr\/?page_id=29585"},"modified":"2021-08-27T09:08:26","modified_gmt":"2021-08-27T07:08:26","slug":"mapa-cinzento-meio-romo","status":"publish","type":"page","link":"https:\/\/www.italpassion.fr\/pt\/carte-grise-alfa-romeo\/","title":{"rendered":"Registo autom\u00f3vel Alfa Romeo"},"content":{"rendered":"<p>Vai comprar um&nbsp;<a href=\"https:\/\/www.italpassion.fr\/pt\/alfa-romeo\/\">Alfa Romeo<\/a> ou um Alfa Romeo usado? Alguma vez usou um&nbsp;<a href=\"https:\/\/www.italpassion.fr\/pt\/fiat-insurance-comparator\/\">Comparador de seguros Alfa Romeo&nbsp;<\/a>e agora quer saber o&nbsp;<strong>pre\u00e7o do documento de registo para o seu futuro Alfa Romeo <\/strong>? O carro \u00e9 usado e quer saber os passos para se tornar o novo propriet\u00e1rio? Quer um documento de registo autom\u00f3vel cl\u00e1ssico? Veio ao lugar certo para tudo o que precisa de saber sobre o registo do seu Alfa Romeo.<\/p>\n\n\n\n<figure class=\"wp-block-image size-large\"><img loading=\"lazy\" decoding=\"async\" width=\"1024\" height=\"683\" src=\"https:\/\/www.italpassion.fr\/wp-content\/uploads\/2021\/08\/lukasz-niescioruk-wvIM0l6NP0o-unsplash-1024x683.jpg\" alt=\"\" class=\"wp-image-29586\" srcset=\"https:\/\/www.italpassion.fr\/wp-content\/uploads\/2021\/08\/lukasz-niescioruk-wvIM0l6NP0o-unsplash-1024x683.jpg 1024w, https:\/\/www.italpassion.fr\/wp-content\/uploads\/2021\/08\/lukasz-niescioruk-wvIM0l6NP0o-unsplash-300x200.jpg 300w, https:\/\/www.italpassion.fr\/wp-content\/uploads\/2021\/08\/lukasz-niescioruk-wvIM0l6NP0o-unsplash-768x512.jpg 768w, https:\/\/www.italpassion.fr\/wp-content\/uploads\/2021\/08\/lukasz-niescioruk-wvIM0l6NP0o-unsplash-1536x1024.jpg 1536w, https:\/\/www.italpassion.fr\/wp-content\/uploads\/2021\/08\/lukasz-niescioruk-wvIM0l6NP0o-unsplash-scaled.jpg 2048w, https:\/\/www.italpassion.fr\/wp-content\/uploads\/2021\/08\/lukasz-niescioruk-wvIM0l6NP0o-unsplash-561x374.jpg 561w, https:\/\/www.italpassion.fr\/wp-content\/uploads\/2021\/08\/lukasz-niescioruk-wvIM0l6NP0o-unsplash-1122x748.jpg 1122w, https:\/\/www.italpassion.fr\/wp-content\/uploads\/2021\/08\/lukasz-niescioruk-wvIM0l6NP0o-unsplash-265x177.jpg 265w, https:\/\/www.italpassion.fr\/wp-content\/uploads\/2021\/08\/lukasz-niescioruk-wvIM0l6NP0o-unsplash-531x354.jpg 531w, https:\/\/www.italpassion.fr\/wp-content\/uploads\/2021\/08\/lukasz-niescioruk-wvIM0l6NP0o-unsplash-364x243.jpg 364w, https:\/\/www.italpassion.fr\/wp-content\/uploads\/2021\/08\/lukasz-niescioruk-wvIM0l6NP0o-unsplash-728x485.jpg 728w, https:\/\/www.italpassion.fr\/wp-content\/uploads\/2021\/08\/lukasz-niescioruk-wvIM0l6NP0o-unsplash-608x405.jpg 608w, https:\/\/www.italpassion.fr\/wp-content\/uploads\/2021\/08\/lukasz-niescioruk-wvIM0l6NP0o-unsplash-758x505.jpg 758w, https:\/\/www.italpassion.fr\/wp-content\/uploads\/2021\/08\/lukasz-niescioruk-wvIM0l6NP0o-unsplash-1152x768.jpg 1152w, https:\/\/www.italpassion.fr\/wp-content\/uploads\/2021\/08\/lukasz-niescioruk-wvIM0l6NP0o-unsplash-600x400.jpg 600w\" sizes=\"auto, (max-width: 1024px) 100vw, 1024px\" \/><figcaption>Tudo o que precisa de saber sobre o seu registo Alfa Romeo: pre\u00e7o, compra, venda, perda, recolha<\/figcaption><\/figure>\n\n\n\n<h2 class=\"has-text-align-center wp-block-heading\">Simulador de pre\u00e7os de registo autom\u00f3vel Alfa Romeo<\/h2>\n\n\n\n<p>H\u00e1 muitos simuladores dispon\u00edveis para calcular o pre\u00e7o do seu registo de ve\u00edculo online. Estes simuladores funcionam para Alfa Romeo moderno, temporizadores jovens e colec\u00e7\u00f5es: Alfa Romeo Spider, Alfa Romeo GT, 147, 156, 159, MiTo, Giulietta, Giulia, Stelvio,...<\/p>\n\n\n\n<div class=\"wp-block-columns is-layout-flex wp-container-core-columns-is-layout-9d6595d7 wp-block-columns-is-layout-flex\">\n<div class=\"wp-block-column is-layout-flow wp-block-column-is-layout-flow\">\n<h3 class=\"wp-block-heading\">Alfa Romeo c\u00e1lculo do pre\u00e7o de registo autom\u00f3vel<\/h3>\n\n\n\n<p>O&nbsp;<strong>O pre\u00e7o de um documento de matr\u00edcula de ve\u00edculo \u00e9 calculado de acordo com v\u00e1rios crit\u00e9rios<\/strong>Al\u00e9m disso, se o seu Alfa Romeo tiver mais de 10 anos, o pre\u00e7o do documento de registo \u00e9 reduzido em 50 %.<\/p>\n\n\n\n<p>H\u00e1 tantos crit\u00e9rios que \u00e9 mais f\u00e1cil utilizar um simulador de pre\u00e7os de registo de autom\u00f3veis.<\/p>\n<\/div>\n\n\n\n<div class=\"wp-block-column is-layout-flow wp-block-column-is-layout-flow\">\n<h3 class=\"wp-block-heading\">Taxa de registo autom\u00f3vel 2021<\/h3>\n\n\n\n<p>Quer seja novo ou usado, o pre\u00e7o do documento de matr\u00edcula do ve\u00edculo deve ser acrescentado a&nbsp;<strong>uma penaliza\u00e7\u00e3o de acordo com as emiss\u00f5es de CO2<\/strong>. Esta escala evolui todos os anos, uma fixa para os ve\u00edculos novos e uma degressiva por anos de circula\u00e7\u00e3o para os ve\u00edculos em segunda m\u00e3o. Toda a informa\u00e7\u00e3o est\u00e1 dispon\u00edvel no website do governo. Como a Alfa Romeo n\u00e3o tem actualmente um carro h\u00edbrido ou totalmente el\u00e9ctrico, ser\u00e1 necess\u00e1rio pagar uma penaliza\u00e7\u00e3o.<\/p>\n\n\n\n<p>Tamb\u00e9m aqui, para maior comodidade, recomendamos a utiliza\u00e7\u00e3o de um simulador de pre\u00e7os de registo de autom\u00f3veis.<\/p>\n<\/div>\n<\/div>\n\n\n\n<h2 class=\"has-text-align-center wp-block-heading\">Vender ou comprar Alfa Romeo usado e documentos a verificar <\/h2>\n\n\n\n<p>Se comprar o seu Alfa Romeo usado, especialmente a uma pessoa privada, ter\u00e1 de verificar alguns documentos: <\/p>\n\n\n\n<ul class=\"wp-block-list\"><li>o documento de matr\u00edcula do ve\u00edculo: em nome do vendedor, com o endere\u00e7o exacto do vendedor. Deve ser entregue ao comprador e riscada com as palavras \"vendido em\", seguidas da assinatura do vendedor;<\/li><li>Inspec\u00e7\u00e3o t\u00e9cnica: deve ter menos de 6 meses se o carro tiver mais de 4 anos de idade;<\/li><li>certificado de transfer\u00eancia: a ser preenchido e assinado pelos antigos e novos propriet\u00e1rios em 2 c\u00f3pias, pode ser feito online em <a href=\"https:\/\/www.portail-cartegrise.fr\/1\/declaration-cession-vehicule\">Portail-cartegrise.fr<\/a> ;<\/li><li>certificado de n\u00e3o penhor com menos de 15 dias que pode ser recuperado do <a href=\"https:\/\/immatriculation.ants.gouv.fr\/FAQ-Particulier\/Vente-Don\/Commencer-une-declaration-de-cession\">S\u00edtio Web ANTS<\/a>.<\/li><\/ul>\n\n\n\n<p>Para mais informa\u00e7\u00f5es sobre como comprar ou vender um Alfa Romeo usado, visite <a href=\"https:\/\/www.service-public.fr\/particuliers\/vosdroits\/R41137\">Servi\u00e7o P\u00fablico<\/a> dedicados a este fim.<\/p>\n\n\n\n<h2 class=\"has-text-align-center wp-block-heading\">Comunicar uma mudan\u00e7a de endere\u00e7o<\/h2>\n\n\n\n<p>Est\u00e1 a mudar a sua resid\u00eancia e precisa de&nbsp;<strong>registe o seu Alfa Romeo num novo endere\u00e7o<\/strong>&nbsp;? Tem um m\u00eas antes da data da mudan\u00e7a e um m\u00eas depois de deixar o seu antigo endere\u00e7o para proceder \u00e0 mudan\u00e7a de endere\u00e7o no registo do seu ve\u00edculo Alfa Romeo. <\/p>\n\n\n\n<p>Fique descansado, \u00e9 muito simples e pode ser feito online atrav\u00e9s da p\u00e1gina de mudan\u00e7a de endere\u00e7o no website do governo.<\/p>\n\n\n\n<h2 class=\"has-text-align-center wp-block-heading\">Perda \/ roubo do documento de matr\u00edcula do ve\u00edculo<\/h2>\n\n\n\n<p>Tem <strong>perder o documento de registo do seu Alfa Romeo<\/strong>Se o ve\u00edculo n\u00e3o estiver registado, pode ser feito um pedido de duplicado pelo titular. Se se tratar de um ve\u00edculo de leasing, deve informar o locador. Se for o seu Alfa Romeo, pode candidatar-se online no s\u00edtio web do Servi\u00e7o P\u00fablico. O custo deste servi\u00e7o ser\u00e1 de cerca de dez euros.<\/p>\n\n\n\n<p>O seu documento de registo de ve\u00edculo foi roubado, o procedimento \u00e9 o mesmo que o anterior. Tamb\u00e9m ter\u00e1 de fazer previamente o seguinte <strong>fazer um relat\u00f3rio de roubo<\/strong> na esquadra ou na gendarmaria da pol\u00edcia.<\/p>\n\n\n\n<h2 class=\"has-text-align-center wp-block-heading\">Adicionar ou remover um nome do seu documento de registo autom\u00f3vel<\/h2>\n\n\n\n<p>Para adicionar ou remover um nome do seu documento de registo autom\u00f3vel, ter\u00e1 de fazer um novo documento de registo. Ter\u00e1, portanto, de fornecer uma prova de morada, um formul\u00e1rio cerfa 13750*05, o documento original de registo autom\u00f3vel e uma inspec\u00e7\u00e3o t\u00e9cnica com menos de 6 meses se o autom\u00f3vel tiver mais de 4 anos de idade. O servi\u00e7o pode ser feito online no s\u00edtio web do Servi\u00e7o P\u00fablico.<\/p>\n\n\n\n<h2 class=\"has-text-align-center wp-block-heading\">Colec\u00e7\u00e3o Alfa Romeo: pedido de registo de colec\u00e7\u00e3o<\/h2>\n\n\n\n<p>Se \u00e9 o orgulhoso propriet\u00e1rio de um Alfa Romeo com mais de 30 anos de idade, pode solicitar um cart\u00e3o de coleccionador. Alfa Romeo 164, 75, 90, 33, Alfa 6, Alfetta, Alfasud, etc. est\u00e3o preocupados. Este cart\u00e3o de registo permite-lhe ter placas de matr\u00edcula espec\u00edficas (sobre fundo preto, por exemplo). O controlo t\u00e9cnico ser\u00e1 de 5 em 5 anos.<\/p>\n\n\n\n<p>O pedido de cart\u00e3o de registo de coleccionador pode ser feito online. Dever\u00e1 fornecer o antigo documento de registo, um certificado FFVE e uma inspec\u00e7\u00e3o t\u00e9cnica com menos de 6 meses. <\/p>\n\n\n\n<p>Ter\u00e1 ent\u00e3o um certificado de registo provis\u00f3rio at\u00e9 receber o novo cart\u00e3o de coleccionador.<\/p>","protected":false},"excerpt":{"rendered":"","protected":false},"author":1,"featured_media":0,"parent":0,"menu_order":0,"comment_status":"closed","ping_status":"closed","template":"g1-template-page-full.php","meta":{"_acf_changed":false,"_sitemap_exclude":false,"_sitemap_priority":"","_sitemap_frequency":"","footnotes":""},"class_list":["post-29585","page","type-page","status-publish"],"acf":[],"yoast_head":"<!-- This site is optimized with the Yoast SEO plugin v25.8 - https:\/\/yoast.com\/wordpress\/plugins\/seo\/ -->\n<title>Carte grise Alfa Romeo : simulateur, documents, modifications<\/title>\n<meta name=\"robots\" content=\"index, follow, max-snippet:-1, max-image-preview:large, max-video-preview:-1\" \/>\n<link rel=\"canonical\" href=\"https:\/\/www.italpassion.fr\/pt\/mapa-cinzento-meio-romo\/\" \/>\n<meta property=\"og:locale\" content=\"pt_PT\" \/>\n<meta property=\"og:type\" content=\"article\" \/>\n<meta property=\"og:title\" content=\"Carte grise Alfa Romeo : simulateur, documents, modifications\" \/>\n<meta property=\"og:description\" content=\"&hellip;\" \/>\n<meta property=\"og:url\" content=\"https:\/\/www.italpassion.fr\/pt\/mapa-cinzento-meio-romo\/\" \/>\n<meta property=\"og:site_name\" content=\"ItalPassion\" \/>\n<meta property=\"article:publisher\" content=\"https:\/\/www.facebook.com\/italpassion\" \/>\n<meta property=\"article:modified_time\" content=\"2021-08-27T07:08:26+00:00\" \/>\n<meta property=\"og:image\" content=\"https:\/\/www.italpassion.fr\/wp-content\/uploads\/2021\/08\/lukasz-niescioruk-wvIM0l6NP0o-unsplash-1024x683.jpg\" \/>\n<meta name=\"twitter:card\" content=\"summary_large_image\" \/>\n<meta name=\"twitter:site\" content=\"@italpassion\" \/>\n<script type=\"application\/ld+json\" class=\"yoast-schema-graph\">{\"@context\":\"https:\/\/schema.org\",\"@graph\":[{\"@type\":\"WebPage\",\"@id\":\"https:\/\/www.italpassion.fr\/pt\/carte-grise-alfa-romeo\/\",\"url\":\"https:\/\/www.italpassion.fr\/pt\/carte-grise-alfa-romeo\/\",\"name\":\"Carte grise Alfa Romeo : simulateur, documents, modifications\",\"isPartOf\":{\"@id\":\"https:\/\/www.italpassion.fr\/pt\/#website\"},\"primaryImageOfPage\":{\"@id\":\"https:\/\/www.italpassion.fr\/pt\/carte-grise-alfa-romeo\/#primaryimage\"},\"image\":{\"@id\":\"https:\/\/www.italpassion.fr\/pt\/carte-grise-alfa-romeo\/#primaryimage\"},\"thumbnailUrl\":\"https:\/\/www.italpassion.fr\/wp-content\/uploads\/2021\/08\/lukasz-niescioruk-wvIM0l6NP0o-unsplash-1024x683.jpg\",\"datePublished\":\"2021-08-24T12:44:53+00:00\",\"dateModified\":\"2021-08-27T07:08:26+00:00\",\"breadcrumb\":{\"@id\":\"https:\/\/www.italpassion.fr\/pt\/carte-grise-alfa-romeo\/#breadcrumb\"},\"inLanguage\":\"pt-PT\",\"potentialAction\":[{\"@type\":\"ReadAction\",\"target\":[\"https:\/\/www.italpassion.fr\/pt\/carte-grise-alfa-romeo\/\"]}]},{\"@type\":\"ImageObject\",\"inLanguage\":\"pt-PT\",\"@id\":\"https:\/\/www.italpassion.fr\/pt\/carte-grise-alfa-romeo\/#primaryimage\",\"url\":\"https:\/\/www.italpassion.fr\/wp-content\/uploads\/2021\/08\/lukasz-niescioruk-wvIM0l6NP0o-unsplash-1024x683.jpg\",\"contentUrl\":\"https:\/\/www.italpassion.fr\/wp-content\/uploads\/2021\/08\/lukasz-niescioruk-wvIM0l6NP0o-unsplash-1024x683.jpg\"},{\"@type\":\"BreadcrumbList\",\"@id\":\"https:\/\/www.italpassion.fr\/pt\/carte-grise-alfa-romeo\/#breadcrumb\",\"itemListElement\":[{\"@type\":\"ListItem\",\"position\":1,\"name\":\"Accueil\",\"item\":\"https:\/\/www.italpassion.fr\/pt\/\"},{\"@type\":\"ListItem\",\"position\":2,\"name\":\"Carte grise Alfa Romeo\"}]},{\"@type\":\"WebSite\",\"@id\":\"https:\/\/www.italpassion.fr\/pt\/#website\",\"url\":\"https:\/\/www.italpassion.fr\/pt\/\",\"name\":\"ItalPassion\",\"description\":\"Les Passionn\u00e9s d&#039;Automobiles Italiennes\",\"publisher\":{\"@id\":\"https:\/\/www.italpassion.fr\/pt\/#organization\"},\"potentialAction\":[{\"@type\":\"SearchAction\",\"target\":{\"@type\":\"EntryPoint\",\"urlTemplate\":\"https:\/\/www.italpassion.fr\/pt\/?s={search_term_string}\"},\"query-input\":{\"@type\":\"PropertyValueSpecification\",\"valueRequired\":true,\"valueName\":\"search_term_string\"}}],\"inLanguage\":\"pt-PT\"},{\"@type\":\"Organization\",\"@id\":\"https:\/\/www.italpassion.fr\/pt\/#organization\",\"name\":\"Italpassion\",\"url\":\"https:\/\/www.italpassion.fr\/pt\/\",\"logo\":{\"@type\":\"ImageObject\",\"inLanguage\":\"pt-PT\",\"@id\":\"https:\/\/www.italpassion.fr\/pt\/#\/schema\/logo\/image\/\",\"url\":\"https:\/\/www.italpassion.fr\/wp-content\/uploads\/2023\/07\/italpassion-yoast.jpg\",\"contentUrl\":\"https:\/\/www.italpassion.fr\/wp-content\/uploads\/2023\/07\/italpassion-yoast.jpg\",\"width\":696,\"height\":696,\"caption\":\"Italpassion\"},\"image\":{\"@id\":\"https:\/\/www.italpassion.fr\/pt\/#\/schema\/logo\/image\/\"},\"sameAs\":[\"https:\/\/www.facebook.com\/italpassion\",\"https:\/\/x.com\/italpassion\",\"https:\/\/www.instagram.com\/italpassionfr\/\",\"https:\/\/www.youtube.com\/channel\/UCleq-ByQaA42OjhopwevRjQ\",\"https:\/\/www.facebook.com\/italpassion.en\/\",\"https:\/\/www.facebook.com\/italpassion.it\/\",\"https:\/\/www.facebook.com\/italpassion.de\/\",\"https:\/\/www.facebook.com\/italpassion.ja\/\"]}]}<\/script>\n<!-- \/ Yoast SEO plugin. -->","yoast_head_json":{"title":"Registo autom\u00f3vel Alfa Romeo: simulador, documentos, modifica\u00e7\u00f5es","robots":{"index":"index","follow":"follow","max-snippet":"max-snippet:-1","max-image-preview":"max-image-preview:large","max-video-preview":"max-video-preview:-1"},"canonical":"https:\/\/www.italpassion.fr\/pt\/mapa-cinzento-meio-romo\/","og_locale":"pt_PT","og_type":"article","og_title":"Carte grise Alfa Romeo : simulateur, documents, modifications","og_description":"&hellip;","og_url":"https:\/\/www.italpassion.fr\/pt\/mapa-cinzento-meio-romo\/","og_site_name":"ItalPassion","article_publisher":"https:\/\/www.facebook.com\/italpassion","article_modified_time":"2021-08-27T07:08:26+00:00","og_image":[{"url":"https:\/\/www.italpassion.fr\/wp-content\/uploads\/2021\/08\/lukasz-niescioruk-wvIM0l6NP0o-unsplash-1024x683.jpg","type":"","width":"","height":""}],"twitter_card":"summary_large_image","twitter_site":"@italpassion","schema":{"@context":"https:\/\/schema.org","@graph":[{"@type":"WebPage","@id":"https:\/\/www.italpassion.fr\/pt\/carte-grise-alfa-romeo\/","url":"https:\/\/www.italpassion.fr\/pt\/carte-grise-alfa-romeo\/","name":"Registo autom\u00f3vel Alfa Romeo: simulador, documentos, modifica\u00e7\u00f5es","isPartOf":{"@id":"https:\/\/www.italpassion.fr\/pt\/#website"},"primaryImageOfPage":{"@id":"https:\/\/www.italpassion.fr\/pt\/carte-grise-alfa-romeo\/#primaryimage"},"image":{"@id":"https:\/\/www.italpassion.fr\/pt\/carte-grise-alfa-romeo\/#primaryimage"},"thumbnailUrl":"https:\/\/www.italpassion.fr\/wp-content\/uploads\/2021\/08\/lukasz-niescioruk-wvIM0l6NP0o-unsplash-1024x683.jpg","datePublished":"2021-08-24T12:44:53+00:00","dateModified":"2021-08-27T07:08:26+00:00","breadcrumb":{"@id":"https:\/\/www.italpassion.fr\/pt\/carte-grise-alfa-romeo\/#breadcrumb"},"inLanguage":"pt-PT","potentialAction":[{"@type":"ReadAction","target":["https:\/\/www.italpassion.fr\/pt\/carte-grise-alfa-romeo\/"]}]},{"@type":"ImageObject","inLanguage":"pt-PT","@id":"https:\/\/www.italpassion.fr\/pt\/carte-grise-alfa-romeo\/#primaryimage","url":"https:\/\/www.italpassion.fr\/wp-content\/uploads\/2021\/08\/lukasz-niescioruk-wvIM0l6NP0o-unsplash-1024x683.jpg","contentUrl":"https:\/\/www.italpassion.fr\/wp-content\/uploads\/2021\/08\/lukasz-niescioruk-wvIM0l6NP0o-unsplash-1024x683.jpg"},{"@type":"BreadcrumbList","@id":"https:\/\/www.italpassion.fr\/pt\/carte-grise-alfa-romeo\/#breadcrumb","itemListElement":[{"@type":"ListItem","position":1,"name":"Accueil","item":"https:\/\/www.italpassion.fr\/pt\/"},{"@type":"ListItem","position":2,"name":"Carte grise Alfa Romeo"}]},{"@type":"WebSite","@id":"https:\/\/www.italpassion.fr\/pt\/#website","url":"https:\/\/www.italpassion.fr\/pt\/","name":"ItalPassion","description":"Entusiastas de autom\u00f3veis italianos","publisher":{"@id":"https:\/\/www.italpassion.fr\/pt\/#organization"},"potentialAction":[{"@type":"SearchAction","target":{"@type":"EntryPoint","urlTemplate":"https:\/\/www.italpassion.fr\/pt\/?s={search_term_string}"},"query-input":{"@type":"PropertyValueSpecification","valueRequired":true,"valueName":"search_term_string"}}],"inLanguage":"pt-PT"},{"@type":"Organization","@id":"https:\/\/www.italpassion.fr\/pt\/#organization","name":"Italpassion","url":"https:\/\/www.italpassion.fr\/pt\/","logo":{"@type":"ImageObject","inLanguage":"pt-PT","@id":"https:\/\/www.italpassion.fr\/pt\/#\/schema\/logo\/image\/","url":"https:\/\/www.italpassion.fr\/wp-content\/uploads\/2023\/07\/italpassion-yoast.jpg","contentUrl":"https:\/\/www.italpassion.fr\/wp-content\/uploads\/2023\/07\/italpassion-yoast.jpg","width":696,"height":696,"caption":"Italpassion"},"image":{"@id":"https:\/\/www.italpassion.fr\/pt\/#\/schema\/logo\/image\/"},"sameAs":["https:\/\/www.facebook.com\/italpassion","https:\/\/x.com\/italpassion","https:\/\/www.instagram.com\/italpassionfr\/","https:\/\/www.youtube.com\/channel\/UCleq-ByQaA42OjhopwevRjQ","https:\/\/www.facebook.com\/italpassion.en\/","https:\/\/www.facebook.com\/italpassion.it\/","https:\/\/www.facebook.com\/italpassion.de\/","https:\/\/www.facebook.com\/italpassion.ja\/"]}]}},"_links":{"self":[{"href":"https:\/\/www.italpassion.fr\/pt\/wp-json\/wp\/v2\/pages\/29585","targetHints":{"allow":["GET"]}}],"collection":[{"href":"https:\/\/www.italpassion.fr\/pt\/wp-json\/wp\/v2\/pages"}],"about":[{"href":"https:\/\/www.italpassion.fr\/pt\/wp-json\/wp\/v2\/types\/page"}],"author":[{"embeddable":true,"href":"https:\/\/www.italpassion.fr\/pt\/wp-json\/wp\/v2\/users\/1"}],"replies":[{"embeddable":true,"href":"https:\/\/www.italpassion.fr\/pt\/wp-json\/wp\/v2\/comments?post=29585"}],"version-history":[{"count":3,"href":"https:\/\/www.italpassion.fr\/pt\/wp-json\/wp\/v2\/pages\/29585\/revisions"}],"predecessor-version":[{"id":29589,"href":"https:\/\/www.italpassion.fr\/pt\/wp-json\/wp\/v2\/pages\/29585\/revisions\/29589"}],"wp:attachment":[{"href":"https:\/\/www.italpassion.fr\/pt\/wp-json\/wp\/v2\/media?parent=29585"}],"curies":[{"name":"wp","href":"https:\/\/api.w.org\/{rel}","templated":true}]}}