{"id":29428,"date":"2021-07-02T15:32:39","date_gmt":"2021-07-02T13:32:39","guid":{"rendered":"https:\/\/www.italpassion.fr\/?page_id=29428"},"modified":"2023-06-02T21:55:34","modified_gmt":"2023-06-02T19:55:34","slug":"ferrari-tyres","status":"publish","type":"page","link":"https:\/\/www.italpassion.fr\/pt\/pneus-ferrari\/","title":{"rendered":"Pneus Ferrari: quais escolher e onde compr\u00e1-los"},"content":{"rendered":"<p>Tem um <a href=\"https:\/\/www.italpassion.fr\/pt\/ferrari\/\">Ferrari<\/a> Tem um carro moderno ou cl\u00e1ssico e precisa de mudar os seus pneus? Tem perguntas sobre que modelos de pneus escolher e onde compr\u00e1-los ao melhor pre\u00e7o? Respondemos \u00e0s suas perguntas abaixo.<\/p>\n\n\n\n<figure class=\"wp-block-image size-large\"><img loading=\"lazy\" decoding=\"async\" width=\"1024\" height=\"576\" src=\"https:\/\/www.italpassion.fr\/wp-content\/uploads\/2021\/06\/pneus-ferrari-1024x576.jpeg\" alt=\"\" class=\"wp-image-29429\" srcset=\"https:\/\/www.italpassion.fr\/wp-content\/uploads\/2021\/06\/pneus-ferrari-1024x576.jpeg 1024w, https:\/\/www.italpassion.fr\/wp-content\/uploads\/2021\/06\/pneus-ferrari-scaled-600x338.jpeg 600w, https:\/\/www.italpassion.fr\/wp-content\/uploads\/2021\/06\/pneus-ferrari-300x169.jpeg 300w, https:\/\/www.italpassion.fr\/wp-content\/uploads\/2021\/06\/pneus-ferrari-768x432.jpeg 768w, https:\/\/www.italpassion.fr\/wp-content\/uploads\/2021\/06\/pneus-ferrari-1536x864.jpeg 1536w, https:\/\/www.italpassion.fr\/wp-content\/uploads\/2021\/06\/pneus-ferrari-scaled.jpeg 2048w, https:\/\/www.italpassion.fr\/wp-content\/uploads\/2021\/06\/pneus-ferrari-192x108.jpeg 192w, https:\/\/www.italpassion.fr\/wp-content\/uploads\/2021\/06\/pneus-ferrari-384x216.jpeg 384w, https:\/\/www.italpassion.fr\/wp-content\/uploads\/2021\/06\/pneus-ferrari-364x205.jpeg 364w, https:\/\/www.italpassion.fr\/wp-content\/uploads\/2021\/06\/pneus-ferrari-728x409.jpeg 728w, https:\/\/www.italpassion.fr\/wp-content\/uploads\/2021\/06\/pneus-ferrari-561x316.jpeg 561w, https:\/\/www.italpassion.fr\/wp-content\/uploads\/2021\/06\/pneus-ferrari-1122x631.jpeg 1122w, https:\/\/www.italpassion.fr\/wp-content\/uploads\/2021\/06\/pneus-ferrari-265x149.jpeg 265w, https:\/\/www.italpassion.fr\/wp-content\/uploads\/2021\/06\/pneus-ferrari-531x299.jpeg 531w, https:\/\/www.italpassion.fr\/wp-content\/uploads\/2021\/06\/pneus-ferrari-608x342.jpeg 608w, https:\/\/www.italpassion.fr\/wp-content\/uploads\/2021\/06\/pneus-ferrari-758x426.jpeg 758w, https:\/\/www.italpassion.fr\/wp-content\/uploads\/2021\/06\/pneus-ferrari-1152x648.jpeg 1152w\" sizes=\"auto, (max-width: 1024px) 100vw, 1024px\" \/><\/figure>\n\n\n\n<h2 class=\"wp-block-heading\">Onde comprar pneus para Ferrari<\/h2>\n\n\n\n<p><strong>Os pre\u00e7os dos pneus Ferrari s\u00e3o superiores \u00e0 m\u00e9dia<\/strong>&nbsp;Pode encontrar os pneus certos para o seu carro: dimens\u00f5es, desempenho da borracha, etc. Encontrar\u00e1 os seus pneus Ferrari baratos na Internet. Pode tamb\u00e9m compr\u00e1-los ao seu concession\u00e1rio Ferrari, mas descobrir\u00e1 que a diferen\u00e7a de pre\u00e7o pode ser superior a 100 euros por pneu.<\/p>\n\n\n\n<figure class=\"wp-block-table\"><table><thead><tr><th>S\u00edtio Web<\/th><th>Modelo<\/th><th>Pre\u00e7o unit\u00e1rio<\/th><th>Pre\u00e7o 4 pneus<\/th><th>Transporte<\/th><th>Montagem<\/th><th><\/th><\/tr><\/thead><tbody><tr><td>1001 pneus<\/td><td>Pirelli P Zero 285\/35 ZR19<br>Pirelli P Zero PZ4 SC 285\/35R20<\/td><td>231,30 \u20ac<br>271,10 \u20ac<\/td><td>925,20 \u20ac<br>1084,40 \u20ac<\/td><td>Gr\u00e1tis<\/td><td>Centros de montagem parceiros<\/td><td><div class=\"wp-block-button\"><a class=\"wp-block-button__link wp-element-button\" href=\"https:\/\/c3po.link\/QhpnUwsdcC\" target=\"_blank\" rel=\"noreferrer noopener\">Ver o pre\u00e7o dos meus pneus<\/a><\/div><\/td><\/tr><tr><td>Alopneus<\/td><td>Pirelli P Zero 285\/35 ZR19<br>Pirelli P Zero PZ4 SC 285\/35R20<\/td><td>228,10 \u20ac<br>273,90 \u20ac<\/td><td>912,40 \u20ac<br>1095,60 \u20ac<\/td><td>Gr\u00e1tis (2 pneus)<\/td><td>Centros de agrupamento Allopneus<\/td><td><div class=\"wp-block-button\"><a class=\"wp-block-button__link wp-element-button\" href=\"https:\/\/c3po.link\/QzKs3nmYCM\" target=\"_blank\" rel=\"noreferrer noopener\">Ver o pre\u00e7o dos meus pneus<\/a><\/div><\/td><\/tr><tr><td>Pneus online<\/td><td>Pirelli P Zero 285\/35 ZR19<br>Pirelli P Zero PZ4 SC 285\/35R20<\/td><td>236,51 \u20ac<br>272,80 \u20ac<\/td><td>946,04 \u20ac<br>1131,20 \u20ac<\/td><td>Gr\u00e1tis (2 pneus)<\/td><td>Centros de montagem parceiros<\/td><td><\/td><\/tr><tr><td>Tirendo<\/td><td>Pirelli P Zero 285\/35 ZR19<br>Pirelli P Zero PZ4 SC 285\/35R20<\/td><td>253,40 \u20ac<br>301,40 \u20ac<\/td><td>1013,60 \u20ac<br>1205,60 \u20ac<\/td><td>Gr\u00e1tis<\/td><td>N\u00e3o<\/td><td><\/td><\/tr><tr><td>123 pneus<\/td><td>Pirelli P Zero 285\/35 ZR19<br>Pirelli P Zero PZ4 SC 285\/35R20<\/td><td>259,79 \u20ac<br>304,89 \u20ac<\/td><td>1039,16 \u20ac<br>1219,56 \u20ac<\/td><td>Gr\u00e1tis<\/td><td>N\u00e3o<\/td><td><\/td><\/tr><\/tbody><\/table><figcaption class=\"wp-element-caption\">Pre\u00e7os indicativos aumentados em 2023<\/figcaption><\/figure>\n\n\n\n<p><strong>S\u00edtios recomendados para a compra de pneus Ferrari<\/strong>&nbsp;com os melhores pre\u00e7os s\u00e3o a 1001pneus e a Allopneus. Por exemplo, um pneu Pirelli P Zero 265\/40R118 101 Y custa 167,70 euros com IVA inclu\u00eddo na Allopneus. Excluindo a montagem, o pre\u00e7o \u00e9 de 670 euros para 4 pneus. Pode comparar com o seu concession\u00e1rio e obter um pre\u00e7o ligeiramente inferior a 1.000 euros.<\/p>\n\n\n\n<p><strong>A montagem de pneus para a sua Ferrari deve ser feita por uma garagem de confian\u00e7a<\/strong>&nbsp;e competente que tenha&nbsp;<strong>o material certo para evitar danificar as suas jantes<\/strong>. \u00c9 melhor pagar um pouco mais (por vezes alguns euros extra por aro) para ter a certeza de que o trabalho ser\u00e1 feito correctamente. Para se tranquilizar, pode tirar fotografias de todas as 4 jantes antes da mudan\u00e7a do pneu e pedir ao instalador de pneus que as veja.<\/p>\n\n\n\n<h2 class=\"wp-block-heading\">Quando mudar os pneus da sua Ferrari<\/h2>\n\n\n\n<p>Deve mudar os pneus da sua Ferrari nas seguintes condi\u00e7\u00f5es:<\/p>\n\n\n\n<ul class=\"wp-block-list\">\n<li>pneu desgastado at\u00e9 ao limite do indicador de desgaste ;<\/li>\n\n\n\n<li>pneu danificado (por exemplo, bater num lancil);<\/li>\n\n\n\n<li>pneu com sinais de envelhecimento (h\u00e9rnia, rachaduras, cortes) ;<\/li>\n\n\n\n<li>pneu com desgaste irregular (problema de equil\u00edbrio ou de paralelismo);<\/li>\n\n\n\n<li>pneu perfurado (corpo estranho perfurando o pneu, choque, ...).<\/li>\n<\/ul>\n\n\n\n<p>Sabe agora&nbsp;<a href=\"https:\/\/www.club-identicar.com\/blog\/entretien\/quand-faut-il-changer-ses-pneus\/\">quando mudar os seus pneus<\/a>&nbsp;e, devido a uma das raz\u00f5es acima referidas, tem de mudar o pneu da sua Ferrari.<\/p>\n\n\n\n<h2 class=\"wp-block-heading\">Pneus Ferrari: qual a marca a escolher?<\/h2>\n\n\n\n<p>A Ferrari anuncia pneus homologados para cada um dos seus modelos. Um pneu homologado significa que foram efectuados testes entre a marca do autom\u00f3vel e o fabricante do pneu no momento da liberta\u00e7\u00e3o do ve\u00edculo e que tamb\u00e9m foi alcan\u00e7ado um acordo comercial.<\/p>\n\n\n\n<p>\u00c9 de notar que n\u00e3o \u00e9 obrigat\u00f3rio&nbsp;<strong>para assumir a marca e modelo de pneu aprovado pelo fabricante da Ferrari<\/strong>Este \u00e9 o caso desde que o pneu respeite as dimens\u00f5es, press\u00f5es e outras caracter\u00edsticas t\u00e9cnicas (velocidade, carga, etc.). Quando um fabricante anuncia que um pneu est\u00e1 \"aprovado\" para o seu modelo, ele \u00e9&nbsp;<strong>para assegurar um \u00f3ptimo desempenho de condu\u00e7\u00e3o<\/strong>.<\/p>\n\n\n\n<p>Contudo, n\u00e3o \u00e9 obrigat\u00f3rio utilizar pneus homologados pela Ferrari. Por exemplo, muitos propriet\u00e1rios seleccionam Pirelli P Zero, Michelin TRX, Michelin Ps2 Michelin Pilot Sport 4S, Bridgeston Expedia S02.<\/p>\n\n\n\n<p>Note-se que&nbsp;<strong>para autom\u00f3veis cl\u00e1ssicos<\/strong>Alguns fabricantes de pneus, tais como a Michelin, oferecem uma gama especial de \"colec\u00e7\u00e3o\".<\/p>\n\n\n\n<p>Ou seja, se tiver uma Ferrari,<strong>&nbsp;evitar levar o pneu mais barato<\/strong>Se tiver um carro desportivo nas suas m\u00e3os, a escolha dos pneus \u00e9 muito importante para a seguran\u00e7a de todos.<\/p>\n\n\n\n<h2 class=\"wp-block-heading\">Assegurando os pneus da sua Ferrari<\/h2>\n\n\n\n<p>Provavelmente n\u00e3o sabe isto, mas&nbsp;<strong>\u00e9 poss\u00edvel segurar os seus pneus<\/strong>. O que poderia ser mais irritante do que ter um furo lento, um choque contra um passeio ou vandalismo em pneus quase novos a mais de 150 euros cada? Ainda mais irritante \u00e9 que quando um pneu \u00e9 danificado, normalmente \u00e9 necess\u00e1rio mudar o par inteiro, o que corresponde a mais de 300 euros de pneus, sem incluir a m\u00e3o-de-obra.<\/p>\n\n\n\n<p><strong>A ideia certa \u00e9 segurar os seus pneus<\/strong>. Para al\u00e9m de ter um&nbsp;<a href=\"https:\/\/www.italpassion.fr\/pt\/ferrari-insurance-comparator\/\">seguro para a sua Ferrari<\/a>Para al\u00e9m do acima referido, existem companhias de seguro autom\u00f3vel complementares, como o Club Identicar, que oferecem garantias como a cobertura de pneus. Este \u00faltimo permite-lhe ser reembolsado at\u00e9 200 euros por pneu em caso de furo, impacto contra um pavimento ou vandalismo.<\/p>","protected":false},"excerpt":{"rendered":"","protected":false},"author":1,"featured_media":0,"parent":0,"menu_order":0,"comment_status":"closed","ping_status":"closed","template":"g1-template-page-full.php","meta":{"_acf_changed":false,"_sitemap_exclude":false,"_sitemap_priority":"","_sitemap_frequency":"","footnotes":""},"class_list":["post-29428","page","type-page","status-publish"],"acf":[],"yoast_head":"<!-- This site is optimized with the Yoast SEO plugin v25.8 - https:\/\/yoast.com\/wordpress\/plugins\/seo\/ -->\n<title>Pneus Ferrari : lesquels choisir et o\u00f9 les acheter - ItalPassion<\/title>\n<meta name=\"robots\" content=\"index, follow, max-snippet:-1, max-image-preview:large, max-video-preview:-1\" \/>\n<link rel=\"canonical\" href=\"https:\/\/www.italpassion.fr\/pt\/ferrari-tyres\/\" \/>\n<meta property=\"og:locale\" content=\"pt_PT\" \/>\n<meta property=\"og:type\" content=\"article\" \/>\n<meta property=\"og:title\" content=\"Pneus Ferrari : lesquels choisir et o\u00f9 les acheter - ItalPassion\" \/>\n<meta property=\"og:description\" content=\"&hellip;\" \/>\n<meta property=\"og:url\" content=\"https:\/\/www.italpassion.fr\/pt\/ferrari-tyres\/\" \/>\n<meta property=\"og:site_name\" content=\"ItalPassion\" \/>\n<meta property=\"article:publisher\" content=\"https:\/\/www.facebook.com\/italpassion\" \/>\n<meta property=\"article:modified_time\" content=\"2023-06-02T19:55:34+00:00\" \/>\n<meta property=\"og:image\" content=\"https:\/\/www.italpassion.fr\/wp-content\/uploads\/2021\/06\/pneus-ferrari-1024x576.jpeg\" \/>\n<meta name=\"twitter:card\" content=\"summary_large_image\" \/>\n<meta name=\"twitter:site\" content=\"@italpassion\" \/>\n<script type=\"application\/ld+json\" class=\"yoast-schema-graph\">{\"@context\":\"https:\/\/schema.org\",\"@graph\":[{\"@type\":\"WebPage\",\"@id\":\"https:\/\/www.italpassion.fr\/pt\/pneus-ferrari\/\",\"url\":\"https:\/\/www.italpassion.fr\/pt\/pneus-ferrari\/\",\"name\":\"Pneus Ferrari : lesquels choisir et o\u00f9 les acheter - ItalPassion\",\"isPartOf\":{\"@id\":\"https:\/\/www.italpassion.fr\/pt\/#website\"},\"primaryImageOfPage\":{\"@id\":\"https:\/\/www.italpassion.fr\/pt\/pneus-ferrari\/#primaryimage\"},\"image\":{\"@id\":\"https:\/\/www.italpassion.fr\/pt\/pneus-ferrari\/#primaryimage\"},\"thumbnailUrl\":\"https:\/\/www.italpassion.fr\/wp-content\/uploads\/2021\/06\/pneus-ferrari-1024x576.jpeg\",\"datePublished\":\"2021-07-02T13:32:39+00:00\",\"dateModified\":\"2023-06-02T19:55:34+00:00\",\"breadcrumb\":{\"@id\":\"https:\/\/www.italpassion.fr\/pt\/pneus-ferrari\/#breadcrumb\"},\"inLanguage\":\"pt-PT\",\"potentialAction\":[{\"@type\":\"ReadAction\",\"target\":[\"https:\/\/www.italpassion.fr\/pt\/pneus-ferrari\/\"]}]},{\"@type\":\"ImageObject\",\"inLanguage\":\"pt-PT\",\"@id\":\"https:\/\/www.italpassion.fr\/pt\/pneus-ferrari\/#primaryimage\",\"url\":\"https:\/\/www.italpassion.fr\/wp-content\/uploads\/2021\/06\/pneus-ferrari-1024x576.jpeg\",\"contentUrl\":\"https:\/\/www.italpassion.fr\/wp-content\/uploads\/2021\/06\/pneus-ferrari-1024x576.jpeg\"},{\"@type\":\"BreadcrumbList\",\"@id\":\"https:\/\/www.italpassion.fr\/pt\/pneus-ferrari\/#breadcrumb\",\"itemListElement\":[{\"@type\":\"ListItem\",\"position\":1,\"name\":\"Accueil\",\"item\":\"https:\/\/www.italpassion.fr\/pt\/\"},{\"@type\":\"ListItem\",\"position\":2,\"name\":\"Pneus Ferrari : lesquels choisir et o\u00f9 les acheter\"}]},{\"@type\":\"WebSite\",\"@id\":\"https:\/\/www.italpassion.fr\/pt\/#website\",\"url\":\"https:\/\/www.italpassion.fr\/pt\/\",\"name\":\"ItalPassion\",\"description\":\"Les Passionn\u00e9s d&#039;Automobiles Italiennes\",\"publisher\":{\"@id\":\"https:\/\/www.italpassion.fr\/pt\/#organization\"},\"potentialAction\":[{\"@type\":\"SearchAction\",\"target\":{\"@type\":\"EntryPoint\",\"urlTemplate\":\"https:\/\/www.italpassion.fr\/pt\/?s={search_term_string}\"},\"query-input\":{\"@type\":\"PropertyValueSpecification\",\"valueRequired\":true,\"valueName\":\"search_term_string\"}}],\"inLanguage\":\"pt-PT\"},{\"@type\":\"Organization\",\"@id\":\"https:\/\/www.italpassion.fr\/pt\/#organization\",\"name\":\"Italpassion\",\"url\":\"https:\/\/www.italpassion.fr\/pt\/\",\"logo\":{\"@type\":\"ImageObject\",\"inLanguage\":\"pt-PT\",\"@id\":\"https:\/\/www.italpassion.fr\/pt\/#\/schema\/logo\/image\/\",\"url\":\"https:\/\/www.italpassion.fr\/wp-content\/uploads\/2023\/07\/italpassion-yoast.jpg\",\"contentUrl\":\"https:\/\/www.italpassion.fr\/wp-content\/uploads\/2023\/07\/italpassion-yoast.jpg\",\"width\":696,\"height\":696,\"caption\":\"Italpassion\"},\"image\":{\"@id\":\"https:\/\/www.italpassion.fr\/pt\/#\/schema\/logo\/image\/\"},\"sameAs\":[\"https:\/\/www.facebook.com\/italpassion\",\"https:\/\/x.com\/italpassion\",\"https:\/\/www.instagram.com\/italpassionfr\/\",\"https:\/\/www.youtube.com\/channel\/UCleq-ByQaA42OjhopwevRjQ\",\"https:\/\/www.facebook.com\/italpassion.en\/\",\"https:\/\/www.facebook.com\/italpassion.it\/\",\"https:\/\/www.facebook.com\/italpassion.de\/\",\"https:\/\/www.facebook.com\/italpassion.ja\/\"]}]}<\/script>\n<!-- \/ Yoast SEO plugin. -->","yoast_head_json":{"title":"Pneus Ferrari: quais escolher e onde compr\u00e1-los - ItalPassion","robots":{"index":"index","follow":"follow","max-snippet":"max-snippet:-1","max-image-preview":"max-image-preview:large","max-video-preview":"max-video-preview:-1"},"canonical":"https:\/\/www.italpassion.fr\/pt\/ferrari-tyres\/","og_locale":"pt_PT","og_type":"article","og_title":"Pneus Ferrari : lesquels choisir et o\u00f9 les acheter - ItalPassion","og_description":"&hellip;","og_url":"https:\/\/www.italpassion.fr\/pt\/ferrari-tyres\/","og_site_name":"ItalPassion","article_publisher":"https:\/\/www.facebook.com\/italpassion","article_modified_time":"2023-06-02T19:55:34+00:00","og_image":[{"url":"https:\/\/www.italpassion.fr\/wp-content\/uploads\/2021\/06\/pneus-ferrari-1024x576.jpeg","type":"","width":"","height":""}],"twitter_card":"summary_large_image","twitter_site":"@italpassion","schema":{"@context":"https:\/\/schema.org","@graph":[{"@type":"WebPage","@id":"https:\/\/www.italpassion.fr\/pt\/pneus-ferrari\/","url":"https:\/\/www.italpassion.fr\/pt\/pneus-ferrari\/","name":"Pneus Ferrari: quais escolher e onde compr\u00e1-los - ItalPassion","isPartOf":{"@id":"https:\/\/www.italpassion.fr\/pt\/#website"},"primaryImageOfPage":{"@id":"https:\/\/www.italpassion.fr\/pt\/pneus-ferrari\/#primaryimage"},"image":{"@id":"https:\/\/www.italpassion.fr\/pt\/pneus-ferrari\/#primaryimage"},"thumbnailUrl":"https:\/\/www.italpassion.fr\/wp-content\/uploads\/2021\/06\/pneus-ferrari-1024x576.jpeg","datePublished":"2021-07-02T13:32:39+00:00","dateModified":"2023-06-02T19:55:34+00:00","breadcrumb":{"@id":"https:\/\/www.italpassion.fr\/pt\/pneus-ferrari\/#breadcrumb"},"inLanguage":"pt-PT","potentialAction":[{"@type":"ReadAction","target":["https:\/\/www.italpassion.fr\/pt\/pneus-ferrari\/"]}]},{"@type":"ImageObject","inLanguage":"pt-PT","@id":"https:\/\/www.italpassion.fr\/pt\/pneus-ferrari\/#primaryimage","url":"https:\/\/www.italpassion.fr\/wp-content\/uploads\/2021\/06\/pneus-ferrari-1024x576.jpeg","contentUrl":"https:\/\/www.italpassion.fr\/wp-content\/uploads\/2021\/06\/pneus-ferrari-1024x576.jpeg"},{"@type":"BreadcrumbList","@id":"https:\/\/www.italpassion.fr\/pt\/pneus-ferrari\/#breadcrumb","itemListElement":[{"@type":"ListItem","position":1,"name":"Accueil","item":"https:\/\/www.italpassion.fr\/pt\/"},{"@type":"ListItem","position":2,"name":"Pneus Ferrari : lesquels choisir et o\u00f9 les acheter"}]},{"@type":"WebSite","@id":"https:\/\/www.italpassion.fr\/pt\/#website","url":"https:\/\/www.italpassion.fr\/pt\/","name":"ItalPassion","description":"Entusiastas de autom\u00f3veis italianos","publisher":{"@id":"https:\/\/www.italpassion.fr\/pt\/#organization"},"potentialAction":[{"@type":"SearchAction","target":{"@type":"EntryPoint","urlTemplate":"https:\/\/www.italpassion.fr\/pt\/?s={search_term_string}"},"query-input":{"@type":"PropertyValueSpecification","valueRequired":true,"valueName":"search_term_string"}}],"inLanguage":"pt-PT"},{"@type":"Organization","@id":"https:\/\/www.italpassion.fr\/pt\/#organization","name":"Italpassion","url":"https:\/\/www.italpassion.fr\/pt\/","logo":{"@type":"ImageObject","inLanguage":"pt-PT","@id":"https:\/\/www.italpassion.fr\/pt\/#\/schema\/logo\/image\/","url":"https:\/\/www.italpassion.fr\/wp-content\/uploads\/2023\/07\/italpassion-yoast.jpg","contentUrl":"https:\/\/www.italpassion.fr\/wp-content\/uploads\/2023\/07\/italpassion-yoast.jpg","width":696,"height":696,"caption":"Italpassion"},"image":{"@id":"https:\/\/www.italpassion.fr\/pt\/#\/schema\/logo\/image\/"},"sameAs":["https:\/\/www.facebook.com\/italpassion","https:\/\/x.com\/italpassion","https:\/\/www.instagram.com\/italpassionfr\/","https:\/\/www.youtube.com\/channel\/UCleq-ByQaA42OjhopwevRjQ","https:\/\/www.facebook.com\/italpassion.en\/","https:\/\/www.facebook.com\/italpassion.it\/","https:\/\/www.facebook.com\/italpassion.de\/","https:\/\/www.facebook.com\/italpassion.ja\/"]}]}},"_links":{"self":[{"href":"https:\/\/www.italpassion.fr\/pt\/wp-json\/wp\/v2\/pages\/29428","targetHints":{"allow":["GET"]}}],"collection":[{"href":"https:\/\/www.italpassion.fr\/pt\/wp-json\/wp\/v2\/pages"}],"about":[{"href":"https:\/\/www.italpassion.fr\/pt\/wp-json\/wp\/v2\/types\/page"}],"author":[{"embeddable":true,"href":"https:\/\/www.italpassion.fr\/pt\/wp-json\/wp\/v2\/users\/1"}],"replies":[{"embeddable":true,"href":"https:\/\/www.italpassion.fr\/pt\/wp-json\/wp\/v2\/comments?post=29428"}],"version-history":[{"count":11,"href":"https:\/\/www.italpassion.fr\/pt\/wp-json\/wp\/v2\/pages\/29428\/revisions"}],"predecessor-version":[{"id":31514,"href":"https:\/\/www.italpassion.fr\/pt\/wp-json\/wp\/v2\/pages\/29428\/revisions\/31514"}],"wp:attachment":[{"href":"https:\/\/www.italpassion.fr\/pt\/wp-json\/wp\/v2\/media?parent=29428"}],"curies":[{"name":"wp","href":"https:\/\/api.w.org\/{rel}","templated":true}]}}