{"id":29289,"date":"2021-05-05T13:53:01","date_gmt":"2021-05-05T11:53:01","guid":{"rendered":"https:\/\/www.italpassion.fr\/?page_id=29289"},"modified":"2021-05-05T13:53:02","modified_gmt":"2021-05-05T11:53:02","slug":"driving-internship-lamborghini","status":"publish","type":"page","link":"https:\/\/www.italpassion.fr\/pt\/stage-de-pilotage-lamborghini\/","title":{"rendered":"Experi\u00eancia de condu\u00e7\u00e3o Lamborghini"},"content":{"rendered":"<p>Deseja fazer ou oferecer um\u00a0<strong>experi\u00eancia de condu\u00e7\u00e3o num supercarro italiano\u00a0<a href=\"https:\/\/www.italpassion.fr\/pt\/lamborghini\/\">Lamborghini<\/a>\u00a0?<\/strong>\u00a0Todos os nossos conselhos abaixo sobre como escolher o seu futuro curso de condu\u00e7\u00e3o.<\/p>\n\n\n\n<figure class=\"wp-block-image size-large\"><img loading=\"lazy\" decoding=\"async\" width=\"1000\" height=\"667\" src=\"https:\/\/www.italpassion.fr\/wp-content\/uploads\/2021\/05\/lamborghini-huracan-6.jpg\" alt=\"\" class=\"wp-image-29290\" srcset=\"https:\/\/www.italpassion.fr\/wp-content\/uploads\/2021\/05\/lamborghini-huracan-6.jpg 1000w, https:\/\/www.italpassion.fr\/wp-content\/uploads\/2021\/05\/lamborghini-huracan-6-600x400.jpg 600w, https:\/\/www.italpassion.fr\/wp-content\/uploads\/2021\/05\/lamborghini-huracan-6-300x200.jpg 300w, https:\/\/www.italpassion.fr\/wp-content\/uploads\/2021\/05\/lamborghini-huracan-6-768x512.jpg 768w, https:\/\/www.italpassion.fr\/wp-content\/uploads\/2021\/05\/lamborghini-huracan-6-561x374.jpg 561w, https:\/\/www.italpassion.fr\/wp-content\/uploads\/2021\/05\/lamborghini-huracan-6-265x177.jpg 265w, https:\/\/www.italpassion.fr\/wp-content\/uploads\/2021\/05\/lamborghini-huracan-6-531x354.jpg 531w, https:\/\/www.italpassion.fr\/wp-content\/uploads\/2021\/05\/lamborghini-huracan-6-364x243.jpg 364w, https:\/\/www.italpassion.fr\/wp-content\/uploads\/2021\/05\/lamborghini-huracan-6-728x486.jpg 728w, https:\/\/www.italpassion.fr\/wp-content\/uploads\/2021\/05\/lamborghini-huracan-6-608x406.jpg 608w, https:\/\/www.italpassion.fr\/wp-content\/uploads\/2021\/05\/lamborghini-huracan-6-758x506.jpg 758w\" sizes=\"auto, (max-width: 1000px) 100vw, 1000px\" \/><\/figure>\n\n\n\n<h2 class=\"wp-block-heading\">Curso de condu\u00e7\u00e3o para si<\/h2>\n\n\n\n<p>Pode tratar-se a si pr\u00f3prio! H\u00e1 quase 6 anos atr\u00e1s eu estava a fazer um\u00a0<a href=\"https:\/\/www.italpassion.fr\/pt\/4716-essai-lamborghini-huracan.html\/\">Lamborghini Huracan experi\u00eancia de condu\u00e7\u00e3o<\/a>\u00a0no circuito de Fay de Bretagne. Um momento inesquec\u00edvel e aprender a conduzir num circuito.<\/p>\n\n\n\n<figure class=\"wp-block-image size-large\"><img loading=\"lazy\" decoding=\"async\" width=\"1000\" height=\"589\" src=\"https:\/\/www.italpassion.fr\/wp-content\/uploads\/2021\/05\/lamborghini-huracan-jante-italpassion.jpg\" alt=\"\" class=\"wp-image-29291\" srcset=\"https:\/\/www.italpassion.fr\/wp-content\/uploads\/2021\/05\/lamborghini-huracan-jante-italpassion.jpg 1000w, https:\/\/www.italpassion.fr\/wp-content\/uploads\/2021\/05\/lamborghini-huracan-jante-italpassion-600x353.jpg 600w, https:\/\/www.italpassion.fr\/wp-content\/uploads\/2021\/05\/lamborghini-huracan-jante-italpassion-300x177.jpg 300w, https:\/\/www.italpassion.fr\/wp-content\/uploads\/2021\/05\/lamborghini-huracan-jante-italpassion-768x452.jpg 768w, https:\/\/www.italpassion.fr\/wp-content\/uploads\/2021\/05\/lamborghini-huracan-jante-italpassion-561x330.jpg 561w, https:\/\/www.italpassion.fr\/wp-content\/uploads\/2021\/05\/lamborghini-huracan-jante-italpassion-265x156.jpg 265w, https:\/\/www.italpassion.fr\/wp-content\/uploads\/2021\/05\/lamborghini-huracan-jante-italpassion-531x313.jpg 531w, https:\/\/www.italpassion.fr\/wp-content\/uploads\/2021\/05\/lamborghini-huracan-jante-italpassion-364x214.jpg 364w, https:\/\/www.italpassion.fr\/wp-content\/uploads\/2021\/05\/lamborghini-huracan-jante-italpassion-728x429.jpg 728w, https:\/\/www.italpassion.fr\/wp-content\/uploads\/2021\/05\/lamborghini-huracan-jante-italpassion-608x358.jpg 608w, https:\/\/www.italpassion.fr\/wp-content\/uploads\/2021\/05\/lamborghini-huracan-jante-italpassion-758x446.jpg 758w\" sizes=\"auto, (max-width: 1000px) 100vw, 1000px\" \/><\/figure>\n\n\n\n<h2 class=\"wp-block-heading\">Curso de condu\u00e7\u00e3o a oferecer<\/h2>\n\n\n\n<p>Tem um ente querido que ama supercarros italianos e est\u00e1 \u00e0 procura de uma ideia de presente? O curso de condu\u00e7\u00e3o Lamborghini \u00e9 ideal. Por algumas centenas de euros pode oferecer um momento inesquec\u00edvel em sensa\u00e7\u00f5es e algumas t\u00e9cnicas de condu\u00e7\u00e3o num circuito.<\/p>\n\n\n\n<figure class=\"wp-block-image size-large\"><img loading=\"lazy\" decoding=\"async\" width=\"994\" height=\"664\" src=\"https:\/\/www.italpassion.fr\/wp-content\/uploads\/2021\/05\/stage-pilotage-lamborghini.jpg\" alt=\"\" class=\"wp-image-29292\" srcset=\"https:\/\/www.italpassion.fr\/wp-content\/uploads\/2021\/05\/stage-pilotage-lamborghini.jpg 994w, https:\/\/www.italpassion.fr\/wp-content\/uploads\/2021\/05\/stage-pilotage-lamborghini-600x401.jpg 600w, https:\/\/www.italpassion.fr\/wp-content\/uploads\/2021\/05\/stage-pilotage-lamborghini-300x200.jpg 300w, https:\/\/www.italpassion.fr\/wp-content\/uploads\/2021\/05\/stage-pilotage-lamborghini-768x513.jpg 768w, https:\/\/www.italpassion.fr\/wp-content\/uploads\/2021\/05\/stage-pilotage-lamborghini-561x375.jpg 561w, https:\/\/www.italpassion.fr\/wp-content\/uploads\/2021\/05\/stage-pilotage-lamborghini-265x177.jpg 265w, https:\/\/www.italpassion.fr\/wp-content\/uploads\/2021\/05\/stage-pilotage-lamborghini-531x355.jpg 531w, https:\/\/www.italpassion.fr\/wp-content\/uploads\/2021\/05\/stage-pilotage-lamborghini-364x243.jpg 364w, https:\/\/www.italpassion.fr\/wp-content\/uploads\/2021\/05\/stage-pilotage-lamborghini-728x486.jpg 728w, https:\/\/www.italpassion.fr\/wp-content\/uploads\/2021\/05\/stage-pilotage-lamborghini-608x406.jpg 608w, https:\/\/www.italpassion.fr\/wp-content\/uploads\/2021\/05\/stage-pilotage-lamborghini-758x506.jpg 758w\" sizes=\"auto, (max-width: 994px) 100vw, 994px\" \/><\/figure>\n\n\n\n<h2 class=\"wp-block-heading\">Como escolher uma experi\u00eancia de condu\u00e7\u00e3o Lamborghini<\/h2>\n\n\n\n<p>Os fornecedores de\u00a0<strong>Experi\u00eancia de condu\u00e7\u00e3o Lamborghini<\/strong>\u00a0s\u00e3o numerosos na Internet. Por exemplo, pode\u00a0<a href=\"https:\/\/www.sport-decouverte.com\/stage-lamborghini.html\">conduzir um Lamborghini com Decouverte Sport<\/a>. Dever\u00e1 utilizar os seguintes crit\u00e9rios para o ajudar a escolher a escola de voo certa.<\/p>\n\n\n\n<p><strong>A digress\u00e3o :&nbsp;<\/strong>olhar para os circuitos mais pr\u00f3ximos de si. Um curso de condu\u00e7\u00e3o dura geralmente menos de meio dia. A viagem de regresso ser\u00e1 feita no mesmo dia. Se tiver o luxo de ter v\u00e1rios circuitos por perto, seleccione o mais simples se for um principiante, o mais t\u00e9cnico se tiver experi\u00eancia.<\/p>\n\n\n\n<p><strong>O modelo :&nbsp;<\/strong>Existem v\u00e1rios Lamborghinis: Aventador, Gallardo, Huracan, Urus... Se comparar v\u00e1rios fornecedores, certifique-se de que est\u00e1 no mesmo modelo.<\/p>\n\n\n\n<p><strong>A rela\u00e7\u00e3o pre\u00e7o\/volume :<\/strong>&nbsp;O crit\u00e9rio mais comum \u00e9 o pre\u00e7o por viagem. Portanto, compare os pre\u00e7os dos diferentes fornecedores para o mesmo passeio.<\/p>\n\n\n\n<p><strong>Coment\u00e1rios de clientes :&nbsp;<\/strong>Finalmente, verifique as revis\u00f5es dos clientes. Os agentes de registo s\u00e3o muitas vezes qualificados, devem ser educacionais e ter a certeza de ter o melhor tempo poss\u00edvel.<\/p>\n\n\n\n<p>Tem agora toda a informa\u00e7\u00e3o necess\u00e1ria para escolher a sua experi\u00eancia de condu\u00e7\u00e3o Lamborghini. Divirtam-se!<\/p>","protected":false},"excerpt":{"rendered":"","protected":false},"author":1,"featured_media":0,"parent":0,"menu_order":0,"comment_status":"closed","ping_status":"closed","template":"g1-template-page-full.php","meta":{"_acf_changed":false,"_sitemap_exclude":false,"_sitemap_priority":"","_sitemap_frequency":"","footnotes":""},"class_list":["post-29289","page","type-page","status-publish"],"acf":[],"yoast_head":"<!-- This site is optimized with the Yoast SEO plugin v25.8 - https:\/\/yoast.com\/wordpress\/plugins\/seo\/ -->\n<title>Stage de pilotage Lamborghini - ItalPassion<\/title>\n<meta name=\"robots\" content=\"index, follow, max-snippet:-1, max-image-preview:large, max-video-preview:-1\" \/>\n<link rel=\"canonical\" href=\"https:\/\/www.italpassion.fr\/pt\/driving-internship-lamborghini\/\" \/>\n<meta property=\"og:locale\" content=\"pt_PT\" \/>\n<meta property=\"og:type\" content=\"article\" \/>\n<meta property=\"og:title\" content=\"Stage de pilotage Lamborghini - ItalPassion\" \/>\n<meta property=\"og:description\" content=\"&hellip;\" \/>\n<meta property=\"og:url\" content=\"https:\/\/www.italpassion.fr\/pt\/driving-internship-lamborghini\/\" \/>\n<meta property=\"og:site_name\" content=\"ItalPassion\" \/>\n<meta property=\"article:publisher\" content=\"https:\/\/www.facebook.com\/italpassion\" \/>\n<meta property=\"article:modified_time\" content=\"2021-05-05T11:53:02+00:00\" \/>\n<meta property=\"og:image\" content=\"https:\/\/www.italpassion.fr\/wp-content\/uploads\/2021\/05\/lamborghini-huracan-6.jpg\" \/>\n<meta name=\"twitter:card\" content=\"summary_large_image\" \/>\n<meta name=\"twitter:site\" content=\"@italpassion\" \/>\n<script type=\"application\/ld+json\" class=\"yoast-schema-graph\">{\"@context\":\"https:\/\/schema.org\",\"@graph\":[{\"@type\":\"WebPage\",\"@id\":\"https:\/\/www.italpassion.fr\/pt\/stage-de-pilotage-lamborghini\/\",\"url\":\"https:\/\/www.italpassion.fr\/pt\/stage-de-pilotage-lamborghini\/\",\"name\":\"Stage de pilotage Lamborghini - ItalPassion\",\"isPartOf\":{\"@id\":\"https:\/\/www.italpassion.fr\/pt\/#website\"},\"primaryImageOfPage\":{\"@id\":\"https:\/\/www.italpassion.fr\/pt\/stage-de-pilotage-lamborghini\/#primaryimage\"},\"image\":{\"@id\":\"https:\/\/www.italpassion.fr\/pt\/stage-de-pilotage-lamborghini\/#primaryimage\"},\"thumbnailUrl\":\"https:\/\/www.italpassion.fr\/wp-content\/uploads\/2021\/05\/lamborghini-huracan-6.jpg\",\"datePublished\":\"2021-05-05T11:53:01+00:00\",\"dateModified\":\"2021-05-05T11:53:02+00:00\",\"breadcrumb\":{\"@id\":\"https:\/\/www.italpassion.fr\/pt\/stage-de-pilotage-lamborghini\/#breadcrumb\"},\"inLanguage\":\"pt-PT\",\"potentialAction\":[{\"@type\":\"ReadAction\",\"target\":[\"https:\/\/www.italpassion.fr\/pt\/stage-de-pilotage-lamborghini\/\"]}]},{\"@type\":\"ImageObject\",\"inLanguage\":\"pt-PT\",\"@id\":\"https:\/\/www.italpassion.fr\/pt\/stage-de-pilotage-lamborghini\/#primaryimage\",\"url\":\"https:\/\/www.italpassion.fr\/wp-content\/uploads\/2021\/05\/lamborghini-huracan-6.jpg\",\"contentUrl\":\"https:\/\/www.italpassion.fr\/wp-content\/uploads\/2021\/05\/lamborghini-huracan-6.jpg\"},{\"@type\":\"BreadcrumbList\",\"@id\":\"https:\/\/www.italpassion.fr\/pt\/stage-de-pilotage-lamborghini\/#breadcrumb\",\"itemListElement\":[{\"@type\":\"ListItem\",\"position\":1,\"name\":\"Accueil\",\"item\":\"https:\/\/www.italpassion.fr\/pt\/\"},{\"@type\":\"ListItem\",\"position\":2,\"name\":\"Stage de pilotage Lamborghini\"}]},{\"@type\":\"WebSite\",\"@id\":\"https:\/\/www.italpassion.fr\/pt\/#website\",\"url\":\"https:\/\/www.italpassion.fr\/pt\/\",\"name\":\"ItalPassion\",\"description\":\"Les Passionn\u00e9s d&#039;Automobiles Italiennes\",\"publisher\":{\"@id\":\"https:\/\/www.italpassion.fr\/pt\/#organization\"},\"potentialAction\":[{\"@type\":\"SearchAction\",\"target\":{\"@type\":\"EntryPoint\",\"urlTemplate\":\"https:\/\/www.italpassion.fr\/pt\/?s={search_term_string}\"},\"query-input\":{\"@type\":\"PropertyValueSpecification\",\"valueRequired\":true,\"valueName\":\"search_term_string\"}}],\"inLanguage\":\"pt-PT\"},{\"@type\":\"Organization\",\"@id\":\"https:\/\/www.italpassion.fr\/pt\/#organization\",\"name\":\"Italpassion\",\"url\":\"https:\/\/www.italpassion.fr\/pt\/\",\"logo\":{\"@type\":\"ImageObject\",\"inLanguage\":\"pt-PT\",\"@id\":\"https:\/\/www.italpassion.fr\/pt\/#\/schema\/logo\/image\/\",\"url\":\"https:\/\/www.italpassion.fr\/wp-content\/uploads\/2023\/07\/italpassion-yoast.jpg\",\"contentUrl\":\"https:\/\/www.italpassion.fr\/wp-content\/uploads\/2023\/07\/italpassion-yoast.jpg\",\"width\":696,\"height\":696,\"caption\":\"Italpassion\"},\"image\":{\"@id\":\"https:\/\/www.italpassion.fr\/pt\/#\/schema\/logo\/image\/\"},\"sameAs\":[\"https:\/\/www.facebook.com\/italpassion\",\"https:\/\/x.com\/italpassion\",\"https:\/\/www.instagram.com\/italpassionfr\/\",\"https:\/\/www.youtube.com\/channel\/UCleq-ByQaA42OjhopwevRjQ\",\"https:\/\/www.facebook.com\/italpassion.en\/\",\"https:\/\/www.facebook.com\/italpassion.it\/\",\"https:\/\/www.facebook.com\/italpassion.de\/\",\"https:\/\/www.facebook.com\/italpassion.ja\/\"]}]}<\/script>\n<!-- \/ Yoast SEO plugin. -->","yoast_head_json":{"title":"Experi\u00eancia de condu\u00e7\u00e3o Lamborghini - ItalPassion","robots":{"index":"index","follow":"follow","max-snippet":"max-snippet:-1","max-image-preview":"max-image-preview:large","max-video-preview":"max-video-preview:-1"},"canonical":"https:\/\/www.italpassion.fr\/pt\/driving-internship-lamborghini\/","og_locale":"pt_PT","og_type":"article","og_title":"Stage de pilotage Lamborghini - ItalPassion","og_description":"&hellip;","og_url":"https:\/\/www.italpassion.fr\/pt\/driving-internship-lamborghini\/","og_site_name":"ItalPassion","article_publisher":"https:\/\/www.facebook.com\/italpassion","article_modified_time":"2021-05-05T11:53:02+00:00","og_image":[{"url":"https:\/\/www.italpassion.fr\/wp-content\/uploads\/2021\/05\/lamborghini-huracan-6.jpg","type":"","width":"","height":""}],"twitter_card":"summary_large_image","twitter_site":"@italpassion","schema":{"@context":"https:\/\/schema.org","@graph":[{"@type":"WebPage","@id":"https:\/\/www.italpassion.fr\/pt\/stage-de-pilotage-lamborghini\/","url":"https:\/\/www.italpassion.fr\/pt\/stage-de-pilotage-lamborghini\/","name":"Experi\u00eancia de condu\u00e7\u00e3o Lamborghini - ItalPassion","isPartOf":{"@id":"https:\/\/www.italpassion.fr\/pt\/#website"},"primaryImageOfPage":{"@id":"https:\/\/www.italpassion.fr\/pt\/stage-de-pilotage-lamborghini\/#primaryimage"},"image":{"@id":"https:\/\/www.italpassion.fr\/pt\/stage-de-pilotage-lamborghini\/#primaryimage"},"thumbnailUrl":"https:\/\/www.italpassion.fr\/wp-content\/uploads\/2021\/05\/lamborghini-huracan-6.jpg","datePublished":"2021-05-05T11:53:01+00:00","dateModified":"2021-05-05T11:53:02+00:00","breadcrumb":{"@id":"https:\/\/www.italpassion.fr\/pt\/stage-de-pilotage-lamborghini\/#breadcrumb"},"inLanguage":"pt-PT","potentialAction":[{"@type":"ReadAction","target":["https:\/\/www.italpassion.fr\/pt\/stage-de-pilotage-lamborghini\/"]}]},{"@type":"ImageObject","inLanguage":"pt-PT","@id":"https:\/\/www.italpassion.fr\/pt\/stage-de-pilotage-lamborghini\/#primaryimage","url":"https:\/\/www.italpassion.fr\/wp-content\/uploads\/2021\/05\/lamborghini-huracan-6.jpg","contentUrl":"https:\/\/www.italpassion.fr\/wp-content\/uploads\/2021\/05\/lamborghini-huracan-6.jpg"},{"@type":"BreadcrumbList","@id":"https:\/\/www.italpassion.fr\/pt\/stage-de-pilotage-lamborghini\/#breadcrumb","itemListElement":[{"@type":"ListItem","position":1,"name":"Accueil","item":"https:\/\/www.italpassion.fr\/pt\/"},{"@type":"ListItem","position":2,"name":"Stage de pilotage Lamborghini"}]},{"@type":"WebSite","@id":"https:\/\/www.italpassion.fr\/pt\/#website","url":"https:\/\/www.italpassion.fr\/pt\/","name":"ItalPassion","description":"Entusiastas de autom\u00f3veis italianos","publisher":{"@id":"https:\/\/www.italpassion.fr\/pt\/#organization"},"potentialAction":[{"@type":"SearchAction","target":{"@type":"EntryPoint","urlTemplate":"https:\/\/www.italpassion.fr\/pt\/?s={search_term_string}"},"query-input":{"@type":"PropertyValueSpecification","valueRequired":true,"valueName":"search_term_string"}}],"inLanguage":"pt-PT"},{"@type":"Organization","@id":"https:\/\/www.italpassion.fr\/pt\/#organization","name":"Italpassion","url":"https:\/\/www.italpassion.fr\/pt\/","logo":{"@type":"ImageObject","inLanguage":"pt-PT","@id":"https:\/\/www.italpassion.fr\/pt\/#\/schema\/logo\/image\/","url":"https:\/\/www.italpassion.fr\/wp-content\/uploads\/2023\/07\/italpassion-yoast.jpg","contentUrl":"https:\/\/www.italpassion.fr\/wp-content\/uploads\/2023\/07\/italpassion-yoast.jpg","width":696,"height":696,"caption":"Italpassion"},"image":{"@id":"https:\/\/www.italpassion.fr\/pt\/#\/schema\/logo\/image\/"},"sameAs":["https:\/\/www.facebook.com\/italpassion","https:\/\/x.com\/italpassion","https:\/\/www.instagram.com\/italpassionfr\/","https:\/\/www.youtube.com\/channel\/UCleq-ByQaA42OjhopwevRjQ","https:\/\/www.facebook.com\/italpassion.en\/","https:\/\/www.facebook.com\/italpassion.it\/","https:\/\/www.facebook.com\/italpassion.de\/","https:\/\/www.facebook.com\/italpassion.ja\/"]}]}},"_links":{"self":[{"href":"https:\/\/www.italpassion.fr\/pt\/wp-json\/wp\/v2\/pages\/29289","targetHints":{"allow":["GET"]}}],"collection":[{"href":"https:\/\/www.italpassion.fr\/pt\/wp-json\/wp\/v2\/pages"}],"about":[{"href":"https:\/\/www.italpassion.fr\/pt\/wp-json\/wp\/v2\/types\/page"}],"author":[{"embeddable":true,"href":"https:\/\/www.italpassion.fr\/pt\/wp-json\/wp\/v2\/users\/1"}],"replies":[{"embeddable":true,"href":"https:\/\/www.italpassion.fr\/pt\/wp-json\/wp\/v2\/comments?post=29289"}],"version-history":[{"count":1,"href":"https:\/\/www.italpassion.fr\/pt\/wp-json\/wp\/v2\/pages\/29289\/revisions"}],"predecessor-version":[{"id":29293,"href":"https:\/\/www.italpassion.fr\/pt\/wp-json\/wp\/v2\/pages\/29289\/revisions\/29293"}],"wp:attachment":[{"href":"https:\/\/www.italpassion.fr\/pt\/wp-json\/wp\/v2\/media?parent=29289"}],"curies":[{"name":"wp","href":"https:\/\/api.w.org\/{rel}","templated":true}]}}