{"id":29285,"date":"2021-05-05T13:48:29","date_gmt":"2021-05-05T11:48:29","guid":{"rendered":"https:\/\/www.italpassion.fr\/?page_id=29285"},"modified":"2021-05-05T13:49:23","modified_gmt":"2021-05-05T11:49:23","slug":"grey-fiat-card","status":"publish","type":"page","link":"https:\/\/www.italpassion.fr\/pt\/carte-grise-fiat\/","title":{"rendered":"Registo autom\u00f3vel Fiat"},"content":{"rendered":"<p>Vai comprar um\u00a0<a href=\"https:\/\/www.italpassion.fr\/pt\/fiat\/\">Fiat<\/a>\u00a0ou um Fiat usado? Alguma vez usou um\u00a0<a href=\"https:\/\/www.italpassion.fr\/pt\/fiat-insurance-comparator\/\">Comparador de seguros Fiat\u00a0<\/a>e agora quer saber o\u00a0<strong>pre\u00e7o do documento de registo para o seu futuro Fiat<\/strong>\u00a0? Veio ao lugar certo.<\/p>\n\n\n\n<h2 class=\"wp-block-heading\">Simulador de pre\u00e7os de registo de autom\u00f3veis Fiat<\/h2>\n\n\n\n<p>H\u00e1 muitos simuladores para calcular o pre\u00e7o de\u00a0<a href=\"https:\/\/www.cartegriseminute.fr\/carte-grise-en-ligne.php\">o seu documento de registo autom\u00f3vel em linha<\/a>. Estes simuladores trabalham para a Fiat moderna, jovens temporizadores e colec\u00e7\u00f5es: Fiat Punto, Fiat Grande Punto, Fiat Tipo, Fiat Bravo, Fiat Panda, Fiat 500, Fiat 500C, Fiat 500L, Fiat 500X, Fiat 124 Spider,...<\/p>\n\n\n\n<h2 class=\"wp-block-heading\">Calcular o pre\u00e7o de um registo de autom\u00f3vel Fiat<\/h2>\n\n\n\n<p>O&nbsp;<strong>O pre\u00e7o de um documento de matr\u00edcula de ve\u00edculo \u00e9 calculado de acordo com v\u00e1rios crit\u00e9rios<\/strong>Al\u00e9m disso, se o seu Fiat tiver mais de 10 anos, o pre\u00e7o do documento de matr\u00edcula do ve\u00edculo \u00e9 reduzido em 50 %.<\/p>\n\n\n\n<p>H\u00e1 tantos crit\u00e9rios que \u00e9 mais f\u00e1cil utilizar um simulador de pre\u00e7os de registo de autom\u00f3veis.<\/p>\n\n\n\n<h2 class=\"wp-block-heading\">Sobretaxa de cart\u00e3o cinzento 2019<\/h2>\n\n\n\n<p>Quer seja novo ou usado, o pre\u00e7o do documento de matr\u00edcula do ve\u00edculo deve ser acrescentado a\u00a0<strong>uma penaliza\u00e7\u00e3o de acordo com as emiss\u00f5es de CO2<\/strong>. Esta escala evolui todos os anos, uma fixa para os ve\u00edculos novos e uma degressiva por anos de circula\u00e7\u00e3o para os ve\u00edculos em segunda m\u00e3o. Toda a informa\u00e7\u00e3o sobre o\u00a0<a href=\"https:\/\/www.service-public.fr\/particuliers\/vosdroits\/F19911\">website do governo<\/a>. Como a Fiat n\u00e3o tem actualmente nenhum carro h\u00edbrido ou totalmente el\u00e9ctrico, ser\u00e1 necess\u00e1rio pagar uma penaliza\u00e7\u00e3o.<\/p>\n\n\n\n<p>Tamb\u00e9m aqui, para maior comodidade, recomendamos a utiliza\u00e7\u00e3o de um simulador de pre\u00e7os de registo de autom\u00f3veis.<\/p>\n\n\n\n<h2 class=\"wp-block-heading\">Mudan\u00e7a de resid\u00eancia<\/h2>\n\n\n\n<p>Est\u00e1 a mudar a sua resid\u00eancia e precisa de\u00a0<strong>registe o seu Fiat num novo endere\u00e7o<\/strong>\u00a0? Tem um m\u00eas antes da data da mudan\u00e7a e um m\u00eas depois de deixar o seu antigo endere\u00e7o para proceder \u00e0 mudan\u00e7a de endere\u00e7o no documento de registo do seu Fiat. Fique descansado, \u00e9 muito simples e pode ser feito online gra\u00e7as ao\u00a0<a href=\"https:\/\/www.demarches.interieur.gouv.fr\/particuliers\/changer-adresse-carte-grise\">mudan\u00e7a de endere\u00e7o no website do governo<\/a>.<\/p>","protected":false},"excerpt":{"rendered":"","protected":false},"author":1,"featured_media":0,"parent":0,"menu_order":0,"comment_status":"closed","ping_status":"closed","template":"g1-template-page-full.php","meta":{"_acf_changed":false,"_sitemap_exclude":false,"_sitemap_priority":"","_sitemap_frequency":"","footnotes":""},"class_list":["post-29285","page","type-page","status-publish"],"acf":[],"yoast_head":"<!-- This site is optimized with the Yoast SEO plugin v25.8 - https:\/\/yoast.com\/wordpress\/plugins\/seo\/ -->\n<title>Carte grise Fiat - ItalPassion<\/title>\n<meta name=\"robots\" content=\"index, follow, max-snippet:-1, max-image-preview:large, max-video-preview:-1\" \/>\n<link rel=\"canonical\" href=\"https:\/\/www.italpassion.fr\/pt\/grey-fiat-card\/\" \/>\n<meta property=\"og:locale\" content=\"pt_PT\" \/>\n<meta property=\"og:type\" content=\"article\" \/>\n<meta property=\"og:title\" content=\"Carte grise Fiat - ItalPassion\" \/>\n<meta property=\"og:description\" content=\"&hellip;\" \/>\n<meta property=\"og:url\" content=\"https:\/\/www.italpassion.fr\/pt\/grey-fiat-card\/\" \/>\n<meta property=\"og:site_name\" content=\"ItalPassion\" \/>\n<meta property=\"article:publisher\" content=\"https:\/\/www.facebook.com\/italpassion\" \/>\n<meta property=\"article:modified_time\" content=\"2021-05-05T11:49:23+00:00\" \/>\n<meta name=\"twitter:card\" content=\"summary_large_image\" \/>\n<meta name=\"twitter:site\" content=\"@italpassion\" \/>\n<script type=\"application\/ld+json\" class=\"yoast-schema-graph\">{\"@context\":\"https:\/\/schema.org\",\"@graph\":[{\"@type\":\"WebPage\",\"@id\":\"https:\/\/www.italpassion.fr\/pt\/carte-grise-fiat\/\",\"url\":\"https:\/\/www.italpassion.fr\/pt\/carte-grise-fiat\/\",\"name\":\"Carte grise Fiat - ItalPassion\",\"isPartOf\":{\"@id\":\"https:\/\/www.italpassion.fr\/pt\/#website\"},\"datePublished\":\"2021-05-05T11:48:29+00:00\",\"dateModified\":\"2021-05-05T11:49:23+00:00\",\"breadcrumb\":{\"@id\":\"https:\/\/www.italpassion.fr\/pt\/carte-grise-fiat\/#breadcrumb\"},\"inLanguage\":\"pt-PT\",\"potentialAction\":[{\"@type\":\"ReadAction\",\"target\":[\"https:\/\/www.italpassion.fr\/pt\/carte-grise-fiat\/\"]}]},{\"@type\":\"BreadcrumbList\",\"@id\":\"https:\/\/www.italpassion.fr\/pt\/carte-grise-fiat\/#breadcrumb\",\"itemListElement\":[{\"@type\":\"ListItem\",\"position\":1,\"name\":\"Accueil\",\"item\":\"https:\/\/www.italpassion.fr\/pt\/\"},{\"@type\":\"ListItem\",\"position\":2,\"name\":\"Carte grise Fiat\"}]},{\"@type\":\"WebSite\",\"@id\":\"https:\/\/www.italpassion.fr\/pt\/#website\",\"url\":\"https:\/\/www.italpassion.fr\/pt\/\",\"name\":\"ItalPassion\",\"description\":\"Les Passionn\u00e9s d&#039;Automobiles Italiennes\",\"publisher\":{\"@id\":\"https:\/\/www.italpassion.fr\/pt\/#organization\"},\"potentialAction\":[{\"@type\":\"SearchAction\",\"target\":{\"@type\":\"EntryPoint\",\"urlTemplate\":\"https:\/\/www.italpassion.fr\/pt\/?s={search_term_string}\"},\"query-input\":{\"@type\":\"PropertyValueSpecification\",\"valueRequired\":true,\"valueName\":\"search_term_string\"}}],\"inLanguage\":\"pt-PT\"},{\"@type\":\"Organization\",\"@id\":\"https:\/\/www.italpassion.fr\/pt\/#organization\",\"name\":\"Italpassion\",\"url\":\"https:\/\/www.italpassion.fr\/pt\/\",\"logo\":{\"@type\":\"ImageObject\",\"inLanguage\":\"pt-PT\",\"@id\":\"https:\/\/www.italpassion.fr\/pt\/#\/schema\/logo\/image\/\",\"url\":\"https:\/\/www.italpassion.fr\/wp-content\/uploads\/2023\/07\/italpassion-yoast.jpg\",\"contentUrl\":\"https:\/\/www.italpassion.fr\/wp-content\/uploads\/2023\/07\/italpassion-yoast.jpg\",\"width\":696,\"height\":696,\"caption\":\"Italpassion\"},\"image\":{\"@id\":\"https:\/\/www.italpassion.fr\/pt\/#\/schema\/logo\/image\/\"},\"sameAs\":[\"https:\/\/www.facebook.com\/italpassion\",\"https:\/\/x.com\/italpassion\",\"https:\/\/www.instagram.com\/italpassionfr\/\",\"https:\/\/www.youtube.com\/channel\/UCleq-ByQaA42OjhopwevRjQ\",\"https:\/\/www.facebook.com\/italpassion.en\/\",\"https:\/\/www.facebook.com\/italpassion.it\/\",\"https:\/\/www.facebook.com\/italpassion.de\/\",\"https:\/\/www.facebook.com\/italpassion.ja\/\"]}]}<\/script>\n<!-- \/ Yoast SEO plugin. -->","yoast_head_json":{"title":"Registo autom\u00f3vel Fiat - ItalPassion","robots":{"index":"index","follow":"follow","max-snippet":"max-snippet:-1","max-image-preview":"max-image-preview:large","max-video-preview":"max-video-preview:-1"},"canonical":"https:\/\/www.italpassion.fr\/pt\/grey-fiat-card\/","og_locale":"pt_PT","og_type":"article","og_title":"Carte grise Fiat - ItalPassion","og_description":"&hellip;","og_url":"https:\/\/www.italpassion.fr\/pt\/grey-fiat-card\/","og_site_name":"ItalPassion","article_publisher":"https:\/\/www.facebook.com\/italpassion","article_modified_time":"2021-05-05T11:49:23+00:00","twitter_card":"summary_large_image","twitter_site":"@italpassion","schema":{"@context":"https:\/\/schema.org","@graph":[{"@type":"WebPage","@id":"https:\/\/www.italpassion.fr\/pt\/carte-grise-fiat\/","url":"https:\/\/www.italpassion.fr\/pt\/carte-grise-fiat\/","name":"Registo autom\u00f3vel Fiat - ItalPassion","isPartOf":{"@id":"https:\/\/www.italpassion.fr\/pt\/#website"},"datePublished":"2021-05-05T11:48:29+00:00","dateModified":"2021-05-05T11:49:23+00:00","breadcrumb":{"@id":"https:\/\/www.italpassion.fr\/pt\/carte-grise-fiat\/#breadcrumb"},"inLanguage":"pt-PT","potentialAction":[{"@type":"ReadAction","target":["https:\/\/www.italpassion.fr\/pt\/carte-grise-fiat\/"]}]},{"@type":"BreadcrumbList","@id":"https:\/\/www.italpassion.fr\/pt\/carte-grise-fiat\/#breadcrumb","itemListElement":[{"@type":"ListItem","position":1,"name":"Accueil","item":"https:\/\/www.italpassion.fr\/pt\/"},{"@type":"ListItem","position":2,"name":"Carte grise Fiat"}]},{"@type":"WebSite","@id":"https:\/\/www.italpassion.fr\/pt\/#website","url":"https:\/\/www.italpassion.fr\/pt\/","name":"ItalPassion","description":"Entusiastas de autom\u00f3veis italianos","publisher":{"@id":"https:\/\/www.italpassion.fr\/pt\/#organization"},"potentialAction":[{"@type":"SearchAction","target":{"@type":"EntryPoint","urlTemplate":"https:\/\/www.italpassion.fr\/pt\/?s={search_term_string}"},"query-input":{"@type":"PropertyValueSpecification","valueRequired":true,"valueName":"search_term_string"}}],"inLanguage":"pt-PT"},{"@type":"Organization","@id":"https:\/\/www.italpassion.fr\/pt\/#organization","name":"Italpassion","url":"https:\/\/www.italpassion.fr\/pt\/","logo":{"@type":"ImageObject","inLanguage":"pt-PT","@id":"https:\/\/www.italpassion.fr\/pt\/#\/schema\/logo\/image\/","url":"https:\/\/www.italpassion.fr\/wp-content\/uploads\/2023\/07\/italpassion-yoast.jpg","contentUrl":"https:\/\/www.italpassion.fr\/wp-content\/uploads\/2023\/07\/italpassion-yoast.jpg","width":696,"height":696,"caption":"Italpassion"},"image":{"@id":"https:\/\/www.italpassion.fr\/pt\/#\/schema\/logo\/image\/"},"sameAs":["https:\/\/www.facebook.com\/italpassion","https:\/\/x.com\/italpassion","https:\/\/www.instagram.com\/italpassionfr\/","https:\/\/www.youtube.com\/channel\/UCleq-ByQaA42OjhopwevRjQ","https:\/\/www.facebook.com\/italpassion.en\/","https:\/\/www.facebook.com\/italpassion.it\/","https:\/\/www.facebook.com\/italpassion.de\/","https:\/\/www.facebook.com\/italpassion.ja\/"]}]}},"_links":{"self":[{"href":"https:\/\/www.italpassion.fr\/pt\/wp-json\/wp\/v2\/pages\/29285","targetHints":{"allow":["GET"]}}],"collection":[{"href":"https:\/\/www.italpassion.fr\/pt\/wp-json\/wp\/v2\/pages"}],"about":[{"href":"https:\/\/www.italpassion.fr\/pt\/wp-json\/wp\/v2\/types\/page"}],"author":[{"embeddable":true,"href":"https:\/\/www.italpassion.fr\/pt\/wp-json\/wp\/v2\/users\/1"}],"replies":[{"embeddable":true,"href":"https:\/\/www.italpassion.fr\/pt\/wp-json\/wp\/v2\/comments?post=29285"}],"version-history":[{"count":2,"href":"https:\/\/www.italpassion.fr\/pt\/wp-json\/wp\/v2\/pages\/29285\/revisions"}],"predecessor-version":[{"id":29287,"href":"https:\/\/www.italpassion.fr\/pt\/wp-json\/wp\/v2\/pages\/29285\/revisions\/29287"}],"wp:attachment":[{"href":"https:\/\/www.italpassion.fr\/pt\/wp-json\/wp\/v2\/media?parent=29285"}],"curies":[{"name":"wp","href":"https:\/\/api.w.org\/{rel}","templated":true}]}}