{"id":29109,"date":"2021-04-30T12:40:35","date_gmt":"2021-04-30T10:40:35","guid":{"rendered":"https:\/\/www.italpassion.fr\/?page_id=29109"},"modified":"2026-04-01T10:17:24","modified_gmt":"2026-04-01T08:17:24","slug":"equipa","status":"publish","type":"page","link":"https:\/\/www.italpassion.fr\/pt\/equipe\/","title":{"rendered":"A equipa"},"content":{"rendered":"<p>Desde 2012, a ItalPassion \u00e9 uma equipa de entusiastas de autom\u00f3veis italianos. Analisamos as novidades das marcas, os resultados das competi\u00e7\u00f5es e efectuamos alguns test drives.<\/p>\n\n\n\n<p>Descubra a equipa de escritores que partilham esta paix\u00e3o consigo, escrevendo o conte\u00fado deste s\u00edtio. Se desejar contactar-nos, utilize o formul\u00e1rio de contacto abaixo. <a href=\"https:\/\/www.italpassion.fr\/pt\/contacto\/\">formul\u00e1rio de contacto<\/a>.<\/p>\n\n\n\n<div class=\"wp-block-columns is-layout-flex wp-container-core-columns-is-layout-9d6595d7 wp-block-columns-is-layout-flex\">\n<div class=\"wp-block-column is-layout-flow wp-block-column-is-layout-flow\">\n<h2 class=\"wp-block-heading\"><a href=\"https:\/\/www.italpassion.fr\/pt\/autor\/alexandre\/\">Alexandre Filluzeau<\/a><\/h2>\n\n\n\n<p>Fundador e editor-chefe. <\/p>\n\n\n\n<p>Apaixonado pelas belas linhas italianas. <\/p>\n\n\n\n<p>Possu\u00ed um Fiat Punto, um Alfa Romeo 159 e um Alfa Romeo Giulia. <\/p>\n\n\n\n<p>Hoje sou propriet\u00e1rio de um Alfa Romeo MITo, um Maserati GranTurismo, uma Lancia Fulvia e uma Ducati 695 Ducati Dark.<\/p>\n<\/div>\n\n\n\n<div class=\"wp-block-column is-layout-flow wp-block-column-is-layout-flow\">\n<h2 class=\"wp-block-heading\"><a href=\"https:\/\/www.italpassion.fr\/pt\/autor\/andy\/\">Andy David<\/a><\/h2>\n\n\n\n<p>Escritor de desporto autom\u00f3vel.<\/p>\n\n\n\n<p>Andy David \u00e9 um jornalista especializado em desporto autom\u00f3vel. Vive em It\u00e1lia e visita regularmente o circuito de Fiorano. Vai partilhar consigo a sua paix\u00e3o pelo desporto autom\u00f3vel italiano.<\/p>\n<\/div>\n\n\n\n<div class=\"wp-block-column is-layout-flow wp-block-column-is-layout-flow\">\n<h2 class=\"wp-block-heading\"><a href=\"https:\/\/www.italpassion.fr\/pt\/autor\/nicolas\/\">Nicolas Anderbegani<\/a><\/h2>\n\n\n\n<p>Editor.<\/p>\n\n\n\n<p>O Nicolas \u00e9 um apaixonado pela hist\u00f3ria e pelo desporto autom\u00f3vel. Conduz um Alfa Romeo Giulietta e ter\u00e1 todo o prazer em partilhar consigo a sua paix\u00e3o pelos autom\u00f3veis italianos.<\/p>\n<\/div>\n<\/div>\n\n\n\n<div class=\"wp-block-columns is-layout-flex wp-container-core-columns-is-layout-9d6595d7 wp-block-columns-is-layout-flex\">\n<div class=\"wp-block-column is-layout-flow wp-block-column-is-layout-flow\">\n<h2 class=\"wp-block-heading\"><a href=\"https:\/\/www.italpassion.fr\/pt\/autor\/frederico\/\">Fr\u00e9d\u00e9ric B.<\/a><\/h2>\n\n\n\n<p>Editor.<\/p>\n\n\n\n<p>\u00c9 com prazer que vou escrever artigos sobre as not\u00edcias das nossas marcas italianas. Especializado nas not\u00edcias do grupo Stellantis, a estrat\u00e9gia em frente \u00e0 concorr\u00eancia, os planos de produtos, os balan\u00e7os financeiros, os sucessos, os activos ou os fracassos, espero satisfazer-vos sobre o n\u00famero e a qualidade dos artigos, que escreverei sem preconceitos, sem evitar as quest\u00f5es que incomodam, numa preocupa\u00e7\u00e3o de objectividade.<\/p>\n<\/div>\n\n\n\n<div class=\"wp-block-column is-layout-flow wp-block-column-is-layout-flow\">\n<h2 class=\"wp-block-heading\"><a href=\"https:\/\/www.italpassion.fr\/pt\/autor\/simao\/\">Simon Arces<\/a><\/h2>\n\n\n\n<p>Editor.<\/p>\n\n\n\n<p>28 anos de idade, sou de origem italiana e as minhas origens guiam a minha vida quotidiana. Como f\u00e3 da Nazionale, Juve e Scuderia Ferrari, \u00e9 com cora\u00e7\u00e3o e paix\u00e3o (como qualquer italiano auto-respeitador) que escrevo os meus artigos sobre os nossos belos carros italianos. O meu primeiro carro foi um Fiat Punto II em Bord\u00e9us, e eu estava orgulhoso dele. Tive a oportunidade de trabalhar durante dois anos no departamento de marketing do Maserati Luxembourg, e foi ent\u00e3o que me apaixonei literalmente pelo som do V8 do Maserati Granturismo.&nbsp;<\/p>\n<\/div>\n\n\n\n<div class=\"wp-block-column is-layout-flow wp-block-column-is-layout-flow\">\n<h2 class=\"wp-block-heading\">Julien Hismans<\/h2>\n\n\n\n<p>Co-fundador da ItalPassion.<\/p>\n\n\n\n<p>Apaixonado por motas e belas m\u00e1quinas em geral, Julien n\u00e3o \u00e9 insens\u00edvel aos encantos das belas motas italianas, tanto em duas como em quatro rodas. Com uma licenciatura em hist\u00f3ria em m\u00e3os, volta-se agora para a teia e espera fazer dela um lugar para si. Biker h\u00e1 seis anos e multiplicando conquistas, Julien ainda n\u00e3o encontrou uma mota para lhe servir, mas gosta da companhia da sua Yamaha FZ6.<\/p>\n\n\n\n<p><em>Nota do editor: O meu amigo Julien deixou-nos, infelizmente, muito cedo demais. Continua a ser um membro fundador em sua mem\u00f3ria.<\/em><\/p>\n<\/div>\n<\/div>\n\n\n\n<div class=\"wp-block-columns is-layout-flex wp-container-core-columns-is-layout-9d6595d7 wp-block-columns-is-layout-flex\">\n<div class=\"wp-block-column is-layout-flow wp-block-column-is-layout-flow\"><\/div>\n\n\n\n<div class=\"wp-block-column is-layout-flow wp-block-column-is-layout-flow\"><\/div>\n\n\n\n<div class=\"wp-block-column is-layout-flow wp-block-column-is-layout-flow\"><\/div>\n<\/div>\n\n\n\n<div class=\"wp-block-columns is-layout-flex wp-container-core-columns-is-layout-9d6595d7 wp-block-columns-is-layout-flex\">\n<div class=\"wp-block-column is-layout-flow wp-block-column-is-layout-flow\">\n<h2 class=\"wp-block-heading\">Arnaud Campion<\/h2>\n\n\n\n<p>Editor.<\/p>\n\n\n\n<p>44 anos de idade e feliz propriet\u00e1rio de uma Giulia Veloce 280 HP Q4 Rosso Alfa para uso di\u00e1rio e dias de pista.<\/p>\n<\/div>\n\n\n\n<div class=\"wp-block-column is-layout-flow wp-block-column-is-layout-flow\">\n<h2 class=\"wp-block-heading\"><a href=\"https:\/\/www.italpassion.fr\/pt\/autor\/francesco\/\">Francesco Cocchetto<\/a><\/h2>\n\n\n\n<p>Editor.<\/p>\n\n\n\n<p>Francesco, de Veneza, combina a sua paix\u00e3o pelos motores com as suas compet\u00eancias em mecatr\u00f3nica e engenharia t\u00e9cnica e partilha os seus conhecimentos sobre os autom\u00f3veis italianos.<\/p>\n<\/div>\n\n\n\n<div class=\"wp-block-column is-layout-flow wp-block-column-is-layout-flow\"><\/div>\n<\/div>","protected":false},"excerpt":{"rendered":"","protected":false},"author":1,"featured_media":0,"parent":0,"menu_order":0,"comment_status":"closed","ping_status":"closed","template":"","meta":{"_acf_changed":false,"_sitemap_exclude":false,"_sitemap_priority":"","_sitemap_frequency":"","footnotes":""},"class_list":["post-29109","page","type-page","status-publish"],"acf":[],"yoast_head":"<!-- This site is optimized with the Yoast SEO plugin v25.8 - https:\/\/yoast.com\/wordpress\/plugins\/seo\/ -->\n<title>L&#039;\u00e9quipe - ItalPassion<\/title>\n<meta name=\"robots\" content=\"index, follow, max-snippet:-1, max-image-preview:large, max-video-preview:-1\" \/>\n<link rel=\"canonical\" href=\"https:\/\/www.italpassion.fr\/pt\/equipa\/\" \/>\n<meta property=\"og:locale\" content=\"pt_PT\" \/>\n<meta property=\"og:type\" content=\"article\" \/>\n<meta property=\"og:title\" content=\"L&#039;\u00e9quipe - ItalPassion\" \/>\n<meta property=\"og:description\" content=\"&hellip;\" \/>\n<meta property=\"og:url\" content=\"https:\/\/www.italpassion.fr\/pt\/equipa\/\" \/>\n<meta property=\"og:site_name\" content=\"ItalPassion\" \/>\n<meta property=\"article:publisher\" content=\"https:\/\/www.facebook.com\/italpassion\" \/>\n<meta property=\"article:modified_time\" content=\"2026-04-01T08:17:24+00:00\" \/>\n<meta name=\"twitter:card\" content=\"summary_large_image\" \/>\n<meta name=\"twitter:site\" content=\"@italpassion\" \/>\n<script type=\"application\/ld+json\" class=\"yoast-schema-graph\">{\"@context\":\"https:\/\/schema.org\",\"@graph\":[{\"@type\":\"WebPage\",\"@id\":\"https:\/\/www.italpassion.fr\/pt\/equipe\/\",\"url\":\"https:\/\/www.italpassion.fr\/pt\/equipe\/\",\"name\":\"L'\u00e9quipe - ItalPassion\",\"isPartOf\":{\"@id\":\"https:\/\/www.italpassion.fr\/pt\/#website\"},\"datePublished\":\"2021-04-30T10:40:35+00:00\",\"dateModified\":\"2026-04-01T08:17:24+00:00\",\"breadcrumb\":{\"@id\":\"https:\/\/www.italpassion.fr\/pt\/equipe\/#breadcrumb\"},\"inLanguage\":\"pt-PT\",\"potentialAction\":[{\"@type\":\"ReadAction\",\"target\":[\"https:\/\/www.italpassion.fr\/pt\/equipe\/\"]}]},{\"@type\":\"BreadcrumbList\",\"@id\":\"https:\/\/www.italpassion.fr\/pt\/equipe\/#breadcrumb\",\"itemListElement\":[{\"@type\":\"ListItem\",\"position\":1,\"name\":\"Accueil\",\"item\":\"https:\/\/www.italpassion.fr\/pt\/\"},{\"@type\":\"ListItem\",\"position\":2,\"name\":\"L&rsquo;\u00e9quipe\"}]},{\"@type\":\"WebSite\",\"@id\":\"https:\/\/www.italpassion.fr\/pt\/#website\",\"url\":\"https:\/\/www.italpassion.fr\/pt\/\",\"name\":\"ItalPassion\",\"description\":\"Les Passionn\u00e9s d&#039;Automobiles Italiennes\",\"publisher\":{\"@id\":\"https:\/\/www.italpassion.fr\/pt\/#organization\"},\"potentialAction\":[{\"@type\":\"SearchAction\",\"target\":{\"@type\":\"EntryPoint\",\"urlTemplate\":\"https:\/\/www.italpassion.fr\/pt\/?s={search_term_string}\"},\"query-input\":{\"@type\":\"PropertyValueSpecification\",\"valueRequired\":true,\"valueName\":\"search_term_string\"}}],\"inLanguage\":\"pt-PT\"},{\"@type\":\"Organization\",\"@id\":\"https:\/\/www.italpassion.fr\/pt\/#organization\",\"name\":\"Italpassion\",\"url\":\"https:\/\/www.italpassion.fr\/pt\/\",\"logo\":{\"@type\":\"ImageObject\",\"inLanguage\":\"pt-PT\",\"@id\":\"https:\/\/www.italpassion.fr\/pt\/#\/schema\/logo\/image\/\",\"url\":\"https:\/\/www.italpassion.fr\/wp-content\/uploads\/2023\/07\/italpassion-yoast.jpg\",\"contentUrl\":\"https:\/\/www.italpassion.fr\/wp-content\/uploads\/2023\/07\/italpassion-yoast.jpg\",\"width\":696,\"height\":696,\"caption\":\"Italpassion\"},\"image\":{\"@id\":\"https:\/\/www.italpassion.fr\/pt\/#\/schema\/logo\/image\/\"},\"sameAs\":[\"https:\/\/www.facebook.com\/italpassion\",\"https:\/\/x.com\/italpassion\",\"https:\/\/www.instagram.com\/italpassionfr\/\",\"https:\/\/www.youtube.com\/channel\/UCleq-ByQaA42OjhopwevRjQ\",\"https:\/\/www.facebook.com\/italpassion.en\/\",\"https:\/\/www.facebook.com\/italpassion.it\/\",\"https:\/\/www.facebook.com\/italpassion.de\/\",\"https:\/\/www.facebook.com\/italpassion.ja\/\"]}]}<\/script>\n<!-- \/ Yoast SEO plugin. -->","yoast_head_json":{"title":"A equipa - ItalPassion","robots":{"index":"index","follow":"follow","max-snippet":"max-snippet:-1","max-image-preview":"max-image-preview:large","max-video-preview":"max-video-preview:-1"},"canonical":"https:\/\/www.italpassion.fr\/pt\/equipa\/","og_locale":"pt_PT","og_type":"article","og_title":"L'\u00e9quipe - ItalPassion","og_description":"&hellip;","og_url":"https:\/\/www.italpassion.fr\/pt\/equipa\/","og_site_name":"ItalPassion","article_publisher":"https:\/\/www.facebook.com\/italpassion","article_modified_time":"2026-04-01T08:17:24+00:00","twitter_card":"summary_large_image","twitter_site":"@italpassion","schema":{"@context":"https:\/\/schema.org","@graph":[{"@type":"WebPage","@id":"https:\/\/www.italpassion.fr\/pt\/equipe\/","url":"https:\/\/www.italpassion.fr\/pt\/equipe\/","name":"A equipa - ItalPassion","isPartOf":{"@id":"https:\/\/www.italpassion.fr\/pt\/#website"},"datePublished":"2021-04-30T10:40:35+00:00","dateModified":"2026-04-01T08:17:24+00:00","breadcrumb":{"@id":"https:\/\/www.italpassion.fr\/pt\/equipe\/#breadcrumb"},"inLanguage":"pt-PT","potentialAction":[{"@type":"ReadAction","target":["https:\/\/www.italpassion.fr\/pt\/equipe\/"]}]},{"@type":"BreadcrumbList","@id":"https:\/\/www.italpassion.fr\/pt\/equipe\/#breadcrumb","itemListElement":[{"@type":"ListItem","position":1,"name":"Accueil","item":"https:\/\/www.italpassion.fr\/pt\/"},{"@type":"ListItem","position":2,"name":"L&rsquo;\u00e9quipe"}]},{"@type":"WebSite","@id":"https:\/\/www.italpassion.fr\/pt\/#website","url":"https:\/\/www.italpassion.fr\/pt\/","name":"ItalPassion","description":"Entusiastas de autom\u00f3veis italianos","publisher":{"@id":"https:\/\/www.italpassion.fr\/pt\/#organization"},"potentialAction":[{"@type":"SearchAction","target":{"@type":"EntryPoint","urlTemplate":"https:\/\/www.italpassion.fr\/pt\/?s={search_term_string}"},"query-input":{"@type":"PropertyValueSpecification","valueRequired":true,"valueName":"search_term_string"}}],"inLanguage":"pt-PT"},{"@type":"Organization","@id":"https:\/\/www.italpassion.fr\/pt\/#organization","name":"Italpassion","url":"https:\/\/www.italpassion.fr\/pt\/","logo":{"@type":"ImageObject","inLanguage":"pt-PT","@id":"https:\/\/www.italpassion.fr\/pt\/#\/schema\/logo\/image\/","url":"https:\/\/www.italpassion.fr\/wp-content\/uploads\/2023\/07\/italpassion-yoast.jpg","contentUrl":"https:\/\/www.italpassion.fr\/wp-content\/uploads\/2023\/07\/italpassion-yoast.jpg","width":696,"height":696,"caption":"Italpassion"},"image":{"@id":"https:\/\/www.italpassion.fr\/pt\/#\/schema\/logo\/image\/"},"sameAs":["https:\/\/www.facebook.com\/italpassion","https:\/\/x.com\/italpassion","https:\/\/www.instagram.com\/italpassionfr\/","https:\/\/www.youtube.com\/channel\/UCleq-ByQaA42OjhopwevRjQ","https:\/\/www.facebook.com\/italpassion.en\/","https:\/\/www.facebook.com\/italpassion.it\/","https:\/\/www.facebook.com\/italpassion.de\/","https:\/\/www.facebook.com\/italpassion.ja\/"]}]}},"_links":{"self":[{"href":"https:\/\/www.italpassion.fr\/pt\/wp-json\/wp\/v2\/pages\/29109","targetHints":{"allow":["GET"]}}],"collection":[{"href":"https:\/\/www.italpassion.fr\/pt\/wp-json\/wp\/v2\/pages"}],"about":[{"href":"https:\/\/www.italpassion.fr\/pt\/wp-json\/wp\/v2\/types\/page"}],"author":[{"embeddable":true,"href":"https:\/\/www.italpassion.fr\/pt\/wp-json\/wp\/v2\/users\/1"}],"replies":[{"embeddable":true,"href":"https:\/\/www.italpassion.fr\/pt\/wp-json\/wp\/v2\/comments?post=29109"}],"version-history":[{"count":3,"href":"https:\/\/www.italpassion.fr\/pt\/wp-json\/wp\/v2\/pages\/29109\/revisions"}],"predecessor-version":[{"id":48257,"href":"https:\/\/www.italpassion.fr\/pt\/wp-json\/wp\/v2\/pages\/29109\/revisions\/48257"}],"wp:attachment":[{"href":"https:\/\/www.italpassion.fr\/pt\/wp-json\/wp\/v2\/media?parent=29109"}],"curies":[{"name":"wp","href":"https:\/\/api.w.org\/{rel}","templated":true}]}}