{"id":29087,"date":"2021-04-30T12:35:06","date_gmt":"2021-04-30T10:35:06","guid":{"rendered":"https:\/\/www.italpassion.fr\/?page_id=29087"},"modified":"2021-04-30T12:35:08","modified_gmt":"2021-04-30T10:35:08","slug":"gift-idea-alfa-romeo","status":"publish","type":"page","link":"https:\/\/www.italpassion.fr\/pt\/idee-cadeau-alfa-romeo\/","title":{"rendered":"Ideia de presente Alfa Romeo"},"content":{"rendered":"<p>\u00c9 um Alfista ou tem um amigo ou familiar que \u00e9 um Alfista, um f\u00e3 da marca&nbsp;<a href=\"https:\/\/www.italpassion.fr\/pt\/alfa-romeo\/\">Alfa Romeo<\/a>&nbsp;e toda a hist\u00f3ria que a rodeia?<\/p>\n\n\n\n<p>\u00c9 quase Natal ou o seu anivers\u00e1rio e voc\u00ea est\u00e1&nbsp;<strong>\u00c0 procura de ideias para prendas relacionadas com Alfa Romeo?<\/strong>&nbsp;A nossa selec\u00e7\u00e3o abaixo.<\/p>\n\n\n\n<h2 class=\"wp-block-heading\">Livros Alfa Romeo<\/h2>\n\n\n\n<p>Existem os chamados \"belos livros\", e Alfa Romeo tem dois deles.<\/p>\n\n\n\n<h3 class=\"wp-block-heading\">Livro Alfa Romeo 110 anos<\/h3>\n\n\n\n<figure class=\"wp-block-image\"><img decoding=\"async\" src=\"https:\/\/www.italpassion.fr\/wp-content\/uploads\/2020\/11\/livre-alfa-romeo-867x1024.jpg\" alt=\"\" class=\"wp-image-13940\"\/><\/figure>\n\n\n\n<p>Uma edi\u00e7\u00e3o especial publicada especialmente para os 110 anos da Alfa Romeo. Trata da grande aventura de Alfa Romeo atrav\u00e9s de vinte hist\u00f3rias sob a forma de relat\u00f3rios.<a href=\"https:\/\/www.amazon.fr\/Alfa-Romeo-110-Serge-Bellu\/dp\/B082PRJ8RJ\/?&amp;_encoding=UTF8&amp;tag=italpassion-21&amp;linkCode=ur2&amp;linkId=77d26c3763455fbbb83e94d875b7b758&amp;camp=1642&amp;creative=6746\" target=\"_blank\" rel=\"noreferrer noopener\">Livro Alfa Romeo 110 anos<\/a><\/p>\n\n\n\n<h3 class=\"wp-block-heading\">Livro Alfa Romeo de 1910 at\u00e9 hoje<\/h3>\n\n\n\n<figure class=\"wp-block-image\"><img decoding=\"async\" src=\"https:\/\/www.italpassion.fr\/wp-content\/uploads\/2020\/11\/livres-alfa-romeo-110-ans.jpg\" alt=\"\" class=\"wp-image-13941\"\/><\/figure>\n\n\n\n<p>Um bestseller reeditado de dois em dois anos ou mais, tra\u00e7a a hist\u00f3ria dos modelos Alfa Romeo desde 1910 at\u00e9 aos dias de hoje com a nova Giulia.<a href=\"https:\/\/www.amazon.fr\/Alfa-Romeo-1910-nos-jours\/dp\/B077R32LY3?&amp;_encoding=UTF8&amp;tag=italpassion-21&amp;linkCode=ur2&amp;linkId=dc87755ead7c2fe94759d6938e9ba87e&amp;camp=1642&amp;creative=6746\" target=\"_blank\" rel=\"noreferrer noopener\">Livro Alfa Romeo 1910 at\u00e9 aos dias de hoje<\/a><\/p>\n\n\n\n<h2 class=\"wp-block-heading\">Vestu\u00e1rio Alfa Romeo<\/h2>\n\n\n\n<p>Desde que a Alfa Romeo regressou \u00e0s corridas de F\u00f3rmula 1, foram produzidas muitas pe\u00e7as de vestu\u00e1rio oficiais da Alfa Romeo Racing. Tenha cuidado para n\u00e3o comprar produtos n\u00e3o-oficiais.<\/p>\n\n\n\n<h3 class=\"wp-block-heading\">T-shirt Alfa Romeo Racing 2020<\/h3>\n\n\n\n<figure class=\"wp-block-image\"><img decoding=\"async\" src=\"https:\/\/www.italpassion.fr\/wp-content\/uploads\/2020\/11\/t-shirt-alfa-romeo-racing-2020-733x1024.jpg\" alt=\"\" class=\"wp-image-13943\"\/><\/figure>\n\n\n\n<p><a href=\"https:\/\/www.amazon.fr\/Alfa-Romeo-Racing-T-Shirt-Sauber\/dp\/B08FCMX9BG\/?&amp;_encoding=UTF8&amp;tag=italpassion-21&amp;linkCode=ur2&amp;linkId=77d26c3763455fbbb83e94d875b7b758&amp;camp=1642&amp;creative=6746\" target=\"_blank\" rel=\"noreferrer noopener\">T-shirt Alfa Romeo Racing 2020<\/a><\/p>\n\n\n\n<h3 class=\"wp-block-heading\">P\u00f3lo Alfa Romeo Racing 2020<\/h3>\n\n\n\n<figure class=\"wp-block-image\"><img decoding=\"async\" src=\"https:\/\/www.italpassion.fr\/wp-content\/uploads\/2020\/11\/polo-alfa-romeo-racing-2020-758x1024.jpg\" alt=\"\" class=\"wp-image-13942\"\/><\/figure>\n\n\n\n<p><a href=\"https:\/\/www.amazon.fr\/Alfa-Romeo-Racing-Sauber-Taille\/dp\/B08FDZB19V\/?&amp;_encoding=UTF8&amp;tag=italpassion-21&amp;linkCode=ur2&amp;linkId=77d26c3763455fbbb83e94d875b7b758&amp;camp=1642&amp;creative=6746\" target=\"_blank\" rel=\"noreferrer noopener\">P\u00f3lo Alfa Romeo Racing 2020<\/a><\/p>\n\n\n\n<h3 class=\"wp-block-heading\">Casaco de corrida Alfa Romeo 2020<\/h3>\n\n\n\n<figure class=\"wp-block-image\"><img decoding=\"async\" src=\"https:\/\/www.italpassion.fr\/wp-content\/uploads\/2020\/11\/veste-alfa-romeo-racing-2020-773x1024.jpg\" alt=\"\" class=\"wp-image-13944\"\/><\/figure>\n\n\n\n<p><a href=\"https:\/\/www.amazon.fr\/Alfa-Romeo-Sweat-shirt-homme-Taille\/dp\/B08FJ6KN9T\/?&amp;_encoding=UTF8&amp;tag=italpassion-21&amp;linkCode=ur2&amp;linkId=77d26c3763455fbbb83e94d875b7b758&amp;camp=1642&amp;creative=6746\" target=\"_blank\" rel=\"noreferrer noopener\">Casaco de corrida Alfa Romeo 2020<\/a><\/p>\n\n\n\n<h2 class=\"wp-block-heading\">Acess\u00f3rios Alfa Romeo<\/h2>\n\n\n\n<p>Existem centenas de acess\u00f3rios Alfa Romeo, aqui est\u00e3o os que certamente agradar\u00e3o.<\/p>\n\n\n\n<h3 class=\"wp-block-heading\">Bon\u00e9 Oficial Alfa Romeo<\/h3>\n\n\n\n<figure class=\"wp-block-image\"><img decoding=\"async\" src=\"https:\/\/www.italpassion.fr\/wp-content\/uploads\/2020\/11\/casquette-officielle-Alfa-Romeo.jpg\" alt=\"\" class=\"wp-image-13946\"\/><\/figure>\n\n\n\n<p><a href=\"https:\/\/www.amazon.fr\/Alfa-Romeo-Racing-Casquette-Baseball\/dp\/B08FBJFKQR\/?&amp;_encoding=UTF8&amp;tag=italpassion-21&amp;linkCode=ur2&amp;linkId=77d26c3763455fbbb83e94d875b7b758&amp;camp=1642&amp;creative=6746\" target=\"_blank\" rel=\"noreferrer noopener\">Bon\u00e9 Oficial Alfa Romeo<\/a><\/p>\n\n\n\n<h3 class=\"wp-block-heading\">Autocolante Quadrifoglio 3D<\/h3>\n\n\n\n<figure class=\"wp-block-image\"><img decoding=\"async\" src=\"https:\/\/www.italpassion.fr\/wp-content\/uploads\/2020\/11\/auto-collant-quadrifoglio.jpg\" alt=\"\" class=\"wp-image-13945\"\/><\/figure>\n\n\n\n<p><a href=\"https:\/\/www.amazon.fr\/Autocollant-Alfa-Romeo-Tr%C3%A8fle-Feuilles\/dp\/B07MMNNSVN\/?&amp;_encoding=UTF8&amp;tag=italpassion-21&amp;linkCode=ur2&amp;linkId=77d26c3763455fbbb83e94d875b7b758&amp;camp=1642&amp;creative=6746\" target=\"_blank\" rel=\"noreferrer noopener\">Autocolante quadrifoglio<\/a><\/p>\n\n\n\n<h3 class=\"wp-block-heading\">Porta-chaves Alfa Romeo<\/h3>\n\n\n\n<figure class=\"wp-block-image\"><img decoding=\"async\" src=\"https:\/\/www.italpassion.fr\/wp-content\/uploads\/2020\/11\/porte-cl%C3%A9-alfa-romeo.jpg\" alt=\"\" class=\"wp-image-13947\"\/><\/figure>\n\n\n\n<p><a href=\"https:\/\/www.amazon.fr\/VILLSION-Voiture-Porte-cl%C3%A9-Double-Porte-cl%C3%A9s\/dp\/B07Q7RZY4N\/&amp;_encoding=UTF8&amp;tag=italpassion-21&amp;linkCode=ur2&amp;linkId=77d26c3763455fbbb83e94d875b7b758&amp;camp=1642&amp;creative=6746\" target=\"_blank\" rel=\"noreferrer noopener\">Porta-chaves Alfa Romeo<\/a><\/p>\n\n\n\n<h2 class=\"wp-block-heading\">Carros miniatura<\/h2>\n\n\n\n<p>Para crian\u00e7as mais velhas, os modelos Alfa Romeo em miniatura s\u00e3o sempre divertidos!<\/p>\n\n\n\n<h3 class=\"wp-block-heading\">Modelo \u00e0 escala Alfa Romeo Stelvio 1:24<\/h3>\n\n\n\n<figure class=\"wp-block-image\"><img decoding=\"async\" src=\"https:\/\/www.italpassion.fr\/wp-content\/uploads\/2020\/11\/miniature-alfa-romeo-stelvio-1024x563.jpg\" alt=\"\" class=\"wp-image-13950\"\/><\/figure>\n\n\n\n<p><a href=\"https:\/\/www.amazon.fr\/HTDZDX-Mod%C3%A8le-Voiture-Simulation-Collection\/dp\/B07W6SDPTL\" target=\"_blank\" rel=\"noreferrer noopener\">Diecast Alfa Romeo Stelvio<\/a><\/p>\n\n\n\n<h3 class=\"wp-block-heading\">Alfa Romeo Giulia modelo \u00e0 escala 1:24<\/h3>\n\n\n\n<figure class=\"wp-block-image\"><img decoding=\"async\" src=\"https:\/\/www.italpassion.fr\/wp-content\/uploads\/2020\/11\/miniature-alfa-romeo-giulia-1024x776.jpg\" alt=\"\" class=\"wp-image-13949\"\/><\/figure>\n\n\n\n<p><a href=\"https:\/\/www.amazon.fr\/JXXDDQ-Mod%C3%A8le-Voiture-Romeo-Giulia1\/dp\/B08MZSX5HD\/?&amp;_encoding=UTF8&amp;tag=italpassion-21&amp;linkCode=ur2&amp;linkId=b3f028e4f0c281a1ce6e72bb193ca493&amp;camp=1642&amp;creative=6746\" target=\"_blank\" rel=\"noreferrer noopener\">Diecast Alfa Romeo Giulia<\/a><\/p>\n\n\n\n<h3 class=\"wp-block-heading\">Modelo \u00e0 escala Alfa Romeo 1:43 da F\u00f3rmula 1<\/h3>\n\n\n\n<figure class=\"wp-block-image\"><img decoding=\"async\" src=\"https:\/\/www.italpassion.fr\/wp-content\/uploads\/2020\/11\/miniature-alfa-romeo-f1-1024x597.jpg\" alt=\"\" class=\"wp-image-13948\"\/><\/figure>\n\n\n\n<p><a href=\"https:\/\/www.amazon.fr\/Minichamps-Voiture-Miniature-Collection-417200207\/dp\/B08L84V9T5\/&amp;_encoding=UTF8&amp;tag=italpassion-21&amp;linkCode=ur2&amp;linkId=77d26c3763455fbbb83e94d875b7b758&amp;camp=1642&amp;creative=6746\" target=\"_blank\" rel=\"noreferrer noopener\">Diecast Alfa Romeo F1<\/a><\/p>","protected":false},"excerpt":{"rendered":"","protected":false},"author":1,"featured_media":0,"parent":0,"menu_order":0,"comment_status":"closed","ping_status":"closed","template":"g1-template-page-full.php","meta":{"_acf_changed":false,"_sitemap_exclude":false,"_sitemap_priority":"","_sitemap_frequency":"","footnotes":""},"class_list":["post-29087","page","type-page","status-publish"],"acf":[],"yoast_head":"<!-- This site is optimized with the Yoast SEO plugin v25.8 - https:\/\/yoast.com\/wordpress\/plugins\/seo\/ -->\n<title>Id\u00e9e cadeau Alfa Romeo - ItalPassion<\/title>\n<meta name=\"robots\" content=\"index, follow, max-snippet:-1, max-image-preview:large, max-video-preview:-1\" \/>\n<link rel=\"canonical\" href=\"https:\/\/www.italpassion.fr\/pt\/gift-idea-alfa-romeo\/\" \/>\n<meta property=\"og:locale\" content=\"pt_PT\" \/>\n<meta property=\"og:type\" content=\"article\" \/>\n<meta property=\"og:title\" content=\"Id\u00e9e cadeau Alfa Romeo - ItalPassion\" \/>\n<meta property=\"og:description\" content=\"&hellip;\" \/>\n<meta property=\"og:url\" content=\"https:\/\/www.italpassion.fr\/pt\/gift-idea-alfa-romeo\/\" \/>\n<meta property=\"og:site_name\" content=\"ItalPassion\" \/>\n<meta property=\"article:publisher\" content=\"https:\/\/www.facebook.com\/italpassion\" \/>\n<meta property=\"article:modified_time\" content=\"2021-04-30T10:35:08+00:00\" \/>\n<meta property=\"og:image\" content=\"https:\/\/www.italpassion.fr\/wp-content\/uploads\/2020\/11\/livre-alfa-romeo-867x1024.jpg\" \/>\n<meta name=\"twitter:card\" content=\"summary_large_image\" \/>\n<meta name=\"twitter:site\" content=\"@italpassion\" \/>\n<script type=\"application\/ld+json\" class=\"yoast-schema-graph\">{\"@context\":\"https:\/\/schema.org\",\"@graph\":[{\"@type\":\"WebPage\",\"@id\":\"https:\/\/www.italpassion.fr\/pt\/idee-cadeau-alfa-romeo\/\",\"url\":\"https:\/\/www.italpassion.fr\/pt\/idee-cadeau-alfa-romeo\/\",\"name\":\"Id\u00e9e cadeau Alfa Romeo - ItalPassion\",\"isPartOf\":{\"@id\":\"https:\/\/www.italpassion.fr\/pt\/#website\"},\"primaryImageOfPage\":{\"@id\":\"https:\/\/www.italpassion.fr\/pt\/idee-cadeau-alfa-romeo\/#primaryimage\"},\"image\":{\"@id\":\"https:\/\/www.italpassion.fr\/pt\/idee-cadeau-alfa-romeo\/#primaryimage\"},\"thumbnailUrl\":\"https:\/\/www.italpassion.fr\/wp-content\/uploads\/2020\/11\/livre-alfa-romeo-867x1024.jpg\",\"datePublished\":\"2021-04-30T10:35:06+00:00\",\"dateModified\":\"2021-04-30T10:35:08+00:00\",\"breadcrumb\":{\"@id\":\"https:\/\/www.italpassion.fr\/pt\/idee-cadeau-alfa-romeo\/#breadcrumb\"},\"inLanguage\":\"pt-PT\",\"potentialAction\":[{\"@type\":\"ReadAction\",\"target\":[\"https:\/\/www.italpassion.fr\/pt\/idee-cadeau-alfa-romeo\/\"]}]},{\"@type\":\"ImageObject\",\"inLanguage\":\"pt-PT\",\"@id\":\"https:\/\/www.italpassion.fr\/pt\/idee-cadeau-alfa-romeo\/#primaryimage\",\"url\":\"https:\/\/www.italpassion.fr\/wp-content\/uploads\/2020\/11\/livre-alfa-romeo-867x1024.jpg\",\"contentUrl\":\"https:\/\/www.italpassion.fr\/wp-content\/uploads\/2020\/11\/livre-alfa-romeo-867x1024.jpg\"},{\"@type\":\"BreadcrumbList\",\"@id\":\"https:\/\/www.italpassion.fr\/pt\/idee-cadeau-alfa-romeo\/#breadcrumb\",\"itemListElement\":[{\"@type\":\"ListItem\",\"position\":1,\"name\":\"Accueil\",\"item\":\"https:\/\/www.italpassion.fr\/pt\/\"},{\"@type\":\"ListItem\",\"position\":2,\"name\":\"Id\u00e9e cadeau Alfa Romeo\"}]},{\"@type\":\"WebSite\",\"@id\":\"https:\/\/www.italpassion.fr\/pt\/#website\",\"url\":\"https:\/\/www.italpassion.fr\/pt\/\",\"name\":\"ItalPassion\",\"description\":\"Les Passionn\u00e9s d&#039;Automobiles Italiennes\",\"publisher\":{\"@id\":\"https:\/\/www.italpassion.fr\/pt\/#organization\"},\"potentialAction\":[{\"@type\":\"SearchAction\",\"target\":{\"@type\":\"EntryPoint\",\"urlTemplate\":\"https:\/\/www.italpassion.fr\/pt\/?s={search_term_string}\"},\"query-input\":{\"@type\":\"PropertyValueSpecification\",\"valueRequired\":true,\"valueName\":\"search_term_string\"}}],\"inLanguage\":\"pt-PT\"},{\"@type\":\"Organization\",\"@id\":\"https:\/\/www.italpassion.fr\/pt\/#organization\",\"name\":\"Italpassion\",\"url\":\"https:\/\/www.italpassion.fr\/pt\/\",\"logo\":{\"@type\":\"ImageObject\",\"inLanguage\":\"pt-PT\",\"@id\":\"https:\/\/www.italpassion.fr\/pt\/#\/schema\/logo\/image\/\",\"url\":\"https:\/\/www.italpassion.fr\/wp-content\/uploads\/2023\/07\/italpassion-yoast.jpg\",\"contentUrl\":\"https:\/\/www.italpassion.fr\/wp-content\/uploads\/2023\/07\/italpassion-yoast.jpg\",\"width\":696,\"height\":696,\"caption\":\"Italpassion\"},\"image\":{\"@id\":\"https:\/\/www.italpassion.fr\/pt\/#\/schema\/logo\/image\/\"},\"sameAs\":[\"https:\/\/www.facebook.com\/italpassion\",\"https:\/\/x.com\/italpassion\",\"https:\/\/www.instagram.com\/italpassionfr\/\",\"https:\/\/www.youtube.com\/channel\/UCleq-ByQaA42OjhopwevRjQ\",\"https:\/\/www.facebook.com\/italpassion.en\/\",\"https:\/\/www.facebook.com\/italpassion.it\/\",\"https:\/\/www.facebook.com\/italpassion.de\/\",\"https:\/\/www.facebook.com\/italpassion.ja\/\"]}]}<\/script>\n<!-- \/ Yoast SEO plugin. -->","yoast_head_json":{"title":"Alfa Romeo ideia de presente - ItalPassion","robots":{"index":"index","follow":"follow","max-snippet":"max-snippet:-1","max-image-preview":"max-image-preview:large","max-video-preview":"max-video-preview:-1"},"canonical":"https:\/\/www.italpassion.fr\/pt\/gift-idea-alfa-romeo\/","og_locale":"pt_PT","og_type":"article","og_title":"Id\u00e9e cadeau Alfa Romeo - ItalPassion","og_description":"&hellip;","og_url":"https:\/\/www.italpassion.fr\/pt\/gift-idea-alfa-romeo\/","og_site_name":"ItalPassion","article_publisher":"https:\/\/www.facebook.com\/italpassion","article_modified_time":"2021-04-30T10:35:08+00:00","og_image":[{"url":"https:\/\/www.italpassion.fr\/wp-content\/uploads\/2020\/11\/livre-alfa-romeo-867x1024.jpg","type":"","width":"","height":""}],"twitter_card":"summary_large_image","twitter_site":"@italpassion","schema":{"@context":"https:\/\/schema.org","@graph":[{"@type":"WebPage","@id":"https:\/\/www.italpassion.fr\/pt\/idee-cadeau-alfa-romeo\/","url":"https:\/\/www.italpassion.fr\/pt\/idee-cadeau-alfa-romeo\/","name":"Alfa Romeo ideia de presente - ItalPassion","isPartOf":{"@id":"https:\/\/www.italpassion.fr\/pt\/#website"},"primaryImageOfPage":{"@id":"https:\/\/www.italpassion.fr\/pt\/idee-cadeau-alfa-romeo\/#primaryimage"},"image":{"@id":"https:\/\/www.italpassion.fr\/pt\/idee-cadeau-alfa-romeo\/#primaryimage"},"thumbnailUrl":"https:\/\/www.italpassion.fr\/wp-content\/uploads\/2020\/11\/livre-alfa-romeo-867x1024.jpg","datePublished":"2021-04-30T10:35:06+00:00","dateModified":"2021-04-30T10:35:08+00:00","breadcrumb":{"@id":"https:\/\/www.italpassion.fr\/pt\/idee-cadeau-alfa-romeo\/#breadcrumb"},"inLanguage":"pt-PT","potentialAction":[{"@type":"ReadAction","target":["https:\/\/www.italpassion.fr\/pt\/idee-cadeau-alfa-romeo\/"]}]},{"@type":"ImageObject","inLanguage":"pt-PT","@id":"https:\/\/www.italpassion.fr\/pt\/idee-cadeau-alfa-romeo\/#primaryimage","url":"https:\/\/www.italpassion.fr\/wp-content\/uploads\/2020\/11\/livre-alfa-romeo-867x1024.jpg","contentUrl":"https:\/\/www.italpassion.fr\/wp-content\/uploads\/2020\/11\/livre-alfa-romeo-867x1024.jpg"},{"@type":"BreadcrumbList","@id":"https:\/\/www.italpassion.fr\/pt\/idee-cadeau-alfa-romeo\/#breadcrumb","itemListElement":[{"@type":"ListItem","position":1,"name":"Accueil","item":"https:\/\/www.italpassion.fr\/pt\/"},{"@type":"ListItem","position":2,"name":"Id\u00e9e cadeau Alfa Romeo"}]},{"@type":"WebSite","@id":"https:\/\/www.italpassion.fr\/pt\/#website","url":"https:\/\/www.italpassion.fr\/pt\/","name":"ItalPassion","description":"Entusiastas de autom\u00f3veis italianos","publisher":{"@id":"https:\/\/www.italpassion.fr\/pt\/#organization"},"potentialAction":[{"@type":"SearchAction","target":{"@type":"EntryPoint","urlTemplate":"https:\/\/www.italpassion.fr\/pt\/?s={search_term_string}"},"query-input":{"@type":"PropertyValueSpecification","valueRequired":true,"valueName":"search_term_string"}}],"inLanguage":"pt-PT"},{"@type":"Organization","@id":"https:\/\/www.italpassion.fr\/pt\/#organization","name":"Italpassion","url":"https:\/\/www.italpassion.fr\/pt\/","logo":{"@type":"ImageObject","inLanguage":"pt-PT","@id":"https:\/\/www.italpassion.fr\/pt\/#\/schema\/logo\/image\/","url":"https:\/\/www.italpassion.fr\/wp-content\/uploads\/2023\/07\/italpassion-yoast.jpg","contentUrl":"https:\/\/www.italpassion.fr\/wp-content\/uploads\/2023\/07\/italpassion-yoast.jpg","width":696,"height":696,"caption":"Italpassion"},"image":{"@id":"https:\/\/www.italpassion.fr\/pt\/#\/schema\/logo\/image\/"},"sameAs":["https:\/\/www.facebook.com\/italpassion","https:\/\/x.com\/italpassion","https:\/\/www.instagram.com\/italpassionfr\/","https:\/\/www.youtube.com\/channel\/UCleq-ByQaA42OjhopwevRjQ","https:\/\/www.facebook.com\/italpassion.en\/","https:\/\/www.facebook.com\/italpassion.it\/","https:\/\/www.facebook.com\/italpassion.de\/","https:\/\/www.facebook.com\/italpassion.ja\/"]}]}},"_links":{"self":[{"href":"https:\/\/www.italpassion.fr\/pt\/wp-json\/wp\/v2\/pages\/29087","targetHints":{"allow":["GET"]}}],"collection":[{"href":"https:\/\/www.italpassion.fr\/pt\/wp-json\/wp\/v2\/pages"}],"about":[{"href":"https:\/\/www.italpassion.fr\/pt\/wp-json\/wp\/v2\/types\/page"}],"author":[{"embeddable":true,"href":"https:\/\/www.italpassion.fr\/pt\/wp-json\/wp\/v2\/users\/1"}],"replies":[{"embeddable":true,"href":"https:\/\/www.italpassion.fr\/pt\/wp-json\/wp\/v2\/comments?post=29087"}],"version-history":[{"count":1,"href":"https:\/\/www.italpassion.fr\/pt\/wp-json\/wp\/v2\/pages\/29087\/revisions"}],"predecessor-version":[{"id":29088,"href":"https:\/\/www.italpassion.fr\/pt\/wp-json\/wp\/v2\/pages\/29087\/revisions\/29088"}],"wp:attachment":[{"href":"https:\/\/www.italpassion.fr\/pt\/wp-json\/wp\/v2\/media?parent=29087"}],"curies":[{"name":"wp","href":"https:\/\/api.w.org\/{rel}","templated":true}]}}