{"id":29285,"date":"2021-05-05T13:48:29","date_gmt":"2021-05-05T11:48:29","guid":{"rendered":"https:\/\/www.italpassion.fr\/?page_id=29285"},"modified":"2021-05-05T13:49:23","modified_gmt":"2021-05-05T11:49:23","slug":"fiat-registratiedocument","status":"publish","type":"page","link":"https:\/\/www.italpassion.fr\/nl\/carte-grise-fiat\/","title":{"rendered":"Fiat kentekenbewijs"},"content":{"rendered":"<p>Je gaat een\u00a0<a href=\"https:\/\/www.italpassion.fr\/nl\/fiat\/\">Fiat<\/a>\u00a0of een tweedehands Fiat? Heb je ooit een\u00a0<a href=\"https:\/\/www.italpassion.fr\/nl\/fiat-verzekering-vergelijker\/\">Fiat verzekering vergelijker\u00a0<\/a>en nu wil je weten\u00a0<strong>prijs van het registratiedocument voor uw toekomstige Fiat<\/strong>\u00a0? Dan ben je hier aan het juiste adres.<\/p>\n\n\n\n<h2 class=\"wp-block-heading\">Fiat simulator voor voertuigregistratieprijzen<\/h2>\n\n\n\n<p>Er zijn een aantal simulators beschikbaar voor het berekenen van de prijs van\u00a0<a href=\"https:\/\/www.cartegriseminute.fr\/carte-grise-en-ligne.php\">je kentekenbewijs online<\/a>. Deze simulators werken voor moderne Fiat auto's, young timers en collecties: Fiat Punto, Fiat Grande Punto, Fiat Tipo, Fiat Bravo, Fiat Panda, Fiat 500, Fiat 500C, Fiat 500L, Fiat 500X, Fiat 124 Spider,...<\/p>\n\n\n\n<h2 class=\"wp-block-heading\">Bereken de prijs van een Fiat-voertuigregistratie<\/h2>\n\n\n\n<p>Le&nbsp;<strong>De prijs van een kentekenbewijs hangt af van een aantal criteria<\/strong>Als je Fiat bovendien meer dan 10 jaar oud is, wordt de prijs van het kentekenbewijs verlaagd met 50 %.<\/p>\n\n\n\n<p>Er zijn zoveel criteria dat het makkelijker is om een simulator voor voertuigregistratie te gebruiken.<\/p>\n\n\n\n<h2 class=\"wp-block-heading\">Toeslag kentekenregistratie 2019<\/h2>\n\n\n\n<p>Nieuw of gebruikt, naast de prijs van het kentekenbewijs zijn de volgende kosten van toepassing\u00a0<strong>een boete op basis van CO2-uitstoot<\/strong>. Deze schaal verandert elk jaar, met een vaste schaal voor nieuwe voertuigen en een glijdende schaal voor gebruikte voertuigen op basis van het aantal jaren in omloop. Alle informatie over\u00a0<a href=\"https:\/\/www.service-public.fr\/particuliers\/vosdroits\/F19911\">overheidswebsite<\/a>. Omdat Fiat op dit moment geen hybride of volledig elektrische auto's aanbiedt, moet je een boete betalen.<\/p>\n\n\n\n<p>Ook hier raden we voor meer gemak het gebruik van een prijssimulator voor kentekenbewijzen aan.<\/p>\n\n\n\n<h2 class=\"wp-block-heading\">Adreswijziging<\/h2>\n\n\n\n<p>Je verandert van verblijfplaats en moet\u00a0<strong>Registreer uw Fiat op een nieuw adres<\/strong>\u00a0? Je hebt \u00e9\u00e9n maand voor de verhuisdatum en \u00e9\u00e9n maand na het verlaten van je oude adres om het adres op je Fiat-registratiedocument te wijzigen. Wees gerust, het is heel eenvoudig en kan online worden gedaan via de\u00a0<a href=\"https:\/\/www.demarches.interieur.gouv.fr\/particuliers\/changer-adresse-carte-grise\">adreswijziging op de overheidswebsite<\/a>.<\/p>","protected":false},"excerpt":{"rendered":"","protected":false},"author":1,"featured_media":0,"parent":0,"menu_order":0,"comment_status":"closed","ping_status":"closed","template":"g1-template-page-full.php","meta":{"_acf_changed":false,"_sitemap_exclude":false,"_sitemap_priority":"","_sitemap_frequency":"","footnotes":""},"class_list":["post-29285","page","type-page","status-publish"],"acf":[],"yoast_head":"<!-- This site is optimized with the Yoast SEO plugin v25.8 - https:\/\/yoast.com\/wordpress\/plugins\/seo\/ -->\n<title>Carte grise Fiat - ItalPassion<\/title>\n<meta name=\"robots\" content=\"index, follow, max-snippet:-1, max-image-preview:large, max-video-preview:-1\" \/>\n<link rel=\"canonical\" href=\"https:\/\/www.italpassion.fr\/nl\/fiat-registratiedocument\/\" \/>\n<meta property=\"og:locale\" content=\"nl_NL\" \/>\n<meta property=\"og:type\" content=\"article\" \/>\n<meta property=\"og:title\" content=\"Carte grise Fiat - ItalPassion\" \/>\n<meta property=\"og:description\" content=\"&hellip;\" \/>\n<meta property=\"og:url\" content=\"https:\/\/www.italpassion.fr\/nl\/fiat-registratiedocument\/\" \/>\n<meta property=\"og:site_name\" content=\"ItalPassion\" \/>\n<meta property=\"article:publisher\" content=\"https:\/\/www.facebook.com\/italpassion\" \/>\n<meta property=\"article:modified_time\" content=\"2021-05-05T11:49:23+00:00\" \/>\n<meta name=\"twitter:card\" content=\"summary_large_image\" \/>\n<meta name=\"twitter:site\" content=\"@italpassion\" \/>\n<script type=\"application\/ld+json\" class=\"yoast-schema-graph\">{\"@context\":\"https:\/\/schema.org\",\"@graph\":[{\"@type\":\"WebPage\",\"@id\":\"https:\/\/www.italpassion.fr\/nl\/carte-grise-fiat\/\",\"url\":\"https:\/\/www.italpassion.fr\/nl\/carte-grise-fiat\/\",\"name\":\"Carte grise Fiat - ItalPassion\",\"isPartOf\":{\"@id\":\"https:\/\/www.italpassion.fr\/nl\/#website\"},\"datePublished\":\"2021-05-05T11:48:29+00:00\",\"dateModified\":\"2021-05-05T11:49:23+00:00\",\"breadcrumb\":{\"@id\":\"https:\/\/www.italpassion.fr\/nl\/carte-grise-fiat\/#breadcrumb\"},\"inLanguage\":\"nl-NL\",\"potentialAction\":[{\"@type\":\"ReadAction\",\"target\":[\"https:\/\/www.italpassion.fr\/nl\/carte-grise-fiat\/\"]}]},{\"@type\":\"BreadcrumbList\",\"@id\":\"https:\/\/www.italpassion.fr\/nl\/carte-grise-fiat\/#breadcrumb\",\"itemListElement\":[{\"@type\":\"ListItem\",\"position\":1,\"name\":\"Accueil\",\"item\":\"https:\/\/www.italpassion.fr\/nl\/\"},{\"@type\":\"ListItem\",\"position\":2,\"name\":\"Carte grise Fiat\"}]},{\"@type\":\"WebSite\",\"@id\":\"https:\/\/www.italpassion.fr\/nl\/#website\",\"url\":\"https:\/\/www.italpassion.fr\/nl\/\",\"name\":\"ItalPassion\",\"description\":\"Les Passionn\u00e9s d&#039;Automobiles Italiennes\",\"publisher\":{\"@id\":\"https:\/\/www.italpassion.fr\/nl\/#organization\"},\"potentialAction\":[{\"@type\":\"SearchAction\",\"target\":{\"@type\":\"EntryPoint\",\"urlTemplate\":\"https:\/\/www.italpassion.fr\/nl\/?s={search_term_string}\"},\"query-input\":{\"@type\":\"PropertyValueSpecification\",\"valueRequired\":true,\"valueName\":\"search_term_string\"}}],\"inLanguage\":\"nl-NL\"},{\"@type\":\"Organization\",\"@id\":\"https:\/\/www.italpassion.fr\/nl\/#organization\",\"name\":\"Italpassion\",\"url\":\"https:\/\/www.italpassion.fr\/nl\/\",\"logo\":{\"@type\":\"ImageObject\",\"inLanguage\":\"nl-NL\",\"@id\":\"https:\/\/www.italpassion.fr\/nl\/#\/schema\/logo\/image\/\",\"url\":\"https:\/\/www.italpassion.fr\/wp-content\/uploads\/2023\/07\/italpassion-yoast.jpg\",\"contentUrl\":\"https:\/\/www.italpassion.fr\/wp-content\/uploads\/2023\/07\/italpassion-yoast.jpg\",\"width\":696,\"height\":696,\"caption\":\"Italpassion\"},\"image\":{\"@id\":\"https:\/\/www.italpassion.fr\/nl\/#\/schema\/logo\/image\/\"},\"sameAs\":[\"https:\/\/www.facebook.com\/italpassion\",\"https:\/\/x.com\/italpassion\",\"https:\/\/www.instagram.com\/italpassionfr\/\",\"https:\/\/www.youtube.com\/channel\/UCleq-ByQaA42OjhopwevRjQ\",\"https:\/\/www.facebook.com\/italpassion.en\/\",\"https:\/\/www.facebook.com\/italpassion.it\/\",\"https:\/\/www.facebook.com\/italpassion.de\/\",\"https:\/\/www.facebook.com\/italpassion.ja\/\"]}]}<\/script>\n<!-- \/ Yoast SEO plugin. -->","yoast_head_json":{"title":"Fiat kentekenbewijs - Itali\u00ebPassie","robots":{"index":"index","follow":"follow","max-snippet":"max-snippet:-1","max-image-preview":"max-image-preview:large","max-video-preview":"max-video-preview:-1"},"canonical":"https:\/\/www.italpassion.fr\/nl\/fiat-registratiedocument\/","og_locale":"nl_NL","og_type":"article","og_title":"Carte grise Fiat - ItalPassion","og_description":"&hellip;","og_url":"https:\/\/www.italpassion.fr\/nl\/fiat-registratiedocument\/","og_site_name":"ItalPassion","article_publisher":"https:\/\/www.facebook.com\/italpassion","article_modified_time":"2021-05-05T11:49:23+00:00","twitter_card":"summary_large_image","twitter_site":"@italpassion","schema":{"@context":"https:\/\/schema.org","@graph":[{"@type":"WebPage","@id":"https:\/\/www.italpassion.fr\/nl\/carte-grise-fiat\/","url":"https:\/\/www.italpassion.fr\/nl\/carte-grise-fiat\/","name":"Fiat kentekenbewijs - Itali\u00ebPassie","isPartOf":{"@id":"https:\/\/www.italpassion.fr\/nl\/#website"},"datePublished":"2021-05-05T11:48:29+00:00","dateModified":"2021-05-05T11:49:23+00:00","breadcrumb":{"@id":"https:\/\/www.italpassion.fr\/nl\/carte-grise-fiat\/#breadcrumb"},"inLanguage":"nl-NL","potentialAction":[{"@type":"ReadAction","target":["https:\/\/www.italpassion.fr\/nl\/carte-grise-fiat\/"]}]},{"@type":"BreadcrumbList","@id":"https:\/\/www.italpassion.fr\/nl\/carte-grise-fiat\/#breadcrumb","itemListElement":[{"@type":"ListItem","position":1,"name":"Accueil","item":"https:\/\/www.italpassion.fr\/nl\/"},{"@type":"ListItem","position":2,"name":"Carte grise Fiat"}]},{"@type":"WebSite","@id":"https:\/\/www.italpassion.fr\/nl\/#website","url":"https:\/\/www.italpassion.fr\/nl\/","name":"ItalPassion","description":"Italiaanse autoliefhebbers","publisher":{"@id":"https:\/\/www.italpassion.fr\/nl\/#organization"},"potentialAction":[{"@type":"SearchAction","target":{"@type":"EntryPoint","urlTemplate":"https:\/\/www.italpassion.fr\/nl\/?s={search_term_string}"},"query-input":{"@type":"PropertyValueSpecification","valueRequired":true,"valueName":"search_term_string"}}],"inLanguage":"nl-NL"},{"@type":"Organization","@id":"https:\/\/www.italpassion.fr\/nl\/#organization","name":"Italpassion","url":"https:\/\/www.italpassion.fr\/nl\/","logo":{"@type":"ImageObject","inLanguage":"nl-NL","@id":"https:\/\/www.italpassion.fr\/nl\/#\/schema\/logo\/image\/","url":"https:\/\/www.italpassion.fr\/wp-content\/uploads\/2023\/07\/italpassion-yoast.jpg","contentUrl":"https:\/\/www.italpassion.fr\/wp-content\/uploads\/2023\/07\/italpassion-yoast.jpg","width":696,"height":696,"caption":"Italpassion"},"image":{"@id":"https:\/\/www.italpassion.fr\/nl\/#\/schema\/logo\/image\/"},"sameAs":["https:\/\/www.facebook.com\/italpassion","https:\/\/x.com\/italpassion","https:\/\/www.instagram.com\/italpassionfr\/","https:\/\/www.youtube.com\/channel\/UCleq-ByQaA42OjhopwevRjQ","https:\/\/www.facebook.com\/italpassion.en\/","https:\/\/www.facebook.com\/italpassion.it\/","https:\/\/www.facebook.com\/italpassion.de\/","https:\/\/www.facebook.com\/italpassion.ja\/"]}]}},"_links":{"self":[{"href":"https:\/\/www.italpassion.fr\/nl\/wp-json\/wp\/v2\/pages\/29285","targetHints":{"allow":["GET"]}}],"collection":[{"href":"https:\/\/www.italpassion.fr\/nl\/wp-json\/wp\/v2\/pages"}],"about":[{"href":"https:\/\/www.italpassion.fr\/nl\/wp-json\/wp\/v2\/types\/page"}],"author":[{"embeddable":true,"href":"https:\/\/www.italpassion.fr\/nl\/wp-json\/wp\/v2\/users\/1"}],"replies":[{"embeddable":true,"href":"https:\/\/www.italpassion.fr\/nl\/wp-json\/wp\/v2\/comments?post=29285"}],"version-history":[{"count":2,"href":"https:\/\/www.italpassion.fr\/nl\/wp-json\/wp\/v2\/pages\/29285\/revisions"}],"predecessor-version":[{"id":29287,"href":"https:\/\/www.italpassion.fr\/nl\/wp-json\/wp\/v2\/pages\/29285\/revisions\/29287"}],"wp:attachment":[{"href":"https:\/\/www.italpassion.fr\/nl\/wp-json\/wp\/v2\/media?parent=29285"}],"curies":[{"name":"wp","href":"https:\/\/api.w.org\/{rel}","templated":true}]}}