{"id":31416,"date":"2023-05-15T00:32:22","date_gmt":"2023-05-14T22:32:22","guid":{"rendered":"https:\/\/www.italpassion.fr\/?page_id=31416"},"modified":"2023-05-15T21:11:51","modified_gmt":"2023-05-15T19:11:51","slug":"riparare-o-sostituire-il-parabrezza-della-vostra-fiat","status":"publish","type":"page","link":"https:\/\/www.italpassion.fr\/it\/reparer-ou-remplacer-le-pare-brise-de-votre-fiat\/","title":{"rendered":"Riparare o sostituire il parabrezza della vostra Fiat?"},"content":{"rendered":"<p>Il parabrezza del vostro<a href=\"https:\/\/www.italpassion.fr\/it\/fiat\/\"> Fiat<\/a> ha subito un urto o \u00e8 incrinato? Non sapete se deve essere sostituito o se pu\u00f2 essere riparato? Quanto vi coster\u00e0? Noi vi spieghiamo tutto!<\/p>\n\n\n\n<h2 class=\"wp-block-heading\"><strong>Sostituire o riparare?<\/strong><\/h2>\n\n\n\n<figure class=\"wp-block-image size-large\"><img loading=\"lazy\" decoding=\"async\" width=\"1024\" height=\"666\" src=\"https:\/\/www.italpassion.fr\/wp-content\/uploads\/2023\/05\/pare-brise-impact-1024x666.jpg\" alt=\"parabrezza fuori uso\" class=\"wp-image-31417\" srcset=\"https:\/\/www.italpassion.fr\/wp-content\/uploads\/2023\/05\/pare-brise-impact-1024x666.jpg 1024w, https:\/\/www.italpassion.fr\/wp-content\/uploads\/2023\/05\/pare-brise-impact-300x195.jpg 300w, https:\/\/www.italpassion.fr\/wp-content\/uploads\/2023\/05\/pare-brise-impact-768x500.jpg 768w, https:\/\/www.italpassion.fr\/wp-content\/uploads\/2023\/05\/pare-brise-impact-18x12.jpg 18w, https:\/\/www.italpassion.fr\/wp-content\/uploads\/2023\/05\/pare-brise-impact-561x365.jpg 561w, https:\/\/www.italpassion.fr\/wp-content\/uploads\/2023\/05\/pare-brise-impact-1122x730.jpg 1122w, https:\/\/www.italpassion.fr\/wp-content\/uploads\/2023\/05\/pare-brise-impact-265x172.jpg 265w, https:\/\/www.italpassion.fr\/wp-content\/uploads\/2023\/05\/pare-brise-impact-531x346.jpg 531w, https:\/\/www.italpassion.fr\/wp-content\/uploads\/2023\/05\/pare-brise-impact-364x237.jpg 364w, https:\/\/www.italpassion.fr\/wp-content\/uploads\/2023\/05\/pare-brise-impact-728x474.jpg 728w, https:\/\/www.italpassion.fr\/wp-content\/uploads\/2023\/05\/pare-brise-impact-608x396.jpg 608w, https:\/\/www.italpassion.fr\/wp-content\/uploads\/2023\/05\/pare-brise-impact-758x493.jpg 758w, https:\/\/www.italpassion.fr\/wp-content\/uploads\/2023\/05\/pare-brise-impact-1152x750.jpg 1152w, https:\/\/www.italpassion.fr\/wp-content\/uploads\/2023\/05\/pare-brise-impact-600x390.jpg 600w, https:\/\/www.italpassion.fr\/wp-content\/uploads\/2023\/05\/pare-brise-impact.jpg 1500w\" sizes=\"auto, (max-width: 1024px) 100vw, 1024px\" \/><figcaption class=\"wp-element-caption\">Questo impatto \u00e8 pi\u00f9 grande di una moneta da 2 euro e non pu\u00f2 essere riparato.<\/figcaption><\/figure>\n\n\n\n<p>\u00c8 facile scoprire se un parabrezza pu\u00f2 essere riparato o se deve essere sostituito.<\/p>\n\n\n\n<p><strong>Se l'impatto \u00e8 pi\u00f9 piccolo di 2,5 cm<\/strong>In caso di urto, probabilmente \u00e8 possibile ripararlo (lo confermer\u00e0 un professionista che analizzer\u00e0 l'urto) iniettandovi una resina speciale. Quando si ha un urto, non bisogna aspettare perch\u00e9 pu\u00f2 trasformarsi in una crepa e, in questo caso, non \u00e8 riparabile.<\/p>\n\n\n\n<p><strong>Se l'impatto \u00e8 superiore a 2,5 cm<\/strong>per esempio con un<a href=\"https:\/\/www.carglass.fr\/nos-services\/pare-brise\/remplacement-ou-reparation-d-impact-sur-votre-pare-brise\"> parabrezza incrinato<\/a> con una fessura di diversi centimetri, quindi non cercatela, <strong>il parabrezza della vostra Fiat dovr\u00e0 essere sostituito!<\/strong><\/p>\n\n\n\n<h2 class=\"wp-block-heading\"><strong>Quanto costa?<\/strong><\/h2>\n\n\n\n<p>In genere, la riparazione del parabrezza non comporta alcun costo, in quanto \u00e8 coperta dalla polizza assicurativa.<a href=\"https:\/\/www.italpassion.fr\/it\/comparatore-di-assicurazioni-fiat\/\"> Assicurazione Fiat<\/a>. Tranne che nel caso specifico di un<a href=\"https:\/\/www.italpassion.fr\/assurance-auto\/assurance-auto-pas-cher\/\"> assicurazione auto a basso costo<\/a> che avrebbero una franchigia per la riparazione di un parabrezza, ma questo \u00e8 molto raro!<\/p>\n\n\n\n<p>La sostituzione del parabrezza dipende dalla copertura fornita dalla polizza assicurativa dell'auto. Nella maggior parte dei casi la sostituzione \u00e8 gratuita in quanto \u00e8 coperta al 100 %. In altri casi dovrete pagare una franchigia che pu\u00f2 essere di diverse centinaia di euro.<\/p>\n\n\n\n<h2 class=\"wp-block-heading\"><strong>Come scegliere un riparatore?<\/strong><\/h2>\n\n\n\n<p>Ci sono molti riparatori di parabrezza! Non si pu\u00f2 sbagliare, soprattutto con le nuove auto dotate di parabrezza con sensori, essenziali per le funzioni di guida autonoma.<\/p>\n\n\n\n<p>Per scegliere un riparatore, ci si pu\u00f2 rivolgere a un'officina attrezzata, al concessionario Fiat o a uno specialista come Carglass, che ha pi\u00f9 di 470 centri in Francia...<\/p>\n\n\n\n<h2 class=\"wp-block-heading\"><strong>Esempio di riparatore come Carglass<\/strong><\/h2>\n\n\n\n<p>La vostra Fiat 500 ha subito un urto al parabrezza? Prendiamo il caso di una riparazione con Carglass.<\/p>\n\n\n\n<ol class=\"wp-block-list\">\n<li>Assicuratevi di avere una copertura per la rottura dei vetri nella vostra polizza auto;<\/li>\n\n\n\n<li>Si pu\u00f2 fissare un appuntamento online sul sito web di Carglass o telefonicamente se si ha bisogno di essere rassicurati;<\/li>\n\n\n\n<li>Carglass contatter\u00e0 la vostra compagnia di assicurazione per le procedure amministrative;<\/li>\n\n\n\n<li>Andate all'appuntamento con Carglass dove il vostro urto verr\u00e0 riparato o il parabrezza sostituito;<\/li>\n\n\n\n<li>Non dovrete pagare nulla in anticipo, Carglass sar\u00e0 pagata dalla vostra compagnia di assicurazione.<\/li>\n<\/ol>\n\n\n\n<figure class=\"wp-block-image size-large\"><img loading=\"lazy\" decoding=\"async\" width=\"1024\" height=\"683\" src=\"https:\/\/www.italpassion.fr\/wp-content\/uploads\/2023\/05\/pare-prise-repare-1024x683.jpg\" alt=\"parabrezza riparato\" class=\"wp-image-31418\" srcset=\"https:\/\/www.italpassion.fr\/wp-content\/uploads\/2023\/05\/pare-prise-repare-1024x683.jpg 1024w, https:\/\/www.italpassion.fr\/wp-content\/uploads\/2023\/05\/pare-prise-repare-300x200.jpg 300w, https:\/\/www.italpassion.fr\/wp-content\/uploads\/2023\/05\/pare-prise-repare-768x512.jpg 768w, https:\/\/www.italpassion.fr\/wp-content\/uploads\/2023\/05\/pare-prise-repare-18x12.jpg 18w, https:\/\/www.italpassion.fr\/wp-content\/uploads\/2023\/05\/pare-prise-repare-561x374.jpg 561w, https:\/\/www.italpassion.fr\/wp-content\/uploads\/2023\/05\/pare-prise-repare-1122x748.jpg 1122w, https:\/\/www.italpassion.fr\/wp-content\/uploads\/2023\/05\/pare-prise-repare-265x177.jpg 265w, https:\/\/www.italpassion.fr\/wp-content\/uploads\/2023\/05\/pare-prise-repare-531x354.jpg 531w, https:\/\/www.italpassion.fr\/wp-content\/uploads\/2023\/05\/pare-prise-repare-364x243.jpg 364w, https:\/\/www.italpassion.fr\/wp-content\/uploads\/2023\/05\/pare-prise-repare-728x485.jpg 728w, https:\/\/www.italpassion.fr\/wp-content\/uploads\/2023\/05\/pare-prise-repare-608x405.jpg 608w, https:\/\/www.italpassion.fr\/wp-content\/uploads\/2023\/05\/pare-prise-repare-758x505.jpg 758w, https:\/\/www.italpassion.fr\/wp-content\/uploads\/2023\/05\/pare-prise-repare-1152x768.jpg 1152w, https:\/\/www.italpassion.fr\/wp-content\/uploads\/2023\/05\/pare-prise-repare-600x400.jpg 600w, https:\/\/www.italpassion.fr\/wp-content\/uploads\/2023\/05\/pare-prise-repare.jpg 1500w\" sizes=\"auto, (max-width: 1024px) 100vw, 1024px\" \/><\/figure>","protected":false},"excerpt":{"rendered":"","protected":false},"author":1,"featured_media":0,"parent":0,"menu_order":0,"comment_status":"open","ping_status":"closed","template":"g1-template-page-full.php","meta":{"_acf_changed":false,"_sitemap_exclude":false,"_sitemap_priority":"","_sitemap_frequency":"","footnotes":""},"class_list":["post-31416","page","type-page","status-publish"],"acf":[],"yoast_head":"<!-- This site is optimized with the Yoast SEO plugin v25.8 - https:\/\/yoast.com\/wordpress\/plugins\/seo\/ -->\n<title>R\u00e9parer ou remplacer le pare-brise de votre Fiat ? - ItalPassion<\/title>\n<meta name=\"robots\" content=\"index, follow, max-snippet:-1, max-image-preview:large, max-video-preview:-1\" \/>\n<link rel=\"canonical\" href=\"https:\/\/www.italpassion.fr\/it\/riparare-o-sostituire-il-parabrezza-della-vostra-fiat\/\" \/>\n<meta property=\"og:locale\" content=\"it_IT\" \/>\n<meta property=\"og:type\" content=\"article\" \/>\n<meta property=\"og:title\" content=\"R\u00e9parer ou remplacer le pare-brise de votre Fiat ? - ItalPassion\" \/>\n<meta property=\"og:description\" content=\"&hellip;\" \/>\n<meta property=\"og:url\" content=\"https:\/\/www.italpassion.fr\/it\/riparare-o-sostituire-il-parabrezza-della-vostra-fiat\/\" \/>\n<meta property=\"og:site_name\" content=\"ItalPassion\" \/>\n<meta property=\"article:publisher\" content=\"https:\/\/www.facebook.com\/italpassion\" \/>\n<meta property=\"article:modified_time\" content=\"2023-05-15T19:11:51+00:00\" \/>\n<meta property=\"og:image\" content=\"https:\/\/www.italpassion.fr\/wp-content\/uploads\/2023\/05\/pare-brise-impact-1024x666.jpg\" \/>\n<meta name=\"twitter:card\" content=\"summary_large_image\" \/>\n<meta name=\"twitter:site\" content=\"@italpassion\" \/>\n<script type=\"application\/ld+json\" class=\"yoast-schema-graph\">{\"@context\":\"https:\/\/schema.org\",\"@graph\":[{\"@type\":\"WebPage\",\"@id\":\"https:\/\/www.italpassion.fr\/it\/reparer-ou-remplacer-le-pare-brise-de-votre-fiat\/\",\"url\":\"https:\/\/www.italpassion.fr\/it\/reparer-ou-remplacer-le-pare-brise-de-votre-fiat\/\",\"name\":\"R\u00e9parer ou remplacer le pare-brise de votre Fiat ? - ItalPassion\",\"isPartOf\":{\"@id\":\"https:\/\/www.italpassion.fr\/it\/#website\"},\"primaryImageOfPage\":{\"@id\":\"https:\/\/www.italpassion.fr\/it\/reparer-ou-remplacer-le-pare-brise-de-votre-fiat\/#primaryimage\"},\"image\":{\"@id\":\"https:\/\/www.italpassion.fr\/it\/reparer-ou-remplacer-le-pare-brise-de-votre-fiat\/#primaryimage\"},\"thumbnailUrl\":\"https:\/\/www.italpassion.fr\/wp-content\/uploads\/2023\/05\/pare-brise-impact-1024x666.jpg\",\"datePublished\":\"2023-05-14T22:32:22+00:00\",\"dateModified\":\"2023-05-15T19:11:51+00:00\",\"breadcrumb\":{\"@id\":\"https:\/\/www.italpassion.fr\/it\/reparer-ou-remplacer-le-pare-brise-de-votre-fiat\/#breadcrumb\"},\"inLanguage\":\"it-IT\",\"potentialAction\":[{\"@type\":\"ReadAction\",\"target\":[\"https:\/\/www.italpassion.fr\/it\/reparer-ou-remplacer-le-pare-brise-de-votre-fiat\/\"]}]},{\"@type\":\"ImageObject\",\"inLanguage\":\"it-IT\",\"@id\":\"https:\/\/www.italpassion.fr\/it\/reparer-ou-remplacer-le-pare-brise-de-votre-fiat\/#primaryimage\",\"url\":\"https:\/\/www.italpassion.fr\/wp-content\/uploads\/2023\/05\/pare-brise-impact-1024x666.jpg\",\"contentUrl\":\"https:\/\/www.italpassion.fr\/wp-content\/uploads\/2023\/05\/pare-brise-impact-1024x666.jpg\"},{\"@type\":\"BreadcrumbList\",\"@id\":\"https:\/\/www.italpassion.fr\/it\/reparer-ou-remplacer-le-pare-brise-de-votre-fiat\/#breadcrumb\",\"itemListElement\":[{\"@type\":\"ListItem\",\"position\":1,\"name\":\"Accueil\",\"item\":\"https:\/\/www.italpassion.fr\/it\/\"},{\"@type\":\"ListItem\",\"position\":2,\"name\":\"R\u00e9parer ou remplacer le pare-brise de votre Fiat ?\"}]},{\"@type\":\"WebSite\",\"@id\":\"https:\/\/www.italpassion.fr\/it\/#website\",\"url\":\"https:\/\/www.italpassion.fr\/it\/\",\"name\":\"ItalPassion\",\"description\":\"Les Passionn\u00e9s d&#039;Automobiles Italiennes\",\"publisher\":{\"@id\":\"https:\/\/www.italpassion.fr\/it\/#organization\"},\"potentialAction\":[{\"@type\":\"SearchAction\",\"target\":{\"@type\":\"EntryPoint\",\"urlTemplate\":\"https:\/\/www.italpassion.fr\/it\/?s={search_term_string}\"},\"query-input\":{\"@type\":\"PropertyValueSpecification\",\"valueRequired\":true,\"valueName\":\"search_term_string\"}}],\"inLanguage\":\"it-IT\"},{\"@type\":\"Organization\",\"@id\":\"https:\/\/www.italpassion.fr\/it\/#organization\",\"name\":\"Italpassion\",\"url\":\"https:\/\/www.italpassion.fr\/it\/\",\"logo\":{\"@type\":\"ImageObject\",\"inLanguage\":\"it-IT\",\"@id\":\"https:\/\/www.italpassion.fr\/it\/#\/schema\/logo\/image\/\",\"url\":\"https:\/\/www.italpassion.fr\/wp-content\/uploads\/2023\/07\/italpassion-yoast.jpg\",\"contentUrl\":\"https:\/\/www.italpassion.fr\/wp-content\/uploads\/2023\/07\/italpassion-yoast.jpg\",\"width\":696,\"height\":696,\"caption\":\"Italpassion\"},\"image\":{\"@id\":\"https:\/\/www.italpassion.fr\/it\/#\/schema\/logo\/image\/\"},\"sameAs\":[\"https:\/\/www.facebook.com\/italpassion\",\"https:\/\/x.com\/italpassion\",\"https:\/\/www.instagram.com\/italpassionfr\/\",\"https:\/\/www.youtube.com\/channel\/UCleq-ByQaA42OjhopwevRjQ\",\"https:\/\/www.facebook.com\/italpassion.en\/\",\"https:\/\/www.facebook.com\/italpassion.it\/\",\"https:\/\/www.facebook.com\/italpassion.de\/\",\"https:\/\/www.facebook.com\/italpassion.ja\/\"]}]}<\/script>\n<!-- \/ Yoast SEO plugin. -->","yoast_head_json":{"title":"Riparare o sostituire il parabrezza della vostra Fiat? - ItalPassion","robots":{"index":"index","follow":"follow","max-snippet":"max-snippet:-1","max-image-preview":"max-image-preview:large","max-video-preview":"max-video-preview:-1"},"canonical":"https:\/\/www.italpassion.fr\/it\/riparare-o-sostituire-il-parabrezza-della-vostra-fiat\/","og_locale":"it_IT","og_type":"article","og_title":"R\u00e9parer ou remplacer le pare-brise de votre Fiat ? - ItalPassion","og_description":"&hellip;","og_url":"https:\/\/www.italpassion.fr\/it\/riparare-o-sostituire-il-parabrezza-della-vostra-fiat\/","og_site_name":"ItalPassion","article_publisher":"https:\/\/www.facebook.com\/italpassion","article_modified_time":"2023-05-15T19:11:51+00:00","og_image":[{"url":"https:\/\/www.italpassion.fr\/wp-content\/uploads\/2023\/05\/pare-brise-impact-1024x666.jpg","type":"","width":"","height":""}],"twitter_card":"summary_large_image","twitter_site":"@italpassion","schema":{"@context":"https:\/\/schema.org","@graph":[{"@type":"WebPage","@id":"https:\/\/www.italpassion.fr\/it\/reparer-ou-remplacer-le-pare-brise-de-votre-fiat\/","url":"https:\/\/www.italpassion.fr\/it\/reparer-ou-remplacer-le-pare-brise-de-votre-fiat\/","name":"Riparare o sostituire il parabrezza della vostra Fiat? - ItalPassion","isPartOf":{"@id":"https:\/\/www.italpassion.fr\/it\/#website"},"primaryImageOfPage":{"@id":"https:\/\/www.italpassion.fr\/it\/reparer-ou-remplacer-le-pare-brise-de-votre-fiat\/#primaryimage"},"image":{"@id":"https:\/\/www.italpassion.fr\/it\/reparer-ou-remplacer-le-pare-brise-de-votre-fiat\/#primaryimage"},"thumbnailUrl":"https:\/\/www.italpassion.fr\/wp-content\/uploads\/2023\/05\/pare-brise-impact-1024x666.jpg","datePublished":"2023-05-14T22:32:22+00:00","dateModified":"2023-05-15T19:11:51+00:00","breadcrumb":{"@id":"https:\/\/www.italpassion.fr\/it\/reparer-ou-remplacer-le-pare-brise-de-votre-fiat\/#breadcrumb"},"inLanguage":"it-IT","potentialAction":[{"@type":"ReadAction","target":["https:\/\/www.italpassion.fr\/it\/reparer-ou-remplacer-le-pare-brise-de-votre-fiat\/"]}]},{"@type":"ImageObject","inLanguage":"it-IT","@id":"https:\/\/www.italpassion.fr\/it\/reparer-ou-remplacer-le-pare-brise-de-votre-fiat\/#primaryimage","url":"https:\/\/www.italpassion.fr\/wp-content\/uploads\/2023\/05\/pare-brise-impact-1024x666.jpg","contentUrl":"https:\/\/www.italpassion.fr\/wp-content\/uploads\/2023\/05\/pare-brise-impact-1024x666.jpg"},{"@type":"BreadcrumbList","@id":"https:\/\/www.italpassion.fr\/it\/reparer-ou-remplacer-le-pare-brise-de-votre-fiat\/#breadcrumb","itemListElement":[{"@type":"ListItem","position":1,"name":"Accueil","item":"https:\/\/www.italpassion.fr\/it\/"},{"@type":"ListItem","position":2,"name":"R\u00e9parer ou remplacer le pare-brise de votre Fiat ?"}]},{"@type":"WebSite","@id":"https:\/\/www.italpassion.fr\/it\/#website","url":"https:\/\/www.italpassion.fr\/it\/","name":"ItalPassion","description":"Appassionati di auto italiane","publisher":{"@id":"https:\/\/www.italpassion.fr\/it\/#organization"},"potentialAction":[{"@type":"SearchAction","target":{"@type":"EntryPoint","urlTemplate":"https:\/\/www.italpassion.fr\/it\/?s={search_term_string}"},"query-input":{"@type":"PropertyValueSpecification","valueRequired":true,"valueName":"search_term_string"}}],"inLanguage":"it-IT"},{"@type":"Organization","@id":"https:\/\/www.italpassion.fr\/it\/#organization","name":"Italpassion","url":"https:\/\/www.italpassion.fr\/it\/","logo":{"@type":"ImageObject","inLanguage":"it-IT","@id":"https:\/\/www.italpassion.fr\/it\/#\/schema\/logo\/image\/","url":"https:\/\/www.italpassion.fr\/wp-content\/uploads\/2023\/07\/italpassion-yoast.jpg","contentUrl":"https:\/\/www.italpassion.fr\/wp-content\/uploads\/2023\/07\/italpassion-yoast.jpg","width":696,"height":696,"caption":"Italpassion"},"image":{"@id":"https:\/\/www.italpassion.fr\/it\/#\/schema\/logo\/image\/"},"sameAs":["https:\/\/www.facebook.com\/italpassion","https:\/\/x.com\/italpassion","https:\/\/www.instagram.com\/italpassionfr\/","https:\/\/www.youtube.com\/channel\/UCleq-ByQaA42OjhopwevRjQ","https:\/\/www.facebook.com\/italpassion.en\/","https:\/\/www.facebook.com\/italpassion.it\/","https:\/\/www.facebook.com\/italpassion.de\/","https:\/\/www.facebook.com\/italpassion.ja\/"]}]}},"_links":{"self":[{"href":"https:\/\/www.italpassion.fr\/it\/wp-json\/wp\/v2\/pages\/31416","targetHints":{"allow":["GET"]}}],"collection":[{"href":"https:\/\/www.italpassion.fr\/it\/wp-json\/wp\/v2\/pages"}],"about":[{"href":"https:\/\/www.italpassion.fr\/it\/wp-json\/wp\/v2\/types\/page"}],"author":[{"embeddable":true,"href":"https:\/\/www.italpassion.fr\/it\/wp-json\/wp\/v2\/users\/1"}],"replies":[{"embeddable":true,"href":"https:\/\/www.italpassion.fr\/it\/wp-json\/wp\/v2\/comments?post=31416"}],"version-history":[{"count":2,"href":"https:\/\/www.italpassion.fr\/it\/wp-json\/wp\/v2\/pages\/31416\/revisions"}],"predecessor-version":[{"id":31468,"href":"https:\/\/www.italpassion.fr\/it\/wp-json\/wp\/v2\/pages\/31416\/revisions\/31468"}],"wp:attachment":[{"href":"https:\/\/www.italpassion.fr\/it\/wp-json\/wp\/v2\/media?parent=31416"}],"curies":[{"name":"wp","href":"https:\/\/api.w.org\/{rel}","templated":true}]}}