{"id":29585,"date":"2021-08-24T14:44:53","date_gmt":"2021-08-24T12:44:53","guid":{"rendered":"https:\/\/www.italpassion.fr\/?page_id=29585"},"modified":"2021-08-27T09:08:26","modified_gmt":"2021-08-27T07:08:26","slug":"documento-di-circolazione-alfa-romeo","status":"publish","type":"page","link":"https:\/\/www.italpassion.fr\/it\/carte-grise-alfa-romeo\/","title":{"rendered":"Immatricolazione auto Alfa Romeo"},"content":{"rendered":"<p>State per acquistare un&nbsp;<a href=\"https:\/\/www.italpassion.fr\/it\/alfa-romeo\/\">Alfa Romeo<\/a> o un'Alfa Romeo usata? Avete mai usato un&nbsp;<a href=\"https:\/\/www.italpassion.fr\/it\/comparatore-di-assicurazioni-fiat\/\">Comparatore assicurativo Alfa Romeo&nbsp;<\/a>e ora volete conoscere il&nbsp;<strong>prezzo del documento di immatricolazione della vostra futura Alfa Romeo <\/strong>? L'auto \u00e8 usata e volete conoscere i passaggi per diventare il nuovo proprietario? Volete un documento di immatricolazione per auto d'epoca? Siete nel posto giusto per sapere tutto quello che c'\u00e8 da sapere sull'immatricolazione della vostra Alfa Romeo.<\/p>\n\n\n\n<figure class=\"wp-block-image size-large\"><img loading=\"lazy\" decoding=\"async\" width=\"1024\" height=\"683\" src=\"https:\/\/www.italpassion.fr\/wp-content\/uploads\/2021\/08\/lukasz-niescioruk-wvIM0l6NP0o-unsplash-1024x683.jpg\" alt=\"\" class=\"wp-image-29586\" srcset=\"https:\/\/www.italpassion.fr\/wp-content\/uploads\/2021\/08\/lukasz-niescioruk-wvIM0l6NP0o-unsplash-1024x683.jpg 1024w, https:\/\/www.italpassion.fr\/wp-content\/uploads\/2021\/08\/lukasz-niescioruk-wvIM0l6NP0o-unsplash-300x200.jpg 300w, https:\/\/www.italpassion.fr\/wp-content\/uploads\/2021\/08\/lukasz-niescioruk-wvIM0l6NP0o-unsplash-768x512.jpg 768w, https:\/\/www.italpassion.fr\/wp-content\/uploads\/2021\/08\/lukasz-niescioruk-wvIM0l6NP0o-unsplash-1536x1024.jpg 1536w, https:\/\/www.italpassion.fr\/wp-content\/uploads\/2021\/08\/lukasz-niescioruk-wvIM0l6NP0o-unsplash-scaled.jpg 2048w, https:\/\/www.italpassion.fr\/wp-content\/uploads\/2021\/08\/lukasz-niescioruk-wvIM0l6NP0o-unsplash-561x374.jpg 561w, https:\/\/www.italpassion.fr\/wp-content\/uploads\/2021\/08\/lukasz-niescioruk-wvIM0l6NP0o-unsplash-1122x748.jpg 1122w, https:\/\/www.italpassion.fr\/wp-content\/uploads\/2021\/08\/lukasz-niescioruk-wvIM0l6NP0o-unsplash-265x177.jpg 265w, https:\/\/www.italpassion.fr\/wp-content\/uploads\/2021\/08\/lukasz-niescioruk-wvIM0l6NP0o-unsplash-531x354.jpg 531w, https:\/\/www.italpassion.fr\/wp-content\/uploads\/2021\/08\/lukasz-niescioruk-wvIM0l6NP0o-unsplash-364x243.jpg 364w, https:\/\/www.italpassion.fr\/wp-content\/uploads\/2021\/08\/lukasz-niescioruk-wvIM0l6NP0o-unsplash-728x485.jpg 728w, https:\/\/www.italpassion.fr\/wp-content\/uploads\/2021\/08\/lukasz-niescioruk-wvIM0l6NP0o-unsplash-608x405.jpg 608w, https:\/\/www.italpassion.fr\/wp-content\/uploads\/2021\/08\/lukasz-niescioruk-wvIM0l6NP0o-unsplash-758x505.jpg 758w, https:\/\/www.italpassion.fr\/wp-content\/uploads\/2021\/08\/lukasz-niescioruk-wvIM0l6NP0o-unsplash-1152x768.jpg 1152w, https:\/\/www.italpassion.fr\/wp-content\/uploads\/2021\/08\/lukasz-niescioruk-wvIM0l6NP0o-unsplash-600x400.jpg 600w\" sizes=\"auto, (max-width: 1024px) 100vw, 1024px\" \/><figcaption>Tutto quello che c'\u00e8 da sapere sull'immatricolazione della vostra Alfa Romeo: prezzo, acquisto, vendita, smarrimento, riscossione<\/figcaption><\/figure>\n\n\n\n<h2 class=\"has-text-align-center wp-block-heading\">Simulatore del prezzo di immatricolazione dell'auto Alfa Romeo<\/h2>\n\n\n\n<p>Sono disponibili molti simulatori per calcolare il prezzo dell'immatricolazione del veicolo online. Questi simulatori funzionano per le Alfa Romeo moderne, i giovani timer e le collezioni: Alfa Romeo Spider, Alfa Romeo GT, 147, 156, 159, MiTo, Giulietta, Giulia, Stelvio,...<\/p>\n\n\n\n<div class=\"wp-block-columns is-layout-flex wp-container-core-columns-is-layout-9d6595d7 wp-block-columns-is-layout-flex\">\n<div class=\"wp-block-column is-layout-flow wp-block-column-is-layout-flow\">\n<h3 class=\"wp-block-heading\">Calcolo del prezzo di immatricolazione dell'auto Alfa Romeo<\/h3>\n\n\n\n<p>Il&nbsp;<strong>Il prezzo di un documento di immatricolazione viene calcolato in base a una serie di criteri<\/strong>Inoltre, se la vostra Alfa Romeo ha pi\u00f9 di 10 anni, il prezzo del documento di immatricolazione \u00e8 ridotto di 50 %.<\/p>\n\n\n\n<p>Ci sono cos\u00ec tanti criteri che \u00e8 pi\u00f9 facile usare un simulatore del prezzo di immatricolazione dell'auto.<\/p>\n<\/div>\n\n\n\n<div class=\"wp-block-column is-layout-flow wp-block-column-is-layout-flow\">\n<h3 class=\"wp-block-heading\">Tassa di immatricolazione auto 2021<\/h3>\n\n\n\n<p>Che si tratti di un veicolo nuovo o usato, il prezzo del libretto di circolazione \u00e8 maggiorato di&nbsp;<strong>una penalit\u00e0 in base alle emissioni di CO2<\/strong>. Questa scala si evolve ogni anno: una fissa per i veicoli nuovi e una decrescente in base agli anni di circolazione per i veicoli usati. Tutte le informazioni sono disponibili sul sito web del governo. Poich\u00e9 Alfa Romeo non dispone attualmente di un'auto ibrida o completamente elettrica, sar\u00e0 necessario pagare una penale.<\/p>\n\n\n\n<p>Anche in questo caso, per maggiore comodit\u00e0, si consiglia di utilizzare un simulatore del prezzo di immatricolazione dell'auto.<\/p>\n<\/div>\n<\/div>\n\n\n\n<h2 class=\"has-text-align-center wp-block-heading\">Vendita o acquisto di Alfa Romeo usate e documenti da controllare <\/h2>\n\n\n\n<p>Se acquistate la vostra Alfa Romeo usata, soprattutto da un privato, dovrete controllare alcuni documenti: <\/p>\n\n\n\n<ul class=\"wp-block-list\"><li>il libretto di circolazione: a nome del venditore, con l'indirizzo esatto del venditore. Deve essere consegnato all'acquirente e barrato con la dicitura \"venduto\", seguita dalla firma del venditore;<\/li><li>Controllo tecnico: deve essere inferiore a 6 mesi se l'auto ha pi\u00f9 di 4 anni;<\/li><li>certificato di trasferimento: deve essere compilato e firmato dal vecchio e dal nuovo proprietario in 2 copie, pu\u00f2 essere fatto online su <a href=\"https:\/\/www.portail-cartegrise.fr\/1\/declaration-cession-vehicule\">Portail-cartegrise.fr<\/a> ;<\/li><li>certificato di non impegno con meno di 15 giorni di anzianit\u00e0 che pu\u00f2 essere recuperato dal <a href=\"https:\/\/immatriculation.ants.gouv.fr\/FAQ-Particulier\/Vente-Don\/Commencer-une-declaration-de-cession\">Sito web dell'ANTS<\/a>.<\/li><\/ul>\n\n\n\n<p>Per maggiori informazioni su come acquistare o vendere un'Alfa Romeo usata, visitate il sito <a href=\"https:\/\/www.service-public.fr\/particuliers\/vosdroits\/R41137\">Servizio pubblico<\/a> dedicato a questo scopo.<\/p>\n\n\n\n<h2 class=\"has-text-align-center wp-block-heading\">Segnalazione di un cambio di indirizzo<\/h2>\n\n\n\n<p>State cambiando la vostra residenza e avete bisogno di&nbsp;<strong>immatricolare la vostra Alfa Romeo ad un nuovo indirizzo<\/strong>&nbsp;? Avete un mese di tempo prima della data del trasloco e un mese dopo aver lasciato il vecchio indirizzo per procedere al cambio di indirizzo sul libretto di circolazione della vostra Alfa Romeo. <\/p>\n\n\n\n<p>\u00c8 molto semplice e pu\u00f2 essere fatto online attraverso la pagina di cambio di indirizzo sul sito web del governo.<\/p>\n\n\n\n<h2 class=\"has-text-align-center wp-block-heading\">Smarrimento\/furto del libretto di circolazione<\/h2>\n\n\n\n<p>Avete <strong>perdere il libretto di circolazione dell'Alfa Romeo<\/strong>Se il veicolo non \u00e8 immatricolato, il titolare pu\u00f2 richiedere un duplicato. Se si tratta di un veicolo in leasing, \u00e8 necessario informare il locatore. Se si tratta della vostra Alfa Romeo, potete richiederla online sul sito del Service Public. Il costo di questo servizio \u00e8 di circa dieci euro.<\/p>\n\n\n\n<p>Se il documento di circolazione \u00e8 stato rubato, la procedura \u00e8 la stessa di cui sopra. Dovrete inoltre effettuare le seguenti operazioni preliminari <strong>fare una denuncia di furto<\/strong> alla stazione di polizia o alla gendarmeria.<\/p>\n\n\n\n<h2 class=\"has-text-align-center wp-block-heading\">Aggiungere o rimuovere un nome dal documento di immatricolazione del veicolo<\/h2>\n\n\n\n<p>Per aggiungere o rimuovere un nome dal documento di circolazione, \u00e8 necessario creare un nuovo documento di circolazione. \u00c8 necessario fornire un documento di identit\u00e0, il modulo cerfa 13750*05, l'originale del libretto di circolazione e una revisione tecnica di meno di 6 mesi se l'auto ha pi\u00f9 di 4 anni. Il servizio pu\u00f2 essere effettuato online sul sito web di Service Public.<\/p>\n\n\n\n<h2 class=\"has-text-align-center wp-block-heading\">Collezione Alfa Romeo: richiesta di registrazione della collezione<\/h2>\n\n\n\n<p>Se siete orgogliosi proprietari di un'Alfa Romeo che ha pi\u00f9 di 30 anni, potete richiedere una carta di circolazione da collezione. Sono interessate le Alfa Romeo 164, 75, 90, 33, Alfa 6, Alfetta, Alfasud, ecc. Questa carta di circolazione consente di avere targhe specifiche (ad esempio su sfondo nero). Il controllo tecnico sar\u00e0 effettuato ogni 5 anni.<\/p>\n\n\n\n<p>La richiesta di una carta di registrazione per collezionisti pu\u00f2 essere effettuata online. \u00c8 necessario fornire il vecchio documento di immatricolazione, un certificato FFVE e un'ispezione tecnica risalente a meno di 6 mesi prima. <\/p>\n\n\n\n<p>In questo modo si avr\u00e0 un certificato di immatricolazione provvisorio fino a quando non si ricever\u00e0 la nuova carta di circolazione del collezionista.<\/p>","protected":false},"excerpt":{"rendered":"","protected":false},"author":1,"featured_media":0,"parent":0,"menu_order":0,"comment_status":"closed","ping_status":"closed","template":"g1-template-page-full.php","meta":{"_acf_changed":false,"_sitemap_exclude":false,"_sitemap_priority":"","_sitemap_frequency":"","footnotes":""},"class_list":["post-29585","page","type-page","status-publish"],"acf":[],"yoast_head":"<!-- This site is optimized with the Yoast SEO plugin v25.8 - https:\/\/yoast.com\/wordpress\/plugins\/seo\/ -->\n<title>Carte grise Alfa Romeo : simulateur, documents, modifications<\/title>\n<meta name=\"robots\" content=\"index, follow, max-snippet:-1, max-image-preview:large, max-video-preview:-1\" \/>\n<link rel=\"canonical\" href=\"https:\/\/www.italpassion.fr\/it\/documento-di-circolazione-alfa-romeo\/\" \/>\n<meta property=\"og:locale\" content=\"it_IT\" \/>\n<meta property=\"og:type\" content=\"article\" \/>\n<meta property=\"og:title\" content=\"Carte grise Alfa Romeo : simulateur, documents, modifications\" \/>\n<meta property=\"og:description\" content=\"&hellip;\" \/>\n<meta property=\"og:url\" content=\"https:\/\/www.italpassion.fr\/it\/documento-di-circolazione-alfa-romeo\/\" \/>\n<meta property=\"og:site_name\" content=\"ItalPassion\" \/>\n<meta property=\"article:publisher\" content=\"https:\/\/www.facebook.com\/italpassion\" \/>\n<meta property=\"article:modified_time\" content=\"2021-08-27T07:08:26+00:00\" \/>\n<meta property=\"og:image\" content=\"https:\/\/www.italpassion.fr\/wp-content\/uploads\/2021\/08\/lukasz-niescioruk-wvIM0l6NP0o-unsplash-1024x683.jpg\" \/>\n<meta name=\"twitter:card\" content=\"summary_large_image\" \/>\n<meta name=\"twitter:site\" content=\"@italpassion\" \/>\n<script type=\"application\/ld+json\" class=\"yoast-schema-graph\">{\"@context\":\"https:\/\/schema.org\",\"@graph\":[{\"@type\":\"WebPage\",\"@id\":\"https:\/\/www.italpassion.fr\/it\/carte-grise-alfa-romeo\/\",\"url\":\"https:\/\/www.italpassion.fr\/it\/carte-grise-alfa-romeo\/\",\"name\":\"Carte grise Alfa Romeo : simulateur, documents, modifications\",\"isPartOf\":{\"@id\":\"https:\/\/www.italpassion.fr\/it\/#website\"},\"primaryImageOfPage\":{\"@id\":\"https:\/\/www.italpassion.fr\/it\/carte-grise-alfa-romeo\/#primaryimage\"},\"image\":{\"@id\":\"https:\/\/www.italpassion.fr\/it\/carte-grise-alfa-romeo\/#primaryimage\"},\"thumbnailUrl\":\"https:\/\/www.italpassion.fr\/wp-content\/uploads\/2021\/08\/lukasz-niescioruk-wvIM0l6NP0o-unsplash-1024x683.jpg\",\"datePublished\":\"2021-08-24T12:44:53+00:00\",\"dateModified\":\"2021-08-27T07:08:26+00:00\",\"breadcrumb\":{\"@id\":\"https:\/\/www.italpassion.fr\/it\/carte-grise-alfa-romeo\/#breadcrumb\"},\"inLanguage\":\"it-IT\",\"potentialAction\":[{\"@type\":\"ReadAction\",\"target\":[\"https:\/\/www.italpassion.fr\/it\/carte-grise-alfa-romeo\/\"]}]},{\"@type\":\"ImageObject\",\"inLanguage\":\"it-IT\",\"@id\":\"https:\/\/www.italpassion.fr\/it\/carte-grise-alfa-romeo\/#primaryimage\",\"url\":\"https:\/\/www.italpassion.fr\/wp-content\/uploads\/2021\/08\/lukasz-niescioruk-wvIM0l6NP0o-unsplash-1024x683.jpg\",\"contentUrl\":\"https:\/\/www.italpassion.fr\/wp-content\/uploads\/2021\/08\/lukasz-niescioruk-wvIM0l6NP0o-unsplash-1024x683.jpg\"},{\"@type\":\"BreadcrumbList\",\"@id\":\"https:\/\/www.italpassion.fr\/it\/carte-grise-alfa-romeo\/#breadcrumb\",\"itemListElement\":[{\"@type\":\"ListItem\",\"position\":1,\"name\":\"Accueil\",\"item\":\"https:\/\/www.italpassion.fr\/it\/\"},{\"@type\":\"ListItem\",\"position\":2,\"name\":\"Carte grise Alfa Romeo\"}]},{\"@type\":\"WebSite\",\"@id\":\"https:\/\/www.italpassion.fr\/it\/#website\",\"url\":\"https:\/\/www.italpassion.fr\/it\/\",\"name\":\"ItalPassion\",\"description\":\"Les Passionn\u00e9s d&#039;Automobiles Italiennes\",\"publisher\":{\"@id\":\"https:\/\/www.italpassion.fr\/it\/#organization\"},\"potentialAction\":[{\"@type\":\"SearchAction\",\"target\":{\"@type\":\"EntryPoint\",\"urlTemplate\":\"https:\/\/www.italpassion.fr\/it\/?s={search_term_string}\"},\"query-input\":{\"@type\":\"PropertyValueSpecification\",\"valueRequired\":true,\"valueName\":\"search_term_string\"}}],\"inLanguage\":\"it-IT\"},{\"@type\":\"Organization\",\"@id\":\"https:\/\/www.italpassion.fr\/it\/#organization\",\"name\":\"Italpassion\",\"url\":\"https:\/\/www.italpassion.fr\/it\/\",\"logo\":{\"@type\":\"ImageObject\",\"inLanguage\":\"it-IT\",\"@id\":\"https:\/\/www.italpassion.fr\/it\/#\/schema\/logo\/image\/\",\"url\":\"https:\/\/www.italpassion.fr\/wp-content\/uploads\/2023\/07\/italpassion-yoast.jpg\",\"contentUrl\":\"https:\/\/www.italpassion.fr\/wp-content\/uploads\/2023\/07\/italpassion-yoast.jpg\",\"width\":696,\"height\":696,\"caption\":\"Italpassion\"},\"image\":{\"@id\":\"https:\/\/www.italpassion.fr\/it\/#\/schema\/logo\/image\/\"},\"sameAs\":[\"https:\/\/www.facebook.com\/italpassion\",\"https:\/\/x.com\/italpassion\",\"https:\/\/www.instagram.com\/italpassionfr\/\",\"https:\/\/www.youtube.com\/channel\/UCleq-ByQaA42OjhopwevRjQ\",\"https:\/\/www.facebook.com\/italpassion.en\/\",\"https:\/\/www.facebook.com\/italpassion.it\/\",\"https:\/\/www.facebook.com\/italpassion.de\/\",\"https:\/\/www.facebook.com\/italpassion.ja\/\"]}]}<\/script>\n<!-- \/ Yoast SEO plugin. -->","yoast_head_json":{"title":"Libretto di circolazione Alfa Romeo: simulatore, documenti, modifiche","robots":{"index":"index","follow":"follow","max-snippet":"max-snippet:-1","max-image-preview":"max-image-preview:large","max-video-preview":"max-video-preview:-1"},"canonical":"https:\/\/www.italpassion.fr\/it\/documento-di-circolazione-alfa-romeo\/","og_locale":"it_IT","og_type":"article","og_title":"Carte grise Alfa Romeo : simulateur, documents, modifications","og_description":"&hellip;","og_url":"https:\/\/www.italpassion.fr\/it\/documento-di-circolazione-alfa-romeo\/","og_site_name":"ItalPassion","article_publisher":"https:\/\/www.facebook.com\/italpassion","article_modified_time":"2021-08-27T07:08:26+00:00","og_image":[{"url":"https:\/\/www.italpassion.fr\/wp-content\/uploads\/2021\/08\/lukasz-niescioruk-wvIM0l6NP0o-unsplash-1024x683.jpg","type":"","width":"","height":""}],"twitter_card":"summary_large_image","twitter_site":"@italpassion","schema":{"@context":"https:\/\/schema.org","@graph":[{"@type":"WebPage","@id":"https:\/\/www.italpassion.fr\/it\/carte-grise-alfa-romeo\/","url":"https:\/\/www.italpassion.fr\/it\/carte-grise-alfa-romeo\/","name":"Libretto di circolazione Alfa Romeo: simulatore, documenti, modifiche","isPartOf":{"@id":"https:\/\/www.italpassion.fr\/it\/#website"},"primaryImageOfPage":{"@id":"https:\/\/www.italpassion.fr\/it\/carte-grise-alfa-romeo\/#primaryimage"},"image":{"@id":"https:\/\/www.italpassion.fr\/it\/carte-grise-alfa-romeo\/#primaryimage"},"thumbnailUrl":"https:\/\/www.italpassion.fr\/wp-content\/uploads\/2021\/08\/lukasz-niescioruk-wvIM0l6NP0o-unsplash-1024x683.jpg","datePublished":"2021-08-24T12:44:53+00:00","dateModified":"2021-08-27T07:08:26+00:00","breadcrumb":{"@id":"https:\/\/www.italpassion.fr\/it\/carte-grise-alfa-romeo\/#breadcrumb"},"inLanguage":"it-IT","potentialAction":[{"@type":"ReadAction","target":["https:\/\/www.italpassion.fr\/it\/carte-grise-alfa-romeo\/"]}]},{"@type":"ImageObject","inLanguage":"it-IT","@id":"https:\/\/www.italpassion.fr\/it\/carte-grise-alfa-romeo\/#primaryimage","url":"https:\/\/www.italpassion.fr\/wp-content\/uploads\/2021\/08\/lukasz-niescioruk-wvIM0l6NP0o-unsplash-1024x683.jpg","contentUrl":"https:\/\/www.italpassion.fr\/wp-content\/uploads\/2021\/08\/lukasz-niescioruk-wvIM0l6NP0o-unsplash-1024x683.jpg"},{"@type":"BreadcrumbList","@id":"https:\/\/www.italpassion.fr\/it\/carte-grise-alfa-romeo\/#breadcrumb","itemListElement":[{"@type":"ListItem","position":1,"name":"Accueil","item":"https:\/\/www.italpassion.fr\/it\/"},{"@type":"ListItem","position":2,"name":"Carte grise Alfa Romeo"}]},{"@type":"WebSite","@id":"https:\/\/www.italpassion.fr\/it\/#website","url":"https:\/\/www.italpassion.fr\/it\/","name":"ItalPassion","description":"Appassionati di auto italiane","publisher":{"@id":"https:\/\/www.italpassion.fr\/it\/#organization"},"potentialAction":[{"@type":"SearchAction","target":{"@type":"EntryPoint","urlTemplate":"https:\/\/www.italpassion.fr\/it\/?s={search_term_string}"},"query-input":{"@type":"PropertyValueSpecification","valueRequired":true,"valueName":"search_term_string"}}],"inLanguage":"it-IT"},{"@type":"Organization","@id":"https:\/\/www.italpassion.fr\/it\/#organization","name":"Italpassion","url":"https:\/\/www.italpassion.fr\/it\/","logo":{"@type":"ImageObject","inLanguage":"it-IT","@id":"https:\/\/www.italpassion.fr\/it\/#\/schema\/logo\/image\/","url":"https:\/\/www.italpassion.fr\/wp-content\/uploads\/2023\/07\/italpassion-yoast.jpg","contentUrl":"https:\/\/www.italpassion.fr\/wp-content\/uploads\/2023\/07\/italpassion-yoast.jpg","width":696,"height":696,"caption":"Italpassion"},"image":{"@id":"https:\/\/www.italpassion.fr\/it\/#\/schema\/logo\/image\/"},"sameAs":["https:\/\/www.facebook.com\/italpassion","https:\/\/x.com\/italpassion","https:\/\/www.instagram.com\/italpassionfr\/","https:\/\/www.youtube.com\/channel\/UCleq-ByQaA42OjhopwevRjQ","https:\/\/www.facebook.com\/italpassion.en\/","https:\/\/www.facebook.com\/italpassion.it\/","https:\/\/www.facebook.com\/italpassion.de\/","https:\/\/www.facebook.com\/italpassion.ja\/"]}]}},"_links":{"self":[{"href":"https:\/\/www.italpassion.fr\/it\/wp-json\/wp\/v2\/pages\/29585","targetHints":{"allow":["GET"]}}],"collection":[{"href":"https:\/\/www.italpassion.fr\/it\/wp-json\/wp\/v2\/pages"}],"about":[{"href":"https:\/\/www.italpassion.fr\/it\/wp-json\/wp\/v2\/types\/page"}],"author":[{"embeddable":true,"href":"https:\/\/www.italpassion.fr\/it\/wp-json\/wp\/v2\/users\/1"}],"replies":[{"embeddable":true,"href":"https:\/\/www.italpassion.fr\/it\/wp-json\/wp\/v2\/comments?post=29585"}],"version-history":[{"count":3,"href":"https:\/\/www.italpassion.fr\/it\/wp-json\/wp\/v2\/pages\/29585\/revisions"}],"predecessor-version":[{"id":29589,"href":"https:\/\/www.italpassion.fr\/it\/wp-json\/wp\/v2\/pages\/29585\/revisions\/29589"}],"wp:attachment":[{"href":"https:\/\/www.italpassion.fr\/it\/wp-json\/wp\/v2\/media?parent=29585"}],"curies":[{"name":"wp","href":"https:\/\/api.w.org\/{rel}","templated":true}]}}