{"id":29428,"date":"2021-07-02T15:32:39","date_gmt":"2021-07-02T13:32:39","guid":{"rendered":"https:\/\/www.italpassion.fr\/?page_id=29428"},"modified":"2023-06-02T21:55:34","modified_gmt":"2023-06-02T19:55:34","slug":"ferrari-pneumatici","status":"publish","type":"page","link":"https:\/\/www.italpassion.fr\/it\/pneus-ferrari\/","title":{"rendered":"Pneumatici Ferrari: quali scegliere e dove acquistarli"},"content":{"rendered":"<p>Avete un <a href=\"https:\/\/www.italpassion.fr\/it\/ferrari\/\">Ferrari<\/a> Avete un'auto moderna o d'epoca e dovete cambiare gli pneumatici? Avete domande su quali modelli di pneumatici scegliere e dove acquistarli al miglior prezzo? Rispondiamo alle vostre domande qui di seguito.<\/p>\n\n\n\n<figure class=\"wp-block-image size-large\"><img loading=\"lazy\" decoding=\"async\" width=\"1024\" height=\"576\" src=\"https:\/\/www.italpassion.fr\/wp-content\/uploads\/2021\/06\/pneus-ferrari-1024x576.jpeg\" alt=\"\" class=\"wp-image-29429\" srcset=\"https:\/\/www.italpassion.fr\/wp-content\/uploads\/2021\/06\/pneus-ferrari-1024x576.jpeg 1024w, https:\/\/www.italpassion.fr\/wp-content\/uploads\/2021\/06\/pneus-ferrari-scaled-600x338.jpeg 600w, https:\/\/www.italpassion.fr\/wp-content\/uploads\/2021\/06\/pneus-ferrari-300x169.jpeg 300w, https:\/\/www.italpassion.fr\/wp-content\/uploads\/2021\/06\/pneus-ferrari-768x432.jpeg 768w, https:\/\/www.italpassion.fr\/wp-content\/uploads\/2021\/06\/pneus-ferrari-1536x864.jpeg 1536w, https:\/\/www.italpassion.fr\/wp-content\/uploads\/2021\/06\/pneus-ferrari-scaled.jpeg 2048w, https:\/\/www.italpassion.fr\/wp-content\/uploads\/2021\/06\/pneus-ferrari-192x108.jpeg 192w, https:\/\/www.italpassion.fr\/wp-content\/uploads\/2021\/06\/pneus-ferrari-384x216.jpeg 384w, https:\/\/www.italpassion.fr\/wp-content\/uploads\/2021\/06\/pneus-ferrari-364x205.jpeg 364w, https:\/\/www.italpassion.fr\/wp-content\/uploads\/2021\/06\/pneus-ferrari-728x409.jpeg 728w, https:\/\/www.italpassion.fr\/wp-content\/uploads\/2021\/06\/pneus-ferrari-561x316.jpeg 561w, https:\/\/www.italpassion.fr\/wp-content\/uploads\/2021\/06\/pneus-ferrari-1122x631.jpeg 1122w, https:\/\/www.italpassion.fr\/wp-content\/uploads\/2021\/06\/pneus-ferrari-265x149.jpeg 265w, https:\/\/www.italpassion.fr\/wp-content\/uploads\/2021\/06\/pneus-ferrari-531x299.jpeg 531w, https:\/\/www.italpassion.fr\/wp-content\/uploads\/2021\/06\/pneus-ferrari-608x342.jpeg 608w, https:\/\/www.italpassion.fr\/wp-content\/uploads\/2021\/06\/pneus-ferrari-758x426.jpeg 758w, https:\/\/www.italpassion.fr\/wp-content\/uploads\/2021\/06\/pneus-ferrari-1152x648.jpeg 1152w\" sizes=\"auto, (max-width: 1024px) 100vw, 1024px\" \/><\/figure>\n\n\n\n<h2 class=\"wp-block-heading\">Dove acquistare i pneumatici per la Ferrari<\/h2>\n\n\n\n<p><strong>I prezzi degli pneumatici Ferrari sono pi\u00f9 alti della media<\/strong>&nbsp;Potete trovare gli pneumatici giusti per la vostra auto: dimensioni, prestazioni della gomma, ecc. Troverete i vostri pneumatici Ferrari economici su Internet. \u00c8 possibile acquistarli anche presso il concessionario Ferrari, ma la differenza di prezzo pu\u00f2 essere superiore a 100 euro per pneumatico.<\/p>\n\n\n\n<figure class=\"wp-block-table\"><table><thead><tr><th>Sito web<\/th><th>Modello<\/th><th>Prezzo unitario<\/th><th>Prezzo 4 pneumatici<\/th><th>Trasporto<\/th><th>Montaggio<\/th><th><\/th><\/tr><\/thead><tbody><tr><td>1001 pneumatici<\/td><td>Pirelli P Zero 285\/35 ZR19<br>Pirelli P Zero PZ4 SC 285\/35R20<\/td><td>231,30 \u20ac<br>271,10 \u20ac<\/td><td>925,20 \u20ac<br>1084,40 \u20ac<\/td><td>Gratuito<\/td><td>Centri di assemblaggio partner<\/td><td><div class=\"wp-block-button\"><a class=\"wp-block-button__link wp-element-button\" href=\"https:\/\/c3po.link\/QhpnUwsdcC\" target=\"_blank\" rel=\"noreferrer noopener\">Vedere il prezzo dei miei pneumatici<\/a><\/div><\/td><\/tr><tr><td>Allopneus<\/td><td>Pirelli P Zero 285\/35 ZR19<br>Pirelli P Zero PZ4 SC 285\/35R20<\/td><td>228,10 \u20ac<br>273,90 \u20ac<\/td><td>912,40 \u20ac<br>1095,60 \u20ac<\/td><td>Gratuito (2 pneumatici)<\/td><td>Centri di assemblaggio Allopneus<\/td><td><div class=\"wp-block-button\"><a class=\"wp-block-button__link wp-element-button\" href=\"https:\/\/c3po.link\/QzKs3nmYCM\" target=\"_blank\" rel=\"noreferrer noopener\">Vedere il prezzo dei miei pneumatici<\/a><\/div><\/td><\/tr><tr><td>Pneumatici online<\/td><td>Pirelli P Zero 285\/35 ZR19<br>Pirelli P Zero PZ4 SC 285\/35R20<\/td><td>236,51 \u20ac<br>272,80 \u20ac<\/td><td>946,04 \u20ac<br>1131,20 \u20ac<\/td><td>Gratuito (2 pneumatici)<\/td><td>Centri di assemblaggio partner<\/td><td><\/td><\/tr><tr><td>Tirendo<\/td><td>Pirelli P Zero 285\/35 ZR19<br>Pirelli P Zero PZ4 SC 285\/35R20<\/td><td>253,40 \u20ac<br>301,40 \u20ac<\/td><td>1013,60 \u20ac<br>1205,60 \u20ac<\/td><td>Gratuito<\/td><td>No<\/td><td><\/td><\/tr><tr><td>123Tires<\/td><td>Pirelli P Zero 285\/35 ZR19<br>Pirelli P Zero PZ4 SC 285\/35R20<\/td><td>259,79 \u20ac<br>304,89 \u20ac<\/td><td>1039,16 \u20ac<br>1219,56 \u20ac<\/td><td>Gratuito<\/td><td>No<\/td><td><\/td><\/tr><\/tbody><\/table><figcaption class=\"wp-element-caption\">Prezzi indicativi aumentati nel 2023<\/figcaption><\/figure>\n\n\n\n<p><strong>Siti consigliati per l'acquisto di pneumatici Ferrari<\/strong>&nbsp;I prezzi migliori sono quelli di 1001pneus e Allopneus. Ad esempio, uno pneumatico Pirelli P Zero 265\/40R118 101 Y costa 167,70 euro IVA inclusa presso Allopneus. Escluso il montaggio, il prezzo \u00e8 di 670 euro per 4 pneumatici. Se fate un confronto presso il vostro concessionario, dovreste arrivare a poco meno di 1.000 euro.<\/p>\n\n\n\n<p><strong>Il montaggio degli pneumatici per la vostra Ferrari deve essere effettuato da un'officina affidabile.<\/strong>&nbsp;e competente che ha&nbsp;<strong>il materiale giusto per evitare di danneggiare i cerchioni<\/strong>. \u00c8 meglio pagare un po' di pi\u00f9 (a volte qualche euro in pi\u00f9 per ogni cerchio) per avere la certezza che il lavoro sar\u00e0 svolto correttamente. Per rassicurarsi, \u00e8 possibile fotografare tutti e 4 i cerchi prima del cambio gomme e farli vedere al gommista.<\/p>\n\n\n\n<h2 class=\"wp-block-heading\">Quando cambiare gli pneumatici della vostra Ferrari<\/h2>\n\n\n\n<p>\u00c8 necessario sostituire gli pneumatici della Ferrari alle seguenti condizioni:<\/p>\n\n\n\n<ul class=\"wp-block-list\">\n<li>pneumatico usurato fino al limite dell'indicatore di usura ;<\/li>\n\n\n\n<li>pneumatico danneggiato (ad esempio, urto contro un marciapiede);<\/li>\n\n\n\n<li>pneumatici con segni di invecchiamento (ernie, screpolature, tagli) ;<\/li>\n\n\n\n<li>pneumatico con usura irregolare (problema di equilibratura o di parallelismo);<\/li>\n\n\n\n<li>pneumatico forato (corpo estraneo che fora il pneumatico, urti, ...).<\/li>\n<\/ul>\n\n\n\n<p>Ora sapete&nbsp;<a href=\"https:\/\/www.club-identicar.com\/blog\/entretien\/quand-faut-il-changer-ses-pneus\/\">quando cambiare i pneumatici<\/a>&nbsp;e, a causa di uno dei motivi di cui sopra, dovete cambiare gli pneumatici della vostra Ferrari.<\/p>\n\n\n\n<h2 class=\"wp-block-heading\">Pneumatici Ferrari: quale marca scegliere?<\/h2>\n\n\n\n<p>La Ferrari annuncia pneumatici omologati per ciascuno dei suoi modelli. Un pneumatico omologato significa che sono stati effettuati dei test tra il marchio automobilistico e il produttore di pneumatici al momento dell'uscita del veicolo e che \u00e8 stato raggiunto un accordo commerciale.<\/p>\n\n\n\n<p>Si noti che non \u00e8 obbligatorio&nbsp;<strong>di rilevare la marca e il modello di pneumatico omologato dal costruttore della Ferrari<\/strong>Questo a patto che il pneumatico rispetti le dimensioni, le pressioni e le altre caratteristiche tecniche (velocit\u00e0, carico, ecc.). Quando un produttore annuncia che uno pneumatico \u00e8 \"approvato\" per il suo modello, \u00e8&nbsp;<strong>per garantire prestazioni di guida ottimali<\/strong>.<\/p>\n\n\n\n<p>Tuttavia, non \u00e8 obbligatorio utilizzare pneumatici omologati Ferrari. Ad esempio, molti proprietari scelgono Pirelli P Zero, Michelin TRX, Michelin Ps2 Michelin Pilot Sport 4S, Bridgeston Expedia S02.<\/p>\n\n\n\n<p>Si noti che&nbsp;<strong>per le auto d'epoca<\/strong>Alcuni produttori di pneumatici, come Michelin, offrono una gamma speciale \"collection\".<\/p>\n\n\n\n<p>Sempre che abbiate una Ferrari,<strong>&nbsp;evitare di scegliere il pneumatico pi\u00f9 economico<\/strong>Se avete tra le mani un'auto sportiva, la scelta dei pneumatici \u00e8 molto importante per la sicurezza di tutti.<\/p>\n\n\n\n<h2 class=\"wp-block-heading\">Assicurare i pneumatici della vostra Ferrari<\/h2>\n\n\n\n<p>Probabilmente non lo sapete, ma&nbsp;<strong>\u00e8 possibile assicurare i pneumatici<\/strong>. Cosa c'\u00e8 di pi\u00f9 fastidioso di una foratura lenta, di un urto contro un marciapiede o di un atto vandalico su pneumatici quasi nuovi da oltre 150 euro l'uno? Ancora pi\u00f9 fastidioso \u00e8 il fatto che quando un pneumatico \u00e8 danneggiato, di solito si deve cambiare l'intera coppia, il che significa pi\u00f9 di 300 euro di pneumatici, senza contare la manodopera.<\/p>\n\n\n\n<p><strong>L'idea giusta \u00e8 assicurare i pneumatici<\/strong>. Oltre ad avere un&nbsp;<a href=\"https:\/\/www.italpassion.fr\/it\/ferrari-assicurazione-comparatore\/\">assicurazione per la vostra Ferrari<\/a>Oltre a quanto sopra, esistono compagnie di assicurazione auto complementari, come il Club Identicar, che offrono garanzie come la copertura dei pneumatici. Quest'ultima consente di essere rimborsati fino a 200 euro per pneumatico in caso di foratura, urto contro il marciapiede o atti vandalici.<\/p>","protected":false},"excerpt":{"rendered":"","protected":false},"author":1,"featured_media":0,"parent":0,"menu_order":0,"comment_status":"closed","ping_status":"closed","template":"g1-template-page-full.php","meta":{"_acf_changed":false,"_sitemap_exclude":false,"_sitemap_priority":"","_sitemap_frequency":"","footnotes":""},"class_list":["post-29428","page","type-page","status-publish"],"acf":[],"yoast_head":"<!-- This site is optimized with the Yoast SEO plugin v25.8 - https:\/\/yoast.com\/wordpress\/plugins\/seo\/ -->\n<title>Pneus Ferrari : lesquels choisir et o\u00f9 les acheter - ItalPassion<\/title>\n<meta name=\"robots\" content=\"index, follow, max-snippet:-1, max-image-preview:large, max-video-preview:-1\" \/>\n<link rel=\"canonical\" href=\"https:\/\/www.italpassion.fr\/it\/ferrari-pneumatici\/\" \/>\n<meta property=\"og:locale\" content=\"it_IT\" \/>\n<meta property=\"og:type\" content=\"article\" \/>\n<meta property=\"og:title\" content=\"Pneus Ferrari : lesquels choisir et o\u00f9 les acheter - ItalPassion\" \/>\n<meta property=\"og:description\" content=\"&hellip;\" \/>\n<meta property=\"og:url\" content=\"https:\/\/www.italpassion.fr\/it\/ferrari-pneumatici\/\" \/>\n<meta property=\"og:site_name\" content=\"ItalPassion\" \/>\n<meta property=\"article:publisher\" content=\"https:\/\/www.facebook.com\/italpassion\" \/>\n<meta property=\"article:modified_time\" content=\"2023-06-02T19:55:34+00:00\" \/>\n<meta property=\"og:image\" content=\"https:\/\/www.italpassion.fr\/wp-content\/uploads\/2021\/06\/pneus-ferrari-1024x576.jpeg\" \/>\n<meta name=\"twitter:card\" content=\"summary_large_image\" \/>\n<meta name=\"twitter:site\" content=\"@italpassion\" \/>\n<script type=\"application\/ld+json\" class=\"yoast-schema-graph\">{\"@context\":\"https:\/\/schema.org\",\"@graph\":[{\"@type\":\"WebPage\",\"@id\":\"https:\/\/www.italpassion.fr\/it\/pneus-ferrari\/\",\"url\":\"https:\/\/www.italpassion.fr\/it\/pneus-ferrari\/\",\"name\":\"Pneus Ferrari : lesquels choisir et o\u00f9 les acheter - ItalPassion\",\"isPartOf\":{\"@id\":\"https:\/\/www.italpassion.fr\/it\/#website\"},\"primaryImageOfPage\":{\"@id\":\"https:\/\/www.italpassion.fr\/it\/pneus-ferrari\/#primaryimage\"},\"image\":{\"@id\":\"https:\/\/www.italpassion.fr\/it\/pneus-ferrari\/#primaryimage\"},\"thumbnailUrl\":\"https:\/\/www.italpassion.fr\/wp-content\/uploads\/2021\/06\/pneus-ferrari-1024x576.jpeg\",\"datePublished\":\"2021-07-02T13:32:39+00:00\",\"dateModified\":\"2023-06-02T19:55:34+00:00\",\"breadcrumb\":{\"@id\":\"https:\/\/www.italpassion.fr\/it\/pneus-ferrari\/#breadcrumb\"},\"inLanguage\":\"it-IT\",\"potentialAction\":[{\"@type\":\"ReadAction\",\"target\":[\"https:\/\/www.italpassion.fr\/it\/pneus-ferrari\/\"]}]},{\"@type\":\"ImageObject\",\"inLanguage\":\"it-IT\",\"@id\":\"https:\/\/www.italpassion.fr\/it\/pneus-ferrari\/#primaryimage\",\"url\":\"https:\/\/www.italpassion.fr\/wp-content\/uploads\/2021\/06\/pneus-ferrari-1024x576.jpeg\",\"contentUrl\":\"https:\/\/www.italpassion.fr\/wp-content\/uploads\/2021\/06\/pneus-ferrari-1024x576.jpeg\"},{\"@type\":\"BreadcrumbList\",\"@id\":\"https:\/\/www.italpassion.fr\/it\/pneus-ferrari\/#breadcrumb\",\"itemListElement\":[{\"@type\":\"ListItem\",\"position\":1,\"name\":\"Accueil\",\"item\":\"https:\/\/www.italpassion.fr\/it\/\"},{\"@type\":\"ListItem\",\"position\":2,\"name\":\"Pneus Ferrari : lesquels choisir et o\u00f9 les acheter\"}]},{\"@type\":\"WebSite\",\"@id\":\"https:\/\/www.italpassion.fr\/it\/#website\",\"url\":\"https:\/\/www.italpassion.fr\/it\/\",\"name\":\"ItalPassion\",\"description\":\"Les Passionn\u00e9s d&#039;Automobiles Italiennes\",\"publisher\":{\"@id\":\"https:\/\/www.italpassion.fr\/it\/#organization\"},\"potentialAction\":[{\"@type\":\"SearchAction\",\"target\":{\"@type\":\"EntryPoint\",\"urlTemplate\":\"https:\/\/www.italpassion.fr\/it\/?s={search_term_string}\"},\"query-input\":{\"@type\":\"PropertyValueSpecification\",\"valueRequired\":true,\"valueName\":\"search_term_string\"}}],\"inLanguage\":\"it-IT\"},{\"@type\":\"Organization\",\"@id\":\"https:\/\/www.italpassion.fr\/it\/#organization\",\"name\":\"Italpassion\",\"url\":\"https:\/\/www.italpassion.fr\/it\/\",\"logo\":{\"@type\":\"ImageObject\",\"inLanguage\":\"it-IT\",\"@id\":\"https:\/\/www.italpassion.fr\/it\/#\/schema\/logo\/image\/\",\"url\":\"https:\/\/www.italpassion.fr\/wp-content\/uploads\/2023\/07\/italpassion-yoast.jpg\",\"contentUrl\":\"https:\/\/www.italpassion.fr\/wp-content\/uploads\/2023\/07\/italpassion-yoast.jpg\",\"width\":696,\"height\":696,\"caption\":\"Italpassion\"},\"image\":{\"@id\":\"https:\/\/www.italpassion.fr\/it\/#\/schema\/logo\/image\/\"},\"sameAs\":[\"https:\/\/www.facebook.com\/italpassion\",\"https:\/\/x.com\/italpassion\",\"https:\/\/www.instagram.com\/italpassionfr\/\",\"https:\/\/www.youtube.com\/channel\/UCleq-ByQaA42OjhopwevRjQ\",\"https:\/\/www.facebook.com\/italpassion.en\/\",\"https:\/\/www.facebook.com\/italpassion.it\/\",\"https:\/\/www.facebook.com\/italpassion.de\/\",\"https:\/\/www.facebook.com\/italpassion.ja\/\"]}]}<\/script>\n<!-- \/ Yoast SEO plugin. -->","yoast_head_json":{"title":"Pneumatici Ferrari: quali scegliere e dove acquistarli - ItalPassion","robots":{"index":"index","follow":"follow","max-snippet":"max-snippet:-1","max-image-preview":"max-image-preview:large","max-video-preview":"max-video-preview:-1"},"canonical":"https:\/\/www.italpassion.fr\/it\/ferrari-pneumatici\/","og_locale":"it_IT","og_type":"article","og_title":"Pneus Ferrari : lesquels choisir et o\u00f9 les acheter - ItalPassion","og_description":"&hellip;","og_url":"https:\/\/www.italpassion.fr\/it\/ferrari-pneumatici\/","og_site_name":"ItalPassion","article_publisher":"https:\/\/www.facebook.com\/italpassion","article_modified_time":"2023-06-02T19:55:34+00:00","og_image":[{"url":"https:\/\/www.italpassion.fr\/wp-content\/uploads\/2021\/06\/pneus-ferrari-1024x576.jpeg","type":"","width":"","height":""}],"twitter_card":"summary_large_image","twitter_site":"@italpassion","schema":{"@context":"https:\/\/schema.org","@graph":[{"@type":"WebPage","@id":"https:\/\/www.italpassion.fr\/it\/pneus-ferrari\/","url":"https:\/\/www.italpassion.fr\/it\/pneus-ferrari\/","name":"Pneumatici Ferrari: quali scegliere e dove acquistarli - ItalPassion","isPartOf":{"@id":"https:\/\/www.italpassion.fr\/it\/#website"},"primaryImageOfPage":{"@id":"https:\/\/www.italpassion.fr\/it\/pneus-ferrari\/#primaryimage"},"image":{"@id":"https:\/\/www.italpassion.fr\/it\/pneus-ferrari\/#primaryimage"},"thumbnailUrl":"https:\/\/www.italpassion.fr\/wp-content\/uploads\/2021\/06\/pneus-ferrari-1024x576.jpeg","datePublished":"2021-07-02T13:32:39+00:00","dateModified":"2023-06-02T19:55:34+00:00","breadcrumb":{"@id":"https:\/\/www.italpassion.fr\/it\/pneus-ferrari\/#breadcrumb"},"inLanguage":"it-IT","potentialAction":[{"@type":"ReadAction","target":["https:\/\/www.italpassion.fr\/it\/pneus-ferrari\/"]}]},{"@type":"ImageObject","inLanguage":"it-IT","@id":"https:\/\/www.italpassion.fr\/it\/pneus-ferrari\/#primaryimage","url":"https:\/\/www.italpassion.fr\/wp-content\/uploads\/2021\/06\/pneus-ferrari-1024x576.jpeg","contentUrl":"https:\/\/www.italpassion.fr\/wp-content\/uploads\/2021\/06\/pneus-ferrari-1024x576.jpeg"},{"@type":"BreadcrumbList","@id":"https:\/\/www.italpassion.fr\/it\/pneus-ferrari\/#breadcrumb","itemListElement":[{"@type":"ListItem","position":1,"name":"Accueil","item":"https:\/\/www.italpassion.fr\/it\/"},{"@type":"ListItem","position":2,"name":"Pneus Ferrari : lesquels choisir et o\u00f9 les acheter"}]},{"@type":"WebSite","@id":"https:\/\/www.italpassion.fr\/it\/#website","url":"https:\/\/www.italpassion.fr\/it\/","name":"ItalPassion","description":"Appassionati di auto italiane","publisher":{"@id":"https:\/\/www.italpassion.fr\/it\/#organization"},"potentialAction":[{"@type":"SearchAction","target":{"@type":"EntryPoint","urlTemplate":"https:\/\/www.italpassion.fr\/it\/?s={search_term_string}"},"query-input":{"@type":"PropertyValueSpecification","valueRequired":true,"valueName":"search_term_string"}}],"inLanguage":"it-IT"},{"@type":"Organization","@id":"https:\/\/www.italpassion.fr\/it\/#organization","name":"Italpassion","url":"https:\/\/www.italpassion.fr\/it\/","logo":{"@type":"ImageObject","inLanguage":"it-IT","@id":"https:\/\/www.italpassion.fr\/it\/#\/schema\/logo\/image\/","url":"https:\/\/www.italpassion.fr\/wp-content\/uploads\/2023\/07\/italpassion-yoast.jpg","contentUrl":"https:\/\/www.italpassion.fr\/wp-content\/uploads\/2023\/07\/italpassion-yoast.jpg","width":696,"height":696,"caption":"Italpassion"},"image":{"@id":"https:\/\/www.italpassion.fr\/it\/#\/schema\/logo\/image\/"},"sameAs":["https:\/\/www.facebook.com\/italpassion","https:\/\/x.com\/italpassion","https:\/\/www.instagram.com\/italpassionfr\/","https:\/\/www.youtube.com\/channel\/UCleq-ByQaA42OjhopwevRjQ","https:\/\/www.facebook.com\/italpassion.en\/","https:\/\/www.facebook.com\/italpassion.it\/","https:\/\/www.facebook.com\/italpassion.de\/","https:\/\/www.facebook.com\/italpassion.ja\/"]}]}},"_links":{"self":[{"href":"https:\/\/www.italpassion.fr\/it\/wp-json\/wp\/v2\/pages\/29428","targetHints":{"allow":["GET"]}}],"collection":[{"href":"https:\/\/www.italpassion.fr\/it\/wp-json\/wp\/v2\/pages"}],"about":[{"href":"https:\/\/www.italpassion.fr\/it\/wp-json\/wp\/v2\/types\/page"}],"author":[{"embeddable":true,"href":"https:\/\/www.italpassion.fr\/it\/wp-json\/wp\/v2\/users\/1"}],"replies":[{"embeddable":true,"href":"https:\/\/www.italpassion.fr\/it\/wp-json\/wp\/v2\/comments?post=29428"}],"version-history":[{"count":11,"href":"https:\/\/www.italpassion.fr\/it\/wp-json\/wp\/v2\/pages\/29428\/revisions"}],"predecessor-version":[{"id":31514,"href":"https:\/\/www.italpassion.fr\/it\/wp-json\/wp\/v2\/pages\/29428\/revisions\/31514"}],"wp:attachment":[{"href":"https:\/\/www.italpassion.fr\/it\/wp-json\/wp\/v2\/media?parent=29428"}],"curies":[{"name":"wp","href":"https:\/\/api.w.org\/{rel}","templated":true}]}}