{"id":29285,"date":"2021-05-05T13:48:29","date_gmt":"2021-05-05T11:48:29","guid":{"rendered":"https:\/\/www.italpassion.fr\/?page_id=29285"},"modified":"2021-05-05T13:49:23","modified_gmt":"2021-05-05T11:49:23","slug":"scheda-grigio-fiat","status":"publish","type":"page","link":"https:\/\/www.italpassion.fr\/it\/carte-grise-fiat\/","title":{"rendered":"Immatricolazione auto Fiat"},"content":{"rendered":"<p>State per acquistare un\u00a0<a href=\"https:\/\/www.italpassion.fr\/it\/fiat\/\">Fiat<\/a>\u00a0o una Fiat usata? Avete mai usato un\u00a0<a href=\"https:\/\/www.italpassion.fr\/it\/comparatore-di-assicurazioni-fiat\/\">Comparatore assicurativo Fiat\u00a0<\/a>e ora volete conoscere il\u00a0<strong>prezzo del documento di immatricolazione della vostra futura Fiat<\/strong>\u00a0? Siete nel posto giusto.<\/p>\n\n\n\n<h2 class=\"wp-block-heading\">Simulatore del prezzo di immatricolazione delle auto Fiat<\/h2>\n\n\n\n<p>Esistono molti simulatori per calcolare il prezzo di\u00a0<a href=\"https:\/\/www.cartegriseminute.fr\/carte-grise-en-ligne.php\">il vostro libretto di circolazione online<\/a>. Questi simulatori funzionano per Fiat moderne, giovani e da collezione: Fiat Punto, Fiat Grande Punto, Fiat Tipo, Fiat Bravo, Fiat Panda, Fiat 500, Fiat 500C, Fiat 500L, Fiat 500X, Fiat 124 Spider,...<\/p>\n\n\n\n<h2 class=\"wp-block-heading\">Calcolare il prezzo di immatricolazione di un'auto Fiat<\/h2>\n\n\n\n<p>Il&nbsp;<strong>Il prezzo di un documento di immatricolazione viene calcolato in base a una serie di criteri<\/strong>Inoltre, se la vostra Fiat ha pi\u00f9 di 10 anni, il prezzo del libretto di circolazione \u00e8 ridotto di 50 %.<\/p>\n\n\n\n<p>Ci sono cos\u00ec tanti criteri che \u00e8 pi\u00f9 facile usare un simulatore del prezzo di immatricolazione dell'auto.<\/p>\n\n\n\n<h2 class=\"wp-block-heading\">Supplemento carta grigia 2019<\/h2>\n\n\n\n<p>Che si tratti di un veicolo nuovo o usato, il prezzo del libretto di circolazione \u00e8 maggiorato di\u00a0<strong>una penalit\u00e0 in base alle emissioni di CO2<\/strong>. Questa scala si evolve ogni anno: una fissa per i veicoli nuovi e una decrescente in base agli anni di circolazione per i veicoli usati. Tutte le informazioni sul\u00a0<a href=\"https:\/\/www.service-public.fr\/particuliers\/vosdroits\/F19911\">sito web del governo<\/a>. Poich\u00e9 attualmente Fiat non dispone di auto ibride o completamente elettriche, sar\u00e0 necessario pagare una penale.<\/p>\n\n\n\n<p>Anche in questo caso, per maggiore comodit\u00e0, si consiglia di utilizzare un simulatore del prezzo di immatricolazione dell'auto.<\/p>\n\n\n\n<h2 class=\"wp-block-heading\">Cambio di residenza<\/h2>\n\n\n\n<p>State cambiando la vostra residenza e avete bisogno di\u00a0<strong>immatricolare la vostra Fiat ad un nuovo indirizzo<\/strong>\u00a0? Avete un mese di tempo prima della data del trasloco e un mese dopo aver lasciato il vecchio indirizzo per procedere al cambio di indirizzo sul libretto di circolazione della vostra Fiat. \u00c8 molto semplice e si pu\u00f2 fare anche online grazie al programma\u00a0<a href=\"https:\/\/www.demarches.interieur.gouv.fr\/particuliers\/changer-adresse-carte-grise\">cambio di indirizzo sul sito web del governo<\/a>.<\/p>","protected":false},"excerpt":{"rendered":"","protected":false},"author":1,"featured_media":0,"parent":0,"menu_order":0,"comment_status":"closed","ping_status":"closed","template":"g1-template-page-full.php","meta":{"_acf_changed":false,"_sitemap_exclude":false,"_sitemap_priority":"","_sitemap_frequency":"","footnotes":""},"class_list":["post-29285","page","type-page","status-publish"],"acf":[],"yoast_head":"<!-- This site is optimized with the Yoast SEO plugin v25.8 - https:\/\/yoast.com\/wordpress\/plugins\/seo\/ -->\n<title>Carte grise Fiat - ItalPassion<\/title>\n<meta name=\"robots\" content=\"index, follow, max-snippet:-1, max-image-preview:large, max-video-preview:-1\" \/>\n<link rel=\"canonical\" href=\"https:\/\/www.italpassion.fr\/it\/scheda-grigio-fiat\/\" \/>\n<meta property=\"og:locale\" content=\"it_IT\" \/>\n<meta property=\"og:type\" content=\"article\" \/>\n<meta property=\"og:title\" content=\"Carte grise Fiat - ItalPassion\" \/>\n<meta property=\"og:description\" content=\"&hellip;\" \/>\n<meta property=\"og:url\" content=\"https:\/\/www.italpassion.fr\/it\/scheda-grigio-fiat\/\" \/>\n<meta property=\"og:site_name\" content=\"ItalPassion\" \/>\n<meta property=\"article:publisher\" content=\"https:\/\/www.facebook.com\/italpassion\" \/>\n<meta property=\"article:modified_time\" content=\"2021-05-05T11:49:23+00:00\" \/>\n<meta name=\"twitter:card\" content=\"summary_large_image\" \/>\n<meta name=\"twitter:site\" content=\"@italpassion\" \/>\n<script type=\"application\/ld+json\" class=\"yoast-schema-graph\">{\"@context\":\"https:\/\/schema.org\",\"@graph\":[{\"@type\":\"WebPage\",\"@id\":\"https:\/\/www.italpassion.fr\/it\/carte-grise-fiat\/\",\"url\":\"https:\/\/www.italpassion.fr\/it\/carte-grise-fiat\/\",\"name\":\"Carte grise Fiat - ItalPassion\",\"isPartOf\":{\"@id\":\"https:\/\/www.italpassion.fr\/it\/#website\"},\"datePublished\":\"2021-05-05T11:48:29+00:00\",\"dateModified\":\"2021-05-05T11:49:23+00:00\",\"breadcrumb\":{\"@id\":\"https:\/\/www.italpassion.fr\/it\/carte-grise-fiat\/#breadcrumb\"},\"inLanguage\":\"it-IT\",\"potentialAction\":[{\"@type\":\"ReadAction\",\"target\":[\"https:\/\/www.italpassion.fr\/it\/carte-grise-fiat\/\"]}]},{\"@type\":\"BreadcrumbList\",\"@id\":\"https:\/\/www.italpassion.fr\/it\/carte-grise-fiat\/#breadcrumb\",\"itemListElement\":[{\"@type\":\"ListItem\",\"position\":1,\"name\":\"Accueil\",\"item\":\"https:\/\/www.italpassion.fr\/it\/\"},{\"@type\":\"ListItem\",\"position\":2,\"name\":\"Carte grise Fiat\"}]},{\"@type\":\"WebSite\",\"@id\":\"https:\/\/www.italpassion.fr\/it\/#website\",\"url\":\"https:\/\/www.italpassion.fr\/it\/\",\"name\":\"ItalPassion\",\"description\":\"Les Passionn\u00e9s d&#039;Automobiles Italiennes\",\"publisher\":{\"@id\":\"https:\/\/www.italpassion.fr\/it\/#organization\"},\"potentialAction\":[{\"@type\":\"SearchAction\",\"target\":{\"@type\":\"EntryPoint\",\"urlTemplate\":\"https:\/\/www.italpassion.fr\/it\/?s={search_term_string}\"},\"query-input\":{\"@type\":\"PropertyValueSpecification\",\"valueRequired\":true,\"valueName\":\"search_term_string\"}}],\"inLanguage\":\"it-IT\"},{\"@type\":\"Organization\",\"@id\":\"https:\/\/www.italpassion.fr\/it\/#organization\",\"name\":\"Italpassion\",\"url\":\"https:\/\/www.italpassion.fr\/it\/\",\"logo\":{\"@type\":\"ImageObject\",\"inLanguage\":\"it-IT\",\"@id\":\"https:\/\/www.italpassion.fr\/it\/#\/schema\/logo\/image\/\",\"url\":\"https:\/\/www.italpassion.fr\/wp-content\/uploads\/2023\/07\/italpassion-yoast.jpg\",\"contentUrl\":\"https:\/\/www.italpassion.fr\/wp-content\/uploads\/2023\/07\/italpassion-yoast.jpg\",\"width\":696,\"height\":696,\"caption\":\"Italpassion\"},\"image\":{\"@id\":\"https:\/\/www.italpassion.fr\/it\/#\/schema\/logo\/image\/\"},\"sameAs\":[\"https:\/\/www.facebook.com\/italpassion\",\"https:\/\/x.com\/italpassion\",\"https:\/\/www.instagram.com\/italpassionfr\/\",\"https:\/\/www.youtube.com\/channel\/UCleq-ByQaA42OjhopwevRjQ\",\"https:\/\/www.facebook.com\/italpassion.en\/\",\"https:\/\/www.facebook.com\/italpassion.it\/\",\"https:\/\/www.facebook.com\/italpassion.de\/\",\"https:\/\/www.facebook.com\/italpassion.ja\/\"]}]}<\/script>\n<!-- \/ Yoast SEO plugin. -->","yoast_head_json":{"title":"Libretto di circolazione Fiat - ItalPassion","robots":{"index":"index","follow":"follow","max-snippet":"max-snippet:-1","max-image-preview":"max-image-preview:large","max-video-preview":"max-video-preview:-1"},"canonical":"https:\/\/www.italpassion.fr\/it\/scheda-grigio-fiat\/","og_locale":"it_IT","og_type":"article","og_title":"Carte grise Fiat - ItalPassion","og_description":"&hellip;","og_url":"https:\/\/www.italpassion.fr\/it\/scheda-grigio-fiat\/","og_site_name":"ItalPassion","article_publisher":"https:\/\/www.facebook.com\/italpassion","article_modified_time":"2021-05-05T11:49:23+00:00","twitter_card":"summary_large_image","twitter_site":"@italpassion","schema":{"@context":"https:\/\/schema.org","@graph":[{"@type":"WebPage","@id":"https:\/\/www.italpassion.fr\/it\/carte-grise-fiat\/","url":"https:\/\/www.italpassion.fr\/it\/carte-grise-fiat\/","name":"Libretto di circolazione Fiat - ItalPassion","isPartOf":{"@id":"https:\/\/www.italpassion.fr\/it\/#website"},"datePublished":"2021-05-05T11:48:29+00:00","dateModified":"2021-05-05T11:49:23+00:00","breadcrumb":{"@id":"https:\/\/www.italpassion.fr\/it\/carte-grise-fiat\/#breadcrumb"},"inLanguage":"it-IT","potentialAction":[{"@type":"ReadAction","target":["https:\/\/www.italpassion.fr\/it\/carte-grise-fiat\/"]}]},{"@type":"BreadcrumbList","@id":"https:\/\/www.italpassion.fr\/it\/carte-grise-fiat\/#breadcrumb","itemListElement":[{"@type":"ListItem","position":1,"name":"Accueil","item":"https:\/\/www.italpassion.fr\/it\/"},{"@type":"ListItem","position":2,"name":"Carte grise Fiat"}]},{"@type":"WebSite","@id":"https:\/\/www.italpassion.fr\/it\/#website","url":"https:\/\/www.italpassion.fr\/it\/","name":"ItalPassion","description":"Appassionati di auto italiane","publisher":{"@id":"https:\/\/www.italpassion.fr\/it\/#organization"},"potentialAction":[{"@type":"SearchAction","target":{"@type":"EntryPoint","urlTemplate":"https:\/\/www.italpassion.fr\/it\/?s={search_term_string}"},"query-input":{"@type":"PropertyValueSpecification","valueRequired":true,"valueName":"search_term_string"}}],"inLanguage":"it-IT"},{"@type":"Organization","@id":"https:\/\/www.italpassion.fr\/it\/#organization","name":"Italpassion","url":"https:\/\/www.italpassion.fr\/it\/","logo":{"@type":"ImageObject","inLanguage":"it-IT","@id":"https:\/\/www.italpassion.fr\/it\/#\/schema\/logo\/image\/","url":"https:\/\/www.italpassion.fr\/wp-content\/uploads\/2023\/07\/italpassion-yoast.jpg","contentUrl":"https:\/\/www.italpassion.fr\/wp-content\/uploads\/2023\/07\/italpassion-yoast.jpg","width":696,"height":696,"caption":"Italpassion"},"image":{"@id":"https:\/\/www.italpassion.fr\/it\/#\/schema\/logo\/image\/"},"sameAs":["https:\/\/www.facebook.com\/italpassion","https:\/\/x.com\/italpassion","https:\/\/www.instagram.com\/italpassionfr\/","https:\/\/www.youtube.com\/channel\/UCleq-ByQaA42OjhopwevRjQ","https:\/\/www.facebook.com\/italpassion.en\/","https:\/\/www.facebook.com\/italpassion.it\/","https:\/\/www.facebook.com\/italpassion.de\/","https:\/\/www.facebook.com\/italpassion.ja\/"]}]}},"_links":{"self":[{"href":"https:\/\/www.italpassion.fr\/it\/wp-json\/wp\/v2\/pages\/29285","targetHints":{"allow":["GET"]}}],"collection":[{"href":"https:\/\/www.italpassion.fr\/it\/wp-json\/wp\/v2\/pages"}],"about":[{"href":"https:\/\/www.italpassion.fr\/it\/wp-json\/wp\/v2\/types\/page"}],"author":[{"embeddable":true,"href":"https:\/\/www.italpassion.fr\/it\/wp-json\/wp\/v2\/users\/1"}],"replies":[{"embeddable":true,"href":"https:\/\/www.italpassion.fr\/it\/wp-json\/wp\/v2\/comments?post=29285"}],"version-history":[{"count":2,"href":"https:\/\/www.italpassion.fr\/it\/wp-json\/wp\/v2\/pages\/29285\/revisions"}],"predecessor-version":[{"id":29287,"href":"https:\/\/www.italpassion.fr\/it\/wp-json\/wp\/v2\/pages\/29285\/revisions\/29287"}],"wp:attachment":[{"href":"https:\/\/www.italpassion.fr\/it\/wp-json\/wp\/v2\/media?parent=29285"}],"curies":[{"name":"wp","href":"https:\/\/api.w.org\/{rel}","templated":true}]}}