{"id":29289,"date":"2021-05-05T13:53:01","date_gmt":"2021-05-05T11:53:01","guid":{"rendered":"https:\/\/www.italpassion.fr\/?page_id=29289"},"modified":"2021-05-05T13:53:02","modified_gmt":"2021-05-05T11:53:02","slug":"practicas-de-conduccion-lamborghini","status":"publish","type":"page","link":"https:\/\/www.italpassion.fr\/es\/stage-de-pilotage-lamborghini\/","title":{"rendered":"Experiencia de conducci\u00f3n de Lamborghini"},"content":{"rendered":"<p>Desea hacer u ofrecer un\u00a0<strong>experiencia de conducci\u00f3n en un supercoche italiano\u00a0<a href=\"https:\/\/www.italpassion.fr\/es\/lamborghini\/\">Lamborghini<\/a>\u00a0?<\/strong>\u00a0Todos nuestros consejos a continuaci\u00f3n sobre c\u00f3mo elegir tu futuro curso de conducci\u00f3n.<\/p>\n\n\n\n<figure class=\"wp-block-image size-large\"><img loading=\"lazy\" decoding=\"async\" width=\"1000\" height=\"667\" src=\"https:\/\/www.italpassion.fr\/wp-content\/uploads\/2021\/05\/lamborghini-huracan-6.jpg\" alt=\"\" class=\"wp-image-29290\" srcset=\"https:\/\/www.italpassion.fr\/wp-content\/uploads\/2021\/05\/lamborghini-huracan-6.jpg 1000w, https:\/\/www.italpassion.fr\/wp-content\/uploads\/2021\/05\/lamborghini-huracan-6-600x400.jpg 600w, https:\/\/www.italpassion.fr\/wp-content\/uploads\/2021\/05\/lamborghini-huracan-6-300x200.jpg 300w, https:\/\/www.italpassion.fr\/wp-content\/uploads\/2021\/05\/lamborghini-huracan-6-768x512.jpg 768w, https:\/\/www.italpassion.fr\/wp-content\/uploads\/2021\/05\/lamborghini-huracan-6-561x374.jpg 561w, https:\/\/www.italpassion.fr\/wp-content\/uploads\/2021\/05\/lamborghini-huracan-6-265x177.jpg 265w, https:\/\/www.italpassion.fr\/wp-content\/uploads\/2021\/05\/lamborghini-huracan-6-531x354.jpg 531w, https:\/\/www.italpassion.fr\/wp-content\/uploads\/2021\/05\/lamborghini-huracan-6-364x243.jpg 364w, https:\/\/www.italpassion.fr\/wp-content\/uploads\/2021\/05\/lamborghini-huracan-6-728x486.jpg 728w, https:\/\/www.italpassion.fr\/wp-content\/uploads\/2021\/05\/lamborghini-huracan-6-608x406.jpg 608w, https:\/\/www.italpassion.fr\/wp-content\/uploads\/2021\/05\/lamborghini-huracan-6-758x506.jpg 758w\" sizes=\"auto, (max-width: 1000px) 100vw, 1000px\" \/><\/figure>\n\n\n\n<h2 class=\"wp-block-heading\">Curso de conducci\u00f3n para usted<\/h2>\n\n\n\n<p>Puedes darte un capricho. Hace casi 6 a\u00f1os estaba haciendo un\u00a0<a href=\"https:\/\/www.italpassion.fr\/es\/4716-essai-lamborghini-huracan.html\/\">Experiencia de conducci\u00f3n del Lamborghini Hurac\u00e1n<\/a>\u00a0en el circuito de Fay de Bretagne. Un momento inolvidable y aprender a conducir en un circuito.<\/p>\n\n\n\n<figure class=\"wp-block-image size-large\"><img loading=\"lazy\" decoding=\"async\" width=\"1000\" height=\"589\" src=\"https:\/\/www.italpassion.fr\/wp-content\/uploads\/2021\/05\/lamborghini-huracan-jante-italpassion.jpg\" alt=\"\" class=\"wp-image-29291\" srcset=\"https:\/\/www.italpassion.fr\/wp-content\/uploads\/2021\/05\/lamborghini-huracan-jante-italpassion.jpg 1000w, https:\/\/www.italpassion.fr\/wp-content\/uploads\/2021\/05\/lamborghini-huracan-jante-italpassion-600x353.jpg 600w, https:\/\/www.italpassion.fr\/wp-content\/uploads\/2021\/05\/lamborghini-huracan-jante-italpassion-300x177.jpg 300w, https:\/\/www.italpassion.fr\/wp-content\/uploads\/2021\/05\/lamborghini-huracan-jante-italpassion-768x452.jpg 768w, https:\/\/www.italpassion.fr\/wp-content\/uploads\/2021\/05\/lamborghini-huracan-jante-italpassion-561x330.jpg 561w, https:\/\/www.italpassion.fr\/wp-content\/uploads\/2021\/05\/lamborghini-huracan-jante-italpassion-265x156.jpg 265w, https:\/\/www.italpassion.fr\/wp-content\/uploads\/2021\/05\/lamborghini-huracan-jante-italpassion-531x313.jpg 531w, https:\/\/www.italpassion.fr\/wp-content\/uploads\/2021\/05\/lamborghini-huracan-jante-italpassion-364x214.jpg 364w, https:\/\/www.italpassion.fr\/wp-content\/uploads\/2021\/05\/lamborghini-huracan-jante-italpassion-728x429.jpg 728w, https:\/\/www.italpassion.fr\/wp-content\/uploads\/2021\/05\/lamborghini-huracan-jante-italpassion-608x358.jpg 608w, https:\/\/www.italpassion.fr\/wp-content\/uploads\/2021\/05\/lamborghini-huracan-jante-italpassion-758x446.jpg 758w\" sizes=\"auto, (max-width: 1000px) 100vw, 1000px\" \/><\/figure>\n\n\n\n<h2 class=\"wp-block-heading\">Curso de conducci\u00f3n para ofrecer<\/h2>\n\n\n\n<p>\u00bfTiene un ser querido que adora los supercoches italianos y est\u00e1 buscando una idea de regalo? El curso de conducci\u00f3n de Lamborghini es ideal. Por unos cientos de euros puedes ofrecer un momento inolvidable de sensaciones y algunas t\u00e9cnicas de conducci\u00f3n en un circuito.<\/p>\n\n\n\n<figure class=\"wp-block-image size-large\"><img loading=\"lazy\" decoding=\"async\" width=\"994\" height=\"664\" src=\"https:\/\/www.italpassion.fr\/wp-content\/uploads\/2021\/05\/stage-pilotage-lamborghini.jpg\" alt=\"\" class=\"wp-image-29292\" srcset=\"https:\/\/www.italpassion.fr\/wp-content\/uploads\/2021\/05\/stage-pilotage-lamborghini.jpg 994w, https:\/\/www.italpassion.fr\/wp-content\/uploads\/2021\/05\/stage-pilotage-lamborghini-600x401.jpg 600w, https:\/\/www.italpassion.fr\/wp-content\/uploads\/2021\/05\/stage-pilotage-lamborghini-300x200.jpg 300w, https:\/\/www.italpassion.fr\/wp-content\/uploads\/2021\/05\/stage-pilotage-lamborghini-768x513.jpg 768w, https:\/\/www.italpassion.fr\/wp-content\/uploads\/2021\/05\/stage-pilotage-lamborghini-561x375.jpg 561w, https:\/\/www.italpassion.fr\/wp-content\/uploads\/2021\/05\/stage-pilotage-lamborghini-265x177.jpg 265w, https:\/\/www.italpassion.fr\/wp-content\/uploads\/2021\/05\/stage-pilotage-lamborghini-531x355.jpg 531w, https:\/\/www.italpassion.fr\/wp-content\/uploads\/2021\/05\/stage-pilotage-lamborghini-364x243.jpg 364w, https:\/\/www.italpassion.fr\/wp-content\/uploads\/2021\/05\/stage-pilotage-lamborghini-728x486.jpg 728w, https:\/\/www.italpassion.fr\/wp-content\/uploads\/2021\/05\/stage-pilotage-lamborghini-608x406.jpg 608w, https:\/\/www.italpassion.fr\/wp-content\/uploads\/2021\/05\/stage-pilotage-lamborghini-758x506.jpg 758w\" sizes=\"auto, (max-width: 994px) 100vw, 994px\" \/><\/figure>\n\n\n\n<h2 class=\"wp-block-heading\">C\u00f3mo elegir una experiencia de conducci\u00f3n de Lamborghini<\/h2>\n\n\n\n<p>Los proveedores de\u00a0<strong>Experiencia de conducci\u00f3n de Lamborghini<\/strong>\u00a0son numerosos en Internet. Por ejemplo, puede\u00a0<a href=\"https:\/\/www.sport-decouverte.com\/stage-lamborghini.html\">conducir un Lamborghini con Sport D\u00e9couverte<\/a>. Deber\u00edas utilizar los siguientes criterios para ayudarte a elegir la escuela de vuelo adecuada.<\/p>\n\n\n\n<p><strong>El recorrido :&nbsp;<\/strong>Mira los circuitos m\u00e1s cercanos a ti. Un curso de conducci\u00f3n suele durar menos de medio d\u00eda. Har\u00e1 el viaje de vuelta en el mismo d\u00eda. Si tiene el lujo de tener varios circuitos cerca, seleccione el m\u00e1s sencillo si es principiante, el m\u00e1s t\u00e9cnico si tiene experiencia.<\/p>\n\n\n\n<p><strong>El modelo :&nbsp;<\/strong>Hay varios Lamborghinis: Aventador, Gallardo, Hurac\u00e1n, Urus... Si comparas varios proveedores, aseg\u00farate de que est\u00e1s en el mismo modelo.<\/p>\n\n\n\n<p><strong>La relaci\u00f3n precio\/vuelta :<\/strong>&nbsp;El criterio m\u00e1s com\u00fan es el precio por viaje. As\u00ed que compare los precios de los diferentes proveedores para el mismo viaje.<\/p>\n\n\n\n<p><strong>Opiniones de los clientes :&nbsp;<\/strong>Por \u00faltimo, compruebe los comentarios de los clientes. Los registradores suelen estar cualificados, deben ser did\u00e1cticos y asegurarse de que se lo pasa lo mejor posible.<\/p>\n\n\n\n<p>Ahora tiene toda la informaci\u00f3n que necesita para elegir su experiencia de conducci\u00f3n de Lamborghini. Pasadlo bien.<\/p>","protected":false},"excerpt":{"rendered":"","protected":false},"author":1,"featured_media":0,"parent":0,"menu_order":0,"comment_status":"closed","ping_status":"closed","template":"g1-template-page-full.php","meta":{"_acf_changed":false,"_sitemap_exclude":false,"_sitemap_priority":"","_sitemap_frequency":"","footnotes":""},"class_list":["post-29289","page","type-page","status-publish"],"acf":[],"yoast_head":"<!-- This site is optimized with the Yoast SEO plugin v25.8 - https:\/\/yoast.com\/wordpress\/plugins\/seo\/ -->\n<title>Stage de pilotage Lamborghini - ItalPassion<\/title>\n<meta name=\"robots\" content=\"index, follow, max-snippet:-1, max-image-preview:large, max-video-preview:-1\" \/>\n<link rel=\"canonical\" href=\"https:\/\/www.italpassion.fr\/es\/practicas-de-conduccion-lamborghini\/\" \/>\n<meta property=\"og:locale\" content=\"es_ES\" \/>\n<meta property=\"og:type\" content=\"article\" \/>\n<meta property=\"og:title\" content=\"Stage de pilotage Lamborghini - ItalPassion\" \/>\n<meta property=\"og:description\" content=\"&hellip;\" \/>\n<meta property=\"og:url\" content=\"https:\/\/www.italpassion.fr\/es\/practicas-de-conduccion-lamborghini\/\" \/>\n<meta property=\"og:site_name\" content=\"ItalPassion\" \/>\n<meta property=\"article:publisher\" content=\"https:\/\/www.facebook.com\/italpassion\" \/>\n<meta property=\"article:modified_time\" content=\"2021-05-05T11:53:02+00:00\" \/>\n<meta property=\"og:image\" content=\"https:\/\/www.italpassion.fr\/wp-content\/uploads\/2021\/05\/lamborghini-huracan-6.jpg\" \/>\n<meta name=\"twitter:card\" content=\"summary_large_image\" \/>\n<meta name=\"twitter:site\" content=\"@italpassion\" \/>\n<script type=\"application\/ld+json\" class=\"yoast-schema-graph\">{\"@context\":\"https:\/\/schema.org\",\"@graph\":[{\"@type\":\"WebPage\",\"@id\":\"https:\/\/www.italpassion.fr\/es\/stage-de-pilotage-lamborghini\/\",\"url\":\"https:\/\/www.italpassion.fr\/es\/stage-de-pilotage-lamborghini\/\",\"name\":\"Stage de pilotage Lamborghini - ItalPassion\",\"isPartOf\":{\"@id\":\"https:\/\/www.italpassion.fr\/es\/#website\"},\"primaryImageOfPage\":{\"@id\":\"https:\/\/www.italpassion.fr\/es\/stage-de-pilotage-lamborghini\/#primaryimage\"},\"image\":{\"@id\":\"https:\/\/www.italpassion.fr\/es\/stage-de-pilotage-lamborghini\/#primaryimage\"},\"thumbnailUrl\":\"https:\/\/www.italpassion.fr\/wp-content\/uploads\/2021\/05\/lamborghini-huracan-6.jpg\",\"datePublished\":\"2021-05-05T11:53:01+00:00\",\"dateModified\":\"2021-05-05T11:53:02+00:00\",\"breadcrumb\":{\"@id\":\"https:\/\/www.italpassion.fr\/es\/stage-de-pilotage-lamborghini\/#breadcrumb\"},\"inLanguage\":\"es\",\"potentialAction\":[{\"@type\":\"ReadAction\",\"target\":[\"https:\/\/www.italpassion.fr\/es\/stage-de-pilotage-lamborghini\/\"]}]},{\"@type\":\"ImageObject\",\"inLanguage\":\"es\",\"@id\":\"https:\/\/www.italpassion.fr\/es\/stage-de-pilotage-lamborghini\/#primaryimage\",\"url\":\"https:\/\/www.italpassion.fr\/wp-content\/uploads\/2021\/05\/lamborghini-huracan-6.jpg\",\"contentUrl\":\"https:\/\/www.italpassion.fr\/wp-content\/uploads\/2021\/05\/lamborghini-huracan-6.jpg\"},{\"@type\":\"BreadcrumbList\",\"@id\":\"https:\/\/www.italpassion.fr\/es\/stage-de-pilotage-lamborghini\/#breadcrumb\",\"itemListElement\":[{\"@type\":\"ListItem\",\"position\":1,\"name\":\"Accueil\",\"item\":\"https:\/\/www.italpassion.fr\/es\/\"},{\"@type\":\"ListItem\",\"position\":2,\"name\":\"Stage de pilotage Lamborghini\"}]},{\"@type\":\"WebSite\",\"@id\":\"https:\/\/www.italpassion.fr\/es\/#website\",\"url\":\"https:\/\/www.italpassion.fr\/es\/\",\"name\":\"ItalPassion\",\"description\":\"Les Passionn\u00e9s d&#039;Automobiles Italiennes\",\"publisher\":{\"@id\":\"https:\/\/www.italpassion.fr\/es\/#organization\"},\"potentialAction\":[{\"@type\":\"SearchAction\",\"target\":{\"@type\":\"EntryPoint\",\"urlTemplate\":\"https:\/\/www.italpassion.fr\/es\/?s={search_term_string}\"},\"query-input\":{\"@type\":\"PropertyValueSpecification\",\"valueRequired\":true,\"valueName\":\"search_term_string\"}}],\"inLanguage\":\"es\"},{\"@type\":\"Organization\",\"@id\":\"https:\/\/www.italpassion.fr\/es\/#organization\",\"name\":\"Italpassion\",\"url\":\"https:\/\/www.italpassion.fr\/es\/\",\"logo\":{\"@type\":\"ImageObject\",\"inLanguage\":\"es\",\"@id\":\"https:\/\/www.italpassion.fr\/es\/#\/schema\/logo\/image\/\",\"url\":\"https:\/\/www.italpassion.fr\/wp-content\/uploads\/2023\/07\/italpassion-yoast.jpg\",\"contentUrl\":\"https:\/\/www.italpassion.fr\/wp-content\/uploads\/2023\/07\/italpassion-yoast.jpg\",\"width\":696,\"height\":696,\"caption\":\"Italpassion\"},\"image\":{\"@id\":\"https:\/\/www.italpassion.fr\/es\/#\/schema\/logo\/image\/\"},\"sameAs\":[\"https:\/\/www.facebook.com\/italpassion\",\"https:\/\/x.com\/italpassion\",\"https:\/\/www.instagram.com\/italpassionfr\/\",\"https:\/\/www.youtube.com\/channel\/UCleq-ByQaA42OjhopwevRjQ\",\"https:\/\/www.facebook.com\/italpassion.en\/\",\"https:\/\/www.facebook.com\/italpassion.it\/\",\"https:\/\/www.facebook.com\/italpassion.de\/\",\"https:\/\/www.facebook.com\/italpassion.ja\/\"]}]}<\/script>\n<!-- \/ Yoast SEO plugin. -->","yoast_head_json":{"title":"Experiencia de conducci\u00f3n de Lamborghini - ItalPassion","robots":{"index":"index","follow":"follow","max-snippet":"max-snippet:-1","max-image-preview":"max-image-preview:large","max-video-preview":"max-video-preview:-1"},"canonical":"https:\/\/www.italpassion.fr\/es\/practicas-de-conduccion-lamborghini\/","og_locale":"es_ES","og_type":"article","og_title":"Stage de pilotage Lamborghini - ItalPassion","og_description":"&hellip;","og_url":"https:\/\/www.italpassion.fr\/es\/practicas-de-conduccion-lamborghini\/","og_site_name":"ItalPassion","article_publisher":"https:\/\/www.facebook.com\/italpassion","article_modified_time":"2021-05-05T11:53:02+00:00","og_image":[{"url":"https:\/\/www.italpassion.fr\/wp-content\/uploads\/2021\/05\/lamborghini-huracan-6.jpg","type":"","width":"","height":""}],"twitter_card":"summary_large_image","twitter_site":"@italpassion","schema":{"@context":"https:\/\/schema.org","@graph":[{"@type":"WebPage","@id":"https:\/\/www.italpassion.fr\/es\/stage-de-pilotage-lamborghini\/","url":"https:\/\/www.italpassion.fr\/es\/stage-de-pilotage-lamborghini\/","name":"Experiencia de conducci\u00f3n de Lamborghini - ItalPassion","isPartOf":{"@id":"https:\/\/www.italpassion.fr\/es\/#website"},"primaryImageOfPage":{"@id":"https:\/\/www.italpassion.fr\/es\/stage-de-pilotage-lamborghini\/#primaryimage"},"image":{"@id":"https:\/\/www.italpassion.fr\/es\/stage-de-pilotage-lamborghini\/#primaryimage"},"thumbnailUrl":"https:\/\/www.italpassion.fr\/wp-content\/uploads\/2021\/05\/lamborghini-huracan-6.jpg","datePublished":"2021-05-05T11:53:01+00:00","dateModified":"2021-05-05T11:53:02+00:00","breadcrumb":{"@id":"https:\/\/www.italpassion.fr\/es\/stage-de-pilotage-lamborghini\/#breadcrumb"},"inLanguage":"es","potentialAction":[{"@type":"ReadAction","target":["https:\/\/www.italpassion.fr\/es\/stage-de-pilotage-lamborghini\/"]}]},{"@type":"ImageObject","inLanguage":"es","@id":"https:\/\/www.italpassion.fr\/es\/stage-de-pilotage-lamborghini\/#primaryimage","url":"https:\/\/www.italpassion.fr\/wp-content\/uploads\/2021\/05\/lamborghini-huracan-6.jpg","contentUrl":"https:\/\/www.italpassion.fr\/wp-content\/uploads\/2021\/05\/lamborghini-huracan-6.jpg"},{"@type":"BreadcrumbList","@id":"https:\/\/www.italpassion.fr\/es\/stage-de-pilotage-lamborghini\/#breadcrumb","itemListElement":[{"@type":"ListItem","position":1,"name":"Accueil","item":"https:\/\/www.italpassion.fr\/es\/"},{"@type":"ListItem","position":2,"name":"Stage de pilotage Lamborghini"}]},{"@type":"WebSite","@id":"https:\/\/www.italpassion.fr\/es\/#website","url":"https:\/\/www.italpassion.fr\/es\/","name":"ItalPassion","description":"Entusiastas de los coches italianos","publisher":{"@id":"https:\/\/www.italpassion.fr\/es\/#organization"},"potentialAction":[{"@type":"SearchAction","target":{"@type":"EntryPoint","urlTemplate":"https:\/\/www.italpassion.fr\/es\/?s={search_term_string}"},"query-input":{"@type":"PropertyValueSpecification","valueRequired":true,"valueName":"search_term_string"}}],"inLanguage":"es"},{"@type":"Organization","@id":"https:\/\/www.italpassion.fr\/es\/#organization","name":"Italpassion","url":"https:\/\/www.italpassion.fr\/es\/","logo":{"@type":"ImageObject","inLanguage":"es","@id":"https:\/\/www.italpassion.fr\/es\/#\/schema\/logo\/image\/","url":"https:\/\/www.italpassion.fr\/wp-content\/uploads\/2023\/07\/italpassion-yoast.jpg","contentUrl":"https:\/\/www.italpassion.fr\/wp-content\/uploads\/2023\/07\/italpassion-yoast.jpg","width":696,"height":696,"caption":"Italpassion"},"image":{"@id":"https:\/\/www.italpassion.fr\/es\/#\/schema\/logo\/image\/"},"sameAs":["https:\/\/www.facebook.com\/italpassion","https:\/\/x.com\/italpassion","https:\/\/www.instagram.com\/italpassionfr\/","https:\/\/www.youtube.com\/channel\/UCleq-ByQaA42OjhopwevRjQ","https:\/\/www.facebook.com\/italpassion.en\/","https:\/\/www.facebook.com\/italpassion.it\/","https:\/\/www.facebook.com\/italpassion.de\/","https:\/\/www.facebook.com\/italpassion.ja\/"]}]}},"_links":{"self":[{"href":"https:\/\/www.italpassion.fr\/es\/wp-json\/wp\/v2\/pages\/29289","targetHints":{"allow":["GET"]}}],"collection":[{"href":"https:\/\/www.italpassion.fr\/es\/wp-json\/wp\/v2\/pages"}],"about":[{"href":"https:\/\/www.italpassion.fr\/es\/wp-json\/wp\/v2\/types\/page"}],"author":[{"embeddable":true,"href":"https:\/\/www.italpassion.fr\/es\/wp-json\/wp\/v2\/users\/1"}],"replies":[{"embeddable":true,"href":"https:\/\/www.italpassion.fr\/es\/wp-json\/wp\/v2\/comments?post=29289"}],"version-history":[{"count":1,"href":"https:\/\/www.italpassion.fr\/es\/wp-json\/wp\/v2\/pages\/29289\/revisions"}],"predecessor-version":[{"id":29293,"href":"https:\/\/www.italpassion.fr\/es\/wp-json\/wp\/v2\/pages\/29289\/revisions\/29293"}],"wp:attachment":[{"href":"https:\/\/www.italpassion.fr\/es\/wp-json\/wp\/v2\/media?parent=29289"}],"curies":[{"name":"wp","href":"https:\/\/api.w.org\/{rel}","templated":true}]}}