{"id":29285,"date":"2021-05-05T13:48:29","date_gmt":"2021-05-05T11:48:29","guid":{"rendered":"https:\/\/www.italpassion.fr\/?page_id=29285"},"modified":"2021-05-05T13:49:23","modified_gmt":"2021-05-05T11:49:23","slug":"tarjeta-gris-fiat","status":"publish","type":"page","link":"https:\/\/www.italpassion.fr\/es\/carte-grise-fiat\/","title":{"rendered":"Matriculaci\u00f3n de veh\u00edculos Fiat"},"content":{"rendered":"<p>Vas a comprar un\u00a0<a href=\"https:\/\/www.italpassion.fr\/es\/fiat\/\">Fiat<\/a>\u00a0o un Fiat usado? \u00bfHa utilizado alguna vez un\u00a0<a href=\"https:\/\/www.italpassion.fr\/es\/comparador-de-seguros-fiat\/\">Comparador de seguros Fiat\u00a0<\/a>y ahora quieres saber el\u00a0<strong>precio del documento de matriculaci\u00f3n de su futuro Fiat<\/strong>\u00a0? Ha venido al lugar adecuado.<\/p>\n\n\n\n<h2 class=\"wp-block-heading\">Simulador de precios de matriculaci\u00f3n de veh\u00edculos Fiat<\/h2>\n\n\n\n<p>Hay muchos simuladores para calcular el precio de\u00a0<a href=\"https:\/\/www.cartegriseminute.fr\/carte-grise-en-ligne.php\">su documento de matriculaci\u00f3n en l\u00ednea<\/a>. Estos simuladores funcionan para los Fiat modernos, los j\u00f3venes y las colecciones: Fiat Punto, Fiat Grande Punto, Fiat Tipo, Fiat Bravo, Fiat Panda, Fiat 500, Fiat 500C, Fiat 500L, Fiat 500X, Fiat 124 Spider,...<\/p>\n\n\n\n<h2 class=\"wp-block-heading\">Calcular el precio de la matriculaci\u00f3n de un coche Fiat<\/h2>\n\n\n\n<p>El&nbsp;<strong>El precio del documento de matriculaci\u00f3n de un veh\u00edculo se calcula en funci\u00f3n de una serie de criterios<\/strong>Adem\u00e1s, si su Fiat tiene m\u00e1s de 10 a\u00f1os, el precio del permiso de circulaci\u00f3n se reduce en 50 %.<\/p>\n\n\n\n<p>Hay tantos criterios que es m\u00e1s f\u00e1cil utilizar un simulador de precios de matriculaci\u00f3n de coches.<\/p>\n\n\n\n<h2 class=\"wp-block-heading\">Recargo por tarjeta gris 2019<\/h2>\n\n\n\n<p>Tanto si es nuevo como si es usado, el precio del documento de matriculaci\u00f3n del veh\u00edculo debe a\u00f1adirse a\u00a0<strong>una sanci\u00f3n en funci\u00f3n de las emisiones de CO2<\/strong>. Este baremo evoluciona cada a\u00f1o, uno fijo para los veh\u00edculos nuevos y otro decreciente por a\u00f1os de circulaci\u00f3n para los de segunda mano. Toda la informaci\u00f3n sobre el\u00a0<a href=\"https:\/\/www.service-public.fr\/particuliers\/vosdroits\/F19911\">sitio web del gobierno<\/a>. Como Fiat no tiene actualmente ning\u00fan coche h\u00edbrido o totalmente el\u00e9ctrico, tendr\u00e1 que pagar una penalizaci\u00f3n.<\/p>\n\n\n\n<p>Tambi\u00e9n en este caso, para mayor comodidad, recomendamos utilizar un simulador de precios de matriculaci\u00f3n de veh\u00edculos.<\/p>\n\n\n\n<h2 class=\"wp-block-heading\">Cambio de residencia<\/h2>\n\n\n\n<p>Vas a cambiar de residencia y necesitas\u00a0<strong>registrar su Fiat en una nueva direcci\u00f3n<\/strong>\u00a0? Tiene un mes antes de la fecha de la mudanza y un mes despu\u00e9s de dejar su antigua direcci\u00f3n para proceder al cambio de direcci\u00f3n en el documento de registro de su Fiat. Tranquilos, es muy sencillo y se puede hacer online gracias a la\u00a0<a href=\"https:\/\/www.demarches.interieur.gouv.fr\/particuliers\/changer-adresse-carte-grise\">cambio de direcci\u00f3n en el sitio web del gobierno<\/a>.<\/p>","protected":false},"excerpt":{"rendered":"","protected":false},"author":1,"featured_media":0,"parent":0,"menu_order":0,"comment_status":"closed","ping_status":"closed","template":"g1-template-page-full.php","meta":{"_acf_changed":false,"_sitemap_exclude":false,"_sitemap_priority":"","_sitemap_frequency":"","footnotes":""},"class_list":["post-29285","page","type-page","status-publish"],"acf":[],"yoast_head":"<!-- This site is optimized with the Yoast SEO plugin v25.8 - https:\/\/yoast.com\/wordpress\/plugins\/seo\/ -->\n<title>Carte grise Fiat - ItalPassion<\/title>\n<meta name=\"robots\" content=\"index, follow, max-snippet:-1, max-image-preview:large, max-video-preview:-1\" \/>\n<link rel=\"canonical\" href=\"https:\/\/www.italpassion.fr\/es\/tarjeta-gris-fiat\/\" \/>\n<meta property=\"og:locale\" content=\"es_ES\" \/>\n<meta property=\"og:type\" content=\"article\" \/>\n<meta property=\"og:title\" content=\"Carte grise Fiat - ItalPassion\" \/>\n<meta property=\"og:description\" content=\"&hellip;\" \/>\n<meta property=\"og:url\" content=\"https:\/\/www.italpassion.fr\/es\/tarjeta-gris-fiat\/\" \/>\n<meta property=\"og:site_name\" content=\"ItalPassion\" \/>\n<meta property=\"article:publisher\" content=\"https:\/\/www.facebook.com\/italpassion\" \/>\n<meta property=\"article:modified_time\" content=\"2021-05-05T11:49:23+00:00\" \/>\n<meta name=\"twitter:card\" content=\"summary_large_image\" \/>\n<meta name=\"twitter:site\" content=\"@italpassion\" \/>\n<script type=\"application\/ld+json\" class=\"yoast-schema-graph\">{\"@context\":\"https:\/\/schema.org\",\"@graph\":[{\"@type\":\"WebPage\",\"@id\":\"https:\/\/www.italpassion.fr\/es\/carte-grise-fiat\/\",\"url\":\"https:\/\/www.italpassion.fr\/es\/carte-grise-fiat\/\",\"name\":\"Carte grise Fiat - ItalPassion\",\"isPartOf\":{\"@id\":\"https:\/\/www.italpassion.fr\/es\/#website\"},\"datePublished\":\"2021-05-05T11:48:29+00:00\",\"dateModified\":\"2021-05-05T11:49:23+00:00\",\"breadcrumb\":{\"@id\":\"https:\/\/www.italpassion.fr\/es\/carte-grise-fiat\/#breadcrumb\"},\"inLanguage\":\"es\",\"potentialAction\":[{\"@type\":\"ReadAction\",\"target\":[\"https:\/\/www.italpassion.fr\/es\/carte-grise-fiat\/\"]}]},{\"@type\":\"BreadcrumbList\",\"@id\":\"https:\/\/www.italpassion.fr\/es\/carte-grise-fiat\/#breadcrumb\",\"itemListElement\":[{\"@type\":\"ListItem\",\"position\":1,\"name\":\"Accueil\",\"item\":\"https:\/\/www.italpassion.fr\/es\/\"},{\"@type\":\"ListItem\",\"position\":2,\"name\":\"Carte grise Fiat\"}]},{\"@type\":\"WebSite\",\"@id\":\"https:\/\/www.italpassion.fr\/es\/#website\",\"url\":\"https:\/\/www.italpassion.fr\/es\/\",\"name\":\"ItalPassion\",\"description\":\"Les Passionn\u00e9s d&#039;Automobiles Italiennes\",\"publisher\":{\"@id\":\"https:\/\/www.italpassion.fr\/es\/#organization\"},\"potentialAction\":[{\"@type\":\"SearchAction\",\"target\":{\"@type\":\"EntryPoint\",\"urlTemplate\":\"https:\/\/www.italpassion.fr\/es\/?s={search_term_string}\"},\"query-input\":{\"@type\":\"PropertyValueSpecification\",\"valueRequired\":true,\"valueName\":\"search_term_string\"}}],\"inLanguage\":\"es\"},{\"@type\":\"Organization\",\"@id\":\"https:\/\/www.italpassion.fr\/es\/#organization\",\"name\":\"Italpassion\",\"url\":\"https:\/\/www.italpassion.fr\/es\/\",\"logo\":{\"@type\":\"ImageObject\",\"inLanguage\":\"es\",\"@id\":\"https:\/\/www.italpassion.fr\/es\/#\/schema\/logo\/image\/\",\"url\":\"https:\/\/www.italpassion.fr\/wp-content\/uploads\/2023\/07\/italpassion-yoast.jpg\",\"contentUrl\":\"https:\/\/www.italpassion.fr\/wp-content\/uploads\/2023\/07\/italpassion-yoast.jpg\",\"width\":696,\"height\":696,\"caption\":\"Italpassion\"},\"image\":{\"@id\":\"https:\/\/www.italpassion.fr\/es\/#\/schema\/logo\/image\/\"},\"sameAs\":[\"https:\/\/www.facebook.com\/italpassion\",\"https:\/\/x.com\/italpassion\",\"https:\/\/www.instagram.com\/italpassionfr\/\",\"https:\/\/www.youtube.com\/channel\/UCleq-ByQaA42OjhopwevRjQ\",\"https:\/\/www.facebook.com\/italpassion.en\/\",\"https:\/\/www.facebook.com\/italpassion.it\/\",\"https:\/\/www.facebook.com\/italpassion.de\/\",\"https:\/\/www.facebook.com\/italpassion.ja\/\"]}]}<\/script>\n<!-- \/ Yoast SEO plugin. -->","yoast_head_json":{"title":"Matriculaci\u00f3n de veh\u00edculos Fiat - ItalPassion","robots":{"index":"index","follow":"follow","max-snippet":"max-snippet:-1","max-image-preview":"max-image-preview:large","max-video-preview":"max-video-preview:-1"},"canonical":"https:\/\/www.italpassion.fr\/es\/tarjeta-gris-fiat\/","og_locale":"es_ES","og_type":"article","og_title":"Carte grise Fiat - ItalPassion","og_description":"&hellip;","og_url":"https:\/\/www.italpassion.fr\/es\/tarjeta-gris-fiat\/","og_site_name":"ItalPassion","article_publisher":"https:\/\/www.facebook.com\/italpassion","article_modified_time":"2021-05-05T11:49:23+00:00","twitter_card":"summary_large_image","twitter_site":"@italpassion","schema":{"@context":"https:\/\/schema.org","@graph":[{"@type":"WebPage","@id":"https:\/\/www.italpassion.fr\/es\/carte-grise-fiat\/","url":"https:\/\/www.italpassion.fr\/es\/carte-grise-fiat\/","name":"Matriculaci\u00f3n de veh\u00edculos Fiat - ItalPassion","isPartOf":{"@id":"https:\/\/www.italpassion.fr\/es\/#website"},"datePublished":"2021-05-05T11:48:29+00:00","dateModified":"2021-05-05T11:49:23+00:00","breadcrumb":{"@id":"https:\/\/www.italpassion.fr\/es\/carte-grise-fiat\/#breadcrumb"},"inLanguage":"es","potentialAction":[{"@type":"ReadAction","target":["https:\/\/www.italpassion.fr\/es\/carte-grise-fiat\/"]}]},{"@type":"BreadcrumbList","@id":"https:\/\/www.italpassion.fr\/es\/carte-grise-fiat\/#breadcrumb","itemListElement":[{"@type":"ListItem","position":1,"name":"Accueil","item":"https:\/\/www.italpassion.fr\/es\/"},{"@type":"ListItem","position":2,"name":"Carte grise Fiat"}]},{"@type":"WebSite","@id":"https:\/\/www.italpassion.fr\/es\/#website","url":"https:\/\/www.italpassion.fr\/es\/","name":"ItalPassion","description":"Entusiastas de los coches italianos","publisher":{"@id":"https:\/\/www.italpassion.fr\/es\/#organization"},"potentialAction":[{"@type":"SearchAction","target":{"@type":"EntryPoint","urlTemplate":"https:\/\/www.italpassion.fr\/es\/?s={search_term_string}"},"query-input":{"@type":"PropertyValueSpecification","valueRequired":true,"valueName":"search_term_string"}}],"inLanguage":"es"},{"@type":"Organization","@id":"https:\/\/www.italpassion.fr\/es\/#organization","name":"Italpassion","url":"https:\/\/www.italpassion.fr\/es\/","logo":{"@type":"ImageObject","inLanguage":"es","@id":"https:\/\/www.italpassion.fr\/es\/#\/schema\/logo\/image\/","url":"https:\/\/www.italpassion.fr\/wp-content\/uploads\/2023\/07\/italpassion-yoast.jpg","contentUrl":"https:\/\/www.italpassion.fr\/wp-content\/uploads\/2023\/07\/italpassion-yoast.jpg","width":696,"height":696,"caption":"Italpassion"},"image":{"@id":"https:\/\/www.italpassion.fr\/es\/#\/schema\/logo\/image\/"},"sameAs":["https:\/\/www.facebook.com\/italpassion","https:\/\/x.com\/italpassion","https:\/\/www.instagram.com\/italpassionfr\/","https:\/\/www.youtube.com\/channel\/UCleq-ByQaA42OjhopwevRjQ","https:\/\/www.facebook.com\/italpassion.en\/","https:\/\/www.facebook.com\/italpassion.it\/","https:\/\/www.facebook.com\/italpassion.de\/","https:\/\/www.facebook.com\/italpassion.ja\/"]}]}},"_links":{"self":[{"href":"https:\/\/www.italpassion.fr\/es\/wp-json\/wp\/v2\/pages\/29285","targetHints":{"allow":["GET"]}}],"collection":[{"href":"https:\/\/www.italpassion.fr\/es\/wp-json\/wp\/v2\/pages"}],"about":[{"href":"https:\/\/www.italpassion.fr\/es\/wp-json\/wp\/v2\/types\/page"}],"author":[{"embeddable":true,"href":"https:\/\/www.italpassion.fr\/es\/wp-json\/wp\/v2\/users\/1"}],"replies":[{"embeddable":true,"href":"https:\/\/www.italpassion.fr\/es\/wp-json\/wp\/v2\/comments?post=29285"}],"version-history":[{"count":2,"href":"https:\/\/www.italpassion.fr\/es\/wp-json\/wp\/v2\/pages\/29285\/revisions"}],"predecessor-version":[{"id":29287,"href":"https:\/\/www.italpassion.fr\/es\/wp-json\/wp\/v2\/pages\/29285\/revisions\/29287"}],"wp:attachment":[{"href":"https:\/\/www.italpassion.fr\/es\/wp-json\/wp\/v2\/media?parent=29285"}],"curies":[{"name":"wp","href":"https:\/\/api.w.org\/{rel}","templated":true}]}}