{"id":29109,"date":"2021-04-30T12:40:35","date_gmt":"2021-04-30T10:40:35","guid":{"rendered":"https:\/\/www.italpassion.fr\/?page_id=29109"},"modified":"2026-04-01T10:17:24","modified_gmt":"2026-04-01T08:17:24","slug":"equipo","status":"publish","type":"page","link":"https:\/\/www.italpassion.fr\/es\/equipe\/","title":{"rendered":"El equipo"},"content":{"rendered":"<p>Desde 2012, ItalPassion es un equipo de entusiastas de los coches italianos. Analizamos las novedades de las marcas, los resultados de las competiciones y realizamos unas cuantas pruebas de conducci\u00f3n.<\/p>\n\n\n\n<p>Descubra el equipo de redactores que comparte con usted esta pasi\u00f3n escribiendo los contenidos de este sitio. Si desea ponerse en contacto con nosotros, utilice el siguiente formulario de contacto. <a href=\"https:\/\/www.italpassion.fr\/es\/contactar-con\/\">formulario de contacto<\/a>.<\/p>\n\n\n\n<div class=\"wp-block-columns is-layout-flex wp-container-core-columns-is-layout-9d6595d7 wp-block-columns-is-layout-flex\">\n<div class=\"wp-block-column is-layout-flow wp-block-column-is-layout-flow\">\n<h2 class=\"wp-block-heading\"><a href=\"https:\/\/www.italpassion.fr\/es\/autor\/alexandre\/\">Alexandre Filluzeau<\/a><\/h2>\n\n\n\n<p>Fundador y redactor jefe. <\/p>\n\n\n\n<p>Apasionado de las bellas l\u00edneas italianas. <\/p>\n\n\n\n<p>He tenido un Fiat Punto, un Alfa Romeo 159 y un Alfa Romeo Giulia. <\/p>\n\n\n\n<p>Hoy tengo un Alfa Romeo MITo, un Maserati GranTurismo, un Lancia Fulvia y una Ducati 695 Dark.<\/p>\n<\/div>\n\n\n\n<div class=\"wp-block-column is-layout-flow wp-block-column-is-layout-flow\">\n<h2 class=\"wp-block-heading\"><a href=\"https:\/\/www.italpassion.fr\/es\/autor\/andy\/\">Andy David<\/a><\/h2>\n\n\n\n<p>Escritor de deportes de motor.<\/p>\n\n\n\n<p>Andy David es periodista especializado en automovilismo. Vive en Italia y visita regularmente el circuito de Fiorano. Compartir\u00e1 contigo su pasi\u00f3n por el automovilismo italiano.<\/p>\n<\/div>\n\n\n\n<div class=\"wp-block-column is-layout-flow wp-block-column-is-layout-flow\">\n<h2 class=\"wp-block-heading\"><a href=\"https:\/\/www.italpassion.fr\/es\/autor\/nicolas\/\">Nicolas Anderbegani<\/a><\/h2>\n\n\n\n<p>Editor.<\/p>\n\n\n\n<p>Nicolas es un apasionado de la historia y el automovilismo. Conduce un Alfa Romeo Giulietta y estar\u00e1 encantado de compartir con usted su pasi\u00f3n por los coches italianos.<\/p>\n<\/div>\n<\/div>\n\n\n\n<div class=\"wp-block-columns is-layout-flex wp-container-core-columns-is-layout-9d6595d7 wp-block-columns-is-layout-flex\">\n<div class=\"wp-block-column is-layout-flow wp-block-column-is-layout-flow\">\n<h2 class=\"wp-block-heading\"><a href=\"https:\/\/www.italpassion.fr\/es\/autor\/frederic\/\">Fr\u00e9d\u00e9ric B.<\/a><\/h2>\n\n\n\n<p>Editor.<\/p>\n\n\n\n<p>Es un placer para m\u00ed escribir art\u00edculos sobre las novedades de nuestras marcas italianas. Especializado en la actualidad del grupo Stellantis, la estrategia frente a la competencia, los planes de productos, los balances financieros, los \u00e9xitos, los activos o los fracasos, espero satisfacerles en el n\u00famero y la calidad de los art\u00edculos, que escribir\u00e9 sin prejuicios, sin evitar las cuestiones que molestan, en una preocupaci\u00f3n de objetividad.<\/p>\n<\/div>\n\n\n\n<div class=\"wp-block-column is-layout-flow wp-block-column-is-layout-flow\">\n<h2 class=\"wp-block-heading\"><a href=\"https:\/\/www.italpassion.fr\/es\/autor\/simon\/\">Sim\u00f3n Arces<\/a><\/h2>\n\n\n\n<p>Editor.<\/p>\n\n\n\n<p>28 a\u00f1os, soy de origen italiano y mis or\u00edgenes gu\u00edan mi vida diaria. Como aficionado a la Nazionale, a la Juve y a la Scuderia Ferrari, escribo con coraz\u00f3n y pasi\u00f3n (como cualquier italiano que se precie) mis art\u00edculos sobre nuestros bellos italianos. Mi primer coche fue un Fiat Punto II de Burdeos, y estaba orgulloso de \u00e9l. Tuve la oportunidad de trabajar durante dos a\u00f1os en el departamento de marketing de Maserati Luxemburgo, y fue entonces cuando me enamor\u00e9 literalmente del sonido del V8 del Maserati Granturismo.&nbsp;<\/p>\n<\/div>\n\n\n\n<div class=\"wp-block-column is-layout-flow wp-block-column-is-layout-flow\">\n<h2 class=\"wp-block-heading\">Julien Hismans<\/h2>\n\n\n\n<p>Cofundador de ItalPassion.<\/p>\n\n\n\n<p>Apasionado de las motos y de las m\u00e1quinas bonitas en general, Julien no es insensible a los encantos de las bellas motos italianas, tanto de dos como de cuatro ruedas. Con una licenciatura en historia en la mano, ahora se dirige a la web y espera hacerse un hueco en ella. Motorista desde hace seis a\u00f1os y con muchas conquistas, Julien a\u00fan no ha encontrado una moto a su medida, pero disfruta de la compa\u00f1\u00eda de su Yamaha FZ6.<\/p>\n\n\n\n<p><em>Nota del editor: Mi amigo Julien nos dej\u00f3 tristemente demasiado pronto. Sigue siendo miembro fundador en su memoria.<\/em><\/p>\n<\/div>\n<\/div>\n\n\n\n<div class=\"wp-block-columns is-layout-flex wp-container-core-columns-is-layout-9d6595d7 wp-block-columns-is-layout-flex\">\n<div class=\"wp-block-column is-layout-flow wp-block-column-is-layout-flow\"><\/div>\n\n\n\n<div class=\"wp-block-column is-layout-flow wp-block-column-is-layout-flow\"><\/div>\n\n\n\n<div class=\"wp-block-column is-layout-flow wp-block-column-is-layout-flow\"><\/div>\n<\/div>\n\n\n\n<div class=\"wp-block-columns is-layout-flex wp-container-core-columns-is-layout-9d6595d7 wp-block-columns-is-layout-flex\">\n<div class=\"wp-block-column is-layout-flow wp-block-column-is-layout-flow\">\n<h2 class=\"wp-block-heading\">Arnaud Campion<\/h2>\n\n\n\n<p>Editor.<\/p>\n\n\n\n<p>44 a\u00f1os y feliz propietario de un Giulia Veloce 280 HP Q4 Rosso Alfa para uso diario y d\u00edas de pista.<\/p>\n<\/div>\n\n\n\n<div class=\"wp-block-column is-layout-flow wp-block-column-is-layout-flow\">\n<h2 class=\"wp-block-heading\"><a href=\"https:\/\/www.italpassion.fr\/es\/autor\/francesco\/\">Francesco Cocchetto<\/a><\/h2>\n\n\n\n<p>Editor.<\/p>\n\n\n\n<p>Francesco, de Venecia, combina su pasi\u00f3n por los motores con sus conocimientos de mecatr\u00f3nica e ingenier\u00eda t\u00e9cnica, y comparte sus conocimientos sobre los coches italianos.<\/p>\n<\/div>\n\n\n\n<div class=\"wp-block-column is-layout-flow wp-block-column-is-layout-flow\"><\/div>\n<\/div>","protected":false},"excerpt":{"rendered":"","protected":false},"author":1,"featured_media":0,"parent":0,"menu_order":0,"comment_status":"closed","ping_status":"closed","template":"","meta":{"_acf_changed":false,"_sitemap_exclude":false,"_sitemap_priority":"","_sitemap_frequency":"","footnotes":""},"class_list":["post-29109","page","type-page","status-publish"],"acf":[],"yoast_head":"<!-- This site is optimized with the Yoast SEO plugin v25.8 - https:\/\/yoast.com\/wordpress\/plugins\/seo\/ -->\n<title>L&#039;\u00e9quipe - ItalPassion<\/title>\n<meta name=\"robots\" content=\"index, follow, max-snippet:-1, max-image-preview:large, max-video-preview:-1\" \/>\n<link rel=\"canonical\" href=\"https:\/\/www.italpassion.fr\/es\/equipo\/\" \/>\n<meta property=\"og:locale\" content=\"es_ES\" \/>\n<meta property=\"og:type\" content=\"article\" \/>\n<meta property=\"og:title\" content=\"L&#039;\u00e9quipe - ItalPassion\" \/>\n<meta property=\"og:description\" content=\"&hellip;\" \/>\n<meta property=\"og:url\" content=\"https:\/\/www.italpassion.fr\/es\/equipo\/\" \/>\n<meta property=\"og:site_name\" content=\"ItalPassion\" \/>\n<meta property=\"article:publisher\" content=\"https:\/\/www.facebook.com\/italpassion\" \/>\n<meta property=\"article:modified_time\" content=\"2026-04-01T08:17:24+00:00\" \/>\n<meta name=\"twitter:card\" content=\"summary_large_image\" \/>\n<meta name=\"twitter:site\" content=\"@italpassion\" \/>\n<script type=\"application\/ld+json\" class=\"yoast-schema-graph\">{\"@context\":\"https:\/\/schema.org\",\"@graph\":[{\"@type\":\"WebPage\",\"@id\":\"https:\/\/www.italpassion.fr\/es\/equipe\/\",\"url\":\"https:\/\/www.italpassion.fr\/es\/equipe\/\",\"name\":\"L'\u00e9quipe - ItalPassion\",\"isPartOf\":{\"@id\":\"https:\/\/www.italpassion.fr\/es\/#website\"},\"datePublished\":\"2021-04-30T10:40:35+00:00\",\"dateModified\":\"2026-04-01T08:17:24+00:00\",\"breadcrumb\":{\"@id\":\"https:\/\/www.italpassion.fr\/es\/equipe\/#breadcrumb\"},\"inLanguage\":\"es\",\"potentialAction\":[{\"@type\":\"ReadAction\",\"target\":[\"https:\/\/www.italpassion.fr\/es\/equipe\/\"]}]},{\"@type\":\"BreadcrumbList\",\"@id\":\"https:\/\/www.italpassion.fr\/es\/equipe\/#breadcrumb\",\"itemListElement\":[{\"@type\":\"ListItem\",\"position\":1,\"name\":\"Accueil\",\"item\":\"https:\/\/www.italpassion.fr\/es\/\"},{\"@type\":\"ListItem\",\"position\":2,\"name\":\"L&rsquo;\u00e9quipe\"}]},{\"@type\":\"WebSite\",\"@id\":\"https:\/\/www.italpassion.fr\/es\/#website\",\"url\":\"https:\/\/www.italpassion.fr\/es\/\",\"name\":\"ItalPassion\",\"description\":\"Les Passionn\u00e9s d&#039;Automobiles Italiennes\",\"publisher\":{\"@id\":\"https:\/\/www.italpassion.fr\/es\/#organization\"},\"potentialAction\":[{\"@type\":\"SearchAction\",\"target\":{\"@type\":\"EntryPoint\",\"urlTemplate\":\"https:\/\/www.italpassion.fr\/es\/?s={search_term_string}\"},\"query-input\":{\"@type\":\"PropertyValueSpecification\",\"valueRequired\":true,\"valueName\":\"search_term_string\"}}],\"inLanguage\":\"es\"},{\"@type\":\"Organization\",\"@id\":\"https:\/\/www.italpassion.fr\/es\/#organization\",\"name\":\"Italpassion\",\"url\":\"https:\/\/www.italpassion.fr\/es\/\",\"logo\":{\"@type\":\"ImageObject\",\"inLanguage\":\"es\",\"@id\":\"https:\/\/www.italpassion.fr\/es\/#\/schema\/logo\/image\/\",\"url\":\"https:\/\/www.italpassion.fr\/wp-content\/uploads\/2023\/07\/italpassion-yoast.jpg\",\"contentUrl\":\"https:\/\/www.italpassion.fr\/wp-content\/uploads\/2023\/07\/italpassion-yoast.jpg\",\"width\":696,\"height\":696,\"caption\":\"Italpassion\"},\"image\":{\"@id\":\"https:\/\/www.italpassion.fr\/es\/#\/schema\/logo\/image\/\"},\"sameAs\":[\"https:\/\/www.facebook.com\/italpassion\",\"https:\/\/x.com\/italpassion\",\"https:\/\/www.instagram.com\/italpassionfr\/\",\"https:\/\/www.youtube.com\/channel\/UCleq-ByQaA42OjhopwevRjQ\",\"https:\/\/www.facebook.com\/italpassion.en\/\",\"https:\/\/www.facebook.com\/italpassion.it\/\",\"https:\/\/www.facebook.com\/italpassion.de\/\",\"https:\/\/www.facebook.com\/italpassion.ja\/\"]}]}<\/script>\n<!-- \/ Yoast SEO plugin. -->","yoast_head_json":{"title":"El equipo - ItalPassion","robots":{"index":"index","follow":"follow","max-snippet":"max-snippet:-1","max-image-preview":"max-image-preview:large","max-video-preview":"max-video-preview:-1"},"canonical":"https:\/\/www.italpassion.fr\/es\/equipo\/","og_locale":"es_ES","og_type":"article","og_title":"L'\u00e9quipe - ItalPassion","og_description":"&hellip;","og_url":"https:\/\/www.italpassion.fr\/es\/equipo\/","og_site_name":"ItalPassion","article_publisher":"https:\/\/www.facebook.com\/italpassion","article_modified_time":"2026-04-01T08:17:24+00:00","twitter_card":"summary_large_image","twitter_site":"@italpassion","schema":{"@context":"https:\/\/schema.org","@graph":[{"@type":"WebPage","@id":"https:\/\/www.italpassion.fr\/es\/equipe\/","url":"https:\/\/www.italpassion.fr\/es\/equipe\/","name":"El equipo - ItalPassion","isPartOf":{"@id":"https:\/\/www.italpassion.fr\/es\/#website"},"datePublished":"2021-04-30T10:40:35+00:00","dateModified":"2026-04-01T08:17:24+00:00","breadcrumb":{"@id":"https:\/\/www.italpassion.fr\/es\/equipe\/#breadcrumb"},"inLanguage":"es","potentialAction":[{"@type":"ReadAction","target":["https:\/\/www.italpassion.fr\/es\/equipe\/"]}]},{"@type":"BreadcrumbList","@id":"https:\/\/www.italpassion.fr\/es\/equipe\/#breadcrumb","itemListElement":[{"@type":"ListItem","position":1,"name":"Accueil","item":"https:\/\/www.italpassion.fr\/es\/"},{"@type":"ListItem","position":2,"name":"L&rsquo;\u00e9quipe"}]},{"@type":"WebSite","@id":"https:\/\/www.italpassion.fr\/es\/#website","url":"https:\/\/www.italpassion.fr\/es\/","name":"ItalPassion","description":"Entusiastas de los coches italianos","publisher":{"@id":"https:\/\/www.italpassion.fr\/es\/#organization"},"potentialAction":[{"@type":"SearchAction","target":{"@type":"EntryPoint","urlTemplate":"https:\/\/www.italpassion.fr\/es\/?s={search_term_string}"},"query-input":{"@type":"PropertyValueSpecification","valueRequired":true,"valueName":"search_term_string"}}],"inLanguage":"es"},{"@type":"Organization","@id":"https:\/\/www.italpassion.fr\/es\/#organization","name":"Italpassion","url":"https:\/\/www.italpassion.fr\/es\/","logo":{"@type":"ImageObject","inLanguage":"es","@id":"https:\/\/www.italpassion.fr\/es\/#\/schema\/logo\/image\/","url":"https:\/\/www.italpassion.fr\/wp-content\/uploads\/2023\/07\/italpassion-yoast.jpg","contentUrl":"https:\/\/www.italpassion.fr\/wp-content\/uploads\/2023\/07\/italpassion-yoast.jpg","width":696,"height":696,"caption":"Italpassion"},"image":{"@id":"https:\/\/www.italpassion.fr\/es\/#\/schema\/logo\/image\/"},"sameAs":["https:\/\/www.facebook.com\/italpassion","https:\/\/x.com\/italpassion","https:\/\/www.instagram.com\/italpassionfr\/","https:\/\/www.youtube.com\/channel\/UCleq-ByQaA42OjhopwevRjQ","https:\/\/www.facebook.com\/italpassion.en\/","https:\/\/www.facebook.com\/italpassion.it\/","https:\/\/www.facebook.com\/italpassion.de\/","https:\/\/www.facebook.com\/italpassion.ja\/"]}]}},"_links":{"self":[{"href":"https:\/\/www.italpassion.fr\/es\/wp-json\/wp\/v2\/pages\/29109","targetHints":{"allow":["GET"]}}],"collection":[{"href":"https:\/\/www.italpassion.fr\/es\/wp-json\/wp\/v2\/pages"}],"about":[{"href":"https:\/\/www.italpassion.fr\/es\/wp-json\/wp\/v2\/types\/page"}],"author":[{"embeddable":true,"href":"https:\/\/www.italpassion.fr\/es\/wp-json\/wp\/v2\/users\/1"}],"replies":[{"embeddable":true,"href":"https:\/\/www.italpassion.fr\/es\/wp-json\/wp\/v2\/comments?post=29109"}],"version-history":[{"count":3,"href":"https:\/\/www.italpassion.fr\/es\/wp-json\/wp\/v2\/pages\/29109\/revisions"}],"predecessor-version":[{"id":48257,"href":"https:\/\/www.italpassion.fr\/es\/wp-json\/wp\/v2\/pages\/29109\/revisions\/48257"}],"wp:attachment":[{"href":"https:\/\/www.italpassion.fr\/es\/wp-json\/wp\/v2\/media?parent=29109"}],"curies":[{"name":"wp","href":"https:\/\/api.w.org\/{rel}","templated":true}]}}