{"id":29087,"date":"2021-04-30T12:35:06","date_gmt":"2021-04-30T10:35:06","guid":{"rendered":"https:\/\/www.italpassion.fr\/?page_id=29087"},"modified":"2021-04-30T12:35:08","modified_gmt":"2021-04-30T10:35:08","slug":"regalo-idea-alfa-romeo","status":"publish","type":"page","link":"https:\/\/www.italpassion.fr\/es\/idee-cadeau-alfa-romeo\/","title":{"rendered":"Idea de regalo de Alfa Romeo"},"content":{"rendered":"<p>Eres alfista o tienes un amigo o familiar alfista, fan de la marca&nbsp;<a href=\"https:\/\/www.italpassion.fr\/es\/alfa-romeo\/\">Alfa Romeo<\/a>&nbsp;y toda la historia que la rodea?<\/p>\n\n\n\n<p>Es casi Navidad o su cumplea\u00f1os y est\u00e1s&nbsp;<strong>\u00bfBuscas ideas para regalar relacionadas con Alfa Romeo?<\/strong>&nbsp;Nuestra selecci\u00f3n a continuaci\u00f3n.<\/p>\n\n\n\n<h2 class=\"wp-block-heading\">Libros de Alfa Romeo<\/h2>\n\n\n\n<p>Hay lo que se conoce como \"libros bonitos\", y Alfa Romeo tiene dos de ellos.<\/p>\n\n\n\n<h3 class=\"wp-block-heading\">Libro Alfa Romeo 110 a\u00f1os<\/h3>\n\n\n\n<figure class=\"wp-block-image\"><img decoding=\"async\" src=\"https:\/\/www.italpassion.fr\/wp-content\/uploads\/2020\/11\/livre-alfa-romeo-867x1024.jpg\" alt=\"\" class=\"wp-image-13940\"\/><\/figure>\n\n\n\n<p>Una edici\u00f3n especial publicada especialmente para los 110 a\u00f1os de Alfa Romeo. Trata la gran aventura de Alfa Romeo a trav\u00e9s de veinte historias en forma de reportajes.<a href=\"https:\/\/www.amazon.fr\/Alfa-Romeo-110-Serge-Bellu\/dp\/B082PRJ8RJ\/?&amp;_encoding=UTF8&amp;tag=italpassion-21&amp;linkCode=ur2&amp;linkId=77d26c3763455fbbb83e94d875b7b758&amp;camp=1642&amp;creative=6746\" target=\"_blank\" rel=\"noreferrer noopener\">Libro Alfa Romeo 110 a\u00f1os<\/a><\/p>\n\n\n\n<h3 class=\"wp-block-heading\">Reservar Alfa Romeo desde 1910 hasta hoy<\/h3>\n\n\n\n<figure class=\"wp-block-image\"><img decoding=\"async\" src=\"https:\/\/www.italpassion.fr\/wp-content\/uploads\/2020\/11\/livres-alfa-romeo-110-ans.jpg\" alt=\"\" class=\"wp-image-13941\"\/><\/figure>\n\n\n\n<p>Un bestseller que se reedita cada dos a\u00f1os aproximadamente, recorre la historia de los modelos de Alfa Romeo desde 1910 hasta la actualidad con el nuevo Giulia.<a href=\"https:\/\/www.amazon.fr\/Alfa-Romeo-1910-nos-jours\/dp\/B077R32LY3?&amp;_encoding=UTF8&amp;tag=italpassion-21&amp;linkCode=ur2&amp;linkId=dc87755ead7c2fe94759d6938e9ba87e&amp;camp=1642&amp;creative=6746\" target=\"_blank\" rel=\"noreferrer noopener\">Libro Alfa Romeo de 1910 a la actualidad<\/a><\/p>\n\n\n\n<h2 class=\"wp-block-heading\">Ropa Alfa Romeo<\/h2>\n\n\n\n<p>Desde el regreso de Alfa Romeo a la F\u00f3rmula 1, se han producido muchas prendas oficiales de Alfa Romeo Racing. Tenga cuidado de no comprar productos no oficiales.<\/p>\n\n\n\n<h3 class=\"wp-block-heading\">Camiseta Alfa Romeo Racing 2020<\/h3>\n\n\n\n<figure class=\"wp-block-image\"><img decoding=\"async\" src=\"https:\/\/www.italpassion.fr\/wp-content\/uploads\/2020\/11\/t-shirt-alfa-romeo-racing-2020-733x1024.jpg\" alt=\"\" class=\"wp-image-13943\"\/><\/figure>\n\n\n\n<p><a href=\"https:\/\/www.amazon.fr\/Alfa-Romeo-Racing-T-Shirt-Sauber\/dp\/B08FCMX9BG\/?&amp;_encoding=UTF8&amp;tag=italpassion-21&amp;linkCode=ur2&amp;linkId=77d26c3763455fbbb83e94d875b7b758&amp;camp=1642&amp;creative=6746\" target=\"_blank\" rel=\"noreferrer noopener\">Camiseta Alfa Romeo Racing 2020<\/a><\/p>\n\n\n\n<h3 class=\"wp-block-heading\">Polo Alfa Romeo Racing 2020<\/h3>\n\n\n\n<figure class=\"wp-block-image\"><img decoding=\"async\" src=\"https:\/\/www.italpassion.fr\/wp-content\/uploads\/2020\/11\/polo-alfa-romeo-racing-2020-758x1024.jpg\" alt=\"\" class=\"wp-image-13942\"\/><\/figure>\n\n\n\n<p><a href=\"https:\/\/www.amazon.fr\/Alfa-Romeo-Racing-Sauber-Taille\/dp\/B08FDZB19V\/?&amp;_encoding=UTF8&amp;tag=italpassion-21&amp;linkCode=ur2&amp;linkId=77d26c3763455fbbb83e94d875b7b758&amp;camp=1642&amp;creative=6746\" target=\"_blank\" rel=\"noreferrer noopener\">Polo Alfa Romeo Racing 2020<\/a><\/p>\n\n\n\n<h3 class=\"wp-block-heading\">Chaqueta Alfa Romeo Racing 2020<\/h3>\n\n\n\n<figure class=\"wp-block-image\"><img decoding=\"async\" src=\"https:\/\/www.italpassion.fr\/wp-content\/uploads\/2020\/11\/veste-alfa-romeo-racing-2020-773x1024.jpg\" alt=\"\" class=\"wp-image-13944\"\/><\/figure>\n\n\n\n<p><a href=\"https:\/\/www.amazon.fr\/Alfa-Romeo-Sweat-shirt-homme-Taille\/dp\/B08FJ6KN9T\/?&amp;_encoding=UTF8&amp;tag=italpassion-21&amp;linkCode=ur2&amp;linkId=77d26c3763455fbbb83e94d875b7b758&amp;camp=1642&amp;creative=6746\" target=\"_blank\" rel=\"noreferrer noopener\">Chaqueta Alfa Romeo Racing 2020<\/a><\/p>\n\n\n\n<h2 class=\"wp-block-heading\">Accesorios Alfa Romeo<\/h2>\n\n\n\n<p>Hay cientos de accesorios Alfa Romeo, aqu\u00ed est\u00e1n los que seguro que le gustar\u00e1n.<\/p>\n\n\n\n<h3 class=\"wp-block-heading\">Gorra oficial de Alfa Romeo<\/h3>\n\n\n\n<figure class=\"wp-block-image\"><img decoding=\"async\" src=\"https:\/\/www.italpassion.fr\/wp-content\/uploads\/2020\/11\/casquette-officielle-Alfa-Romeo.jpg\" alt=\"\" class=\"wp-image-13946\"\/><\/figure>\n\n\n\n<p><a href=\"https:\/\/www.amazon.fr\/Alfa-Romeo-Racing-Casquette-Baseball\/dp\/B08FBJFKQR\/?&amp;_encoding=UTF8&amp;tag=italpassion-21&amp;linkCode=ur2&amp;linkId=77d26c3763455fbbb83e94d875b7b758&amp;camp=1642&amp;creative=6746\" target=\"_blank\" rel=\"noreferrer noopener\">Gorra oficial de Alfa Romeo<\/a><\/p>\n\n\n\n<h3 class=\"wp-block-heading\">Pegatina 3D Quadrifoglio<\/h3>\n\n\n\n<figure class=\"wp-block-image\"><img decoding=\"async\" src=\"https:\/\/www.italpassion.fr\/wp-content\/uploads\/2020\/11\/auto-collant-quadrifoglio.jpg\" alt=\"\" class=\"wp-image-13945\"\/><\/figure>\n\n\n\n<p><a href=\"https:\/\/www.amazon.fr\/Autocollant-Alfa-Romeo-Tr%C3%A8fle-Feuilles\/dp\/B07MMNNSVN\/?&amp;_encoding=UTF8&amp;tag=italpassion-21&amp;linkCode=ur2&amp;linkId=77d26c3763455fbbb83e94d875b7b758&amp;camp=1642&amp;creative=6746\" target=\"_blank\" rel=\"noreferrer noopener\">Pegatina Quadrifoglio<\/a><\/p>\n\n\n\n<h3 class=\"wp-block-heading\">Llavero Alfa Romeo<\/h3>\n\n\n\n<figure class=\"wp-block-image\"><img decoding=\"async\" src=\"https:\/\/www.italpassion.fr\/wp-content\/uploads\/2020\/11\/porte-cl%C3%A9-alfa-romeo.jpg\" alt=\"\" class=\"wp-image-13947\"\/><\/figure>\n\n\n\n<p><a href=\"https:\/\/www.amazon.fr\/VILLSION-Voiture-Porte-cl%C3%A9-Double-Porte-cl%C3%A9s\/dp\/B07Q7RZY4N\/&amp;_encoding=UTF8&amp;tag=italpassion-21&amp;linkCode=ur2&amp;linkId=77d26c3763455fbbb83e94d875b7b758&amp;camp=1642&amp;creative=6746\" target=\"_blank\" rel=\"noreferrer noopener\">Llavero Alfa Romeo<\/a><\/p>\n\n\n\n<h2 class=\"wp-block-heading\">Coches en miniatura<\/h2>\n\n\n\n<p>Para los ni\u00f1os mayores, los modelos en miniatura de Alfa Romeo son siempre divertidos.<\/p>\n\n\n\n<h3 class=\"wp-block-heading\">Maqueta Alfa Romeo Stelvio 1:24<\/h3>\n\n\n\n<figure class=\"wp-block-image\"><img decoding=\"async\" src=\"https:\/\/www.italpassion.fr\/wp-content\/uploads\/2020\/11\/miniature-alfa-romeo-stelvio-1024x563.jpg\" alt=\"\" class=\"wp-image-13950\"\/><\/figure>\n\n\n\n<p><a href=\"https:\/\/www.amazon.fr\/HTDZDX-Mod%C3%A8le-Voiture-Simulation-Collection\/dp\/B07W6SDPTL\" target=\"_blank\" rel=\"noreferrer noopener\">Diecast Alfa Romeo Stelvio<\/a><\/p>\n\n\n\n<h3 class=\"wp-block-heading\">Maqueta Alfa Romeo Giulia 1:24<\/h3>\n\n\n\n<figure class=\"wp-block-image\"><img decoding=\"async\" src=\"https:\/\/www.italpassion.fr\/wp-content\/uploads\/2020\/11\/miniature-alfa-romeo-giulia-1024x776.jpg\" alt=\"\" class=\"wp-image-13949\"\/><\/figure>\n\n\n\n<p><a href=\"https:\/\/www.amazon.fr\/JXXDDQ-Mod%C3%A8le-Voiture-Romeo-Giulia1\/dp\/B08MZSX5HD\/?&amp;_encoding=UTF8&amp;tag=italpassion-21&amp;linkCode=ur2&amp;linkId=b3f028e4f0c281a1ce6e72bb193ca493&amp;camp=1642&amp;creative=6746\" target=\"_blank\" rel=\"noreferrer noopener\">Diecast Alfa Romeo Giulia<\/a><\/p>\n\n\n\n<h3 class=\"wp-block-heading\">Modelo de F\u00f3rmula 1 Alfa Romeo a escala 1:43<\/h3>\n\n\n\n<figure class=\"wp-block-image\"><img decoding=\"async\" src=\"https:\/\/www.italpassion.fr\/wp-content\/uploads\/2020\/11\/miniature-alfa-romeo-f1-1024x597.jpg\" alt=\"\" class=\"wp-image-13948\"\/><\/figure>\n\n\n\n<p><a href=\"https:\/\/www.amazon.fr\/Minichamps-Voiture-Miniature-Collection-417200207\/dp\/B08L84V9T5\/&amp;_encoding=UTF8&amp;tag=italpassion-21&amp;linkCode=ur2&amp;linkId=77d26c3763455fbbb83e94d875b7b758&amp;camp=1642&amp;creative=6746\" target=\"_blank\" rel=\"noreferrer noopener\">Diecast Alfa Romeo F1<\/a><\/p>","protected":false},"excerpt":{"rendered":"","protected":false},"author":1,"featured_media":0,"parent":0,"menu_order":0,"comment_status":"closed","ping_status":"closed","template":"g1-template-page-full.php","meta":{"_acf_changed":false,"_sitemap_exclude":false,"_sitemap_priority":"","_sitemap_frequency":"","footnotes":""},"class_list":["post-29087","page","type-page","status-publish"],"acf":[],"yoast_head":"<!-- This site is optimized with the Yoast SEO plugin v25.8 - https:\/\/yoast.com\/wordpress\/plugins\/seo\/ -->\n<title>Id\u00e9e cadeau Alfa Romeo - ItalPassion<\/title>\n<meta name=\"robots\" content=\"index, follow, max-snippet:-1, max-image-preview:large, max-video-preview:-1\" \/>\n<link rel=\"canonical\" href=\"https:\/\/www.italpassion.fr\/es\/regalo-idea-alfa-romeo\/\" \/>\n<meta property=\"og:locale\" content=\"es_ES\" \/>\n<meta property=\"og:type\" content=\"article\" \/>\n<meta property=\"og:title\" content=\"Id\u00e9e cadeau Alfa Romeo - ItalPassion\" \/>\n<meta property=\"og:description\" content=\"&hellip;\" \/>\n<meta property=\"og:url\" content=\"https:\/\/www.italpassion.fr\/es\/regalo-idea-alfa-romeo\/\" \/>\n<meta property=\"og:site_name\" content=\"ItalPassion\" \/>\n<meta property=\"article:publisher\" content=\"https:\/\/www.facebook.com\/italpassion\" \/>\n<meta property=\"article:modified_time\" content=\"2021-04-30T10:35:08+00:00\" \/>\n<meta property=\"og:image\" content=\"https:\/\/www.italpassion.fr\/wp-content\/uploads\/2020\/11\/livre-alfa-romeo-867x1024.jpg\" \/>\n<meta name=\"twitter:card\" content=\"summary_large_image\" \/>\n<meta name=\"twitter:site\" content=\"@italpassion\" \/>\n<script type=\"application\/ld+json\" class=\"yoast-schema-graph\">{\"@context\":\"https:\/\/schema.org\",\"@graph\":[{\"@type\":\"WebPage\",\"@id\":\"https:\/\/www.italpassion.fr\/es\/idee-cadeau-alfa-romeo\/\",\"url\":\"https:\/\/www.italpassion.fr\/es\/idee-cadeau-alfa-romeo\/\",\"name\":\"Id\u00e9e cadeau Alfa Romeo - ItalPassion\",\"isPartOf\":{\"@id\":\"https:\/\/www.italpassion.fr\/es\/#website\"},\"primaryImageOfPage\":{\"@id\":\"https:\/\/www.italpassion.fr\/es\/idee-cadeau-alfa-romeo\/#primaryimage\"},\"image\":{\"@id\":\"https:\/\/www.italpassion.fr\/es\/idee-cadeau-alfa-romeo\/#primaryimage\"},\"thumbnailUrl\":\"https:\/\/www.italpassion.fr\/wp-content\/uploads\/2020\/11\/livre-alfa-romeo-867x1024.jpg\",\"datePublished\":\"2021-04-30T10:35:06+00:00\",\"dateModified\":\"2021-04-30T10:35:08+00:00\",\"breadcrumb\":{\"@id\":\"https:\/\/www.italpassion.fr\/es\/idee-cadeau-alfa-romeo\/#breadcrumb\"},\"inLanguage\":\"es\",\"potentialAction\":[{\"@type\":\"ReadAction\",\"target\":[\"https:\/\/www.italpassion.fr\/es\/idee-cadeau-alfa-romeo\/\"]}]},{\"@type\":\"ImageObject\",\"inLanguage\":\"es\",\"@id\":\"https:\/\/www.italpassion.fr\/es\/idee-cadeau-alfa-romeo\/#primaryimage\",\"url\":\"https:\/\/www.italpassion.fr\/wp-content\/uploads\/2020\/11\/livre-alfa-romeo-867x1024.jpg\",\"contentUrl\":\"https:\/\/www.italpassion.fr\/wp-content\/uploads\/2020\/11\/livre-alfa-romeo-867x1024.jpg\"},{\"@type\":\"BreadcrumbList\",\"@id\":\"https:\/\/www.italpassion.fr\/es\/idee-cadeau-alfa-romeo\/#breadcrumb\",\"itemListElement\":[{\"@type\":\"ListItem\",\"position\":1,\"name\":\"Accueil\",\"item\":\"https:\/\/www.italpassion.fr\/es\/\"},{\"@type\":\"ListItem\",\"position\":2,\"name\":\"Id\u00e9e cadeau Alfa Romeo\"}]},{\"@type\":\"WebSite\",\"@id\":\"https:\/\/www.italpassion.fr\/es\/#website\",\"url\":\"https:\/\/www.italpassion.fr\/es\/\",\"name\":\"ItalPassion\",\"description\":\"Les Passionn\u00e9s d&#039;Automobiles Italiennes\",\"publisher\":{\"@id\":\"https:\/\/www.italpassion.fr\/es\/#organization\"},\"potentialAction\":[{\"@type\":\"SearchAction\",\"target\":{\"@type\":\"EntryPoint\",\"urlTemplate\":\"https:\/\/www.italpassion.fr\/es\/?s={search_term_string}\"},\"query-input\":{\"@type\":\"PropertyValueSpecification\",\"valueRequired\":true,\"valueName\":\"search_term_string\"}}],\"inLanguage\":\"es\"},{\"@type\":\"Organization\",\"@id\":\"https:\/\/www.italpassion.fr\/es\/#organization\",\"name\":\"Italpassion\",\"url\":\"https:\/\/www.italpassion.fr\/es\/\",\"logo\":{\"@type\":\"ImageObject\",\"inLanguage\":\"es\",\"@id\":\"https:\/\/www.italpassion.fr\/es\/#\/schema\/logo\/image\/\",\"url\":\"https:\/\/www.italpassion.fr\/wp-content\/uploads\/2023\/07\/italpassion-yoast.jpg\",\"contentUrl\":\"https:\/\/www.italpassion.fr\/wp-content\/uploads\/2023\/07\/italpassion-yoast.jpg\",\"width\":696,\"height\":696,\"caption\":\"Italpassion\"},\"image\":{\"@id\":\"https:\/\/www.italpassion.fr\/es\/#\/schema\/logo\/image\/\"},\"sameAs\":[\"https:\/\/www.facebook.com\/italpassion\",\"https:\/\/x.com\/italpassion\",\"https:\/\/www.instagram.com\/italpassionfr\/\",\"https:\/\/www.youtube.com\/channel\/UCleq-ByQaA42OjhopwevRjQ\",\"https:\/\/www.facebook.com\/italpassion.en\/\",\"https:\/\/www.facebook.com\/italpassion.it\/\",\"https:\/\/www.facebook.com\/italpassion.de\/\",\"https:\/\/www.facebook.com\/italpassion.ja\/\"]}]}<\/script>\n<!-- \/ Yoast SEO plugin. -->","yoast_head_json":{"title":"Idea de regalo Alfa Romeo - ItalPassion","robots":{"index":"index","follow":"follow","max-snippet":"max-snippet:-1","max-image-preview":"max-image-preview:large","max-video-preview":"max-video-preview:-1"},"canonical":"https:\/\/www.italpassion.fr\/es\/regalo-idea-alfa-romeo\/","og_locale":"es_ES","og_type":"article","og_title":"Id\u00e9e cadeau Alfa Romeo - ItalPassion","og_description":"&hellip;","og_url":"https:\/\/www.italpassion.fr\/es\/regalo-idea-alfa-romeo\/","og_site_name":"ItalPassion","article_publisher":"https:\/\/www.facebook.com\/italpassion","article_modified_time":"2021-04-30T10:35:08+00:00","og_image":[{"url":"https:\/\/www.italpassion.fr\/wp-content\/uploads\/2020\/11\/livre-alfa-romeo-867x1024.jpg","type":"","width":"","height":""}],"twitter_card":"summary_large_image","twitter_site":"@italpassion","schema":{"@context":"https:\/\/schema.org","@graph":[{"@type":"WebPage","@id":"https:\/\/www.italpassion.fr\/es\/idee-cadeau-alfa-romeo\/","url":"https:\/\/www.italpassion.fr\/es\/idee-cadeau-alfa-romeo\/","name":"Idea de regalo Alfa Romeo - ItalPassion","isPartOf":{"@id":"https:\/\/www.italpassion.fr\/es\/#website"},"primaryImageOfPage":{"@id":"https:\/\/www.italpassion.fr\/es\/idee-cadeau-alfa-romeo\/#primaryimage"},"image":{"@id":"https:\/\/www.italpassion.fr\/es\/idee-cadeau-alfa-romeo\/#primaryimage"},"thumbnailUrl":"https:\/\/www.italpassion.fr\/wp-content\/uploads\/2020\/11\/livre-alfa-romeo-867x1024.jpg","datePublished":"2021-04-30T10:35:06+00:00","dateModified":"2021-04-30T10:35:08+00:00","breadcrumb":{"@id":"https:\/\/www.italpassion.fr\/es\/idee-cadeau-alfa-romeo\/#breadcrumb"},"inLanguage":"es","potentialAction":[{"@type":"ReadAction","target":["https:\/\/www.italpassion.fr\/es\/idee-cadeau-alfa-romeo\/"]}]},{"@type":"ImageObject","inLanguage":"es","@id":"https:\/\/www.italpassion.fr\/es\/idee-cadeau-alfa-romeo\/#primaryimage","url":"https:\/\/www.italpassion.fr\/wp-content\/uploads\/2020\/11\/livre-alfa-romeo-867x1024.jpg","contentUrl":"https:\/\/www.italpassion.fr\/wp-content\/uploads\/2020\/11\/livre-alfa-romeo-867x1024.jpg"},{"@type":"BreadcrumbList","@id":"https:\/\/www.italpassion.fr\/es\/idee-cadeau-alfa-romeo\/#breadcrumb","itemListElement":[{"@type":"ListItem","position":1,"name":"Accueil","item":"https:\/\/www.italpassion.fr\/es\/"},{"@type":"ListItem","position":2,"name":"Id\u00e9e cadeau Alfa Romeo"}]},{"@type":"WebSite","@id":"https:\/\/www.italpassion.fr\/es\/#website","url":"https:\/\/www.italpassion.fr\/es\/","name":"ItalPassion","description":"Entusiastas de los coches italianos","publisher":{"@id":"https:\/\/www.italpassion.fr\/es\/#organization"},"potentialAction":[{"@type":"SearchAction","target":{"@type":"EntryPoint","urlTemplate":"https:\/\/www.italpassion.fr\/es\/?s={search_term_string}"},"query-input":{"@type":"PropertyValueSpecification","valueRequired":true,"valueName":"search_term_string"}}],"inLanguage":"es"},{"@type":"Organization","@id":"https:\/\/www.italpassion.fr\/es\/#organization","name":"Italpassion","url":"https:\/\/www.italpassion.fr\/es\/","logo":{"@type":"ImageObject","inLanguage":"es","@id":"https:\/\/www.italpassion.fr\/es\/#\/schema\/logo\/image\/","url":"https:\/\/www.italpassion.fr\/wp-content\/uploads\/2023\/07\/italpassion-yoast.jpg","contentUrl":"https:\/\/www.italpassion.fr\/wp-content\/uploads\/2023\/07\/italpassion-yoast.jpg","width":696,"height":696,"caption":"Italpassion"},"image":{"@id":"https:\/\/www.italpassion.fr\/es\/#\/schema\/logo\/image\/"},"sameAs":["https:\/\/www.facebook.com\/italpassion","https:\/\/x.com\/italpassion","https:\/\/www.instagram.com\/italpassionfr\/","https:\/\/www.youtube.com\/channel\/UCleq-ByQaA42OjhopwevRjQ","https:\/\/www.facebook.com\/italpassion.en\/","https:\/\/www.facebook.com\/italpassion.it\/","https:\/\/www.facebook.com\/italpassion.de\/","https:\/\/www.facebook.com\/italpassion.ja\/"]}]}},"_links":{"self":[{"href":"https:\/\/www.italpassion.fr\/es\/wp-json\/wp\/v2\/pages\/29087","targetHints":{"allow":["GET"]}}],"collection":[{"href":"https:\/\/www.italpassion.fr\/es\/wp-json\/wp\/v2\/pages"}],"about":[{"href":"https:\/\/www.italpassion.fr\/es\/wp-json\/wp\/v2\/types\/page"}],"author":[{"embeddable":true,"href":"https:\/\/www.italpassion.fr\/es\/wp-json\/wp\/v2\/users\/1"}],"replies":[{"embeddable":true,"href":"https:\/\/www.italpassion.fr\/es\/wp-json\/wp\/v2\/comments?post=29087"}],"version-history":[{"count":1,"href":"https:\/\/www.italpassion.fr\/es\/wp-json\/wp\/v2\/pages\/29087\/revisions"}],"predecessor-version":[{"id":29088,"href":"https:\/\/www.italpassion.fr\/es\/wp-json\/wp\/v2\/pages\/29087\/revisions\/29088"}],"wp:attachment":[{"href":"https:\/\/www.italpassion.fr\/es\/wp-json\/wp\/v2\/media?parent=29087"}],"curies":[{"name":"wp","href":"https:\/\/api.w.org\/{rel}","templated":true}]}}