{"id":31416,"date":"2023-05-15T00:32:22","date_gmt":"2023-05-14T22:32:22","guid":{"rendered":"https:\/\/www.italpassion.fr\/?page_id=31416"},"modified":"2023-05-15T21:11:51","modified_gmt":"2023-05-15T19:11:51","slug":"die-windschutzscheibe-ihres-fiat-reparieren-oder-austauschen","status":"publish","type":"page","link":"https:\/\/www.italpassion.fr\/de\/reparer-ou-remplacer-le-pare-brise-de-votre-fiat\/","title":{"rendered":"Reparieren oder ersetzen Sie die Windschutzscheibe Ihres Fiat?"},"content":{"rendered":"<p>Die Windschutzscheibe Ihres<a href=\"https:\/\/www.italpassion.fr\/de\/fiat\/\"> Fiat<\/a> hat einen Schlag oder einen Riss? Sie sind sich nicht sicher, ob er ersetzt werden muss oder repariert werden kann? Wie viel wird es Sie kosten? Wir erkl\u00e4ren Ihnen alles!<\/p>\n\n\n\n<h2 class=\"wp-block-heading\"><strong>Ersetzen oder reparieren?<\/strong><\/h2>\n\n\n\n<figure class=\"wp-block-image size-large\"><img loading=\"lazy\" decoding=\"async\" width=\"1024\" height=\"666\" src=\"https:\/\/www.italpassion.fr\/wp-content\/uploads\/2023\/05\/pare-brise-impact-1024x666.jpg\" alt=\"HS-Windschutzscheibe\" class=\"wp-image-31417\" srcset=\"https:\/\/www.italpassion.fr\/wp-content\/uploads\/2023\/05\/pare-brise-impact-1024x666.jpg 1024w, https:\/\/www.italpassion.fr\/wp-content\/uploads\/2023\/05\/pare-brise-impact-300x195.jpg 300w, https:\/\/www.italpassion.fr\/wp-content\/uploads\/2023\/05\/pare-brise-impact-768x500.jpg 768w, https:\/\/www.italpassion.fr\/wp-content\/uploads\/2023\/05\/pare-brise-impact-18x12.jpg 18w, https:\/\/www.italpassion.fr\/wp-content\/uploads\/2023\/05\/pare-brise-impact-561x365.jpg 561w, https:\/\/www.italpassion.fr\/wp-content\/uploads\/2023\/05\/pare-brise-impact-1122x730.jpg 1122w, https:\/\/www.italpassion.fr\/wp-content\/uploads\/2023\/05\/pare-brise-impact-265x172.jpg 265w, https:\/\/www.italpassion.fr\/wp-content\/uploads\/2023\/05\/pare-brise-impact-531x346.jpg 531w, https:\/\/www.italpassion.fr\/wp-content\/uploads\/2023\/05\/pare-brise-impact-364x237.jpg 364w, https:\/\/www.italpassion.fr\/wp-content\/uploads\/2023\/05\/pare-brise-impact-728x474.jpg 728w, https:\/\/www.italpassion.fr\/wp-content\/uploads\/2023\/05\/pare-brise-impact-608x396.jpg 608w, https:\/\/www.italpassion.fr\/wp-content\/uploads\/2023\/05\/pare-brise-impact-758x493.jpg 758w, https:\/\/www.italpassion.fr\/wp-content\/uploads\/2023\/05\/pare-brise-impact-1152x750.jpg 1152w, https:\/\/www.italpassion.fr\/wp-content\/uploads\/2023\/05\/pare-brise-impact-600x390.jpg 600w, https:\/\/www.italpassion.fr\/wp-content\/uploads\/2023\/05\/pare-brise-impact.jpg 1500w\" sizes=\"auto, (max-width: 1024px) 100vw, 1024px\" \/><figcaption class=\"wp-element-caption\">Dieser Einschlag ist gr\u00f6\u00dfer als eine 2-Euro-M\u00fcnze und kann nicht repariert werden.<\/figcaption><\/figure>\n\n\n\n<p>Ob eine Windschutzscheibe repariert werden kann oder ausgetauscht werden muss, l\u00e4sst sich ganz einfach feststellen.<\/p>\n\n\n\n<p><strong>Wenn Sie einen Einschlag haben, der kleiner als 2,5 cm ist<\/strong>Dann kann er wahrscheinlich repariert werden (dies wird von einem Fachmann best\u00e4tigt, der den Aufprall analysiert), indem ein spezielles Harz in den Aufprall gespritzt wird. Wenn du eine Delle hast, solltest du nicht warten, da sie sich in einen Riss verwandeln kann und dann nicht mehr repariert werden kann.<\/p>\n\n\n\n<p><strong>Wenn Sie einen Einschlag haben, der gr\u00f6\u00dfer als 2,5 cm ist<\/strong>, z. B. mit einem<a href=\"https:\/\/www.carglass.fr\/nos-services\/pare-brise\/remplacement-ou-reparation-d-impact-sur-votre-pare-brise\"> gesprungene Windschutzscheibe<\/a> mit einem mehrere Zentimeter langen Riss, dann suchen Sie nicht weiter, <strong>die Windschutzscheibe Ihres Fiat muss ausgetauscht werden!<\/strong><\/p>\n\n\n\n<h2 class=\"wp-block-heading\"><strong>Wie viel kostet es?<\/strong><\/h2>\n\n\n\n<p>Die Reparatur einer besch\u00e4digten Windschutzscheibe kostet in der Regel nichts, da die Kosten von Ihrer Versicherung \u00fcbernommen werden.<a href=\"https:\/\/www.italpassion.fr\/de\/fiat-versicherungsvergleich\/\"> Fiat-Versicherung<\/a>. Au\u00dfer im Sonderfall einer<a href=\"https:\/\/www.italpassion.fr\/assurance-auto\/assurance-auto-pas-cher\/\"> billige Autoversicherung<\/a> der eine Selbstbeteiligung f\u00fcr die Reparatur einer Windschutzscheibe h\u00e4tte, aber das ist sehr selten!<\/p>\n\n\n\n<p>Wenn Sie Ihre Windschutzscheibe austauschen lassen m\u00fcssen, h\u00e4ngt dies von der Kosten\u00fcbernahme ab, die in Ihrem Kfz-Versicherungsvertrag festgelegt ist. In den meisten F\u00e4llen ist die Reparatur kostenlos, da die Kosten zu 100 % \u00fcbernommen werden. In anderen F\u00e4llen m\u00fcssen Sie eine Selbstbeteiligung zahlen, die einige hundert Euro betragen kann.<\/p>\n\n\n\n<h2 class=\"wp-block-heading\"><strong>Wie w\u00e4hlt man einen Reparateur aus?<\/strong><\/h2>\n\n\n\n<p>Reparaturwerkst\u00e4tten f\u00fcr Windschutzscheiben gibt es viele! Vor allem bei neuen Autos, die Windschutzscheiben mit Sensoren haben, die f\u00fcr die Funktionen des autonomen Fahrens unerl\u00e4sslich sind, darf man nichts falsch machen.<\/p>\n\n\n\n<p>Um eine Reparaturwerkstatt auszuw\u00e4hlen, k\u00f6nnen Sie eine Werkstatt mit entsprechender Ausr\u00fcstung aufsuchen, Ihren Fiat-H\u00e4ndler oder einen Spezialisten wie Carglass, der \u00fcber 470 Zentren in Frankreich betreibt...<\/p>\n\n\n\n<h2 class=\"wp-block-heading\"><strong>Beispiel f\u00fcr eine \u00dcbernahme bei einer Reparaturwerkstatt vom Typ Carglass<\/strong><\/h2>\n\n\n\n<p>Ihr Fiat 500 hat einen Schaden an der Windschutzscheibe? Nehmen wir den Fall einer Abholung mit Carglass an.<\/p>\n\n\n\n<ol class=\"wp-block-list\">\n<li>Sie stellen sicher, dass Sie die Glasbruchdeckung in Ihrem Autoversicherungsvertrag haben ;<\/li>\n\n\n\n<li>Sie vereinbaren einen Termin online auf der Carglass-Website oder telefonisch, wenn Sie sich sicher sein wollen;<\/li>\n\n\n\n<li>Carglass setzt sich mit Ihrer Versicherung in Verbindung, um die administrativen Schritte zu erledigen ;<\/li>\n\n\n\n<li>Sie gehen zu Ihrem Carglass-Termin, wo Ihr Unfall repariert oder Ihre Windschutzscheibe ausgetauscht wird;<\/li>\n\n\n\n<li>Sie m\u00fcssen nichts vorstrecken, Carglass wird von Ihrer Versicherungsgesellschaft bezahlt.<\/li>\n<\/ol>\n\n\n\n<figure class=\"wp-block-image size-large\"><img loading=\"lazy\" decoding=\"async\" width=\"1024\" height=\"683\" src=\"https:\/\/www.italpassion.fr\/wp-content\/uploads\/2023\/05\/pare-prise-repare-1024x683.jpg\" alt=\"reparierte Windschutzscheibe\" class=\"wp-image-31418\" srcset=\"https:\/\/www.italpassion.fr\/wp-content\/uploads\/2023\/05\/pare-prise-repare-1024x683.jpg 1024w, https:\/\/www.italpassion.fr\/wp-content\/uploads\/2023\/05\/pare-prise-repare-300x200.jpg 300w, https:\/\/www.italpassion.fr\/wp-content\/uploads\/2023\/05\/pare-prise-repare-768x512.jpg 768w, https:\/\/www.italpassion.fr\/wp-content\/uploads\/2023\/05\/pare-prise-repare-18x12.jpg 18w, https:\/\/www.italpassion.fr\/wp-content\/uploads\/2023\/05\/pare-prise-repare-561x374.jpg 561w, https:\/\/www.italpassion.fr\/wp-content\/uploads\/2023\/05\/pare-prise-repare-1122x748.jpg 1122w, https:\/\/www.italpassion.fr\/wp-content\/uploads\/2023\/05\/pare-prise-repare-265x177.jpg 265w, https:\/\/www.italpassion.fr\/wp-content\/uploads\/2023\/05\/pare-prise-repare-531x354.jpg 531w, https:\/\/www.italpassion.fr\/wp-content\/uploads\/2023\/05\/pare-prise-repare-364x243.jpg 364w, https:\/\/www.italpassion.fr\/wp-content\/uploads\/2023\/05\/pare-prise-repare-728x485.jpg 728w, https:\/\/www.italpassion.fr\/wp-content\/uploads\/2023\/05\/pare-prise-repare-608x405.jpg 608w, https:\/\/www.italpassion.fr\/wp-content\/uploads\/2023\/05\/pare-prise-repare-758x505.jpg 758w, https:\/\/www.italpassion.fr\/wp-content\/uploads\/2023\/05\/pare-prise-repare-1152x768.jpg 1152w, https:\/\/www.italpassion.fr\/wp-content\/uploads\/2023\/05\/pare-prise-repare-600x400.jpg 600w, https:\/\/www.italpassion.fr\/wp-content\/uploads\/2023\/05\/pare-prise-repare.jpg 1500w\" sizes=\"auto, (max-width: 1024px) 100vw, 1024px\" \/><\/figure>","protected":false},"excerpt":{"rendered":"","protected":false},"author":1,"featured_media":0,"parent":0,"menu_order":0,"comment_status":"open","ping_status":"closed","template":"g1-template-page-full.php","meta":{"_acf_changed":false,"_sitemap_exclude":false,"_sitemap_priority":"","_sitemap_frequency":"","footnotes":""},"class_list":["post-31416","page","type-page","status-publish"],"acf":[],"yoast_head":"<!-- This site is optimized with the Yoast SEO plugin v25.8 - https:\/\/yoast.com\/wordpress\/plugins\/seo\/ -->\n<title>R\u00e9parer ou remplacer le pare-brise de votre Fiat ? - ItalPassion<\/title>\n<meta name=\"robots\" content=\"index, follow, max-snippet:-1, max-image-preview:large, max-video-preview:-1\" \/>\n<link rel=\"canonical\" href=\"https:\/\/www.italpassion.fr\/de\/die-windschutzscheibe-ihres-fiat-reparieren-oder-austauschen\/\" \/>\n<meta property=\"og:locale\" content=\"de_DE\" \/>\n<meta property=\"og:type\" content=\"article\" \/>\n<meta property=\"og:title\" content=\"R\u00e9parer ou remplacer le pare-brise de votre Fiat ? - ItalPassion\" \/>\n<meta property=\"og:description\" content=\"&hellip;\" \/>\n<meta property=\"og:url\" content=\"https:\/\/www.italpassion.fr\/de\/die-windschutzscheibe-ihres-fiat-reparieren-oder-austauschen\/\" \/>\n<meta property=\"og:site_name\" content=\"ItalPassion\" \/>\n<meta property=\"article:publisher\" content=\"https:\/\/www.facebook.com\/italpassion\" \/>\n<meta property=\"article:modified_time\" content=\"2023-05-15T19:11:51+00:00\" \/>\n<meta property=\"og:image\" content=\"https:\/\/www.italpassion.fr\/wp-content\/uploads\/2023\/05\/pare-brise-impact-1024x666.jpg\" \/>\n<meta name=\"twitter:card\" content=\"summary_large_image\" \/>\n<meta name=\"twitter:site\" content=\"@italpassion\" \/>\n<script type=\"application\/ld+json\" class=\"yoast-schema-graph\">{\"@context\":\"https:\/\/schema.org\",\"@graph\":[{\"@type\":\"WebPage\",\"@id\":\"https:\/\/www.italpassion.fr\/de\/reparer-ou-remplacer-le-pare-brise-de-votre-fiat\/\",\"url\":\"https:\/\/www.italpassion.fr\/de\/reparer-ou-remplacer-le-pare-brise-de-votre-fiat\/\",\"name\":\"R\u00e9parer ou remplacer le pare-brise de votre Fiat ? - ItalPassion\",\"isPartOf\":{\"@id\":\"https:\/\/www.italpassion.fr\/de\/#website\"},\"primaryImageOfPage\":{\"@id\":\"https:\/\/www.italpassion.fr\/de\/reparer-ou-remplacer-le-pare-brise-de-votre-fiat\/#primaryimage\"},\"image\":{\"@id\":\"https:\/\/www.italpassion.fr\/de\/reparer-ou-remplacer-le-pare-brise-de-votre-fiat\/#primaryimage\"},\"thumbnailUrl\":\"https:\/\/www.italpassion.fr\/wp-content\/uploads\/2023\/05\/pare-brise-impact-1024x666.jpg\",\"datePublished\":\"2023-05-14T22:32:22+00:00\",\"dateModified\":\"2023-05-15T19:11:51+00:00\",\"breadcrumb\":{\"@id\":\"https:\/\/www.italpassion.fr\/de\/reparer-ou-remplacer-le-pare-brise-de-votre-fiat\/#breadcrumb\"},\"inLanguage\":\"de\",\"potentialAction\":[{\"@type\":\"ReadAction\",\"target\":[\"https:\/\/www.italpassion.fr\/de\/reparer-ou-remplacer-le-pare-brise-de-votre-fiat\/\"]}]},{\"@type\":\"ImageObject\",\"inLanguage\":\"de\",\"@id\":\"https:\/\/www.italpassion.fr\/de\/reparer-ou-remplacer-le-pare-brise-de-votre-fiat\/#primaryimage\",\"url\":\"https:\/\/www.italpassion.fr\/wp-content\/uploads\/2023\/05\/pare-brise-impact-1024x666.jpg\",\"contentUrl\":\"https:\/\/www.italpassion.fr\/wp-content\/uploads\/2023\/05\/pare-brise-impact-1024x666.jpg\"},{\"@type\":\"BreadcrumbList\",\"@id\":\"https:\/\/www.italpassion.fr\/de\/reparer-ou-remplacer-le-pare-brise-de-votre-fiat\/#breadcrumb\",\"itemListElement\":[{\"@type\":\"ListItem\",\"position\":1,\"name\":\"Accueil\",\"item\":\"https:\/\/www.italpassion.fr\/de\/\"},{\"@type\":\"ListItem\",\"position\":2,\"name\":\"R\u00e9parer ou remplacer le pare-brise de votre Fiat ?\"}]},{\"@type\":\"WebSite\",\"@id\":\"https:\/\/www.italpassion.fr\/de\/#website\",\"url\":\"https:\/\/www.italpassion.fr\/de\/\",\"name\":\"ItalPassion\",\"description\":\"Les Passionn\u00e9s d&#039;Automobiles Italiennes\",\"publisher\":{\"@id\":\"https:\/\/www.italpassion.fr\/de\/#organization\"},\"potentialAction\":[{\"@type\":\"SearchAction\",\"target\":{\"@type\":\"EntryPoint\",\"urlTemplate\":\"https:\/\/www.italpassion.fr\/de\/?s={search_term_string}\"},\"query-input\":{\"@type\":\"PropertyValueSpecification\",\"valueRequired\":true,\"valueName\":\"search_term_string\"}}],\"inLanguage\":\"de\"},{\"@type\":\"Organization\",\"@id\":\"https:\/\/www.italpassion.fr\/de\/#organization\",\"name\":\"Italpassion\",\"url\":\"https:\/\/www.italpassion.fr\/de\/\",\"logo\":{\"@type\":\"ImageObject\",\"inLanguage\":\"de\",\"@id\":\"https:\/\/www.italpassion.fr\/de\/#\/schema\/logo\/image\/\",\"url\":\"https:\/\/www.italpassion.fr\/wp-content\/uploads\/2023\/07\/italpassion-yoast.jpg\",\"contentUrl\":\"https:\/\/www.italpassion.fr\/wp-content\/uploads\/2023\/07\/italpassion-yoast.jpg\",\"width\":696,\"height\":696,\"caption\":\"Italpassion\"},\"image\":{\"@id\":\"https:\/\/www.italpassion.fr\/de\/#\/schema\/logo\/image\/\"},\"sameAs\":[\"https:\/\/www.facebook.com\/italpassion\",\"https:\/\/x.com\/italpassion\",\"https:\/\/www.instagram.com\/italpassionfr\/\",\"https:\/\/www.youtube.com\/channel\/UCleq-ByQaA42OjhopwevRjQ\",\"https:\/\/www.facebook.com\/italpassion.en\/\",\"https:\/\/www.facebook.com\/italpassion.it\/\",\"https:\/\/www.facebook.com\/italpassion.de\/\",\"https:\/\/www.facebook.com\/italpassion.ja\/\"]}]}<\/script>\n<!-- \/ Yoast SEO plugin. -->","yoast_head_json":{"title":"Reparieren oder ersetzen Sie die Windschutzscheibe Ihres Fiat? - ItalPassion","robots":{"index":"index","follow":"follow","max-snippet":"max-snippet:-1","max-image-preview":"max-image-preview:large","max-video-preview":"max-video-preview:-1"},"canonical":"https:\/\/www.italpassion.fr\/de\/die-windschutzscheibe-ihres-fiat-reparieren-oder-austauschen\/","og_locale":"de_DE","og_type":"article","og_title":"R\u00e9parer ou remplacer le pare-brise de votre Fiat ? - ItalPassion","og_description":"&hellip;","og_url":"https:\/\/www.italpassion.fr\/de\/die-windschutzscheibe-ihres-fiat-reparieren-oder-austauschen\/","og_site_name":"ItalPassion","article_publisher":"https:\/\/www.facebook.com\/italpassion","article_modified_time":"2023-05-15T19:11:51+00:00","og_image":[{"url":"https:\/\/www.italpassion.fr\/wp-content\/uploads\/2023\/05\/pare-brise-impact-1024x666.jpg","type":"","width":"","height":""}],"twitter_card":"summary_large_image","twitter_site":"@italpassion","schema":{"@context":"https:\/\/schema.org","@graph":[{"@type":"WebPage","@id":"https:\/\/www.italpassion.fr\/de\/reparer-ou-remplacer-le-pare-brise-de-votre-fiat\/","url":"https:\/\/www.italpassion.fr\/de\/reparer-ou-remplacer-le-pare-brise-de-votre-fiat\/","name":"Reparieren oder ersetzen Sie die Windschutzscheibe Ihres Fiat? - ItalPassion","isPartOf":{"@id":"https:\/\/www.italpassion.fr\/de\/#website"},"primaryImageOfPage":{"@id":"https:\/\/www.italpassion.fr\/de\/reparer-ou-remplacer-le-pare-brise-de-votre-fiat\/#primaryimage"},"image":{"@id":"https:\/\/www.italpassion.fr\/de\/reparer-ou-remplacer-le-pare-brise-de-votre-fiat\/#primaryimage"},"thumbnailUrl":"https:\/\/www.italpassion.fr\/wp-content\/uploads\/2023\/05\/pare-brise-impact-1024x666.jpg","datePublished":"2023-05-14T22:32:22+00:00","dateModified":"2023-05-15T19:11:51+00:00","breadcrumb":{"@id":"https:\/\/www.italpassion.fr\/de\/reparer-ou-remplacer-le-pare-brise-de-votre-fiat\/#breadcrumb"},"inLanguage":"de","potentialAction":[{"@type":"ReadAction","target":["https:\/\/www.italpassion.fr\/de\/reparer-ou-remplacer-le-pare-brise-de-votre-fiat\/"]}]},{"@type":"ImageObject","inLanguage":"de","@id":"https:\/\/www.italpassion.fr\/de\/reparer-ou-remplacer-le-pare-brise-de-votre-fiat\/#primaryimage","url":"https:\/\/www.italpassion.fr\/wp-content\/uploads\/2023\/05\/pare-brise-impact-1024x666.jpg","contentUrl":"https:\/\/www.italpassion.fr\/wp-content\/uploads\/2023\/05\/pare-brise-impact-1024x666.jpg"},{"@type":"BreadcrumbList","@id":"https:\/\/www.italpassion.fr\/de\/reparer-ou-remplacer-le-pare-brise-de-votre-fiat\/#breadcrumb","itemListElement":[{"@type":"ListItem","position":1,"name":"Accueil","item":"https:\/\/www.italpassion.fr\/de\/"},{"@type":"ListItem","position":2,"name":"R\u00e9parer ou remplacer le pare-brise de votre Fiat ?"}]},{"@type":"WebSite","@id":"https:\/\/www.italpassion.fr\/de\/#website","url":"https:\/\/www.italpassion.fr\/de\/","name":"ItalPassion","description":"Die Liebhaber italienischer Autos","publisher":{"@id":"https:\/\/www.italpassion.fr\/de\/#organization"},"potentialAction":[{"@type":"SearchAction","target":{"@type":"EntryPoint","urlTemplate":"https:\/\/www.italpassion.fr\/de\/?s={search_term_string}"},"query-input":{"@type":"PropertyValueSpecification","valueRequired":true,"valueName":"search_term_string"}}],"inLanguage":"de"},{"@type":"Organization","@id":"https:\/\/www.italpassion.fr\/de\/#organization","name":"Italpassion","url":"https:\/\/www.italpassion.fr\/de\/","logo":{"@type":"ImageObject","inLanguage":"de","@id":"https:\/\/www.italpassion.fr\/de\/#\/schema\/logo\/image\/","url":"https:\/\/www.italpassion.fr\/wp-content\/uploads\/2023\/07\/italpassion-yoast.jpg","contentUrl":"https:\/\/www.italpassion.fr\/wp-content\/uploads\/2023\/07\/italpassion-yoast.jpg","width":696,"height":696,"caption":"Italpassion"},"image":{"@id":"https:\/\/www.italpassion.fr\/de\/#\/schema\/logo\/image\/"},"sameAs":["https:\/\/www.facebook.com\/italpassion","https:\/\/x.com\/italpassion","https:\/\/www.instagram.com\/italpassionfr\/","https:\/\/www.youtube.com\/channel\/UCleq-ByQaA42OjhopwevRjQ","https:\/\/www.facebook.com\/italpassion.en\/","https:\/\/www.facebook.com\/italpassion.it\/","https:\/\/www.facebook.com\/italpassion.de\/","https:\/\/www.facebook.com\/italpassion.ja\/"]}]}},"_links":{"self":[{"href":"https:\/\/www.italpassion.fr\/de\/wp-json\/wp\/v2\/pages\/31416","targetHints":{"allow":["GET"]}}],"collection":[{"href":"https:\/\/www.italpassion.fr\/de\/wp-json\/wp\/v2\/pages"}],"about":[{"href":"https:\/\/www.italpassion.fr\/de\/wp-json\/wp\/v2\/types\/page"}],"author":[{"embeddable":true,"href":"https:\/\/www.italpassion.fr\/de\/wp-json\/wp\/v2\/users\/1"}],"replies":[{"embeddable":true,"href":"https:\/\/www.italpassion.fr\/de\/wp-json\/wp\/v2\/comments?post=31416"}],"version-history":[{"count":2,"href":"https:\/\/www.italpassion.fr\/de\/wp-json\/wp\/v2\/pages\/31416\/revisions"}],"predecessor-version":[{"id":31468,"href":"https:\/\/www.italpassion.fr\/de\/wp-json\/wp\/v2\/pages\/31416\/revisions\/31468"}],"wp:attachment":[{"href":"https:\/\/www.italpassion.fr\/de\/wp-json\/wp\/v2\/media?parent=31416"}],"curies":[{"name":"wp","href":"https:\/\/api.w.org\/{rel}","templated":true}]}}