{"id":29585,"date":"2021-08-24T14:44:53","date_gmt":"2021-08-24T12:44:53","guid":{"rendered":"https:\/\/www.italpassion.fr\/?page_id=29585"},"modified":"2021-08-27T09:08:26","modified_gmt":"2021-08-27T07:08:26","slug":"karte-grau-alfa-romeo","status":"publish","type":"page","link":"https:\/\/www.italpassion.fr\/de\/carte-grise-alfa-romeo\/","title":{"rendered":"Alfa Romeo Zulassungsbescheinigung"},"content":{"rendered":"<p>Sie kaufen eine&nbsp;<a href=\"https:\/\/www.italpassion.fr\/de\/alfa-romeo\/\">Alfa Romeo<\/a> neu oder einen gebrauchten Alfa Romeo? Haben Sie schon einmal einen&nbsp;<a href=\"https:\/\/www.italpassion.fr\/de\/fiat-versicherungsvergleich\/\">Alfa Romeo Versicherungsvergleich&nbsp;<\/a>und Sie m\u00f6chten nun den&nbsp;<strong>Preis f\u00fcr die Zulassung Ihres zuk\u00fcnftigen Alfa Romeo <\/strong>? Das Auto ist gebraucht und Sie m\u00f6chten die Schritte kennen, um der neue Besitzer zu werden? Sie m\u00f6chten einen Fahrzeugschein f\u00fcr Sammler? Dann sind Sie hier genau richtig f\u00fcr alles, was Sie \u00fcber die Zulassung Ihres Alfa Romeo wissen m\u00fcssen.<\/p>\n\n\n\n<figure class=\"wp-block-image size-large\"><img loading=\"lazy\" decoding=\"async\" width=\"1024\" height=\"683\" src=\"https:\/\/www.italpassion.fr\/wp-content\/uploads\/2021\/08\/lukasz-niescioruk-wvIM0l6NP0o-unsplash-1024x683.jpg\" alt=\"\" class=\"wp-image-29586\" srcset=\"https:\/\/www.italpassion.fr\/wp-content\/uploads\/2021\/08\/lukasz-niescioruk-wvIM0l6NP0o-unsplash-1024x683.jpg 1024w, https:\/\/www.italpassion.fr\/wp-content\/uploads\/2021\/08\/lukasz-niescioruk-wvIM0l6NP0o-unsplash-300x200.jpg 300w, https:\/\/www.italpassion.fr\/wp-content\/uploads\/2021\/08\/lukasz-niescioruk-wvIM0l6NP0o-unsplash-768x512.jpg 768w, https:\/\/www.italpassion.fr\/wp-content\/uploads\/2021\/08\/lukasz-niescioruk-wvIM0l6NP0o-unsplash-1536x1024.jpg 1536w, https:\/\/www.italpassion.fr\/wp-content\/uploads\/2021\/08\/lukasz-niescioruk-wvIM0l6NP0o-unsplash-scaled.jpg 2048w, https:\/\/www.italpassion.fr\/wp-content\/uploads\/2021\/08\/lukasz-niescioruk-wvIM0l6NP0o-unsplash-561x374.jpg 561w, https:\/\/www.italpassion.fr\/wp-content\/uploads\/2021\/08\/lukasz-niescioruk-wvIM0l6NP0o-unsplash-1122x748.jpg 1122w, https:\/\/www.italpassion.fr\/wp-content\/uploads\/2021\/08\/lukasz-niescioruk-wvIM0l6NP0o-unsplash-265x177.jpg 265w, https:\/\/www.italpassion.fr\/wp-content\/uploads\/2021\/08\/lukasz-niescioruk-wvIM0l6NP0o-unsplash-531x354.jpg 531w, https:\/\/www.italpassion.fr\/wp-content\/uploads\/2021\/08\/lukasz-niescioruk-wvIM0l6NP0o-unsplash-364x243.jpg 364w, https:\/\/www.italpassion.fr\/wp-content\/uploads\/2021\/08\/lukasz-niescioruk-wvIM0l6NP0o-unsplash-728x485.jpg 728w, https:\/\/www.italpassion.fr\/wp-content\/uploads\/2021\/08\/lukasz-niescioruk-wvIM0l6NP0o-unsplash-608x405.jpg 608w, https:\/\/www.italpassion.fr\/wp-content\/uploads\/2021\/08\/lukasz-niescioruk-wvIM0l6NP0o-unsplash-758x505.jpg 758w, https:\/\/www.italpassion.fr\/wp-content\/uploads\/2021\/08\/lukasz-niescioruk-wvIM0l6NP0o-unsplash-1152x768.jpg 1152w, https:\/\/www.italpassion.fr\/wp-content\/uploads\/2021\/08\/lukasz-niescioruk-wvIM0l6NP0o-unsplash-600x400.jpg 600w\" sizes=\"auto, (max-width: 1024px) 100vw, 1024px\" \/><figcaption>Alles, was Sie \u00fcber den Fahrzeugschein Ihres Alfa Romeo wissen m\u00fcssen: Preis, Kauf, Verkauf, Verlust, Sammlung<\/figcaption><\/figure>\n\n\n\n<h2 class=\"has-text-align-center wp-block-heading\">Simulator Preisliste Alfa Romeo Fahrzeugschein<\/h2>\n\n\n\n<p>Es gibt viele Simulatoren, mit denen Sie den Preis f\u00fcr Ihren Fahrzeugschein online berechnen k\u00f6nnen. Diese Simulatoren funktionieren f\u00fcr moderne Alfa Romeo, Youngtimer und Sammlerfahrzeuge: Alfa Romeo Spider, Alfa Romeo GT, 147, 156, 159, MiTo, Giulietta, Giulia, Stelvio, ...<\/p>\n\n\n\n<div class=\"wp-block-columns is-layout-flex wp-container-core-columns-is-layout-9d6595d7 wp-block-columns-is-layout-flex\">\n<div class=\"wp-block-column is-layout-flow wp-block-column-is-layout-flow\">\n<h3 class=\"wp-block-heading\">Berechnung des Preises f\u00fcr den Fahrzeugschein Alfa Romeo<\/h3>\n\n\n\n<p>Die&nbsp;<strong>Der Preis f\u00fcr einen Fahrzeugschein wird nach zahlreichen Kriterien berechnet<\/strong>Wenn Ihr Alfa Romeo \u00e4lter als 10 Jahre ist, wird der Preis f\u00fcr den Fahrzeugschein um 50 % gesenkt.<\/p>\n\n\n\n<p>Die Kriterien sind so zahlreich, dass es einfacher ist, einen Preissimulator f\u00fcr den Fahrzeugschein zu verwenden.<\/p>\n<\/div>\n\n\n\n<div class=\"wp-block-column is-layout-flow wp-block-column-is-layout-flow\">\n<h3 class=\"wp-block-heading\">Malus Fahrzeugschein 2021<\/h3>\n\n\n\n<p>Unabh\u00e4ngig davon, ob es sich um ein neues oder gebrauchtes Fahrzeug handelt, kommen zum Preis des Fahrzeugscheins hinzu&nbsp;<strong>einen Malus nach dem CO2-Aussto\u00df<\/strong>. Diese Skala \u00e4ndert sich jedes Jahr, eine feste f\u00fcr Neufahrzeuge und eine degressive pro Verkehrsjahr f\u00fcr Gebrauchtfahrzeuge. Alle Informationen finden Sie auf der Website der Regierung. Da Alfa Romeo bislang keine Hybrid- oder Elektroautos anbietet, m\u00fcssen Sie zwangsl\u00e4ufig einen Malus zahlen.<\/p>\n\n\n\n<p>Auch hier empfehlen wir f\u00fcr mehr Praxisn\u00e4he die Verwendung eines Preissimulators f\u00fcr den Fahrzeugschein.<\/p>\n<\/div>\n<\/div>\n\n\n\n<h2 class=\"has-text-align-center wp-block-heading\">Verkauf oder Kauf eines gebrauchten Alfa Romeo und zu pr\u00fcfende Dokumente <\/h2>\n\n\n\n<p>Wenn Sie Ihren Alfa Romeo gebraucht kaufen, insbesondere wenn Sie ihn von einer Privatperson kaufen, m\u00fcssen Sie einige Dokumente \u00fcberpr\u00fcfen: <\/p>\n\n\n\n<ul class=\"wp-block-list\"><li>der Fahrzeugschein: auf den Namen des Verk\u00e4ufers ausgestellt, genaue Adresse des Verk\u00e4ufers. Er muss dem K\u00e4ufer ausgeh\u00e4ndigt werden und mit dem Vermerk \"verkauft am\" durchgestrichen werden, gefolgt von der Unterschrift des Verk\u00e4ufers ;<\/li><li>Technische Kontrolle: Sie muss weniger als 6 Monate alt sein, wenn das Auto \u00e4lter als 4 Jahre ist;<\/li><li>Abtretungsbescheinigung: vom alten und neuen Besitzer in zweifacher Ausfertigung auszuf\u00fcllen und zu unterschreiben, kann online gemacht werden auf <a href=\"https:\/\/www.portail-cartegrise.fr\/1\/declaration-cession-vehicule\">Portal-graue-karte.de<\/a> ;<\/li><li>Pfandfreiheitszertifikat, das nicht \u00e4lter als 15 Tage ist und auf dem <a href=\"https:\/\/immatriculation.ants.gouv.fr\/FAQ-Particulier\/Vente-Don\/Commencer-une-declaration-de-cession\">ANTS-Website<\/a>.<\/li><\/ul>\n\n\n\n<p>Weitere Informationen \u00fcber die Schritte zum Verkauf oder Kauf eines gebrauchten Alfa Romeo finden Sie unter <a href=\"https:\/\/www.service-public.fr\/particuliers\/vosdroits\/R41137\">\u00d6ffentlicher Dienst<\/a> zu diesem Zweck gewidmet.<\/p>\n\n\n\n<h2 class=\"has-text-align-center wp-block-heading\">Einen Wohnortwechsel melden<\/h2>\n\n\n\n<p>Sie wechseln Ihren Wohnsitz und m\u00fcssen&nbsp;<strong>den Fahrzeugschein Ihres Alfa Romeo auf eine neue Adresse setzen<\/strong>&nbsp;? Sie haben einen Monat vor dem Umzugsdatum und einen Monat nach dem Auszug von Ihrer alten Adresse Zeit, um die Adresse in den Fahrzeugpapieren Ihres Alfa Romeo zu \u00e4ndern. <\/p>\n\n\n\n<p>Seien Sie beruhigt, es ist ganz einfach und kann online \u00fcber die Seite Adress\u00e4nderung online auf der Website der Regierung erledigt werden.<\/p>\n\n\n\n<h2 class=\"has-text-align-center wp-block-heading\">Verlust \/ Diebstahl des Fahrzeugscheins<\/h2>\n\n\n\n<p>Sie haben <strong>verloren den Fahrzeugschein Ihres Alfa Romeo<\/strong>In diesem Fall kann der Inhaber ein Duplikat beantragen. Wenn es sich um ein Leasingfahrzeug handelt, m\u00fcssen Sie den Leasinggeber dar\u00fcber informieren. Wenn es sich um Ihren Alfa Romeo handelt, k\u00f6nnen Sie den Antrag online auf der Website Service Public stellen. Die Kosten hierf\u00fcr belaufen sich auf etwa zehn Euro.<\/p>\n\n\n\n<p>Ihr Fahrzeugschein wurde gestohlen. Die Vorgehensweise ist die gleiche wie oben. Zus\u00e4tzlich m\u00fcssen Sie vorab <strong>eine Diebstahlanzeige machen<\/strong> bei der Polizeistation oder der Gendarmerie.<\/p>\n\n\n\n<h2 class=\"has-text-align-center wp-block-heading\">Einen Namen auf Ihrem Fahrzeugschein hinzuf\u00fcgen oder entfernen<\/h2>\n\n\n\n<p>Wenn Sie einen Namen in Ihrem Fahrzeugschein hinzuf\u00fcgen oder entfernen m\u00f6chten, m\u00fcssen Sie einen neuen Fahrzeugschein ausstellen lassen. Sie m\u00fcssen also Folgendes vorlegen: Wohnsitznachweis, Cerfa-Formular 13750*05, Originalfahrzeugschein, technische Kontrolle, die nicht \u00e4lter als 6 Monate ist, wenn das Auto \u00e4lter als 4 Jahre ist. Die Dienstleistung kann online auf der Website Service Public erbracht werden.<\/p>\n\n\n\n<h2 class=\"has-text-align-center wp-block-heading\">Alfa Romeo Oldtimer: Beantragen Sie einen Oldtimer-Zulassungsschein<\/h2>\n\n\n\n<p>Wenn Sie stolzer Besitzer eines Alfa Romeo sind, der \u00e4lter als 30 Jahre ist, k\u00f6nnen Sie einen Antrag auf einen Sammlerzulassungsschein stellen. Dies gilt f\u00fcr die Alfa Romeo 164, 75, 90, 33, Alfa 6, Alfetta, Alfasud usw. Mit diesem Fahrzeugschein erhalten Sie spezielle Kennzeichen (z. B. auf schwarzem Hintergrund). Die technische Kontrolle wird alle f\u00fcnf Jahre durchgef\u00fchrt.<\/p>\n\n\n\n<p>Der Antrag auf einen Fahrzeugschein f\u00fcr Sammlerfahrzeuge kann online gestellt werden. Sie m\u00fcssen den alten Fahrzeugschein, eine FFVE-Bescheinigung und eine technische Kontrolle, die nicht \u00e4lter als 6 Monate ist, vorlegen. <\/p>\n\n\n\n<p>Sie haben dann eine vorl\u00e4ufige Zulassungsbescheinigung, bis Sie den neuen Fahrzeugschein f\u00fcr Sammlerst\u00fccke erhalten.<\/p>","protected":false},"excerpt":{"rendered":"","protected":false},"author":1,"featured_media":0,"parent":0,"menu_order":0,"comment_status":"closed","ping_status":"closed","template":"g1-template-page-full.php","meta":{"_acf_changed":false,"_sitemap_exclude":false,"_sitemap_priority":"","_sitemap_frequency":"","footnotes":""},"class_list":["post-29585","page","type-page","status-publish"],"acf":[],"yoast_head":"<!-- This site is optimized with the Yoast SEO plugin v25.8 - https:\/\/yoast.com\/wordpress\/plugins\/seo\/ -->\n<title>Carte grise Alfa Romeo : simulateur, documents, modifications<\/title>\n<meta name=\"robots\" content=\"index, follow, max-snippet:-1, max-image-preview:large, max-video-preview:-1\" \/>\n<link rel=\"canonical\" href=\"https:\/\/www.italpassion.fr\/de\/karte-grau-alfa-romeo\/\" \/>\n<meta property=\"og:locale\" content=\"de_DE\" \/>\n<meta property=\"og:type\" content=\"article\" \/>\n<meta property=\"og:title\" content=\"Carte grise Alfa Romeo : simulateur, documents, modifications\" \/>\n<meta property=\"og:description\" content=\"&hellip;\" \/>\n<meta property=\"og:url\" content=\"https:\/\/www.italpassion.fr\/de\/karte-grau-alfa-romeo\/\" \/>\n<meta property=\"og:site_name\" content=\"ItalPassion\" \/>\n<meta property=\"article:publisher\" content=\"https:\/\/www.facebook.com\/italpassion\" \/>\n<meta property=\"article:modified_time\" content=\"2021-08-27T07:08:26+00:00\" \/>\n<meta property=\"og:image\" content=\"https:\/\/www.italpassion.fr\/wp-content\/uploads\/2021\/08\/lukasz-niescioruk-wvIM0l6NP0o-unsplash-1024x683.jpg\" \/>\n<meta name=\"twitter:card\" content=\"summary_large_image\" \/>\n<meta name=\"twitter:site\" content=\"@italpassion\" \/>\n<script type=\"application\/ld+json\" class=\"yoast-schema-graph\">{\"@context\":\"https:\/\/schema.org\",\"@graph\":[{\"@type\":\"WebPage\",\"@id\":\"https:\/\/www.italpassion.fr\/de\/carte-grise-alfa-romeo\/\",\"url\":\"https:\/\/www.italpassion.fr\/de\/carte-grise-alfa-romeo\/\",\"name\":\"Carte grise Alfa Romeo : simulateur, documents, modifications\",\"isPartOf\":{\"@id\":\"https:\/\/www.italpassion.fr\/de\/#website\"},\"primaryImageOfPage\":{\"@id\":\"https:\/\/www.italpassion.fr\/de\/carte-grise-alfa-romeo\/#primaryimage\"},\"image\":{\"@id\":\"https:\/\/www.italpassion.fr\/de\/carte-grise-alfa-romeo\/#primaryimage\"},\"thumbnailUrl\":\"https:\/\/www.italpassion.fr\/wp-content\/uploads\/2021\/08\/lukasz-niescioruk-wvIM0l6NP0o-unsplash-1024x683.jpg\",\"datePublished\":\"2021-08-24T12:44:53+00:00\",\"dateModified\":\"2021-08-27T07:08:26+00:00\",\"breadcrumb\":{\"@id\":\"https:\/\/www.italpassion.fr\/de\/carte-grise-alfa-romeo\/#breadcrumb\"},\"inLanguage\":\"de\",\"potentialAction\":[{\"@type\":\"ReadAction\",\"target\":[\"https:\/\/www.italpassion.fr\/de\/carte-grise-alfa-romeo\/\"]}]},{\"@type\":\"ImageObject\",\"inLanguage\":\"de\",\"@id\":\"https:\/\/www.italpassion.fr\/de\/carte-grise-alfa-romeo\/#primaryimage\",\"url\":\"https:\/\/www.italpassion.fr\/wp-content\/uploads\/2021\/08\/lukasz-niescioruk-wvIM0l6NP0o-unsplash-1024x683.jpg\",\"contentUrl\":\"https:\/\/www.italpassion.fr\/wp-content\/uploads\/2021\/08\/lukasz-niescioruk-wvIM0l6NP0o-unsplash-1024x683.jpg\"},{\"@type\":\"BreadcrumbList\",\"@id\":\"https:\/\/www.italpassion.fr\/de\/carte-grise-alfa-romeo\/#breadcrumb\",\"itemListElement\":[{\"@type\":\"ListItem\",\"position\":1,\"name\":\"Accueil\",\"item\":\"https:\/\/www.italpassion.fr\/de\/\"},{\"@type\":\"ListItem\",\"position\":2,\"name\":\"Carte grise Alfa Romeo\"}]},{\"@type\":\"WebSite\",\"@id\":\"https:\/\/www.italpassion.fr\/de\/#website\",\"url\":\"https:\/\/www.italpassion.fr\/de\/\",\"name\":\"ItalPassion\",\"description\":\"Les Passionn\u00e9s d&#039;Automobiles Italiennes\",\"publisher\":{\"@id\":\"https:\/\/www.italpassion.fr\/de\/#organization\"},\"potentialAction\":[{\"@type\":\"SearchAction\",\"target\":{\"@type\":\"EntryPoint\",\"urlTemplate\":\"https:\/\/www.italpassion.fr\/de\/?s={search_term_string}\"},\"query-input\":{\"@type\":\"PropertyValueSpecification\",\"valueRequired\":true,\"valueName\":\"search_term_string\"}}],\"inLanguage\":\"de\"},{\"@type\":\"Organization\",\"@id\":\"https:\/\/www.italpassion.fr\/de\/#organization\",\"name\":\"Italpassion\",\"url\":\"https:\/\/www.italpassion.fr\/de\/\",\"logo\":{\"@type\":\"ImageObject\",\"inLanguage\":\"de\",\"@id\":\"https:\/\/www.italpassion.fr\/de\/#\/schema\/logo\/image\/\",\"url\":\"https:\/\/www.italpassion.fr\/wp-content\/uploads\/2023\/07\/italpassion-yoast.jpg\",\"contentUrl\":\"https:\/\/www.italpassion.fr\/wp-content\/uploads\/2023\/07\/italpassion-yoast.jpg\",\"width\":696,\"height\":696,\"caption\":\"Italpassion\"},\"image\":{\"@id\":\"https:\/\/www.italpassion.fr\/de\/#\/schema\/logo\/image\/\"},\"sameAs\":[\"https:\/\/www.facebook.com\/italpassion\",\"https:\/\/x.com\/italpassion\",\"https:\/\/www.instagram.com\/italpassionfr\/\",\"https:\/\/www.youtube.com\/channel\/UCleq-ByQaA42OjhopwevRjQ\",\"https:\/\/www.facebook.com\/italpassion.en\/\",\"https:\/\/www.facebook.com\/italpassion.it\/\",\"https:\/\/www.facebook.com\/italpassion.de\/\",\"https:\/\/www.facebook.com\/italpassion.ja\/\"]}]}<\/script>\n<!-- \/ Yoast SEO plugin. -->","yoast_head_json":{"title":"Alfa Romeo Fahrzeugschein: Simulator, Dokumente, \u00c4nderungen","robots":{"index":"index","follow":"follow","max-snippet":"max-snippet:-1","max-image-preview":"max-image-preview:large","max-video-preview":"max-video-preview:-1"},"canonical":"https:\/\/www.italpassion.fr\/de\/karte-grau-alfa-romeo\/","og_locale":"de_DE","og_type":"article","og_title":"Carte grise Alfa Romeo : simulateur, documents, modifications","og_description":"&hellip;","og_url":"https:\/\/www.italpassion.fr\/de\/karte-grau-alfa-romeo\/","og_site_name":"ItalPassion","article_publisher":"https:\/\/www.facebook.com\/italpassion","article_modified_time":"2021-08-27T07:08:26+00:00","og_image":[{"url":"https:\/\/www.italpassion.fr\/wp-content\/uploads\/2021\/08\/lukasz-niescioruk-wvIM0l6NP0o-unsplash-1024x683.jpg","type":"","width":"","height":""}],"twitter_card":"summary_large_image","twitter_site":"@italpassion","schema":{"@context":"https:\/\/schema.org","@graph":[{"@type":"WebPage","@id":"https:\/\/www.italpassion.fr\/de\/carte-grise-alfa-romeo\/","url":"https:\/\/www.italpassion.fr\/de\/carte-grise-alfa-romeo\/","name":"Alfa Romeo Fahrzeugschein: Simulator, Dokumente, \u00c4nderungen","isPartOf":{"@id":"https:\/\/www.italpassion.fr\/de\/#website"},"primaryImageOfPage":{"@id":"https:\/\/www.italpassion.fr\/de\/carte-grise-alfa-romeo\/#primaryimage"},"image":{"@id":"https:\/\/www.italpassion.fr\/de\/carte-grise-alfa-romeo\/#primaryimage"},"thumbnailUrl":"https:\/\/www.italpassion.fr\/wp-content\/uploads\/2021\/08\/lukasz-niescioruk-wvIM0l6NP0o-unsplash-1024x683.jpg","datePublished":"2021-08-24T12:44:53+00:00","dateModified":"2021-08-27T07:08:26+00:00","breadcrumb":{"@id":"https:\/\/www.italpassion.fr\/de\/carte-grise-alfa-romeo\/#breadcrumb"},"inLanguage":"de","potentialAction":[{"@type":"ReadAction","target":["https:\/\/www.italpassion.fr\/de\/carte-grise-alfa-romeo\/"]}]},{"@type":"ImageObject","inLanguage":"de","@id":"https:\/\/www.italpassion.fr\/de\/carte-grise-alfa-romeo\/#primaryimage","url":"https:\/\/www.italpassion.fr\/wp-content\/uploads\/2021\/08\/lukasz-niescioruk-wvIM0l6NP0o-unsplash-1024x683.jpg","contentUrl":"https:\/\/www.italpassion.fr\/wp-content\/uploads\/2021\/08\/lukasz-niescioruk-wvIM0l6NP0o-unsplash-1024x683.jpg"},{"@type":"BreadcrumbList","@id":"https:\/\/www.italpassion.fr\/de\/carte-grise-alfa-romeo\/#breadcrumb","itemListElement":[{"@type":"ListItem","position":1,"name":"Accueil","item":"https:\/\/www.italpassion.fr\/de\/"},{"@type":"ListItem","position":2,"name":"Carte grise Alfa Romeo"}]},{"@type":"WebSite","@id":"https:\/\/www.italpassion.fr\/de\/#website","url":"https:\/\/www.italpassion.fr\/de\/","name":"ItalPassion","description":"Die Liebhaber italienischer Autos","publisher":{"@id":"https:\/\/www.italpassion.fr\/de\/#organization"},"potentialAction":[{"@type":"SearchAction","target":{"@type":"EntryPoint","urlTemplate":"https:\/\/www.italpassion.fr\/de\/?s={search_term_string}"},"query-input":{"@type":"PropertyValueSpecification","valueRequired":true,"valueName":"search_term_string"}}],"inLanguage":"de"},{"@type":"Organization","@id":"https:\/\/www.italpassion.fr\/de\/#organization","name":"Italpassion","url":"https:\/\/www.italpassion.fr\/de\/","logo":{"@type":"ImageObject","inLanguage":"de","@id":"https:\/\/www.italpassion.fr\/de\/#\/schema\/logo\/image\/","url":"https:\/\/www.italpassion.fr\/wp-content\/uploads\/2023\/07\/italpassion-yoast.jpg","contentUrl":"https:\/\/www.italpassion.fr\/wp-content\/uploads\/2023\/07\/italpassion-yoast.jpg","width":696,"height":696,"caption":"Italpassion"},"image":{"@id":"https:\/\/www.italpassion.fr\/de\/#\/schema\/logo\/image\/"},"sameAs":["https:\/\/www.facebook.com\/italpassion","https:\/\/x.com\/italpassion","https:\/\/www.instagram.com\/italpassionfr\/","https:\/\/www.youtube.com\/channel\/UCleq-ByQaA42OjhopwevRjQ","https:\/\/www.facebook.com\/italpassion.en\/","https:\/\/www.facebook.com\/italpassion.it\/","https:\/\/www.facebook.com\/italpassion.de\/","https:\/\/www.facebook.com\/italpassion.ja\/"]}]}},"_links":{"self":[{"href":"https:\/\/www.italpassion.fr\/de\/wp-json\/wp\/v2\/pages\/29585","targetHints":{"allow":["GET"]}}],"collection":[{"href":"https:\/\/www.italpassion.fr\/de\/wp-json\/wp\/v2\/pages"}],"about":[{"href":"https:\/\/www.italpassion.fr\/de\/wp-json\/wp\/v2\/types\/page"}],"author":[{"embeddable":true,"href":"https:\/\/www.italpassion.fr\/de\/wp-json\/wp\/v2\/users\/1"}],"replies":[{"embeddable":true,"href":"https:\/\/www.italpassion.fr\/de\/wp-json\/wp\/v2\/comments?post=29585"}],"version-history":[{"count":3,"href":"https:\/\/www.italpassion.fr\/de\/wp-json\/wp\/v2\/pages\/29585\/revisions"}],"predecessor-version":[{"id":29589,"href":"https:\/\/www.italpassion.fr\/de\/wp-json\/wp\/v2\/pages\/29585\/revisions\/29589"}],"wp:attachment":[{"href":"https:\/\/www.italpassion.fr\/de\/wp-json\/wp\/v2\/media?parent=29585"}],"curies":[{"name":"wp","href":"https:\/\/api.w.org\/{rel}","templated":true}]}}