{"id":29428,"date":"2021-07-02T15:32:39","date_gmt":"2021-07-02T13:32:39","guid":{"rendered":"https:\/\/www.italpassion.fr\/?page_id=29428"},"modified":"2023-06-02T21:55:34","modified_gmt":"2023-06-02T19:55:34","slug":"ferrari-reifen","status":"publish","type":"page","link":"https:\/\/www.italpassion.fr\/de\/pneus-ferrari\/","title":{"rendered":"Ferrari-Reifen: Welche man w\u00e4hlen und wo man sie kaufen sollte"},"content":{"rendered":"<p>Sie haben eine <a href=\"https:\/\/www.italpassion.fr\/de\/ferrari\/\">Ferrari<\/a> modernen oder Oldtimer und Sie m\u00fcssen Ihre Reifen wechseln? Sie fragen sich, welche Reifenmodelle Sie w\u00e4hlen sollen und wo Sie sie am g\u00fcnstigsten kaufen k\u00f6nnen? Im Folgenden beantworten wir Ihre Fragen.<\/p>\n\n\n\n<figure class=\"wp-block-image size-large\"><img loading=\"lazy\" decoding=\"async\" width=\"1024\" height=\"576\" src=\"https:\/\/www.italpassion.fr\/wp-content\/uploads\/2021\/06\/pneus-ferrari-1024x576.jpeg\" alt=\"\" class=\"wp-image-29429\" srcset=\"https:\/\/www.italpassion.fr\/wp-content\/uploads\/2021\/06\/pneus-ferrari-1024x576.jpeg 1024w, https:\/\/www.italpassion.fr\/wp-content\/uploads\/2021\/06\/pneus-ferrari-scaled-600x338.jpeg 600w, https:\/\/www.italpassion.fr\/wp-content\/uploads\/2021\/06\/pneus-ferrari-300x169.jpeg 300w, https:\/\/www.italpassion.fr\/wp-content\/uploads\/2021\/06\/pneus-ferrari-768x432.jpeg 768w, https:\/\/www.italpassion.fr\/wp-content\/uploads\/2021\/06\/pneus-ferrari-1536x864.jpeg 1536w, https:\/\/www.italpassion.fr\/wp-content\/uploads\/2021\/06\/pneus-ferrari-scaled.jpeg 2048w, https:\/\/www.italpassion.fr\/wp-content\/uploads\/2021\/06\/pneus-ferrari-192x108.jpeg 192w, https:\/\/www.italpassion.fr\/wp-content\/uploads\/2021\/06\/pneus-ferrari-384x216.jpeg 384w, https:\/\/www.italpassion.fr\/wp-content\/uploads\/2021\/06\/pneus-ferrari-364x205.jpeg 364w, https:\/\/www.italpassion.fr\/wp-content\/uploads\/2021\/06\/pneus-ferrari-728x409.jpeg 728w, https:\/\/www.italpassion.fr\/wp-content\/uploads\/2021\/06\/pneus-ferrari-561x316.jpeg 561w, https:\/\/www.italpassion.fr\/wp-content\/uploads\/2021\/06\/pneus-ferrari-1122x631.jpeg 1122w, https:\/\/www.italpassion.fr\/wp-content\/uploads\/2021\/06\/pneus-ferrari-265x149.jpeg 265w, https:\/\/www.italpassion.fr\/wp-content\/uploads\/2021\/06\/pneus-ferrari-531x299.jpeg 531w, https:\/\/www.italpassion.fr\/wp-content\/uploads\/2021\/06\/pneus-ferrari-608x342.jpeg 608w, https:\/\/www.italpassion.fr\/wp-content\/uploads\/2021\/06\/pneus-ferrari-758x426.jpeg 758w, https:\/\/www.italpassion.fr\/wp-content\/uploads\/2021\/06\/pneus-ferrari-1152x648.jpeg 1152w\" sizes=\"auto, (max-width: 1024px) 100vw, 1024px\" \/><\/figure>\n\n\n\n<h2 class=\"wp-block-heading\">Wo man Reifen f\u00fcr Ferrari kaufen kann<\/h2>\n\n\n\n<p><strong>Der Preis f\u00fcr Ferrari-Reifen ist \u00fcberdurchschnittlich hoch<\/strong>&nbsp;Dimensionen, Leistung der Gummimischung usw. Im Internet finden Sie Ihre billigen Ferrari-Reifen. Sie k\u00f6nnen sie nat\u00fcrlich auch bei Ihrem Ferrari-H\u00e4ndler kaufen, aber Sie werden feststellen, dass der Preisunterschied mehr als 100 \u20ac pro Reifen betragen kann.<\/p>\n\n\n\n<figure class=\"wp-block-table\"><table><thead><tr><th>Website<\/th><th>Modell<\/th><th>Preis Einheit<\/th><th>Preis 4 Reifen<\/th><th>Transport<\/th><th>Montage<\/th><th><\/th><\/tr><\/thead><tbody><tr><td>1001Reifen<\/td><td>Pirelli P Zero 285\/35 ZR19<br>Pirelli P Zero PZ4 SC 285\/35R20<\/td><td>231,30 \u20ac<br>271,10 \u20ac<\/td><td>925,20 \u20ac<br>1084,40 \u20ac<\/td><td>Kostenlos<\/td><td>Partner-Montagezentren<\/td><td><div class=\"wp-block-button\"><a class=\"wp-block-button__link wp-element-button\" href=\"https:\/\/c3po.link\/QhpnUwsdcC\" target=\"_blank\" rel=\"noreferrer noopener\">Preis f\u00fcr meine Reifen anzeigen<\/a><\/div><\/td><\/tr><tr><td>Allopneus<\/td><td>Pirelli P Zero 285\/35 ZR19<br>Pirelli P Zero PZ4 SC 285\/35R20<\/td><td>228,10 \u20ac<br>273,90 \u20ac<\/td><td>912,40 \u20ac<br>1095,60 \u20ac<\/td><td>Kostenlos (2 Reifen)<\/td><td>Allopneus-Montagezentren<\/td><td><div class=\"wp-block-button\"><a class=\"wp-block-button__link wp-element-button\" href=\"https:\/\/c3po.link\/QzKs3nmYCM\" target=\"_blank\" rel=\"noreferrer noopener\">Preis f\u00fcr meine Reifen anzeigen<\/a><\/div><\/td><\/tr><tr><td>Reifen Online<\/td><td>Pirelli P Zero 285\/35 ZR19<br>Pirelli P Zero PZ4 SC 285\/35R20<\/td><td>236,51 \u20ac<br>272,80 \u20ac<\/td><td>946,04 \u20ac<br>1131,20 \u20ac<\/td><td>Kostenlos (2 Reifen)<\/td><td>Partner-Montagezentren<\/td><td><\/td><\/tr><tr><td>Tirendo<\/td><td>Pirelli P Zero 285\/35 ZR19<br>Pirelli P Zero PZ4 SC 285\/35R20<\/td><td>253,40 \u20ac<br>301,40 \u20ac<\/td><td>1013,60 \u20ac<br>1205,60 \u20ac<\/td><td>Kostenlos<\/td><td>Nicht<\/td><td><\/td><\/tr><tr><td>123Reifen<\/td><td>Pirelli P Zero 285\/35 ZR19<br>Pirelli P Zero PZ4 SC 285\/35R20<\/td><td>259,79 \u20ac<br>304,89 \u20ac<\/td><td>1039,16 \u20ac<br>1219,56 \u20ac<\/td><td>Kostenlos<\/td><td>Nicht<\/td><td><\/td><\/tr><\/tbody><\/table><figcaption class=\"wp-element-caption\">Erh\u00f6hte Richtpreise im Jahr 2023<\/figcaption><\/figure>\n\n\n\n<p><strong>Empfohlene Websites f\u00fcr den Kauf von Ferrari-Reifen<\/strong>&nbsp;zu den besten Preisen sind 1001pneus und Allopneus. Zum Beispiel kostet ein Pirelli P Zero 265\/40R118 101 Y Reifen bei Allopneus 167,70 \u20ac inkl. Steuern. Ohne Montage kostet dies 670 \u20ac inkl. MwSt. f\u00fcr 4 Reifen. Sie k\u00f6nnen bei Ihrem H\u00e4ndler vergleichen, dann sollten Sie auf nicht ganz 1000 \u20ac kommen.<\/p>\n\n\n\n<p><strong>Die Reifen f\u00fcr Ihren Ferrari sollten bei einer vertrauensw\u00fcrdigen Werkstatt montiert werden.<\/strong>&nbsp;und kompetent, der&nbsp;<strong>die richtige Ausr\u00fcstung, um Ihre Felgen nicht zu besch\u00e4digen<\/strong>. Es ist besser, etwas mehr daf\u00fcr zu bezahlen (manchmal ein paar Euro mehr pro Felge), um die Gewissheit zu haben, dass die Arbeit gut ausgef\u00fchrt wird. Um sich zu beruhigen, k\u00f6nnen Sie vor dem Reifenwechsel Fotos von allen vier Felgen machen und diese vom Reifenmonteur begutachten lassen.<\/p>\n\n\n\n<h2 class=\"wp-block-heading\">Wann Sie die Reifen Ihres Ferraris wechseln sollten<\/h2>\n\n\n\n<p>Sie m\u00fcssen die Reifen Ihres Ferraris unter folgenden Bedingungen wechseln:<\/p>\n\n\n\n<ul class=\"wp-block-list\">\n<li>Reifen bis zur Grenze der Verschlei\u00dfanzeige abgefahren ;<\/li>\n\n\n\n<li>besch\u00e4digter Reifen (z. B. durch Ansto\u00dfen an einen Bordstein) ;<\/li>\n\n\n\n<li>Reifen mit Alterungserscheinungen (Bruch, Knacken, Schnitte) ;<\/li>\n\n\n\n<li>Reifen mit ungleichm\u00e4\u00dfigem Verschlei\u00df (Probleme mit dem Auswuchten oder der Parallelit\u00e4t) ;<\/li>\n\n\n\n<li>Reifen mit einem Loch (Fremdk\u00f6rper, der den Reifen durchl\u00f6chert, Sto\u00df, ...).<\/li>\n<\/ul>\n\n\n\n<p>Sie wissen nun&nbsp;<a href=\"https:\/\/www.club-identicar.com\/blog\/entretien\/quand-faut-il-changer-ses-pneus\/\">wann man seine Reifen wechseln sollte<\/a>&nbsp;und aufgrund eines der oben genannten Gr\u00fcnde m\u00fcssen Sie den Reifen Ihres Ferraris wechseln.<\/p>\n\n\n\n<h2 class=\"wp-block-heading\">Ferrari-Reifen: Welche Marke sollte man w\u00e4hlen?<\/h2>\n\n\n\n<p>Ferrari k\u00fcndigt f\u00fcr jedes seiner Modelle homologierte Reifen an. Ein homologierter Reifen bedeutet, dass zwischen der Automarke und dem Reifenhersteller bei der Ver\u00f6ffentlichung des Fahrzeugs Tests durchgef\u00fchrt wurden und au\u00dferdem eine Handelsvereinbarung getroffen wurde.<\/p>\n\n\n\n<p>Sie sollten wissen, dass es nicht verpflichtend ist&nbsp;<strong>die Marke und das Modell des vom Hersteller Ferrari zugelassenen Reifens zur\u00fcckkaufen<\/strong>Wenn der Reifen die Abmessungen, den Druck und andere technische Daten (Geschwindigkeit, Belastung, ...) einh\u00e4lt, ist der Reifen \"zugelassen\". Wenn ein Hersteller verk\u00fcndet, dass ein Reifen f\u00fcr sein Modell \"zugelassen\" ist, ist das&nbsp;<strong>um eine optimale Fahrleistung zu gew\u00e4hrleisten<\/strong>.<\/p>\n\n\n\n<p>Es ist jedoch nicht zwingend notwendig, die von Ferrari zugelassenen Reifen zu nehmen. Viele Besitzer w\u00e4hlen zum Beispiel Pirelli P Zero, Michelin TRX, Michelin Ps2 Michelin Pilot Sport 4S, Bridgeston Expedia S02.<\/p>\n\n\n\n<p>Beachten Sie Folgendes&nbsp;<strong>f\u00fcr Oldtimer<\/strong>In den USA bieten einige Reifenhersteller, wie z. B. Michelin, ein spezielles Sortiment f\u00fcr Sammler an.<\/p>\n\n\n\n<p>Das hei\u00dft, wenn Sie einen Ferrari haben,<strong>&nbsp;vermeiden Sie es, den billigsten Reifen zu nehmen<\/strong>Wenn Sie einen Sportwagen fahren, ist die Wahl der Reifen f\u00fcr die Sicherheit aller Beteiligten sehr wichtig.<\/p>\n\n\n\n<h2 class=\"wp-block-heading\">Die Reifen Ihres Ferraris versichern<\/h2>\n\n\n\n<p>Sie wissen es wahrscheinlich nicht, aber&nbsp;<strong>es m\u00f6glich ist, seine Reifen zu versichern<\/strong>. Was ist \u00e4rgerlicher als ein langsamer Plattfu\u00df, ein Zusammensto\u00df mit einem Bordstein oder Vandalismus an fast nagelneuen Reifen, die mehr als 150 \u20ac pro St\u00fcck kosten? Noch st\u00f6render ist, dass man bei einem besch\u00e4digten Reifen meist das ganze Paar austauschen muss, d. h. Reifen im Wert von \u00fcber 300 \u20ac, wobei die Arbeitskosten noch nicht eingerechnet sind.<\/p>\n\n\n\n<p><strong>Die gute Idee ist, seine Reifen zu versichern<\/strong>. Zus\u00e4tzlich zu einer&nbsp;<a href=\"https:\/\/www.italpassion.fr\/de\/ferrari-versicherungsvergleich\/\">Versicherung f\u00fcr Ihren Ferrari<\/a>Wenn Sie sich f\u00fcr eine Kfz-Versicherung entscheiden, gibt es zus\u00e4tzliche Kfz-Versicherungen, wie z. B. Club Identicar, die Garantien wie die Reifengarantie anbieten. Bei der Reifenversicherung werden bis zu 200 \u20ac pro Reifen erstattet, wenn ein Reifen platzt, gegen einen Bordstein st\u00f6\u00dft oder durch Vandalismus besch\u00e4digt wird.<\/p>","protected":false},"excerpt":{"rendered":"","protected":false},"author":1,"featured_media":0,"parent":0,"menu_order":0,"comment_status":"closed","ping_status":"closed","template":"g1-template-page-full.php","meta":{"_acf_changed":false,"_sitemap_exclude":false,"_sitemap_priority":"","_sitemap_frequency":"","footnotes":""},"class_list":["post-29428","page","type-page","status-publish"],"acf":[],"yoast_head":"<!-- This site is optimized with the Yoast SEO plugin v25.8 - https:\/\/yoast.com\/wordpress\/plugins\/seo\/ -->\n<title>Pneus Ferrari : lesquels choisir et o\u00f9 les acheter - ItalPassion<\/title>\n<meta name=\"robots\" content=\"index, follow, max-snippet:-1, max-image-preview:large, max-video-preview:-1\" \/>\n<link rel=\"canonical\" href=\"https:\/\/www.italpassion.fr\/de\/ferrari-reifen\/\" \/>\n<meta property=\"og:locale\" content=\"de_DE\" \/>\n<meta property=\"og:type\" content=\"article\" \/>\n<meta property=\"og:title\" content=\"Pneus Ferrari : lesquels choisir et o\u00f9 les acheter - ItalPassion\" \/>\n<meta property=\"og:description\" content=\"&hellip;\" \/>\n<meta property=\"og:url\" content=\"https:\/\/www.italpassion.fr\/de\/ferrari-reifen\/\" \/>\n<meta property=\"og:site_name\" content=\"ItalPassion\" \/>\n<meta property=\"article:publisher\" content=\"https:\/\/www.facebook.com\/italpassion\" \/>\n<meta property=\"article:modified_time\" content=\"2023-06-02T19:55:34+00:00\" \/>\n<meta property=\"og:image\" content=\"https:\/\/www.italpassion.fr\/wp-content\/uploads\/2021\/06\/pneus-ferrari-1024x576.jpeg\" \/>\n<meta name=\"twitter:card\" content=\"summary_large_image\" \/>\n<meta name=\"twitter:site\" content=\"@italpassion\" \/>\n<script type=\"application\/ld+json\" class=\"yoast-schema-graph\">{\"@context\":\"https:\/\/schema.org\",\"@graph\":[{\"@type\":\"WebPage\",\"@id\":\"https:\/\/www.italpassion.fr\/de\/pneus-ferrari\/\",\"url\":\"https:\/\/www.italpassion.fr\/de\/pneus-ferrari\/\",\"name\":\"Pneus Ferrari : lesquels choisir et o\u00f9 les acheter - ItalPassion\",\"isPartOf\":{\"@id\":\"https:\/\/www.italpassion.fr\/de\/#website\"},\"primaryImageOfPage\":{\"@id\":\"https:\/\/www.italpassion.fr\/de\/pneus-ferrari\/#primaryimage\"},\"image\":{\"@id\":\"https:\/\/www.italpassion.fr\/de\/pneus-ferrari\/#primaryimage\"},\"thumbnailUrl\":\"https:\/\/www.italpassion.fr\/wp-content\/uploads\/2021\/06\/pneus-ferrari-1024x576.jpeg\",\"datePublished\":\"2021-07-02T13:32:39+00:00\",\"dateModified\":\"2023-06-02T19:55:34+00:00\",\"breadcrumb\":{\"@id\":\"https:\/\/www.italpassion.fr\/de\/pneus-ferrari\/#breadcrumb\"},\"inLanguage\":\"de\",\"potentialAction\":[{\"@type\":\"ReadAction\",\"target\":[\"https:\/\/www.italpassion.fr\/de\/pneus-ferrari\/\"]}]},{\"@type\":\"ImageObject\",\"inLanguage\":\"de\",\"@id\":\"https:\/\/www.italpassion.fr\/de\/pneus-ferrari\/#primaryimage\",\"url\":\"https:\/\/www.italpassion.fr\/wp-content\/uploads\/2021\/06\/pneus-ferrari-1024x576.jpeg\",\"contentUrl\":\"https:\/\/www.italpassion.fr\/wp-content\/uploads\/2021\/06\/pneus-ferrari-1024x576.jpeg\"},{\"@type\":\"BreadcrumbList\",\"@id\":\"https:\/\/www.italpassion.fr\/de\/pneus-ferrari\/#breadcrumb\",\"itemListElement\":[{\"@type\":\"ListItem\",\"position\":1,\"name\":\"Accueil\",\"item\":\"https:\/\/www.italpassion.fr\/de\/\"},{\"@type\":\"ListItem\",\"position\":2,\"name\":\"Pneus Ferrari : lesquels choisir et o\u00f9 les acheter\"}]},{\"@type\":\"WebSite\",\"@id\":\"https:\/\/www.italpassion.fr\/de\/#website\",\"url\":\"https:\/\/www.italpassion.fr\/de\/\",\"name\":\"ItalPassion\",\"description\":\"Les Passionn\u00e9s d&#039;Automobiles Italiennes\",\"publisher\":{\"@id\":\"https:\/\/www.italpassion.fr\/de\/#organization\"},\"potentialAction\":[{\"@type\":\"SearchAction\",\"target\":{\"@type\":\"EntryPoint\",\"urlTemplate\":\"https:\/\/www.italpassion.fr\/de\/?s={search_term_string}\"},\"query-input\":{\"@type\":\"PropertyValueSpecification\",\"valueRequired\":true,\"valueName\":\"search_term_string\"}}],\"inLanguage\":\"de\"},{\"@type\":\"Organization\",\"@id\":\"https:\/\/www.italpassion.fr\/de\/#organization\",\"name\":\"Italpassion\",\"url\":\"https:\/\/www.italpassion.fr\/de\/\",\"logo\":{\"@type\":\"ImageObject\",\"inLanguage\":\"de\",\"@id\":\"https:\/\/www.italpassion.fr\/de\/#\/schema\/logo\/image\/\",\"url\":\"https:\/\/www.italpassion.fr\/wp-content\/uploads\/2023\/07\/italpassion-yoast.jpg\",\"contentUrl\":\"https:\/\/www.italpassion.fr\/wp-content\/uploads\/2023\/07\/italpassion-yoast.jpg\",\"width\":696,\"height\":696,\"caption\":\"Italpassion\"},\"image\":{\"@id\":\"https:\/\/www.italpassion.fr\/de\/#\/schema\/logo\/image\/\"},\"sameAs\":[\"https:\/\/www.facebook.com\/italpassion\",\"https:\/\/x.com\/italpassion\",\"https:\/\/www.instagram.com\/italpassionfr\/\",\"https:\/\/www.youtube.com\/channel\/UCleq-ByQaA42OjhopwevRjQ\",\"https:\/\/www.facebook.com\/italpassion.en\/\",\"https:\/\/www.facebook.com\/italpassion.it\/\",\"https:\/\/www.facebook.com\/italpassion.de\/\",\"https:\/\/www.facebook.com\/italpassion.ja\/\"]}]}<\/script>\n<!-- \/ Yoast SEO plugin. -->","yoast_head_json":{"title":"Ferrari-Reifen: Welche Sie w\u00e4hlen und wo Sie sie kaufen k\u00f6nnen - ItalPassion","robots":{"index":"index","follow":"follow","max-snippet":"max-snippet:-1","max-image-preview":"max-image-preview:large","max-video-preview":"max-video-preview:-1"},"canonical":"https:\/\/www.italpassion.fr\/de\/ferrari-reifen\/","og_locale":"de_DE","og_type":"article","og_title":"Pneus Ferrari : lesquels choisir et o\u00f9 les acheter - ItalPassion","og_description":"&hellip;","og_url":"https:\/\/www.italpassion.fr\/de\/ferrari-reifen\/","og_site_name":"ItalPassion","article_publisher":"https:\/\/www.facebook.com\/italpassion","article_modified_time":"2023-06-02T19:55:34+00:00","og_image":[{"url":"https:\/\/www.italpassion.fr\/wp-content\/uploads\/2021\/06\/pneus-ferrari-1024x576.jpeg","type":"","width":"","height":""}],"twitter_card":"summary_large_image","twitter_site":"@italpassion","schema":{"@context":"https:\/\/schema.org","@graph":[{"@type":"WebPage","@id":"https:\/\/www.italpassion.fr\/de\/pneus-ferrari\/","url":"https:\/\/www.italpassion.fr\/de\/pneus-ferrari\/","name":"Ferrari-Reifen: Welche Sie w\u00e4hlen und wo Sie sie kaufen k\u00f6nnen - ItalPassion","isPartOf":{"@id":"https:\/\/www.italpassion.fr\/de\/#website"},"primaryImageOfPage":{"@id":"https:\/\/www.italpassion.fr\/de\/pneus-ferrari\/#primaryimage"},"image":{"@id":"https:\/\/www.italpassion.fr\/de\/pneus-ferrari\/#primaryimage"},"thumbnailUrl":"https:\/\/www.italpassion.fr\/wp-content\/uploads\/2021\/06\/pneus-ferrari-1024x576.jpeg","datePublished":"2021-07-02T13:32:39+00:00","dateModified":"2023-06-02T19:55:34+00:00","breadcrumb":{"@id":"https:\/\/www.italpassion.fr\/de\/pneus-ferrari\/#breadcrumb"},"inLanguage":"de","potentialAction":[{"@type":"ReadAction","target":["https:\/\/www.italpassion.fr\/de\/pneus-ferrari\/"]}]},{"@type":"ImageObject","inLanguage":"de","@id":"https:\/\/www.italpassion.fr\/de\/pneus-ferrari\/#primaryimage","url":"https:\/\/www.italpassion.fr\/wp-content\/uploads\/2021\/06\/pneus-ferrari-1024x576.jpeg","contentUrl":"https:\/\/www.italpassion.fr\/wp-content\/uploads\/2021\/06\/pneus-ferrari-1024x576.jpeg"},{"@type":"BreadcrumbList","@id":"https:\/\/www.italpassion.fr\/de\/pneus-ferrari\/#breadcrumb","itemListElement":[{"@type":"ListItem","position":1,"name":"Accueil","item":"https:\/\/www.italpassion.fr\/de\/"},{"@type":"ListItem","position":2,"name":"Pneus Ferrari : lesquels choisir et o\u00f9 les acheter"}]},{"@type":"WebSite","@id":"https:\/\/www.italpassion.fr\/de\/#website","url":"https:\/\/www.italpassion.fr\/de\/","name":"ItalPassion","description":"Die Liebhaber italienischer Autos","publisher":{"@id":"https:\/\/www.italpassion.fr\/de\/#organization"},"potentialAction":[{"@type":"SearchAction","target":{"@type":"EntryPoint","urlTemplate":"https:\/\/www.italpassion.fr\/de\/?s={search_term_string}"},"query-input":{"@type":"PropertyValueSpecification","valueRequired":true,"valueName":"search_term_string"}}],"inLanguage":"de"},{"@type":"Organization","@id":"https:\/\/www.italpassion.fr\/de\/#organization","name":"Italpassion","url":"https:\/\/www.italpassion.fr\/de\/","logo":{"@type":"ImageObject","inLanguage":"de","@id":"https:\/\/www.italpassion.fr\/de\/#\/schema\/logo\/image\/","url":"https:\/\/www.italpassion.fr\/wp-content\/uploads\/2023\/07\/italpassion-yoast.jpg","contentUrl":"https:\/\/www.italpassion.fr\/wp-content\/uploads\/2023\/07\/italpassion-yoast.jpg","width":696,"height":696,"caption":"Italpassion"},"image":{"@id":"https:\/\/www.italpassion.fr\/de\/#\/schema\/logo\/image\/"},"sameAs":["https:\/\/www.facebook.com\/italpassion","https:\/\/x.com\/italpassion","https:\/\/www.instagram.com\/italpassionfr\/","https:\/\/www.youtube.com\/channel\/UCleq-ByQaA42OjhopwevRjQ","https:\/\/www.facebook.com\/italpassion.en\/","https:\/\/www.facebook.com\/italpassion.it\/","https:\/\/www.facebook.com\/italpassion.de\/","https:\/\/www.facebook.com\/italpassion.ja\/"]}]}},"_links":{"self":[{"href":"https:\/\/www.italpassion.fr\/de\/wp-json\/wp\/v2\/pages\/29428","targetHints":{"allow":["GET"]}}],"collection":[{"href":"https:\/\/www.italpassion.fr\/de\/wp-json\/wp\/v2\/pages"}],"about":[{"href":"https:\/\/www.italpassion.fr\/de\/wp-json\/wp\/v2\/types\/page"}],"author":[{"embeddable":true,"href":"https:\/\/www.italpassion.fr\/de\/wp-json\/wp\/v2\/users\/1"}],"replies":[{"embeddable":true,"href":"https:\/\/www.italpassion.fr\/de\/wp-json\/wp\/v2\/comments?post=29428"}],"version-history":[{"count":11,"href":"https:\/\/www.italpassion.fr\/de\/wp-json\/wp\/v2\/pages\/29428\/revisions"}],"predecessor-version":[{"id":31514,"href":"https:\/\/www.italpassion.fr\/de\/wp-json\/wp\/v2\/pages\/29428\/revisions\/31514"}],"wp:attachment":[{"href":"https:\/\/www.italpassion.fr\/de\/wp-json\/wp\/v2\/media?parent=29428"}],"curies":[{"name":"wp","href":"https:\/\/api.w.org\/{rel}","templated":true}]}}