{"id":29109,"date":"2021-04-30T12:40:35","date_gmt":"2021-04-30T10:40:35","guid":{"rendered":"https:\/\/www.italpassion.fr\/?page_id=29109"},"modified":"2026-04-01T10:17:24","modified_gmt":"2026-04-01T08:17:24","slug":"team","status":"publish","type":"page","link":"https:\/\/www.italpassion.fr\/de\/equipe\/","title":{"rendered":"Das Team"},"content":{"rendered":"<p>Seit 2012 besteht ItalPassion aus einem Team von Liebhabern italienischer Autos. Wir analysieren die aktuellen Nachrichten \u00fcber die Marken, die Ergebnisse der Wettbewerbe und f\u00fchren einige Testfahrten durch.<\/p>\n\n\n\n<p>Lernen Sie das Team der Redakteure kennen, die diese Leidenschaft mit Ihnen teilen und die Inhalte dieser Website verfassen. Wenn Sie m\u00f6chten, k\u00f6nnen Sie uns \u00fcber das <a href=\"https:\/\/www.italpassion.fr\/de\/kontakt\/\">Kontaktformular<\/a>.<\/p>\n\n\n\n<div class=\"wp-block-columns is-layout-flex wp-container-core-columns-is-layout-9d6595d7 wp-block-columns-is-layout-flex\">\n<div class=\"wp-block-column is-layout-flow wp-block-column-is-layout-flow\">\n<h2 class=\"wp-block-heading\"><a href=\"https:\/\/www.italpassion.fr\/de\/author\/alexander\/\">Alexandre Filluzeau<\/a><\/h2>\n\n\n\n<p>Gr\u00fcnderin und Chefredakteurin. <\/p>\n\n\n\n<p>Leidenschaft f\u00fcr sch\u00f6ne italienische Linien. <\/p>\n\n\n\n<p>Ich war Besitzer eines Fiat Punto, eines Alfa Romeo 159 und einer Alfa Romeo Giulia. <\/p>\n\n\n\n<p>Heute besitze ich einen Alfa Romeo MITo, einen Maserati GranTurismo, einen Lancia Fulvia und eine Ducati 695 Dark.<\/p>\n<\/div>\n\n\n\n<div class=\"wp-block-column is-layout-flow wp-block-column-is-layout-flow\">\n<h2 class=\"wp-block-heading\"><a href=\"https:\/\/www.italpassion.fr\/de\/author\/andy\/\">Andy David<\/a><\/h2>\n\n\n\n<p>Redakteur mit Schwerpunkt Motorsport.<\/p>\n\n\n\n<p>Andy David ist Autojournalist mit Schwerpunkt Motorsport. Er lebt in Italien und kommt regelm\u00e4\u00dfig in die N\u00e4he der Rennstrecke von Fiorano. Er wird seine Leidenschaft f\u00fcr den italienischen Motorsport mit Ihnen teilen.<\/p>\n<\/div>\n\n\n\n<div class=\"wp-block-column is-layout-flow wp-block-column-is-layout-flow\">\n<h2 class=\"wp-block-heading\"><a href=\"https:\/\/www.italpassion.fr\/de\/author\/nicolas\/\">Nicolas Anderbegani<\/a><\/h2>\n\n\n\n<p>Redakteur.<\/p>\n\n\n\n<p>Nicolas begeistert sich f\u00fcr Geschichte und Motorsport. Er f\u00e4hrt eine Alfa Romeo Giulietta und wird seine Leidenschaft f\u00fcr italienische Autos mit Ihnen teilen.<\/p>\n<\/div>\n<\/div>\n\n\n\n<div class=\"wp-block-columns is-layout-flex wp-container-core-columns-is-layout-9d6595d7 wp-block-columns-is-layout-flex\">\n<div class=\"wp-block-column is-layout-flow wp-block-column-is-layout-flow\">\n<h2 class=\"wp-block-heading\"><a href=\"https:\/\/www.italpassion.fr\/de\/author\/frederic\/\">Fr\u00e9d\u00e9ric B.<\/a><\/h2>\n\n\n\n<p>Redakteur.<\/p>\n\n\n\n<p>Es ist mir eine Freude, Ihnen Artikel \u00fcber die Aktualit\u00e4t unserer italienischen Marken zu schreiben. Ich bin spezialisiert auf die Aktualit\u00e4t der Stellantis-Gruppe, die Strategie gegen\u00fcber der Konkurrenz, Produktpl\u00e4ne, Finanzbilanzen, Erfolge, St\u00e4rken und Misserfolge. Ich hoffe, dass Sie mit der Anzahl und Qualit\u00e4t meiner Artikel zufrieden sein werden, die ich unvoreingenommen und objektiv verfassen werde, ohne unangenehmen Fragen auszuweichen.<\/p>\n<\/div>\n\n\n\n<div class=\"wp-block-column is-layout-flow wp-block-column-is-layout-flow\">\n<h2 class=\"wp-block-heading\"><a href=\"https:\/\/www.italpassion.fr\/de\/author\/simon\/\">Simon Arces<\/a><\/h2>\n\n\n\n<p>Redakteur.<\/p>\n\n\n\n<p>Ich bin 28 Jahre alt, habe italienische Wurzeln und meine Herkunft bestimmt meinen Alltag. Ich bin Fan von La Nazionale, Juve und der Scuderia Ferrari und schreibe meine Artikel \u00fcber unsere sch\u00f6nen Italiener mit Herz und Leidenschaft (wie jeder Italiener, der sich selbst respektiert). Mein erstes Auto war ein Fiat Punto II in der Farbe Bordeaux, und ich war stolz darauf. Ich hatte das Gl\u00fcck, zwei Jahre lang in der Marketingabteilung von Maserati Luxemburg zu arbeiten, und in dieser Zeit habe ich mich buchst\u00e4blich in den Klang des V8-Motors des Maserati Granturismo verliebt.&nbsp;<\/p>\n<\/div>\n\n\n\n<div class=\"wp-block-column is-layout-flow wp-block-column-is-layout-flow\">\n<h2 class=\"wp-block-heading\">Julien Hismans<\/h2>\n\n\n\n<p>Mitbegr\u00fcnder von ItalPassion.<\/p>\n\n\n\n<p>Julien, der sich f\u00fcr Motorr\u00e4der und sch\u00f6ne Maschinen im Allgemeinen begeistert, ist nicht unempf\u00e4nglich f\u00fcr den Charme der sch\u00f6nen Italiener, sowohl auf zwei als auch auf vier R\u00e4dern. Mit einem Bachelor in Geschichte in der Tasche wendet er sich nun dem Internet zu und hofft, sich dort einen Platz zu erobern. Julien ist seit sechs Jahren Motorradfahrer und hat immer wieder neue Eroberungen gemacht. Er hat noch kein Motorrad gefunden, das ihm gef\u00e4llt, genie\u00dft aber die Gesellschaft seiner Yamaha FZ6.<\/p>\n\n\n\n<p><em>NDLR: Mein Freund Julien hat uns traurigerweise viel zu fr\u00fch verlassen. In seinem Gedenken bleibt er Gr\u00fcndungsmitglied.<\/em><\/p>\n<\/div>\n<\/div>\n\n\n\n<div class=\"wp-block-columns is-layout-flex wp-container-core-columns-is-layout-9d6595d7 wp-block-columns-is-layout-flex\">\n<div class=\"wp-block-column is-layout-flow wp-block-column-is-layout-flow\"><\/div>\n\n\n\n<div class=\"wp-block-column is-layout-flow wp-block-column-is-layout-flow\"><\/div>\n\n\n\n<div class=\"wp-block-column is-layout-flow wp-block-column-is-layout-flow\"><\/div>\n<\/div>\n\n\n\n<div class=\"wp-block-columns is-layout-flex wp-container-core-columns-is-layout-9d6595d7 wp-block-columns-is-layout-flex\">\n<div class=\"wp-block-column is-layout-flow wp-block-column-is-layout-flow\">\n<h2 class=\"wp-block-heading\">Arnaud Campion<\/h2>\n\n\n\n<p>Redakteur.<\/p>\n\n\n\n<p>Ich bin 44 Jahre alt und stolzer Besitzer einer Giulia Veloce 280 PS Q4 Rosso Alfa f\u00fcr jeden Tag und f\u00fcr Ausfl\u00fcge auf die Rennstrecke.Ich bin seit jeher ein leidenschaftlicher Sportwagenfahrer, insbesondere Italiener, und bin selbstst\u00e4ndiger Verm\u00f6gensverwalter.<\/p>\n<\/div>\n\n\n\n<div class=\"wp-block-column is-layout-flow wp-block-column-is-layout-flow\">\n<h2 class=\"wp-block-heading\"><a href=\"https:\/\/www.italpassion.fr\/de\/author\/francesco\/\">Francesco Cocchetto<\/a><\/h2>\n\n\n\n<p>Redakteur.<\/p>\n\n\n\n<p>Francesco aus Venedig verbindet seine Leidenschaft f\u00fcr Motoren mit seinen F\u00e4higkeiten in Mechatronik und technischem Engineering und teilt sein Wissen \u00fcber italienische Autos.<\/p>\n<\/div>\n\n\n\n<div class=\"wp-block-column is-layout-flow wp-block-column-is-layout-flow\"><\/div>\n<\/div>","protected":false},"excerpt":{"rendered":"","protected":false},"author":1,"featured_media":0,"parent":0,"menu_order":0,"comment_status":"closed","ping_status":"closed","template":"","meta":{"_acf_changed":false,"_sitemap_exclude":false,"_sitemap_priority":"","_sitemap_frequency":"","footnotes":""},"class_list":["post-29109","page","type-page","status-publish"],"acf":[],"yoast_head":"<!-- This site is optimized with the Yoast SEO plugin v25.8 - https:\/\/yoast.com\/wordpress\/plugins\/seo\/ -->\n<title>L&#039;\u00e9quipe - ItalPassion<\/title>\n<meta name=\"robots\" content=\"index, follow, max-snippet:-1, max-image-preview:large, max-video-preview:-1\" \/>\n<link rel=\"canonical\" href=\"https:\/\/www.italpassion.fr\/de\/team\/\" \/>\n<meta property=\"og:locale\" content=\"de_DE\" \/>\n<meta property=\"og:type\" content=\"article\" \/>\n<meta property=\"og:title\" content=\"L&#039;\u00e9quipe - ItalPassion\" \/>\n<meta property=\"og:description\" content=\"&hellip;\" \/>\n<meta property=\"og:url\" content=\"https:\/\/www.italpassion.fr\/de\/team\/\" \/>\n<meta property=\"og:site_name\" content=\"ItalPassion\" \/>\n<meta property=\"article:publisher\" content=\"https:\/\/www.facebook.com\/italpassion\" \/>\n<meta property=\"article:modified_time\" content=\"2026-04-01T08:17:24+00:00\" \/>\n<meta name=\"twitter:card\" content=\"summary_large_image\" \/>\n<meta name=\"twitter:site\" content=\"@italpassion\" \/>\n<script type=\"application\/ld+json\" class=\"yoast-schema-graph\">{\"@context\":\"https:\/\/schema.org\",\"@graph\":[{\"@type\":\"WebPage\",\"@id\":\"https:\/\/www.italpassion.fr\/de\/equipe\/\",\"url\":\"https:\/\/www.italpassion.fr\/de\/equipe\/\",\"name\":\"L'\u00e9quipe - ItalPassion\",\"isPartOf\":{\"@id\":\"https:\/\/www.italpassion.fr\/de\/#website\"},\"datePublished\":\"2021-04-30T10:40:35+00:00\",\"dateModified\":\"2026-04-01T08:17:24+00:00\",\"breadcrumb\":{\"@id\":\"https:\/\/www.italpassion.fr\/de\/equipe\/#breadcrumb\"},\"inLanguage\":\"de\",\"potentialAction\":[{\"@type\":\"ReadAction\",\"target\":[\"https:\/\/www.italpassion.fr\/de\/equipe\/\"]}]},{\"@type\":\"BreadcrumbList\",\"@id\":\"https:\/\/www.italpassion.fr\/de\/equipe\/#breadcrumb\",\"itemListElement\":[{\"@type\":\"ListItem\",\"position\":1,\"name\":\"Accueil\",\"item\":\"https:\/\/www.italpassion.fr\/de\/\"},{\"@type\":\"ListItem\",\"position\":2,\"name\":\"L&rsquo;\u00e9quipe\"}]},{\"@type\":\"WebSite\",\"@id\":\"https:\/\/www.italpassion.fr\/de\/#website\",\"url\":\"https:\/\/www.italpassion.fr\/de\/\",\"name\":\"ItalPassion\",\"description\":\"Les Passionn\u00e9s d&#039;Automobiles Italiennes\",\"publisher\":{\"@id\":\"https:\/\/www.italpassion.fr\/de\/#organization\"},\"potentialAction\":[{\"@type\":\"SearchAction\",\"target\":{\"@type\":\"EntryPoint\",\"urlTemplate\":\"https:\/\/www.italpassion.fr\/de\/?s={search_term_string}\"},\"query-input\":{\"@type\":\"PropertyValueSpecification\",\"valueRequired\":true,\"valueName\":\"search_term_string\"}}],\"inLanguage\":\"de\"},{\"@type\":\"Organization\",\"@id\":\"https:\/\/www.italpassion.fr\/de\/#organization\",\"name\":\"Italpassion\",\"url\":\"https:\/\/www.italpassion.fr\/de\/\",\"logo\":{\"@type\":\"ImageObject\",\"inLanguage\":\"de\",\"@id\":\"https:\/\/www.italpassion.fr\/de\/#\/schema\/logo\/image\/\",\"url\":\"https:\/\/www.italpassion.fr\/wp-content\/uploads\/2023\/07\/italpassion-yoast.jpg\",\"contentUrl\":\"https:\/\/www.italpassion.fr\/wp-content\/uploads\/2023\/07\/italpassion-yoast.jpg\",\"width\":696,\"height\":696,\"caption\":\"Italpassion\"},\"image\":{\"@id\":\"https:\/\/www.italpassion.fr\/de\/#\/schema\/logo\/image\/\"},\"sameAs\":[\"https:\/\/www.facebook.com\/italpassion\",\"https:\/\/x.com\/italpassion\",\"https:\/\/www.instagram.com\/italpassionfr\/\",\"https:\/\/www.youtube.com\/channel\/UCleq-ByQaA42OjhopwevRjQ\",\"https:\/\/www.facebook.com\/italpassion.en\/\",\"https:\/\/www.facebook.com\/italpassion.it\/\",\"https:\/\/www.facebook.com\/italpassion.de\/\",\"https:\/\/www.facebook.com\/italpassion.ja\/\"]}]}<\/script>\n<!-- \/ Yoast SEO plugin. -->","yoast_head_json":{"title":"Das Team - ItalPassion","robots":{"index":"index","follow":"follow","max-snippet":"max-snippet:-1","max-image-preview":"max-image-preview:large","max-video-preview":"max-video-preview:-1"},"canonical":"https:\/\/www.italpassion.fr\/de\/team\/","og_locale":"de_DE","og_type":"article","og_title":"L'\u00e9quipe - ItalPassion","og_description":"&hellip;","og_url":"https:\/\/www.italpassion.fr\/de\/team\/","og_site_name":"ItalPassion","article_publisher":"https:\/\/www.facebook.com\/italpassion","article_modified_time":"2026-04-01T08:17:24+00:00","twitter_card":"summary_large_image","twitter_site":"@italpassion","schema":{"@context":"https:\/\/schema.org","@graph":[{"@type":"WebPage","@id":"https:\/\/www.italpassion.fr\/de\/equipe\/","url":"https:\/\/www.italpassion.fr\/de\/equipe\/","name":"Das Team - ItalPassion","isPartOf":{"@id":"https:\/\/www.italpassion.fr\/de\/#website"},"datePublished":"2021-04-30T10:40:35+00:00","dateModified":"2026-04-01T08:17:24+00:00","breadcrumb":{"@id":"https:\/\/www.italpassion.fr\/de\/equipe\/#breadcrumb"},"inLanguage":"de","potentialAction":[{"@type":"ReadAction","target":["https:\/\/www.italpassion.fr\/de\/equipe\/"]}]},{"@type":"BreadcrumbList","@id":"https:\/\/www.italpassion.fr\/de\/equipe\/#breadcrumb","itemListElement":[{"@type":"ListItem","position":1,"name":"Accueil","item":"https:\/\/www.italpassion.fr\/de\/"},{"@type":"ListItem","position":2,"name":"L&rsquo;\u00e9quipe"}]},{"@type":"WebSite","@id":"https:\/\/www.italpassion.fr\/de\/#website","url":"https:\/\/www.italpassion.fr\/de\/","name":"ItalPassion","description":"Die Liebhaber italienischer Autos","publisher":{"@id":"https:\/\/www.italpassion.fr\/de\/#organization"},"potentialAction":[{"@type":"SearchAction","target":{"@type":"EntryPoint","urlTemplate":"https:\/\/www.italpassion.fr\/de\/?s={search_term_string}"},"query-input":{"@type":"PropertyValueSpecification","valueRequired":true,"valueName":"search_term_string"}}],"inLanguage":"de"},{"@type":"Organization","@id":"https:\/\/www.italpassion.fr\/de\/#organization","name":"Italpassion","url":"https:\/\/www.italpassion.fr\/de\/","logo":{"@type":"ImageObject","inLanguage":"de","@id":"https:\/\/www.italpassion.fr\/de\/#\/schema\/logo\/image\/","url":"https:\/\/www.italpassion.fr\/wp-content\/uploads\/2023\/07\/italpassion-yoast.jpg","contentUrl":"https:\/\/www.italpassion.fr\/wp-content\/uploads\/2023\/07\/italpassion-yoast.jpg","width":696,"height":696,"caption":"Italpassion"},"image":{"@id":"https:\/\/www.italpassion.fr\/de\/#\/schema\/logo\/image\/"},"sameAs":["https:\/\/www.facebook.com\/italpassion","https:\/\/x.com\/italpassion","https:\/\/www.instagram.com\/italpassionfr\/","https:\/\/www.youtube.com\/channel\/UCleq-ByQaA42OjhopwevRjQ","https:\/\/www.facebook.com\/italpassion.en\/","https:\/\/www.facebook.com\/italpassion.it\/","https:\/\/www.facebook.com\/italpassion.de\/","https:\/\/www.facebook.com\/italpassion.ja\/"]}]}},"_links":{"self":[{"href":"https:\/\/www.italpassion.fr\/de\/wp-json\/wp\/v2\/pages\/29109","targetHints":{"allow":["GET"]}}],"collection":[{"href":"https:\/\/www.italpassion.fr\/de\/wp-json\/wp\/v2\/pages"}],"about":[{"href":"https:\/\/www.italpassion.fr\/de\/wp-json\/wp\/v2\/types\/page"}],"author":[{"embeddable":true,"href":"https:\/\/www.italpassion.fr\/de\/wp-json\/wp\/v2\/users\/1"}],"replies":[{"embeddable":true,"href":"https:\/\/www.italpassion.fr\/de\/wp-json\/wp\/v2\/comments?post=29109"}],"version-history":[{"count":3,"href":"https:\/\/www.italpassion.fr\/de\/wp-json\/wp\/v2\/pages\/29109\/revisions"}],"predecessor-version":[{"id":48257,"href":"https:\/\/www.italpassion.fr\/de\/wp-json\/wp\/v2\/pages\/29109\/revisions\/48257"}],"wp:attachment":[{"href":"https:\/\/www.italpassion.fr\/de\/wp-json\/wp\/v2\/media?parent=29109"}],"curies":[{"name":"wp","href":"https:\/\/api.w.org\/{rel}","templated":true}]}}