{"id":29089,"date":"2021-04-30T12:35:27","date_gmt":"2021-04-30T10:35:27","guid":{"rendered":"https:\/\/www.italpassion.fr\/?page_id=29089"},"modified":"2021-04-30T12:35:28","modified_gmt":"2021-04-30T10:35:28","slug":"geschenkidee-maserati","status":"publish","type":"page","link":"https:\/\/www.italpassion.fr\/de\/idee-cadeau-maserati\/","title":{"rendered":"Maserati Geschenkidee"},"content":{"rendered":"<p>Sie begeistern sich f\u00fcr&nbsp;<a href=\"https:\/\/www.italpassion.fr\/de\/maserati\/\">Maserati<\/a>&nbsp;oder haben Sie einen Freund oder ein Familienmitglied, das ebenfalls die Marke mit dem Dreizack liebt?<\/p>\n\n\n\n<p>Sind Sie auf der Suche nach einer oder mehreren Maserati Geschenkideen? Hier finden Sie alle&nbsp;<strong>unumg\u00e4ngliche Maserati-Geschenke<\/strong>&nbsp;hier.<\/p>\n\n\n\n<h2 class=\"wp-block-heading\">Maserati-B\u00fccher<\/h2>\n\n\n\n<h3 class=\"wp-block-heading\">Maserati, ein Jahrhundert Geschichte<\/h3>\n\n\n\n<figure class=\"wp-block-image\"><img decoding=\"async\" src=\"https:\/\/www.italpassion.fr\/wp-content\/uploads\/2020\/11\/livre-maserati-centenaire.jpg\" alt=\"\" class=\"wp-image-13966\"\/><\/figure>\n\n\n\n<p>Dieses Buch ist ein Muss, da es von einigen Personen verfasst wurde, die f\u00fcr Maserati gearbeitet haben. Es beschreibt die hundertj\u00e4hrige Geschichte von Maserati.<a href=\"https:\/\/www.amazon.fr\/Maserati-Siecle-dHistoire-Gianni-Cancellieri\/dp\/B00KJ7RTQM\/\" target=\"_blank\" rel=\"noreferrer noopener\">Buch Maserati, ein Jahrhundert Geschichte<\/a><\/p>\n\n\n\n<h3 class=\"wp-block-heading\">Maserati: Luxus, Sport und Prestige<\/h3>\n\n\n\n<figure class=\"wp-block-image\"><img decoding=\"async\" src=\"https:\/\/www.italpassion.fr\/wp-content\/uploads\/2020\/11\/livre-maserati-luxe-sport-prestige.jpg\" alt=\"\" class=\"wp-image-13967\"\/><\/figure>\n\n\n\n<p>Buch, das von einem langj\u00e4hrigen Maserati-Enthusiasten verfasst wurde und die bewegte Geschichte von der Vorkriegszeit bis heute erz\u00e4hlt.<a href=\"https:\/\/www.amazon.fr\/Maserati-sport-prestige-Martin-Buckley\/dp\/2726895794\/?&amp;_encoding=UTF8&amp;tag=italpassion-21&amp;linkCode=ur2&amp;linkId=698708f451b0e8765e21ce3e393d7eb1&amp;camp=1642&amp;creative=6746\" target=\"_blank\" rel=\"noreferrer noopener\">Maserati-Buch: Luxus, Sport und Prestige<\/a><\/p>\n\n\n\n<h2 class=\"wp-block-heading\">Maserati-Kleidung<\/h2>\n\n\n\n<p>Die&nbsp;<strong>Maserati-Kleidung sind hochwertig<\/strong>Achten Sie auf die vielen Kopien, die es im Internet gibt. Wenn Sie Lust haben, so viel Freude zu bereiten wie a<strong>ein offizielles Maserati-Kleidungsst\u00fcck kaufen<\/strong>.<\/p>\n\n\n\n<h3 class=\"wp-block-heading\">Offizielles Maserati Polo-Shirt schwarz<\/h3>\n\n\n\n<figure class=\"wp-block-image\"><img decoding=\"async\" src=\"https:\/\/www.italpassion.fr\/wp-content\/uploads\/2020\/11\/polo-maserati-noir.jpg\" alt=\"\" class=\"wp-image-13969\"\/><\/figure>\n\n\n\n<p><a href=\"https:\/\/www.amazon.fr\/Martina-Mansel-Long-Sleeved-Shirt\/dp\/B01KXTGOPW\/?&amp;_encoding=UTF8&amp;tag=italpassion-21&amp;linkCode=ur2&amp;linkId=698708f451b0e8765e21ce3e393d7eb1&amp;camp=1642&amp;creative=6746\" target=\"_blank\" rel=\"noreferrer noopener\">Maserati Polo-Shirt schwarz<\/a><\/p>\n\n\n\n<h3 class=\"wp-block-heading\">Offizielles Maserati Poloshirt wei\u00df<\/h3>\n\n\n\n<figure class=\"wp-block-image\"><img decoding=\"async\" src=\"https:\/\/www.italpassion.fr\/wp-content\/uploads\/2020\/11\/polo-maserati-blanc-663x1024.jpg\" alt=\"\" class=\"wp-image-13970\"\/><\/figure>\n\n\n\n<p><a href=\"https:\/\/www.amazon.fr\/Martina-Polo-Maserati-Blanc-Homme\/dp\/B074G4CJ79\/?&amp;_encoding=UTF8&amp;tag=italpassion-21&amp;linkCode=ur2&amp;linkId=698708f451b0e8765e21ce3e393d7eb1&amp;camp=1642&amp;creative=6746\" target=\"_blank\" rel=\"noreferrer noopener\">Maserati Polo-Shirt wei\u00df<\/a><\/p>\n\n\n\n<h3 class=\"wp-block-heading\">Offizielle Maserati-Kappe<\/h3>\n\n\n\n<figure class=\"wp-block-image\"><img decoding=\"async\" src=\"https:\/\/www.italpassion.fr\/wp-content\/uploads\/2020\/11\/casquette-maserati.jpg\" alt=\"\" class=\"wp-image-13968\"\/><\/figure>\n\n\n\n<p><a href=\"https:\/\/www.amazon.fr\/Casquette-Baseball-Maserati-officiel-arrondie\/dp\/B081CYBVNS\/?&amp;_encoding=UTF8&amp;tag=italpassion-21&amp;linkCode=ur2&amp;linkId=698708f451b0e8765e21ce3e393d7eb1&amp;camp=1642&amp;creative=6746\" target=\"_blank\" rel=\"noreferrer noopener\">Maserati M\u00fctze<\/a><\/p>\n\n\n\n<h2 class=\"wp-block-heading\">Maserati Zubeh\u00f6r<\/h2>\n\n\n\n<p>Zu den unverzichtbaren Accessoires geh\u00f6ren die luxuri\u00f6sen Maserati-Uhren.<\/p>\n\n\n\n<h3 class=\"wp-block-heading\">Maserati Successo Uhr Stahl und Rotgold<\/h3>\n\n\n\n<figure class=\"wp-block-image\"><img decoding=\"async\" src=\"https:\/\/www.italpassion.fr\/wp-content\/uploads\/2020\/11\/montre-maserati-acier-et-or-rose-817x1024.jpg\" alt=\"\" class=\"wp-image-13974\"\/><\/figure>\n\n\n\n<p><a href=\"https:\/\/www.amazon.fr\/Maserati-R8873621008-Horloge\/dp\/B07H8LXG5D\/?&amp;_encoding=UTF8&amp;tag=italpassion-21&amp;linkCode=ur2&amp;linkId=698708f451b0e8765e21ce3e393d7eb1&amp;camp=1642&amp;creative=6746\" target=\"_blank\" rel=\"noreferrer noopener\">Maserati Stahluhr Ros\u00e9gold<\/a><\/p>\n\n\n\n<h3 class=\"wp-block-heading\">Maserati Lederuhr<\/h3>\n\n\n\n<figure class=\"wp-block-image\"><img decoding=\"async\" src=\"https:\/\/www.italpassion.fr\/wp-content\/uploads\/2020\/11\/montre-maserati-automatique-800x1024.jpg\" alt=\"\" class=\"wp-image-13975\"\/><\/figure>\n\n\n\n<p><a href=\"https:\/\/www.amazon.fr\/Maserati-Montre-Analogique-Automatique-Bracelet\/dp\/B01AXYLM7W\/?&amp;_encoding=UTF8&amp;tag=italpassion-21&amp;linkCode=ur2&amp;linkId=698708f451b0e8765e21ce3e393d7eb1&amp;camp=1642&amp;creative=6746\" target=\"_blank\" rel=\"noreferrer noopener\">Maserati Lederuhr<\/a><\/p>\n\n\n\n<h3 class=\"wp-block-heading\">Maserati-Uhr aus Leder und Rotgold<\/h3>\n\n\n\n<figure class=\"wp-block-image\"><img decoding=\"async\" src=\"https:\/\/www.italpassion.fr\/wp-content\/uploads\/2020\/11\/montre-maserati-cuir-et-or-rose-789x1024.jpg\" alt=\"\" class=\"wp-image-13976\"\/><\/figure>\n\n\n\n<p><a href=\"https:\/\/www.amazon.fr\/Maserati-R8851108027-Montre-Hommes-MASERATI\/dp\/B01N5Y80UK?&amp;_encoding=UTF8&amp;tag=italpassion-21&amp;linkCode=ur2&amp;linkId=698708f451b0e8765e21ce3e393d7eb1&amp;camp=1642&amp;creative=6746\" target=\"_blank\" rel=\"noreferrer noopener\">Maserati-Uhr aus Leder und Rotgold<\/a><\/p>\n\n\n\n<h2 class=\"wp-block-heading\">Maserati-Miniaturautos<\/h2>\n\n\n\n<p>F\u00fcr gro\u00dfe Kinder wie f\u00fcr Sammler: die sch\u00f6nsten Maserati-Miniaturen.<\/p>\n\n\n\n<h3 class=\"wp-block-heading\">Maserati MC12 GT1 1:18<\/h3>\n\n\n\n<figure class=\"wp-block-image\"><img decoding=\"async\" src=\"https:\/\/www.italpassion.fr\/wp-content\/uploads\/2020\/11\/maserati-mc12-gt1-miniature-1024x693.jpg\" alt=\"\" class=\"wp-image-13977\"\/><\/figure>\n\n\n\n<p><a href=\"https:\/\/www.amazon.fr\/AUTOart-81036-V%C3%A9hicule-Miniature-Championship\/dp\/B00JWEB7QQ?&amp;_encoding=UTF8&amp;tag=italpassion-21&amp;linkCode=ur2&amp;linkId=698708f451b0e8765e21ce3e393d7eb1&amp;camp=1642&amp;creative=6746\" target=\"_blank\" rel=\"noreferrer noopener\">Maserati MC12 GT1 Miniaturausgabe<\/a><\/p>\n\n\n\n<h3 class=\"wp-block-heading\">Maserati Granturismo 1:18<\/h3>\n\n\n\n<figure class=\"wp-block-image\"><img decoding=\"async\" src=\"https:\/\/www.italpassion.fr\/wp-content\/uploads\/2020\/11\/maserati-granturismo-miniature-1024x722.jpg\" alt=\"\" class=\"wp-image-13978\"\/><\/figure>\n\n\n\n<p><a href=\"https:\/\/www.amazon.fr\/TOP-Voiture-Miniature-Collection-TS0239\/dp\/B07W4K19CF\/?&amp;_encoding=UTF8&amp;tag=italpassion-21&amp;linkCode=ur2&amp;linkId=698708f451b0e8765e21ce3e393d7eb1&amp;camp=1642&amp;creative=6746\" target=\"_blank\" rel=\"noreferrer noopener\">Maserati Granturismo Miniatur<\/a><\/p>\n\n\n\n<h3 class=\"wp-block-heading\">Maserati Levante 1:18<\/h3>\n\n\n\n<figure class=\"wp-block-image\"><img decoding=\"async\" src=\"https:\/\/www.italpassion.fr\/wp-content\/uploads\/2020\/11\/maserati-levante-miniature-1024x741.jpg\" alt=\"\" class=\"wp-image-13979\"\/><\/figure>\n\n\n\n<p><a href=\"https:\/\/www.amazon.fr\/TOP-Voiture-Miniature-Collection-TS0242\/dp\/B0817Z2M6L\/?&amp;_encoding=UTF8&amp;tag=italpassion-21&amp;linkCode=ur2&amp;linkId=698708f451b0e8765e21ce3e393d7eb1&amp;camp=1642&amp;creative=6746\" target=\"_blank\" rel=\"noreferrer noopener\">Maserati Levante Miniatur<\/a><\/p>","protected":false},"excerpt":{"rendered":"","protected":false},"author":1,"featured_media":0,"parent":0,"menu_order":0,"comment_status":"closed","ping_status":"closed","template":"g1-template-page-full.php","meta":{"_acf_changed":false,"_sitemap_exclude":false,"_sitemap_priority":"","_sitemap_frequency":"","footnotes":""},"class_list":["post-29089","page","type-page","status-publish"],"acf":[],"yoast_head":"<!-- This site is optimized with the Yoast SEO plugin v25.8 - https:\/\/yoast.com\/wordpress\/plugins\/seo\/ -->\n<title>Id\u00e9e cadeau Maserati - ItalPassion<\/title>\n<meta name=\"robots\" content=\"index, follow, max-snippet:-1, max-image-preview:large, max-video-preview:-1\" \/>\n<link rel=\"canonical\" href=\"https:\/\/www.italpassion.fr\/de\/geschenkidee-maserati\/\" \/>\n<meta property=\"og:locale\" content=\"de_DE\" \/>\n<meta property=\"og:type\" content=\"article\" \/>\n<meta property=\"og:title\" content=\"Id\u00e9e cadeau Maserati - ItalPassion\" \/>\n<meta property=\"og:description\" content=\"&hellip;\" \/>\n<meta property=\"og:url\" content=\"https:\/\/www.italpassion.fr\/de\/geschenkidee-maserati\/\" \/>\n<meta property=\"og:site_name\" content=\"ItalPassion\" \/>\n<meta property=\"article:publisher\" content=\"https:\/\/www.facebook.com\/italpassion\" \/>\n<meta property=\"article:modified_time\" content=\"2021-04-30T10:35:28+00:00\" \/>\n<meta property=\"og:image\" content=\"https:\/\/www.italpassion.fr\/wp-content\/uploads\/2020\/11\/livre-maserati-centenaire.jpg\" \/>\n<meta name=\"twitter:card\" content=\"summary_large_image\" \/>\n<meta name=\"twitter:site\" content=\"@italpassion\" \/>\n<script type=\"application\/ld+json\" class=\"yoast-schema-graph\">{\"@context\":\"https:\/\/schema.org\",\"@graph\":[{\"@type\":\"WebPage\",\"@id\":\"https:\/\/www.italpassion.fr\/de\/idee-cadeau-maserati\/\",\"url\":\"https:\/\/www.italpassion.fr\/de\/idee-cadeau-maserati\/\",\"name\":\"Id\u00e9e cadeau Maserati - ItalPassion\",\"isPartOf\":{\"@id\":\"https:\/\/www.italpassion.fr\/de\/#website\"},\"primaryImageOfPage\":{\"@id\":\"https:\/\/www.italpassion.fr\/de\/idee-cadeau-maserati\/#primaryimage\"},\"image\":{\"@id\":\"https:\/\/www.italpassion.fr\/de\/idee-cadeau-maserati\/#primaryimage\"},\"thumbnailUrl\":\"https:\/\/www.italpassion.fr\/wp-content\/uploads\/2020\/11\/livre-maserati-centenaire.jpg\",\"datePublished\":\"2021-04-30T10:35:27+00:00\",\"dateModified\":\"2021-04-30T10:35:28+00:00\",\"breadcrumb\":{\"@id\":\"https:\/\/www.italpassion.fr\/de\/idee-cadeau-maserati\/#breadcrumb\"},\"inLanguage\":\"de\",\"potentialAction\":[{\"@type\":\"ReadAction\",\"target\":[\"https:\/\/www.italpassion.fr\/de\/idee-cadeau-maserati\/\"]}]},{\"@type\":\"ImageObject\",\"inLanguage\":\"de\",\"@id\":\"https:\/\/www.italpassion.fr\/de\/idee-cadeau-maserati\/#primaryimage\",\"url\":\"https:\/\/www.italpassion.fr\/wp-content\/uploads\/2020\/11\/livre-maserati-centenaire.jpg\",\"contentUrl\":\"https:\/\/www.italpassion.fr\/wp-content\/uploads\/2020\/11\/livre-maserati-centenaire.jpg\"},{\"@type\":\"BreadcrumbList\",\"@id\":\"https:\/\/www.italpassion.fr\/de\/idee-cadeau-maserati\/#breadcrumb\",\"itemListElement\":[{\"@type\":\"ListItem\",\"position\":1,\"name\":\"Accueil\",\"item\":\"https:\/\/www.italpassion.fr\/de\/\"},{\"@type\":\"ListItem\",\"position\":2,\"name\":\"Id\u00e9e cadeau Maserati\"}]},{\"@type\":\"WebSite\",\"@id\":\"https:\/\/www.italpassion.fr\/de\/#website\",\"url\":\"https:\/\/www.italpassion.fr\/de\/\",\"name\":\"ItalPassion\",\"description\":\"Les Passionn\u00e9s d&#039;Automobiles Italiennes\",\"publisher\":{\"@id\":\"https:\/\/www.italpassion.fr\/de\/#organization\"},\"potentialAction\":[{\"@type\":\"SearchAction\",\"target\":{\"@type\":\"EntryPoint\",\"urlTemplate\":\"https:\/\/www.italpassion.fr\/de\/?s={search_term_string}\"},\"query-input\":{\"@type\":\"PropertyValueSpecification\",\"valueRequired\":true,\"valueName\":\"search_term_string\"}}],\"inLanguage\":\"de\"},{\"@type\":\"Organization\",\"@id\":\"https:\/\/www.italpassion.fr\/de\/#organization\",\"name\":\"Italpassion\",\"url\":\"https:\/\/www.italpassion.fr\/de\/\",\"logo\":{\"@type\":\"ImageObject\",\"inLanguage\":\"de\",\"@id\":\"https:\/\/www.italpassion.fr\/de\/#\/schema\/logo\/image\/\",\"url\":\"https:\/\/www.italpassion.fr\/wp-content\/uploads\/2023\/07\/italpassion-yoast.jpg\",\"contentUrl\":\"https:\/\/www.italpassion.fr\/wp-content\/uploads\/2023\/07\/italpassion-yoast.jpg\",\"width\":696,\"height\":696,\"caption\":\"Italpassion\"},\"image\":{\"@id\":\"https:\/\/www.italpassion.fr\/de\/#\/schema\/logo\/image\/\"},\"sameAs\":[\"https:\/\/www.facebook.com\/italpassion\",\"https:\/\/x.com\/italpassion\",\"https:\/\/www.instagram.com\/italpassionfr\/\",\"https:\/\/www.youtube.com\/channel\/UCleq-ByQaA42OjhopwevRjQ\",\"https:\/\/www.facebook.com\/italpassion.en\/\",\"https:\/\/www.facebook.com\/italpassion.it\/\",\"https:\/\/www.facebook.com\/italpassion.de\/\",\"https:\/\/www.facebook.com\/italpassion.ja\/\"]}]}<\/script>\n<!-- \/ Yoast SEO plugin. -->","yoast_head_json":{"title":"Maserati Geschenkidee - ItalPassion","robots":{"index":"index","follow":"follow","max-snippet":"max-snippet:-1","max-image-preview":"max-image-preview:large","max-video-preview":"max-video-preview:-1"},"canonical":"https:\/\/www.italpassion.fr\/de\/geschenkidee-maserati\/","og_locale":"de_DE","og_type":"article","og_title":"Id\u00e9e cadeau Maserati - ItalPassion","og_description":"&hellip;","og_url":"https:\/\/www.italpassion.fr\/de\/geschenkidee-maserati\/","og_site_name":"ItalPassion","article_publisher":"https:\/\/www.facebook.com\/italpassion","article_modified_time":"2021-04-30T10:35:28+00:00","og_image":[{"url":"https:\/\/www.italpassion.fr\/wp-content\/uploads\/2020\/11\/livre-maserati-centenaire.jpg","type":"","width":"","height":""}],"twitter_card":"summary_large_image","twitter_site":"@italpassion","schema":{"@context":"https:\/\/schema.org","@graph":[{"@type":"WebPage","@id":"https:\/\/www.italpassion.fr\/de\/idee-cadeau-maserati\/","url":"https:\/\/www.italpassion.fr\/de\/idee-cadeau-maserati\/","name":"Maserati Geschenkidee - ItalPassion","isPartOf":{"@id":"https:\/\/www.italpassion.fr\/de\/#website"},"primaryImageOfPage":{"@id":"https:\/\/www.italpassion.fr\/de\/idee-cadeau-maserati\/#primaryimage"},"image":{"@id":"https:\/\/www.italpassion.fr\/de\/idee-cadeau-maserati\/#primaryimage"},"thumbnailUrl":"https:\/\/www.italpassion.fr\/wp-content\/uploads\/2020\/11\/livre-maserati-centenaire.jpg","datePublished":"2021-04-30T10:35:27+00:00","dateModified":"2021-04-30T10:35:28+00:00","breadcrumb":{"@id":"https:\/\/www.italpassion.fr\/de\/idee-cadeau-maserati\/#breadcrumb"},"inLanguage":"de","potentialAction":[{"@type":"ReadAction","target":["https:\/\/www.italpassion.fr\/de\/idee-cadeau-maserati\/"]}]},{"@type":"ImageObject","inLanguage":"de","@id":"https:\/\/www.italpassion.fr\/de\/idee-cadeau-maserati\/#primaryimage","url":"https:\/\/www.italpassion.fr\/wp-content\/uploads\/2020\/11\/livre-maserati-centenaire.jpg","contentUrl":"https:\/\/www.italpassion.fr\/wp-content\/uploads\/2020\/11\/livre-maserati-centenaire.jpg"},{"@type":"BreadcrumbList","@id":"https:\/\/www.italpassion.fr\/de\/idee-cadeau-maserati\/#breadcrumb","itemListElement":[{"@type":"ListItem","position":1,"name":"Accueil","item":"https:\/\/www.italpassion.fr\/de\/"},{"@type":"ListItem","position":2,"name":"Id\u00e9e cadeau Maserati"}]},{"@type":"WebSite","@id":"https:\/\/www.italpassion.fr\/de\/#website","url":"https:\/\/www.italpassion.fr\/de\/","name":"ItalPassion","description":"Die Liebhaber italienischer Autos","publisher":{"@id":"https:\/\/www.italpassion.fr\/de\/#organization"},"potentialAction":[{"@type":"SearchAction","target":{"@type":"EntryPoint","urlTemplate":"https:\/\/www.italpassion.fr\/de\/?s={search_term_string}"},"query-input":{"@type":"PropertyValueSpecification","valueRequired":true,"valueName":"search_term_string"}}],"inLanguage":"de"},{"@type":"Organization","@id":"https:\/\/www.italpassion.fr\/de\/#organization","name":"Italpassion","url":"https:\/\/www.italpassion.fr\/de\/","logo":{"@type":"ImageObject","inLanguage":"de","@id":"https:\/\/www.italpassion.fr\/de\/#\/schema\/logo\/image\/","url":"https:\/\/www.italpassion.fr\/wp-content\/uploads\/2023\/07\/italpassion-yoast.jpg","contentUrl":"https:\/\/www.italpassion.fr\/wp-content\/uploads\/2023\/07\/italpassion-yoast.jpg","width":696,"height":696,"caption":"Italpassion"},"image":{"@id":"https:\/\/www.italpassion.fr\/de\/#\/schema\/logo\/image\/"},"sameAs":["https:\/\/www.facebook.com\/italpassion","https:\/\/x.com\/italpassion","https:\/\/www.instagram.com\/italpassionfr\/","https:\/\/www.youtube.com\/channel\/UCleq-ByQaA42OjhopwevRjQ","https:\/\/www.facebook.com\/italpassion.en\/","https:\/\/www.facebook.com\/italpassion.it\/","https:\/\/www.facebook.com\/italpassion.de\/","https:\/\/www.facebook.com\/italpassion.ja\/"]}]}},"_links":{"self":[{"href":"https:\/\/www.italpassion.fr\/de\/wp-json\/wp\/v2\/pages\/29089","targetHints":{"allow":["GET"]}}],"collection":[{"href":"https:\/\/www.italpassion.fr\/de\/wp-json\/wp\/v2\/pages"}],"about":[{"href":"https:\/\/www.italpassion.fr\/de\/wp-json\/wp\/v2\/types\/page"}],"author":[{"embeddable":true,"href":"https:\/\/www.italpassion.fr\/de\/wp-json\/wp\/v2\/users\/1"}],"replies":[{"embeddable":true,"href":"https:\/\/www.italpassion.fr\/de\/wp-json\/wp\/v2\/comments?post=29089"}],"version-history":[{"count":1,"href":"https:\/\/www.italpassion.fr\/de\/wp-json\/wp\/v2\/pages\/29089\/revisions"}],"predecessor-version":[{"id":29090,"href":"https:\/\/www.italpassion.fr\/de\/wp-json\/wp\/v2\/pages\/29089\/revisions\/29090"}],"wp:attachment":[{"href":"https:\/\/www.italpassion.fr\/de\/wp-json\/wp\/v2\/media?parent=29089"}],"curies":[{"name":"wp","href":"https:\/\/api.w.org\/{rel}","templated":true}]}}